{"id":10470,"date":"2023-02-10T09:24:06","date_gmt":"2023-02-10T09:24:06","guid":{"rendered":"http:\/\/tavieta.lt\/?page_id=10470"},"modified":"2025-01-30T14:58:08","modified_gmt":"2025-01-30T14:58:08","slug":"muziejams","status":"publish","type":"page","link":"https:\/\/tavieta.lt\/ee\/muziejams\/","title":{"rendered":"Muuseumidele"},"content":{"rendered":"<div data-elementor-type=\"wp-page\" data-elementor-id=\"10470\" class=\"elementor elementor-10470\">\n\t\t\t\t\t\t<section class=\"elementor-section elementor-top-section elementor-element elementor-element-938d885 elementor-section-boxed elementor-section-height-default elementor-section-height-default\" data-id=\"938d885\" data-element_type=\"section\">\n\t\t\t\t\t\t<div class=\"elementor-container elementor-column-gap-extended\">\n\t\t\t\t\t<div class=\"elementor-column elementor-col-50 elementor-top-column elementor-element elementor-element-11fb197\" data-id=\"11fb197\" data-element_type=\"column\">\n\t\t\t<div class=\"elementor-widget-wrap elementor-element-populated\">\n\t\t\t\t\t\t<div class=\"elementor-element elementor-element-fc8688f elementor-widget elementor-widget-image\" data-id=\"fc8688f\" data-element_type=\"widget\" data-widget_type=\"image.default\">\n\t\t\t\t<div class=\"elementor-widget-container\">\n\t\t\t\t\t\t\t\t\t\t\t\t\t\t\t<img fetchpriority=\"high\" decoding=\"async\" width=\"640\" height=\"426\" src=\"https:\/\/tavieta.lt\/wp-content\/uploads\/2023\/07\/paslaugos-intro-muziejui-3-1024x681.jpg\" class=\"attachment-large size-large wp-image-10768\" alt=\"\" srcset=\"https:\/\/tavieta.lt\/wp-content\/uploads\/2023\/07\/paslaugos-intro-muziejui-3-1024x681.jpg.webp 1024w, https:\/\/tavieta.lt\/wp-content\/uploads\/2023\/07\/paslaugos-intro-muziejui-3-scaled-800x532.jpg.webp 800w, https:\/\/tavieta.lt\/wp-content\/uploads\/2023\/07\/paslaugos-intro-muziejui-3-300x200.jpg.webp 300w, https:\/\/tavieta.lt\/wp-content\/uploads\/2023\/07\/paslaugos-intro-muziejui-3-768x511.jpg.webp 768w, https:\/\/tavieta.lt\/wp-content\/uploads\/2023\/07\/paslaugos-intro-muziejui-3-1536x1022.jpg.webp 1536w, https:\/\/tavieta.lt\/wp-content\/uploads\/2023\/07\/paslaugos-intro-muziejui-3-2048x1363.jpg.webp 2048w, https:\/\/tavieta.lt\/wp-content\/uploads\/2023\/07\/paslaugos-intro-muziejui-3-600x398.jpg.webp 600w\" sizes=\"(max-width: 640px) 100vw, 640px\" \/>\t\t\t\t\t\t\t\t\t\t\t\t\t\t\t<\/div>\n\t\t\t\t<\/div>\n\t\t\t\t\t<\/div>\n\t\t<\/div>\n\t\t\t\t<div class=\"elementor-column elementor-col-50 elementor-top-column elementor-element elementor-element-6caeeb0\" data-id=\"6caeeb0\" data-element_type=\"column\">\n\t\t\t<div class=\"elementor-widget-wrap elementor-element-populated\">\n\t\t\t\t\t\t<div class=\"elementor-element elementor-element-86af5e2 elementor-widget elementor-widget-heading\" data-id=\"86af5e2\" data-element_type=\"widget\" data-widget_type=\"heading.default\">\n\t\t\t\t<div class=\"elementor-widget-container\">\n\t\t\t\t\t<h6 class=\"elementor-heading-title elementor-size-default\">Lahenduste rakendamine<\/h6>\t\t\t\t<\/div>\n\t\t\t\t<\/div>\n\t\t\t\t<div class=\"elementor-element elementor-element-193851e elementor-widget elementor-widget-heading\" data-id=\"193851e\" data-element_type=\"widget\" data-widget_type=\"heading.default\">\n\t\t\t\t<div class=\"elementor-widget-container\">\n\t\t\t\t\t<h3 class=\"elementor-heading-title elementor-size-default\">Muuseumidele<\/h3>\t\t\t\t<\/div>\n\t\t\t\t<\/div>\n\t\t\t\t<div class=\"elementor-element elementor-element-4a316fa elementor-widget elementor-widget-text-editor\" data-id=\"4a316fa\" data-element_type=\"widget\" data-widget_type=\"text-editor.default\">\n\t\t\t\t<div class=\"elementor-widget-container\">\n\t\t\t\t\t\t\t\t\t<p>Mingil hetkel saavad k\u00f5ik muuseumid oma hoones v\u00f5i mujal asuvates hoiuruumides eksponaatide hoidmiseks t\u00fchjaks. Vajadus rohkema ja parema uurimistehnika j\u00e4rele koos j\u00e4rjest suureneva kogumiga, mida tuleb turvaliselt hoida, t\u00e4hendab, et muuseumiruumi kasutuse \u00fcmberm\u00f5testamine muutub vajalikuks.<br \/><br \/>Tavieta aitab teid \u00fche \u00fclej\u00e4\u00e4nud v\u00f5imalusega, et v\u00e4ltida suuremat ehitusprojekti:<br \/>olemasoleva muuseumiruumi optimeerimiseks.<\/p>\t\t\t\t\t\t\t\t<\/div>\n\t\t\t\t<\/div>\n\t\t\t\t\t<\/div>\n\t\t<\/div>\n\t\t\t\t\t<\/div>\n\t\t<\/section>\n\t\t\t\t<section class=\"elementor-section elementor-top-section elementor-element elementor-element-636506b elementor-section-boxed elementor-section-height-default elementor-section-height-default\" data-id=\"636506b\" data-element_type=\"section\" data-settings=\"{&quot;background_background&quot;:&quot;classic&quot;}\">\n\t\t\t\t\t\t<div class=\"elementor-container elementor-column-gap-no\">\n\t\t\t\t\t<div class=\"elementor-column elementor-col-100 elementor-top-column elementor-element elementor-element-ce05a03\" data-id=\"ce05a03\" data-element_type=\"column\">\n\t\t\t<div class=\"elementor-widget-wrap elementor-element-populated\">\n\t\t\t\t\t\t<div class=\"elementor-element elementor-element-2c0d426 elementor-widget elementor-widget-heading\" data-id=\"2c0d426\" data-element_type=\"widget\" data-widget_type=\"heading.default\">\n\t\t\t\t<div class=\"elementor-widget-container\">\n\t\t\t\t\t<h6 class=\"elementor-heading-title elementor-size-default\">Muuseumidele<\/h6>\t\t\t\t<\/div>\n\t\t\t\t<\/div>\n\t\t\t\t<div class=\"elementor-element elementor-element-7678e46 elementor-widget elementor-widget-heading\" data-id=\"7678e46\" data-element_type=\"widget\" data-widget_type=\"heading.default\">\n\t\t\t\t<div class=\"elementor-widget-container\">\n\t\t\t\t\t<h3 class=\"elementor-heading-title elementor-size-default\">Lahendused ja tooted<\/h3>\t\t\t\t<\/div>\n\t\t\t\t<\/div>\n\t\t\t\t<section class=\"elementor-section elementor-inner-section elementor-element elementor-element-65a762c elementor-section-boxed elementor-section-height-default elementor-section-height-default\" data-id=\"65a762c\" data-element_type=\"section\">\n\t\t\t\t\t\t<div class=\"elementor-container elementor-column-gap-extended\">\n\t\t\t\t\t<div class=\"elementor-column elementor-col-25 elementor-inner-column elementor-element elementor-element-495603c\" data-id=\"495603c\" data-element_type=\"column\">\n\t\t\t<div class=\"elementor-widget-wrap elementor-element-populated\">\n\t\t\t\t\t\t<div class=\"elementor-element elementor-element-ecf3472 elementor-widget elementor-widget-razzi-heading\" data-id=\"ecf3472\" data-element_type=\"widget\" data-widget_type=\"razzi-heading.default\">\n\t\t\t\t<div class=\"elementor-widget-container\">\n\t\t\t\t\t<div class=\"razzi-heading-wrapper\"><h4 class=\"razzi-heading-title\"> Mobiilsed riiulid<\/h4><\/div>\t\t\t\t<\/div>\n\t\t\t\t<\/div>\n\t\t\t\t<div class=\"elementor-element elementor-element-20c9868 elementor-widget elementor-widget-text-editor\" data-id=\"20c9868\" data-element_type=\"widget\" data-widget_type=\"text-editor.default\">\n\t\t\t\t<div class=\"elementor-widget-container\">\n\t\t\t\t\t\t\t\t\t<p><span data-sheets-value=\"{&quot;1&quot;:2,&quot;2&quot;:&quot;Naudojant mobili\u0105 sistem\u0105 reikia tik vieno \\&quot;atviro\\&quot; pra\u0117jimo, tod\u0117l galima \u012frengti iki dviej\u0173 kart\u0173 daugiau lentyn\u0173 tame pa\u010diame grind\u0173 plote. Sistem\u0105 galima pritaikyti bet kokiai patalpos konstrukcijai ir pritaikyti prie konkre\u010di\u0173 pastato konstrukcij\u0173, kaip atramin\u0117s kolonos, ventiliacijos \u0161achtos ar radiatoriai. Pavaros sistema u\u017etikrina lengv\u0105 sistemos jud\u0117jim\u0105, nepriklausomai nuo turinio ar lentyn\u0173 skai\u010diaus.&quot;}\" data-sheets-userformat=\"{&quot;2&quot;:897,&quot;3&quot;:{&quot;1&quot;:0},&quot;10&quot;:1,&quot;11&quot;:4,&quot;12&quot;:0}\">Mobiilse s\u00fcsteemi kasutamisel on vaja ainult \u00fchte &quot;avatud&quot; l\u00e4bip\u00e4\u00e4su, nii et samale p\u00f5randapinnale on v\u00f5imalik paigaldada kuni kaks korda rohkem riiuleid. S\u00fcsteemi saab kohandada mis tahes ruumistruktuuriga ja kohandada konkreetsete ehituskonstruktsioonidega.<\/span><\/p>\t\t\t\t\t\t\t\t<\/div>\n\t\t\t\t<\/div>\n\t\t\t\t<div class=\"elementor-element elementor-element-1372ba7 elementor-align-center elementor-widget elementor-widget-razzi-button\" data-id=\"1372ba7\" data-element_type=\"widget\" data-widget_type=\"razzi-button.default\">\n\t\t\t\t<div class=\"elementor-widget-container\">\n\t\t\t\t\t        <a href=\"http:\/\/tavieta.lt\/ee\/mobilios-lentynos\/\" class=\"razzi-button-link razzi-button\">\n\t\t\t\t\t\t\t\t\t<span class=\"razzi-button-text\">Rohkem infot<\/span>        <\/a>\n\t\t\t\t\t\t<\/div>\n\t\t\t\t<\/div>\n\t\t\t\t\t<\/div>\n\t\t<\/div>\n\t\t\t\t<div class=\"elementor-column elementor-col-25 elementor-inner-column elementor-element elementor-element-2fa5980\" data-id=\"2fa5980\" data-element_type=\"column\">\n\t\t\t<div class=\"elementor-widget-wrap elementor-element-populated\">\n\t\t\t\t\t\t<div class=\"elementor-element elementor-element-f5c4f45 elementor-widget elementor-widget-razzi-heading\" data-id=\"f5c4f45\" data-element_type=\"widget\" data-widget_type=\"razzi-heading.default\">\n\t\t\t\t<div class=\"elementor-widget-container\">\n\t\t\t\t\t<div class=\"razzi-heading-wrapper\"><h4 class=\"razzi-heading-title\"> Statsionaarsed riiulid<\/h4><\/div>\t\t\t\t<\/div>\n\t\t\t\t<\/div>\n\t\t\t\t<div class=\"elementor-element elementor-element-f6e54b3 elementor-widget elementor-widget-text-editor\" data-id=\"f6e54b3\" data-element_type=\"widget\" data-widget_type=\"text-editor.default\">\n\t\t\t\t<div class=\"elementor-widget-container\">\n\t\t\t\t\t\t\t\t\t<p>Meie riiulis\u00fcsteemid on t\u00e4iuslik igak\u00fclgne ladustamislahendus. Modulaarse disainiga saab s\u00fcsteeme modifitseerida nii, et need sobiksid olemasolevate objektide hoidmiseks. Turvalisuseks v\u00f5i tolmukaitseks saab lisada l\u00fckanduksed.<\/p>\t\t\t\t\t\t\t\t<\/div>\n\t\t\t\t<\/div>\n\t\t\t\t<div class=\"elementor-element elementor-element-0cca7d2 elementor-align-center elementor-widget elementor-widget-razzi-button\" data-id=\"0cca7d2\" data-element_type=\"widget\" data-widget_type=\"razzi-button.default\">\n\t\t\t\t<div class=\"elementor-widget-container\">\n\t\t\t\t\t        <a href=\"http:\/\/tavieta.lt\/ee\/stacionarios-lentynos\/\" class=\"razzi-button-link razzi-button\">\n\t\t\t\t\t\t\t\t\t<span class=\"razzi-button-text\">Rohkem infot<\/span>        <\/a>\n\t\t\t\t\t\t<\/div>\n\t\t\t\t<\/div>\n\t\t\t\t\t<\/div>\n\t\t<\/div>\n\t\t\t\t<div class=\"elementor-column elementor-col-25 elementor-inner-column elementor-element elementor-element-5315963\" data-id=\"5315963\" data-element_type=\"column\">\n\t\t\t<div class=\"elementor-widget-wrap elementor-element-populated\">\n\t\t\t\t\t\t<div class=\"elementor-element elementor-element-0e181ff elementor-widget elementor-widget-razzi-heading\" data-id=\"0e181ff\" data-element_type=\"widget\" data-widget_type=\"razzi-heading.default\">\n\t\t\t\t<div class=\"elementor-widget-container\">\n\t\t\t\t\t<div class=\"razzi-heading-wrapper\"><h4 class=\"razzi-heading-title\"> Metallist m\u00f6\u00f6bel<\/h4><\/div>\t\t\t\t<\/div>\n\t\t\t\t<\/div>\n\t\t\t\t<div class=\"elementor-element elementor-element-9ea9cb8 elementor-widget elementor-widget-text-editor\" data-id=\"9ea9cb8\" data-element_type=\"widget\" data-widget_type=\"text-editor.default\">\n\t\t\t\t<div class=\"elementor-widget-container\">\n\t\t\t\t\t\t\t\t\t<p><span data-sheets-value=\"{&quot;1&quot;:2,&quot;2&quot;:&quot;Ar j\u016bs\u0173 kolekcij\u0105 geriausia laikyti guldant?\\nAr ji turi b\u016bti apsaugota nuo dulki\u0173 ir \u0161viesos? Ar reikalingas visi\u0161kas oro nepralaidumas?\\nTokiu atveju si\u016blome metalines spinteles tai\\nsaugus ir patogus sprendimas atitinkantis\\nj\u016bs\u0173 saugojimo poreikius.&quot;}\" data-sheets-userformat=\"{&quot;2&quot;:641,&quot;3&quot;:{&quot;1&quot;:0},&quot;10&quot;:1,&quot;12&quot;:0}\">Kas on parem oma kollektsiooni lamades hoida? Kas seda tuleb kaitsta tolmu ja valguse eest? Kas t\u00e4ielik \u00f5hutihedus on vajalik? Sel juhul pakume selleks metallkappe<br \/>turvaline ja mugav lahendus teie ladustamisvajadustele.<\/span><\/p>\t\t\t\t\t\t\t\t<\/div>\n\t\t\t\t<\/div>\n\t\t\t\t<div class=\"elementor-element elementor-element-928b922 elementor-align-center elementor-widget elementor-widget-razzi-button\" data-id=\"928b922\" data-element_type=\"widget\" data-widget_type=\"razzi-button.default\">\n\t\t\t\t<div class=\"elementor-widget-container\">\n\t\t\t\t\t        <a href=\"http:\/\/tavieta.lt\/ee\/metaliniai-baldai\/\" class=\"razzi-button-link razzi-button\">\n\t\t\t\t\t\t\t\t\t<span class=\"razzi-button-text\">Rohkem infot<\/span>        <\/a>\n\t\t\t\t\t\t<\/div>\n\t\t\t\t<\/div>\n\t\t\t\t\t<\/div>\n\t\t<\/div>\n\t\t\t\t<div class=\"elementor-column elementor-col-25 elementor-inner-column elementor-element elementor-element-9b42818\" data-id=\"9b42818\" data-element_type=\"column\">\n\t\t\t<div class=\"elementor-widget-wrap elementor-element-populated\">\n\t\t\t\t\t\t<div class=\"elementor-element elementor-element-198938e elementor-widget elementor-widget-razzi-heading\" data-id=\"198938e\" data-element_type=\"widget\" data-widget_type=\"razzi-heading.default\">\n\t\t\t\t<div class=\"elementor-widget-container\">\n\t\t\t\t\t<div class=\"razzi-heading-wrapper\"><h4 class=\"razzi-heading-title\"> Vitriinid<\/h4><\/div>\t\t\t\t<\/div>\n\t\t\t\t<\/div>\n\t\t\t\t<div class=\"elementor-element elementor-element-7defa44 elementor-widget elementor-widget-text-editor\" data-id=\"7defa44\" data-element_type=\"widget\" data-widget_type=\"text-editor.default\">\n\t\t\t\t<div class=\"elementor-widget-container\">\n\t\t\t\t\t\t\t\t\t<p>Ideaalis peaks n\u00e4itusevitriin olema k\u00fclastajatele n\u00e4htamatu ja sulanduma dekooriga, tuues esile ainult esitletud esemed. Esitlusaspekti ei t\u00e4iusta mitte ainult vitriinide tegelik disain, vaid ka \u00f5ige valgustuss\u00fcsteemi integreerimine.\u00a0<\/p>\t\t\t\t\t\t\t\t<\/div>\n\t\t\t\t<\/div>\n\t\t\t\t<div class=\"elementor-element elementor-element-0e2a6f8 elementor-align-center elementor-widget elementor-widget-razzi-button\" data-id=\"0e2a6f8\" data-element_type=\"widget\" data-widget_type=\"razzi-button.default\">\n\t\t\t\t<div class=\"elementor-widget-container\">\n\t\t\t\t\t        <a href=\"http:\/\/tavieta.lt\/ee\/vitrinos\/\" class=\"razzi-button-link razzi-button\">\n\t\t\t\t\t\t\t\t\t<span class=\"razzi-button-text\">Rohkem infot<\/span>        <\/a>\n\t\t\t\t\t\t<\/div>\n\t\t\t\t<\/div>\n\t\t\t\t\t<\/div>\n\t\t<\/div>\n\t\t\t\t\t<\/div>\n\t\t<\/section>\n\t\t\t\t<section class=\"elementor-section elementor-inner-section elementor-element elementor-element-a53cfa3 elementor-section-boxed elementor-section-height-default elementor-section-height-default\" data-id=\"a53cfa3\" data-element_type=\"section\">\n\t\t\t\t\t\t<div class=\"elementor-container elementor-column-gap-extended\">\n\t\t\t\t\t<div class=\"elementor-column elementor-col-33 elementor-inner-column elementor-element elementor-element-776768b\" data-id=\"776768b\" data-element_type=\"column\">\n\t\t\t<div class=\"elementor-widget-wrap elementor-element-populated\">\n\t\t\t\t\t\t<div class=\"elementor-element elementor-element-21c8fde elementor-widget elementor-widget-razzi-heading\" data-id=\"21c8fde\" data-element_type=\"widget\" data-widget_type=\"razzi-heading.default\">\n\t\t\t\t<div class=\"elementor-widget-container\">\n\t\t\t\t\t<div class=\"razzi-heading-wrapper\"><h4 class=\"razzi-heading-title\"> Turvalahendused<\/h4><\/div>\t\t\t\t<\/div>\n\t\t\t\t<\/div>\n\t\t\t\t<div class=\"elementor-element elementor-element-4dc58a3 elementor-widget elementor-widget-text-editor\" data-id=\"4dc58a3\" data-element_type=\"widget\" data-widget_type=\"text-editor.default\">\n\t\t\t\t<div class=\"elementor-widget-container\">\n\t\t\t\t\t\t\t\t\t<p><span data-sheets-value=\"{&quot;1&quot;:2,&quot;2&quot;:&quot;Muziejus \u012fsigyja, konservuoja, tiria ir eksponuoja istorin\u0119, mokslin\u0119 ar menin\u0119 reik\u0161m\u0119 turin\u010dius objektus \u0161vietimo, studij\u0173, pramog\u0173 tikslais. Kartais muziejai taip pat organizuoja programas ir veikl\u0105, pavyzd\u017eiui, paskaitas ir pamokas vis\u0173 am\u017eiaus grupi\u0173 auditorijai. Muziejuje saugom\u0173 vertybi\u0173 saugumas ir lankytoj\u0173 bei darbuotoj\u0173 saugumas yra itin svarbus muziejaus vadovybei.&quot;}\" data-sheets-userformat=\"{&quot;2&quot;:897,&quot;3&quot;:{&quot;1&quot;:0},&quot;10&quot;:1,&quot;11&quot;:4,&quot;12&quot;:0}\">Muuseum soetab, konserveerib, uurib ja eksponeerib ajaloolise, teadusliku v\u00f5i kunstilise t\u00e4htsusega esemeid \u00f5ppe-, \u00f5ppe- ja meelelahutuslikel eesm\u00e4rkidel. M\u00f5nikord korraldavad muuseumid ka programme ja tegevusi, n\u00e4iteks loenguid ja tunde igas vanuses publikule.\u00a0<\/span><\/p>\t\t\t\t\t\t\t\t<\/div>\n\t\t\t\t<\/div>\n\t\t\t\t<div class=\"elementor-element elementor-element-b03a8fd elementor-align-center elementor-widget elementor-widget-razzi-button\" data-id=\"b03a8fd\" data-element_type=\"widget\" data-widget_type=\"razzi-button.default\">\n\t\t\t\t<div class=\"elementor-widget-container\">\n\t\t\t\t\t        <a href=\"http:\/\/tavieta.lt\/ee\/saugumo-sprendimai\/\" class=\"razzi-button-link razzi-button\">\n\t\t\t\t\t\t\t\t\t<span class=\"razzi-button-text\">Rohkem infot<\/span>        <\/a>\n\t\t\t\t\t\t<\/div>\n\t\t\t\t<\/div>\n\t\t\t\t\t<\/div>\n\t\t<\/div>\n\t\t\t\t<div class=\"elementor-column elementor-col-33 elementor-inner-column elementor-element elementor-element-54821b0\" data-id=\"54821b0\" data-element_type=\"column\">\n\t\t\t<div class=\"elementor-widget-wrap elementor-element-populated\">\n\t\t\t\t\t\t<div class=\"elementor-element elementor-element-87eb4e9 elementor-widget elementor-widget-razzi-heading\" data-id=\"87eb4e9\" data-element_type=\"widget\" data-widget_type=\"razzi-heading.default\">\n\t\t\t\t<div class=\"elementor-widget-container\">\n\t\t\t\t\t<div class=\"razzi-heading-wrapper\"><h4 class=\"razzi-heading-title\"> Transport<\/h4><\/div>\t\t\t\t<\/div>\n\t\t\t\t<\/div>\n\t\t\t\t<div class=\"elementor-element elementor-element-07721da elementor-widget elementor-widget-text-editor\" data-id=\"07721da\" data-element_type=\"widget\" data-widget_type=\"text-editor.default\">\n\t\t\t\t<div class=\"elementor-widget-container\">\n\t\t\t\t\t\t\t\t\t<p><span data-sheets-value=\"{&quot;1&quot;:2,&quot;2&quot;:&quot;Jei norite perkelti objektus bet kokiu atstumu arba perkelti didesnius ar nepatogius objektus, jums gali prireikti ve\u017eim\u0117lio ar kitos specializuotos judan\u010dios \u012frangos.&quot;}\" data-sheets-userformat=\"{&quot;2&quot;:897,&quot;3&quot;:{&quot;1&quot;:0},&quot;10&quot;:1,&quot;11&quot;:4,&quot;12&quot;:0}\">Kui soovite teisaldada objekte mis tahes kaugusel v\u00f5i teisaldada suuremaid v\u00f5i ebamugavaid objekte, v\u00f5ib teil vaja minna k\u00e4ru v\u00f5i muud spetsiaalset teisaldamise varustust.<\/span><\/p>\t\t\t\t\t\t\t\t<\/div>\n\t\t\t\t<\/div>\n\t\t\t\t<div class=\"elementor-element elementor-element-adf65d6 elementor-align-center elementor-widget elementor-widget-razzi-button\" data-id=\"adf65d6\" data-element_type=\"widget\" data-widget_type=\"razzi-button.default\">\n\t\t\t\t<div class=\"elementor-widget-container\">\n\t\t\t\t\t        <a href=\"http:\/\/tavieta.lt\/ee\/transportavimas\/\" class=\"razzi-button-link razzi-button\">\n\t\t\t\t\t\t\t\t\t<span class=\"razzi-button-text\">Rohkem infot<\/span>        <\/a>\n\t\t\t\t\t\t<\/div>\n\t\t\t\t<\/div>\n\t\t\t\t\t<\/div>\n\t\t<\/div>\n\t\t\t\t<div class=\"elementor-column elementor-col-33 elementor-inner-column elementor-element elementor-element-753e51b\" data-id=\"753e51b\" data-element_type=\"column\">\n\t\t\t<div class=\"elementor-widget-wrap elementor-element-populated\">\n\t\t\t\t\t\t<div class=\"elementor-element elementor-element-e9de079 elementor-widget elementor-widget-razzi-heading\" data-id=\"e9de079\" data-element_type=\"widget\" data-widget_type=\"razzi-heading.default\">\n\t\t\t\t<div class=\"elementor-widget-container\">\n\t\t\t\t\t<div class=\"razzi-heading-wrapper\"><h4 class=\"razzi-heading-title\"> Valgustus- ja vedrustuss\u00fcsteemid<\/h4><\/div>\t\t\t\t<\/div>\n\t\t\t\t<\/div>\n\t\t\t\t<div class=\"elementor-element elementor-element-9468a01 elementor-widget elementor-widget-text-editor\" data-id=\"9468a01\" data-element_type=\"widget\" data-widget_type=\"text-editor.default\">\n\t\t\t\t<div class=\"elementor-widget-container\">\n\t\t\t\t\t\t\t\t\t<p><span data-sheets-value=\"{&quot;1&quot;:2,&quot;2&quot;:&quot;Parodos \u0161vies\u0105 formuoja menin\u0117 ir kuratorin\u0117 koncepcija. Suderinus koncepcij\u0105 ir muziejaus ap\u0161vietim\u0105, meno k\u016briniai ir eksponatai patalpoje atrodo dar \u012fsp\u016bdingesni.&quot;}\" data-sheets-userformat=\"{&quot;2&quot;:897,&quot;3&quot;:{&quot;1&quot;:0},&quot;10&quot;:1,&quot;11&quot;:4,&quot;12&quot;:0}\">N\u00e4ituse valgust kujundab kunstiline ja kuraatorlik kontseptsioon. Sobitades kontseptsiooni muuseumi valgustusega, n\u00e4evad ruumis olevad kunstiteosed ja eksponaadid veelgi muljetavaldavamad.<\/span><\/p>\t\t\t\t\t\t\t\t<\/div>\n\t\t\t\t<\/div>\n\t\t\t\t<div class=\"elementor-element elementor-element-a86ca68 elementor-align-center elementor-widget elementor-widget-razzi-button\" data-id=\"a86ca68\" data-element_type=\"widget\" data-widget_type=\"razzi-button.default\">\n\t\t\t\t<div class=\"elementor-widget-container\">\n\t\t\t\t\t        <a href=\"http:\/\/tavieta.lt\/ee\/apsvietimas-ir-pakabinimo-sistemos\/\" class=\"razzi-button-link razzi-button\">\n\t\t\t\t\t\t\t\t\t<span class=\"razzi-button-text\">Rohkem infot<\/span>        <\/a>\n\t\t\t\t\t\t<\/div>\n\t\t\t\t<\/div>\n\t\t\t\t\t<\/div>\n\t\t<\/div>\n\t\t\t\t\t<\/div>\n\t\t<\/section>\n\t\t\t\t\t<\/div>\n\t\t<\/div>\n\t\t\t\t\t<\/div>\n\t\t<\/section>\n\t\t\t\t<section class=\"elementor-section elementor-top-section elementor-element elementor-element-1b8c512 elementor-section-boxed elementor-section-height-default elementor-section-height-default\" data-id=\"1b8c512\" data-element_type=\"section\">\n\t\t\t\t\t\t<div class=\"elementor-container elementor-column-gap-extended\">\n\t\t\t\t\t<div class=\"elementor-column elementor-col-50 elementor-top-column elementor-element elementor-element-204d063\" data-id=\"204d063\" data-element_type=\"column\">\n\t\t\t<div class=\"elementor-widget-wrap elementor-element-populated\">\n\t\t\t\t\t\t<div class=\"elementor-element elementor-element-b9cf590 elementor-widget elementor-widget-heading\" data-id=\"b9cf590\" data-element_type=\"widget\" data-widget_type=\"heading.default\">\n\t\t\t\t<div class=\"elementor-widget-container\">\n\t\t\t\t\t<h3 class=\"elementor-heading-title elementor-size-default\">Hankige oma vajadustele vastav pakkumine!<\/h3>\t\t\t\t<\/div>\n\t\t\t\t<\/div>\n\t\t\t\t<div class=\"elementor-element elementor-element-3deac74 elementor-widget elementor-widget-text-editor\" data-id=\"3deac74\" data-element_type=\"widget\" data-widget_type=\"text-editor.default\">\n\t\t\t\t<div class=\"elementor-widget-container\">\n\t\t\t\t\t\t\t\t\t<script data-b24-form=\"inline\/17\/rhqs1b\" data-skip-moving=\"true\">\r\n(function(w,d,u){\r\nvar s=d.createElement('script');s.async=true;s.src=u+'?'+(Date.now()\/180000|0);\r\nvar h=d.getElementsByTagName('script')[0];h.parentNode.insertBefore(s,h);\r\n})(window,document,'https:\/\/cdn.bitrix24.eu\/b23451613\/crm\/form\/loader_17.js');\r\n<\/script>\t\t\t\t\t\t\t\t<\/div>\n\t\t\t\t<\/div>\n\t\t\t\t\t<\/div>\n\t\t<\/div>\n\t\t\t\t<div class=\"elementor-column elementor-col-50 elementor-top-column elementor-element elementor-element-44e2578\" data-id=\"44e2578\" data-element_type=\"column\">\n\t\t\t<div class=\"elementor-widget-wrap elementor-element-populated\">\n\t\t\t\t\t\t<div class=\"elementor-element elementor-element-0a322ee elementor-widget elementor-widget-heading\" data-id=\"0a322ee\" data-element_type=\"widget\" data-widget_type=\"heading.default\">\n\t\t\t\t<div class=\"elementor-widget-container\">\n\t\t\t\t\t<h3 class=\"elementor-heading-title elementor-size-default\">Partnerid:<\/h3>\t\t\t\t<\/div>\n\t\t\t\t<\/div>\n\t\t\t\t<div class=\"elementor-element elementor-element-b86191e elementor-widget elementor-widget-heading\" data-id=\"b86191e\" data-element_type=\"widget\" data-widget_type=\"heading.default\">\n\t\t\t\t<div class=\"elementor-widget-container\">\n\t\t\t\t\t<h6 class=\"elementor-heading-title elementor-size-default\"> <\/h6>\t\t\t\t<\/div>\n\t\t\t\t<\/div>\n\t\t\t\t<div class=\"elementor-element elementor-element-987b9a5 elementor-widget elementor-widget-image\" data-id=\"987b9a5\" data-element_type=\"widget\" data-widget_type=\"image.default\">\n\t\t\t\t<div class=\"elementor-widget-container\">\n\t\t\t\t\t\t\t\t\t\t\t\t\t\t\t<img decoding=\"async\" width=\"300\" height=\"120\" src=\"https:\/\/tavieta.lt\/wp-content\/uploads\/2025\/01\/Logo_Bruynzeel-300x120.png\" class=\"attachment-medium size-medium wp-image-13170\" alt=\"\" srcset=\"https:\/\/tavieta.lt\/wp-content\/uploads\/2025\/01\/Logo_Bruynzeel-300x120.png.webp 300w, https:\/\/tavieta.lt\/wp-content\/uploads\/2025\/01\/Logo_Bruynzeel-800x319.png.webp 800w, https:\/\/tavieta.lt\/wp-content\/uploads\/2025\/01\/Logo_Bruynzeel-1024x408.png.webp 1024w, https:\/\/tavieta.lt\/wp-content\/uploads\/2025\/01\/Logo_Bruynzeel-768x306.png.webp 768w, https:\/\/tavieta.lt\/wp-content\/uploads\/2025\/01\/Logo_Bruynzeel-1536x612.png.webp 1536w, https:\/\/tavieta.lt\/wp-content\/uploads\/2025\/01\/Logo_Bruynzeel-2048x816.png.webp 2048w, https:\/\/tavieta.lt\/wp-content\/uploads\/2025\/01\/Logo_Bruynzeel-18x7.png.webp 18w\" sizes=\"(max-width: 300px) 100vw, 300px\" \/>\t\t\t\t\t\t\t\t\t\t\t\t\t\t\t<\/div>\n\t\t\t\t<\/div>\n\t\t\t\t\t<\/div>\n\t\t<\/div>\n\t\t\t\t\t<\/div>\n\t\t<\/section>\n\t\t\t\t<\/div>","protected":false},"excerpt":{"rendered":"<p>Muuseumidele lahenduste kohandamine Mingil hetkel saab k\u00f5igil muuseumidel eksponaatide hoidmiseks ruum otsa, olgu siis oma hoones v\u00f5i v\u00e4ljaspool muuseumi asuvas hoiuruumis. Vajadus suurema hulga ja paremate uurimisseadmete j\u00e4rele koos pidevalt kasvava ohutult hoiustatavate kollektsioonide hulgaga t\u00e4hendab, et muuseumiruumide kasutamine tuleb \u00fcmber m\u00f5elda. Tavieta saab teid aidata \u00fche allesj\u00e4\u00e4nud v\u00f5imalusega [\u2026]<\/p>","protected":false},"author":1,"featured_media":0,"parent":0,"menu_order":0,"comment_status":"closed","ping_status":"closed","template":"","meta":{"footnotes":""},"class_list":["post-10470","page","type-page","status-publish","hentry"],"_links":{"self":[{"href":"https:\/\/tavieta.lt\/ee\/wp-json\/wp\/v2\/pages\/10470","targetHints":{"allow":["GET"]}}],"collection":[{"href":"https:\/\/tavieta.lt\/ee\/wp-json\/wp\/v2\/pages"}],"about":[{"href":"https:\/\/tavieta.lt\/ee\/wp-json\/wp\/v2\/types\/page"}],"author":[{"embeddable":true,"href":"https:\/\/tavieta.lt\/ee\/wp-json\/wp\/v2\/users\/1"}],"replies":[{"embeddable":true,"href":"https:\/\/tavieta.lt\/ee\/wp-json\/wp\/v2\/comments?post=10470"}],"version-history":[{"count":3,"href":"https:\/\/tavieta.lt\/ee\/wp-json\/wp\/v2\/pages\/10470\/revisions"}],"predecessor-version":[{"id":13202,"href":"https:\/\/tavieta.lt\/ee\/wp-json\/wp\/v2\/pages\/10470\/revisions\/13202"}],"wp:attachment":[{"href":"https:\/\/tavieta.lt\/ee\/wp-json\/wp\/v2\/media?parent=10470"}],"curies":[{"name":"t\u00f6\u00f6leht","href":"https:\/\/api.w.org\/{rel}","templated":true}]}}