{"id":10591,"date":"2023-05-25T08:15:12","date_gmt":"2023-05-25T08:15:12","guid":{"rendered":"http:\/\/tavieta.lt\/?page_id=10591"},"modified":"2025-01-30T14:56:37","modified_gmt":"2025-01-30T14:56:37","slug":"mobilios-lentynos","status":"publish","type":"page","link":"https:\/\/tavieta.lt\/ee\/mobilios-lentynos\/","title":{"rendered":"Mobiilsed riiulid"},"content":{"rendered":"<div data-elementor-type=\"wp-page\" data-elementor-id=\"10591\" class=\"elementor elementor-10591\">\n\t\t\t\t\t\t<section class=\"elementor-section elementor-top-section elementor-element elementor-element-0351ca9 elementor-section-boxed elementor-section-height-default elementor-section-height-default\" data-id=\"0351ca9\" data-element_type=\"section\">\n\t\t\t\t\t\t<div class=\"elementor-container elementor-column-gap-extended\">\n\t\t\t\t\t<div class=\"elementor-column elementor-col-50 elementor-top-column elementor-element elementor-element-463f5e8\" data-id=\"463f5e8\" data-element_type=\"column\">\n\t\t\t<div class=\"elementor-widget-wrap elementor-element-populated\">\n\t\t\t\t\t\t<div class=\"elementor-element elementor-element-6a05a65 elementor-widget elementor-widget-image\" data-id=\"6a05a65\" data-element_type=\"widget\" data-widget_type=\"image.default\">\n\t\t\t\t<div class=\"elementor-widget-container\">\n\t\t\t\t\t\t\t\t\t\t\t\t\t\t\t<img fetchpriority=\"high\" decoding=\"async\" width=\"640\" height=\"453\" src=\"https:\/\/tavieta.lt\/wp-content\/uploads\/2023\/05\/Compactus-Dynamic-II-XTR_LibraryMode_open-1-1024x724.jpg\" class=\"attachment-large size-large wp-image-10636\" alt=\"\" srcset=\"https:\/\/tavieta.lt\/wp-content\/uploads\/2023\/05\/Compactus-Dynamic-II-XTR_LibraryMode_open-1-1024x724.jpg 1024w, https:\/\/tavieta.lt\/wp-content\/uploads\/2023\/05\/Compactus-Dynamic-II-XTR_LibraryMode_open-1-scaled-800x565.jpg 800w, https:\/\/tavieta.lt\/wp-content\/uploads\/2023\/05\/Compactus-Dynamic-II-XTR_LibraryMode_open-1-300x212.jpg 300w, https:\/\/tavieta.lt\/wp-content\/uploads\/2023\/05\/Compactus-Dynamic-II-XTR_LibraryMode_open-1-768x543.jpg 768w, https:\/\/tavieta.lt\/wp-content\/uploads\/2023\/05\/Compactus-Dynamic-II-XTR_LibraryMode_open-1-1536x1085.jpg 1536w, https:\/\/tavieta.lt\/wp-content\/uploads\/2023\/05\/Compactus-Dynamic-II-XTR_LibraryMode_open-1-2048x1447.jpg 2048w\" sizes=\"(max-width: 640px) 100vw, 640px\" \/>\t\t\t\t\t\t\t\t\t\t\t\t\t\t\t<\/div>\n\t\t\t\t<\/div>\n\t\t\t\t\t<\/div>\n\t\t<\/div>\n\t\t\t\t<div class=\"elementor-column elementor-col-50 elementor-top-column elementor-element elementor-element-86b9935\" data-id=\"86b9935\" data-element_type=\"column\">\n\t\t\t<div class=\"elementor-widget-wrap elementor-element-populated\">\n\t\t\t\t\t\t<div class=\"elementor-element elementor-element-c15df23 elementor-widget elementor-widget-heading\" data-id=\"c15df23\" data-element_type=\"widget\" data-widget_type=\"heading.default\">\n\t\t\t\t<div class=\"elementor-widget-container\">\n\t\t\t\t\t<h3 class=\"elementor-heading-title elementor-size-default\">Mobiilsed riiulid<\/h3>\t\t\t\t<\/div>\n\t\t\t\t<\/div>\n\t\t\t\t<div class=\"elementor-element elementor-element-57839b9 elementor-widget__width-initial elementor-widget elementor-widget-text-editor\" data-id=\"57839b9\" data-element_type=\"widget\" data-widget_type=\"text-editor.default\">\n\t\t\t\t<div class=\"elementor-widget-container\">\n\t\t\t\t\t\t\t\t\t<p>Optimeerides laopinda, saame v\u00e4hendada 90% keskkonnam\u00f5ju v\u00f5rreldes uute ruumide ehitamisega.<br \/><br \/>Selleks, et oma asjade hoiustamiseks, arhiveerimiseks ja hoiustamiseks vaba ruumi mahtu v\u00f5imalikult efektiivselt \u00e4ra kasutada, vali kindlasti mobiils\u00fcsteemidele m\u00f5eldud lahendus. <br \/><br \/>See kahekordistab funktsionaalset ala, kasutab t\u00f5husalt kogu ruumi mahtu, h\u00f5lbustab esemete ladustamist, kohandades riiulite m\u00f5\u00f5tmeid, v\u00f5ttes arvesse esemete mahtu ja m\u00f5\u00f5tmeid. See annab v\u00f5imaluse kaasaegseid innovaatilisi lahendusi kasutades leida vajalik ese kiiresti ja turvaliselt, tagades turvalisuse, seades teatud isikutele juurdep\u00e4\u00e4supiiranguid, juhtida s\u00fcsteemi kaugjuhtimise teel, kasutades nutikaid tehnoloogiaid ja palju muid eeliseid, mida meie meeskond tutvustab.<\/p>\t\t\t\t\t\t\t\t<\/div>\n\t\t\t\t<\/div>\n\t\t\t\t\t<\/div>\n\t\t<\/div>\n\t\t\t\t\t<\/div>\n\t\t<\/section>\n\t\t\t\t<section class=\"elementor-section elementor-top-section elementor-element elementor-element-ca3b624 elementor-section-boxed elementor-section-height-default elementor-section-height-default\" data-id=\"ca3b624\" data-element_type=\"section\" data-settings=\"{&quot;background_background&quot;:&quot;classic&quot;,&quot;background_motion_fx_motion_fx_scrolling&quot;:&quot;yes&quot;}\">\n\t\t\t\t\t\t<div class=\"elementor-container elementor-column-gap-no\">\n\t\t\t\t\t<div class=\"elementor-column elementor-col-50 elementor-top-column elementor-element elementor-element-4a64923\" data-id=\"4a64923\" data-element_type=\"column\" data-settings=\"{&quot;background_background&quot;:&quot;classic&quot;}\">\n\t\t\t<div class=\"elementor-widget-wrap elementor-element-populated\">\n\t\t\t\t\t\t<div class=\"elementor-element elementor-element-ef23a27 elementor-widget elementor-widget-razzi-heading\" data-id=\"ef23a27\" data-element_type=\"widget\" data-widget_type=\"razzi-heading.default\">\n\t\t\t\t<div class=\"elementor-widget-container\">\n\t\t\t\t\t<div class=\"razzi-heading-wrapper\"><h3 class=\"razzi-heading-title\"> Mehaanilised mobiilsed riiulid<\/h3><\/div>\t\t\t\t<\/div>\n\t\t\t\t<\/div>\n\t\t\t\t<div class=\"elementor-element elementor-element-b65e222 elementor-widget elementor-widget-text-editor\" data-id=\"b65e222\" data-element_type=\"widget\" data-widget_type=\"text-editor.default\">\n\t\t\t\t<div class=\"elementor-widget-container\">\n\t\t\t\t\t\t\t\t\t<p>Mehaanilisi mobiilseid riiuleid juhitakse plastikust v\u00f5i alumiiniumist valmistatud ergonoomiliste k\u00e4epidemete abil. Ainult 10 kg p\u00f6\u00f6rdemomenti kasutades saate h\u00f5lpsalt l\u00fckata isegi 15 000 kg riiulid.<\/p><p>Mehaanilised mobiilsed riiulid saab varustada turvas\u00fcsteemiga Safety Master, et tagada t\u00f6\u00f6tajate ja hoiustatavate asjade turvalisus.<\/p><p>Mobiilsed riiulid v\u00f5ivad olla erineva k\u00f5rguse ja laiusega ning modifikatsioonidega. Saab kasutada kaartide, vaipade, tekstiili, pikkade, torukujuliste v\u00f5i \u00fclegabariidiliste objektide jaoks. <\/p>\t\t\t\t\t\t\t\t<\/div>\n\t\t\t\t<\/div>\n\t\t\t\t\t<\/div>\n\t\t<\/div>\n\t\t\t\t<div class=\"elementor-column elementor-col-50 elementor-top-column elementor-element elementor-element-9feb7d7 elementor-hidden-phone\" data-id=\"9feb7d7\" data-element_type=\"column\">\n\t\t\t<div class=\"elementor-widget-wrap\">\n\t\t\t\t\t\t\t<\/div>\n\t\t<\/div>\n\t\t\t\t\t<\/div>\n\t\t<\/section>\n\t\t\t\t<section class=\"elementor-section elementor-top-section elementor-element elementor-element-cd8d7bf elementor-section-boxed elementor-section-height-default elementor-section-height-default\" data-id=\"cd8d7bf\" data-element_type=\"section\" data-settings=\"{&quot;background_background&quot;:&quot;classic&quot;,&quot;background_motion_fx_motion_fx_scrolling&quot;:&quot;yes&quot;}\">\n\t\t\t\t\t\t<div class=\"elementor-container elementor-column-gap-no\">\n\t\t\t\t\t<div class=\"elementor-column elementor-col-50 elementor-top-column elementor-element elementor-element-ee20e1c elementor-hidden-phone\" data-id=\"ee20e1c\" data-element_type=\"column\">\n\t\t\t<div class=\"elementor-widget-wrap\">\n\t\t\t\t\t\t\t<\/div>\n\t\t<\/div>\n\t\t\t\t<div class=\"elementor-column elementor-col-50 elementor-top-column elementor-element elementor-element-f4c717a\" data-id=\"f4c717a\" data-element_type=\"column\" data-settings=\"{&quot;background_background&quot;:&quot;classic&quot;}\">\n\t\t\t<div class=\"elementor-widget-wrap elementor-element-populated\">\n\t\t\t\t\t\t<div class=\"elementor-element elementor-element-e00b91f elementor-widget elementor-widget-razzi-heading\" data-id=\"e00b91f\" data-element_type=\"widget\" data-widget_type=\"razzi-heading.default\">\n\t\t\t\t<div class=\"elementor-widget-container\">\n\t\t\t\t\t<div class=\"razzi-heading-wrapper\"><h3 class=\"razzi-heading-title\"> Elektroonilised mobiilsed riiulid<\/h3><\/div>\t\t\t\t<\/div>\n\t\t\t\t<\/div>\n\t\t\t\t<div class=\"elementor-element elementor-element-f2d149c elementor-widget elementor-widget-text-editor\" data-id=\"f2d149c\" data-element_type=\"widget\" data-widget_type=\"text-editor.default\">\n\t\t\t\t<div class=\"elementor-widget-container\">\n\t\t\t\t\t\t\t\t\t<p>Meie pakutavaid elektroonilisi mobiilis\u00fcsteeme juhib tipptasemel elektrooniline s\u00fcsteem, mis on t\u00e4is uuendusi: t\u00e4iustatud turvas\u00fcsteem, kiire juurdep\u00e4\u00e4s mis tahes riiulitevahelisele vahek\u00e4igule, intuitiivne kasutajaliides ja v\u00f5imalus s\u00fcsteemi kaugjuhtida, kasutades rakendust. mobiilseade.<br \/><br \/>Mobiilriiuleid juhitakse eksponaatide kandmisel k\u00fc\u00fcnarnukiga vajutatava ergonoomilise kangk\u00e4epideme abil ning juhtimine on v\u00f5imalik v\u00e4rvilise puuteekraani kaudu, mis annab lisaks infot vahek\u00e4ikude numbrite, s\u00fcsteemi liikumise ja ohutusteadete kohta.<br \/><br \/>Olenemata sellest, kui palju liikuvaid riiuleid s\u00fcsteemis on, saab neid \u00fcheaegselt juhtida. Lihtsalt l\u00fckake \u00fche liikuva riiulikontrolleri k\u00e4epidet selles suunas, kuhu soovite riiulit l\u00fckata ja k\u00f5ik sellel k\u00fcljel olevad riiulid libisevad kokku. See tagab optimaalse juurdep\u00e4\u00e4su vajalikule l\u00e4bip\u00e4\u00e4sule riiulite vahel koos maksimaalse mahutavusega. Seaded, turvateated ja s\u00fcsteemiv\u00e4rskendused on nutiseadmete (iOS ja Android) rakenduste kaudu h\u00f5lpsasti ligip\u00e4\u00e4setavad, muutes selle haldamise kaasaegsete s\u00fcsteemidega lihtsaks.<br \/><br \/>Mobiilseid s\u00fcsteeme saab kasutada v\u00e4ikeste, mahukate esemete hoidmiseks. V\u00f5ib kasutada ka kaartide, vaipade, tekstiilide, pikkade, torukujuliste v\u00f5i \u00fclegabariidiliste objektide jaoks.<\/p>\t\t\t\t\t\t\t\t<\/div>\n\t\t\t\t<\/div>\n\t\t\t\t\t<\/div>\n\t\t<\/div>\n\t\t\t\t\t<\/div>\n\t\t<\/section>\n\t\t\t\t<section class=\"elementor-section elementor-top-section elementor-element elementor-element-e3f5483 elementor-section-boxed elementor-section-height-default elementor-section-height-default\" data-id=\"e3f5483\" data-element_type=\"section\" data-settings=\"{&quot;background_background&quot;:&quot;classic&quot;,&quot;background_motion_fx_motion_fx_scrolling&quot;:&quot;yes&quot;}\">\n\t\t\t\t\t\t<div class=\"elementor-container elementor-column-gap-no\">\n\t\t\t\t\t<div class=\"elementor-column elementor-col-50 elementor-top-column elementor-element elementor-element-656d726\" data-id=\"656d726\" data-element_type=\"column\" data-settings=\"{&quot;background_background&quot;:&quot;classic&quot;}\">\n\t\t\t<div class=\"elementor-widget-wrap elementor-element-populated\">\n\t\t\t\t\t\t<div class=\"elementor-element elementor-element-0fbd831 elementor-widget elementor-widget-razzi-heading\" data-id=\"0fbd831\" data-element_type=\"widget\" data-widget_type=\"razzi-heading.default\">\n\t\t\t\t<div class=\"elementor-widget-container\">\n\t\t\t\t\t<div class=\"razzi-heading-wrapper\"><h3 class=\"razzi-heading-title\"> Mobiilne s\u00fcsteem piltide salvestamiseks<\/h3><\/div>\t\t\t\t<\/div>\n\t\t\t\t<\/div>\n\t\t\t\t<div class=\"elementor-element elementor-element-7fc29a2 elementor-widget elementor-widget-text-editor\" data-id=\"7fc29a2\" data-element_type=\"widget\" data-widget_type=\"text-editor.default\">\n\t\t\t\t<div class=\"elementor-widget-container\">\n\t\t\t\t\t\t\t\t\tV\u00e4ljat\u00f5mmatavad pildis\u00fcsteemid kasutavad ruumi t\u00f5husalt ja v\u00f5imaldavad piltidele h\u00f5lpsat juurdep\u00e4\u00e4su. Kui teil on vaja m\u00f5nda pilti vaadata v\u00f5i muuta, t\u00f5mmake lihtsalt v\u00e4lja vastav ruudustikuraam, kuhu pilt on riputatud. See tagab lihtsa juurdep\u00e4\u00e4su kaitstavale objektile. Mobiilsed v\u00f5reraamid on saadaval kolmes versioonis, mis vastavad erinevatele objektide ladustamisn\u00f5uetele ja investeeringutele paigaldatavasse s\u00fcsteemi: t\u00e4ielikult riputatud; liikumine fikseeritud r\u00f6\u00f6bastel; v\u00f5i rataste abil liikumine.\t\t\t\t\t\t\t\t<\/div>\n\t\t\t\t<\/div>\n\t\t\t\t\t<\/div>\n\t\t<\/div>\n\t\t\t\t<div class=\"elementor-column elementor-col-50 elementor-top-column elementor-element elementor-element-4be7907 elementor-hidden-phone\" data-id=\"4be7907\" data-element_type=\"column\">\n\t\t\t<div class=\"elementor-widget-wrap\">\n\t\t\t\t\t\t\t<\/div>\n\t\t<\/div>\n\t\t\t\t\t<\/div>\n\t\t<\/section>\n\t\t\t\t<section class=\"elementor-section elementor-top-section elementor-element elementor-element-c810a1e elementor-section-boxed elementor-section-height-default elementor-section-height-default\" data-id=\"c810a1e\" data-element_type=\"section\">\n\t\t\t\t\t\t<div class=\"elementor-container elementor-column-gap-extended\">\n\t\t\t\t\t<div class=\"elementor-column elementor-col-50 elementor-top-column elementor-element elementor-element-b7f337f\" data-id=\"b7f337f\" data-element_type=\"column\">\n\t\t\t<div class=\"elementor-widget-wrap elementor-element-populated\">\n\t\t\t\t\t\t<div class=\"elementor-element elementor-element-14c764d elementor-widget elementor-widget-heading\" data-id=\"14c764d\" data-element_type=\"widget\" data-widget_type=\"heading.default\">\n\t\t\t\t<div class=\"elementor-widget-container\">\n\t\t\t\t\t<h3 class=\"elementor-heading-title elementor-size-default\">Hankige oma vajadustele vastav pakkumine!<\/h3>\t\t\t\t<\/div>\n\t\t\t\t<\/div>\n\t\t\t\t<div class=\"elementor-element elementor-element-8b37ac5 elementor-widget elementor-widget-text-editor\" data-id=\"8b37ac5\" data-element_type=\"widget\" data-widget_type=\"text-editor.default\">\n\t\t\t\t<div class=\"elementor-widget-container\">\n\t\t\t\t\t\t\t\t\t<script data-b24-form=\"inline\/17\/rhqs1b\" data-skip-moving=\"true\">\r\n(function(w,d,u){\r\nvar s=d.createElement('script');s.async=true;s.src=u+'?'+(Date.now()\/180000|0);\r\nvar h=d.getElementsByTagName('script')[0];h.parentNode.insertBefore(s,h);\r\n})(window,document,'https:\/\/cdn.bitrix24.eu\/b23451613\/crm\/form\/loader_17.js');\r\n<\/script>\t\t\t\t\t\t\t\t<\/div>\n\t\t\t\t<\/div>\n\t\t\t\t\t<\/div>\n\t\t<\/div>\n\t\t\t\t<div class=\"elementor-column elementor-col-50 elementor-top-column elementor-element elementor-element-9210861\" data-id=\"9210861\" data-element_type=\"column\">\n\t\t\t<div class=\"elementor-widget-wrap elementor-element-populated\">\n\t\t\t\t\t\t<div class=\"elementor-element elementor-element-49db26a elementor-widget elementor-widget-heading\" data-id=\"49db26a\" data-element_type=\"widget\" data-widget_type=\"heading.default\">\n\t\t\t\t<div class=\"elementor-widget-container\">\n\t\t\t\t\t<h3 class=\"elementor-heading-title elementor-size-default\">Partnerid:<\/h3>\t\t\t\t<\/div>\n\t\t\t\t<\/div>\n\t\t\t\t<div class=\"elementor-element elementor-element-2f19bbe elementor-widget elementor-widget-heading\" data-id=\"2f19bbe\" data-element_type=\"widget\" data-widget_type=\"heading.default\">\n\t\t\t\t<div class=\"elementor-widget-container\">\n\t\t\t\t\t<h6 class=\"elementor-heading-title elementor-size-default\"> <\/h6>\t\t\t\t<\/div>\n\t\t\t\t<\/div>\n\t\t\t\t<div class=\"elementor-element elementor-element-ec1e271 elementor-widget elementor-widget-image\" data-id=\"ec1e271\" data-element_type=\"widget\" data-widget_type=\"image.default\">\n\t\t\t\t<div class=\"elementor-widget-container\">\n\t\t\t\t\t\t\t\t\t\t\t\t\t\t\t<img decoding=\"async\" width=\"300\" height=\"120\" src=\"https:\/\/tavieta.lt\/wp-content\/uploads\/2025\/01\/Logo_Bruynzeel-300x120.png\" class=\"attachment-medium size-medium wp-image-13170\" alt=\"\" srcset=\"https:\/\/tavieta.lt\/wp-content\/uploads\/2025\/01\/Logo_Bruynzeel-300x120.png 300w, https:\/\/tavieta.lt\/wp-content\/uploads\/2025\/01\/Logo_Bruynzeel-800x319.png 800w, https:\/\/tavieta.lt\/wp-content\/uploads\/2025\/01\/Logo_Bruynzeel-1024x408.png 1024w, https:\/\/tavieta.lt\/wp-content\/uploads\/2025\/01\/Logo_Bruynzeel-768x306.png 768w, https:\/\/tavieta.lt\/wp-content\/uploads\/2025\/01\/Logo_Bruynzeel-1536x612.png 1536w, https:\/\/tavieta.lt\/wp-content\/uploads\/2025\/01\/Logo_Bruynzeel-2048x816.png 2048w, https:\/\/tavieta.lt\/wp-content\/uploads\/2025\/01\/Logo_Bruynzeel-18x7.png 18w\" sizes=\"(max-width: 300px) 100vw, 300px\" \/>\t\t\t\t\t\t\t\t\t\t\t\t\t\t\t<\/div>\n\t\t\t\t<\/div>\n\t\t\t\t\t<\/div>\n\t\t<\/div>\n\t\t\t\t\t<\/div>\n\t\t<\/section>\n\t\t\t\t<\/div>","protected":false},"excerpt":{"rendered":"<p>Mobiilsed riiulid. Optimeerides olemasolevat hoiuruumi, saame v\u00e4hendada keskkonnam\u00f5ju v\u00f5rreldes uute ruumide ehitamisega 90% v\u00f5rra. Selleks, et oma asjade hoiustamiseks, arhiveerimiseks ja hoiustamiseks saadaolevat ruumi k\u00f5ige t\u00f5husamalt \u00e4ra kasutada, valige kindlasti mobiilne s\u00fcsteemilahendus. See kahekordistab funktsionaalset pinda, kasutab kogu ruumi t\u00f5husalt \u00e4ra ja h\u00f5lbustab hoiustamisv\u00f5imalusi riiulite m\u00f5\u00f5tmete kohandamise abil, v\u00f5ttes arvesse esemete mahtu [\u2026]<\/p>","protected":false},"author":1,"featured_media":0,"parent":0,"menu_order":0,"comment_status":"closed","ping_status":"closed","template":"","meta":{"footnotes":""},"class_list":["post-10591","page","type-page","status-publish","hentry"],"_links":{"self":[{"href":"https:\/\/tavieta.lt\/ee\/wp-json\/wp\/v2\/pages\/10591","targetHints":{"allow":["GET"]}}],"collection":[{"href":"https:\/\/tavieta.lt\/ee\/wp-json\/wp\/v2\/pages"}],"about":[{"href":"https:\/\/tavieta.lt\/ee\/wp-json\/wp\/v2\/types\/page"}],"author":[{"embeddable":true,"href":"https:\/\/tavieta.lt\/ee\/wp-json\/wp\/v2\/users\/1"}],"replies":[{"embeddable":true,"href":"https:\/\/tavieta.lt\/ee\/wp-json\/wp\/v2\/comments?post=10591"}],"version-history":[{"count":3,"href":"https:\/\/tavieta.lt\/ee\/wp-json\/wp\/v2\/pages\/10591\/revisions"}],"predecessor-version":[{"id":13189,"href":"https:\/\/tavieta.lt\/ee\/wp-json\/wp\/v2\/pages\/10591\/revisions\/13189"}],"wp:attachment":[{"href":"https:\/\/tavieta.lt\/ee\/wp-json\/wp\/v2\/media?parent=10591"}],"curies":[{"name":"t\u00f6\u00f6leht","href":"https:\/\/api.w.org\/{rel}","templated":true}]}}