{"id":10657,"date":"2023-06-16T08:14:08","date_gmt":"2023-06-16T08:14:08","guid":{"rendered":"http:\/\/tavieta.lt\/?page_id=10657"},"modified":"2025-01-30T14:57:02","modified_gmt":"2025-01-30T14:57:02","slug":"metaliniai-baldai","status":"publish","type":"page","link":"https:\/\/tavieta.lt\/ee\/metaliniai-baldai\/","title":{"rendered":"Metallist m\u00f6\u00f6bel"},"content":{"rendered":"<div data-elementor-type=\"wp-page\" data-elementor-id=\"10657\" class=\"elementor elementor-10657\">\n\t\t\t\t\t\t<section class=\"elementor-section elementor-top-section elementor-element elementor-element-0351ca9 elementor-section-boxed elementor-section-height-default elementor-section-height-default\" data-id=\"0351ca9\" data-element_type=\"section\">\n\t\t\t\t\t\t<div class=\"elementor-container elementor-column-gap-extended\">\n\t\t\t\t\t<div class=\"elementor-column elementor-col-50 elementor-top-column elementor-element elementor-element-463f5e8\" data-id=\"463f5e8\" data-element_type=\"column\">\n\t\t\t<div class=\"elementor-widget-wrap elementor-element-populated\">\n\t\t\t\t\t\t<div class=\"elementor-element elementor-element-6a05a65 elementor-widget elementor-widget-image\" data-id=\"6a05a65\" data-element_type=\"widget\" data-widget_type=\"image.default\">\n\t\t\t\t<div class=\"elementor-widget-container\">\n\t\t\t\t\t\t\t\t\t\t\t\t\t\t\t<img fetchpriority=\"high\" decoding=\"async\" width=\"640\" height=\"453\" src=\"https:\/\/tavieta.lt\/wp-content\/uploads\/2023\/07\/paslaugos-ofisui-intro-1024x724.jpg\" class=\"attachment-large size-large wp-image-10829\" alt=\"\" srcset=\"https:\/\/tavieta.lt\/wp-content\/uploads\/2023\/07\/paslaugos-ofisui-intro-1024x724.jpg.webp 1024w, https:\/\/tavieta.lt\/wp-content\/uploads\/2023\/07\/paslaugos-ofisui-intro-scaled-800x566.jpg.webp 800w, https:\/\/tavieta.lt\/wp-content\/uploads\/2023\/07\/paslaugos-ofisui-intro-300x212.jpg.webp 300w, https:\/\/tavieta.lt\/wp-content\/uploads\/2023\/07\/paslaugos-ofisui-intro-768x543.jpg.webp 768w, https:\/\/tavieta.lt\/wp-content\/uploads\/2023\/07\/paslaugos-ofisui-intro-1536x1086.jpg.webp 1536w, https:\/\/tavieta.lt\/wp-content\/uploads\/2023\/07\/paslaugos-ofisui-intro-2048x1448.jpg.webp 2048w\" sizes=\"(max-width: 640px) 100vw, 640px\" \/>\t\t\t\t\t\t\t\t\t\t\t\t\t\t\t<\/div>\n\t\t\t\t<\/div>\n\t\t\t\t\t<\/div>\n\t\t<\/div>\n\t\t\t\t<div class=\"elementor-column elementor-col-50 elementor-top-column elementor-element elementor-element-86b9935\" data-id=\"86b9935\" data-element_type=\"column\">\n\t\t\t<div class=\"elementor-widget-wrap elementor-element-populated\">\n\t\t\t\t\t\t<div class=\"elementor-element elementor-element-c15df23 elementor-widget elementor-widget-heading\" data-id=\"c15df23\" data-element_type=\"widget\" data-widget_type=\"heading.default\">\n\t\t\t\t<div class=\"elementor-widget-container\">\n\t\t\t\t\t<h3 class=\"elementor-heading-title elementor-size-default\">Metallist m\u00f6\u00f6bel<\/h3>\t\t\t\t<\/div>\n\t\t\t\t<\/div>\n\t\t\t\t<div class=\"elementor-element elementor-element-57839b9 elementor-widget elementor-widget-text-editor\" data-id=\"57839b9\" data-element_type=\"widget\" data-widget_type=\"text-editor.default\">\n\t\t\t\t<div class=\"elementor-widget-container\">\n\t\t\t\t\t\t\t\t\tKas on parem oma kollektsiooni lamades hoida? Kas seda tuleb kaitsta tolmu ja valguse eest? Kas t\u00e4ielik \u00f5hutihedus on vajalik? Sel juhul pakume metallkappe, mis on turvaline ja mugav lahendus Teie hoiuvajadustele.\t\t\t\t\t\t\t\t<\/div>\n\t\t\t\t<\/div>\n\t\t\t\t\t<\/div>\n\t\t<\/div>\n\t\t\t\t\t<\/div>\n\t\t<\/section>\n\t\t\t\t<section class=\"elementor-section elementor-top-section elementor-element elementor-element-ca3b624 elementor-section-boxed elementor-section-height-default elementor-section-height-default\" data-id=\"ca3b624\" data-element_type=\"section\" data-settings=\"{&quot;background_background&quot;:&quot;classic&quot;,&quot;background_motion_fx_motion_fx_scrolling&quot;:&quot;yes&quot;}\">\n\t\t\t\t\t\t<div class=\"elementor-container elementor-column-gap-no\">\n\t\t\t\t\t<div class=\"elementor-column elementor-col-50 elementor-top-column elementor-element elementor-element-4a64923\" data-id=\"4a64923\" data-element_type=\"column\" data-settings=\"{&quot;background_background&quot;:&quot;classic&quot;}\">\n\t\t\t<div class=\"elementor-widget-wrap elementor-element-populated\">\n\t\t\t\t\t\t<div class=\"elementor-element elementor-element-ef23a27 elementor-widget elementor-widget-razzi-heading\" data-id=\"ef23a27\" data-element_type=\"widget\" data-widget_type=\"razzi-heading.default\">\n\t\t\t\t<div class=\"elementor-widget-container\">\n\t\t\t\t\t<div class=\"razzi-heading-wrapper\"><h3 class=\"razzi-heading-title\"> Kapid<\/h3><\/div>\t\t\t\t<\/div>\n\t\t\t\t<\/div>\n\t\t\t\t<div class=\"elementor-element elementor-element-b65e222 elementor-widget elementor-widget-text-editor\" data-id=\"b65e222\" data-element_type=\"widget\" data-widget_type=\"text-editor.default\">\n\t\t\t\t<div class=\"elementor-widget-container\">\n\t\t\t\t\t\t\t\t\t<p>Metallkappidel on lai valik konfiguratsioone, erineva k\u00f5rguse, pikkuse ja s\u00fcgavusega. Iga kappi saab paigutada ka mobiilsetele ruumis\u00e4\u00e4stlikele alustele. Kapid dokumentide, relvade, v\u00e4ikeste eksponaatide jaoks v\u00f5i vastavalt teie vajadustele.<\/p>\t\t\t\t\t\t\t\t<\/div>\n\t\t\t\t<\/div>\n\t\t\t\t\t<\/div>\n\t\t<\/div>\n\t\t\t\t<div class=\"elementor-column elementor-col-50 elementor-top-column elementor-element elementor-element-9feb7d7 elementor-hidden-phone\" data-id=\"9feb7d7\" data-element_type=\"column\">\n\t\t\t<div class=\"elementor-widget-wrap\">\n\t\t\t\t\t\t\t<\/div>\n\t\t<\/div>\n\t\t\t\t\t<\/div>\n\t\t<\/section>\n\t\t\t\t<section class=\"elementor-section elementor-top-section elementor-element elementor-element-cd8d7bf elementor-section-boxed elementor-section-height-default elementor-section-height-default\" data-id=\"cd8d7bf\" data-element_type=\"section\" data-settings=\"{&quot;background_background&quot;:&quot;classic&quot;,&quot;background_motion_fx_motion_fx_scrolling&quot;:&quot;yes&quot;}\">\n\t\t\t\t\t\t<div class=\"elementor-container elementor-column-gap-no\">\n\t\t\t\t\t<div class=\"elementor-column elementor-col-50 elementor-top-column elementor-element elementor-element-ee20e1c elementor-hidden-phone\" data-id=\"ee20e1c\" data-element_type=\"column\">\n\t\t\t<div class=\"elementor-widget-wrap\">\n\t\t\t\t\t\t\t<\/div>\n\t\t<\/div>\n\t\t\t\t<div class=\"elementor-column elementor-col-50 elementor-top-column elementor-element elementor-element-f4c717a\" data-id=\"f4c717a\" data-element_type=\"column\" data-settings=\"{&quot;background_background&quot;:&quot;classic&quot;}\">\n\t\t\t<div class=\"elementor-widget-wrap elementor-element-populated\">\n\t\t\t\t\t\t<div class=\"elementor-element elementor-element-e00b91f elementor-widget elementor-widget-razzi-heading\" data-id=\"e00b91f\" data-element_type=\"widget\" data-widget_type=\"razzi-heading.default\">\n\t\t\t\t<div class=\"elementor-widget-container\">\n\t\t\t\t\t<div class=\"razzi-heading-wrapper\"><h3 class=\"razzi-heading-title\"> Sahtlitega kapid<\/h3><\/div>\t\t\t\t<\/div>\n\t\t\t\t<\/div>\n\t\t\t\t<div class=\"elementor-element elementor-element-f2d149c elementor-widget elementor-widget-text-editor\" data-id=\"f2d149c\" data-element_type=\"widget\" data-widget_type=\"text-editor.default\">\n\t\t\t\t<div class=\"elementor-widget-container\">\n\t\t\t\t\t\t\t\t\t<p><span data-sheets-value=\"{&quot;1&quot;:2,&quot;2&quot;:&quot;Stal\u010diai buvo suprojektuoti\\r\\nmoduliniu b\u016bdu, tod\u0117l jie tinka daugeliui\\r\\nskirting\u0173 panaudojim\u0173. \u0160iuos stal\u010dius galima naudoti\\r\\nstacionariose lentynose, mobiliose lentynose ir netgi spintoje su durimis. Stal\u010di\u0173 yra did\u017eiulis asortimentas\\r\\nskirting\u0173 matmen\u0173 ir specifikacijos.\\r\\nStal\u010dius galima visi\u0161kai i\u0161traukti, tai\\r\\nleid\u017eia saugiai pasiekti turin\u012f,\\r\\nbe nety\u010dinio sugadinimo rizikos.&quot;}\" data-sheets-userformat=\"{&quot;2&quot;:897,&quot;3&quot;:{&quot;1&quot;:0},&quot;10&quot;:1,&quot;11&quot;:4,&quot;12&quot;:0}\">Sahtlid olid disainitud <br \/>modulaarselt, nii et need sobivad paljudele <br \/>erinevaid kasutusviise. Neid sahtleid saab kasutada <br \/>statsionaarsetes riiulites, mobiilsetes riiulites ja isegi ustega riidekapis. Sahtleid on tohutult palju <br \/>erinevad m\u00f5\u00f5tmed ja spetsifikatsioonid. <br \/>Sahtlid saab t\u00e4ielikult v\u00e4lja t\u00f5mmata <br \/>v\u00f5imaldab turvalist juurdep\u00e4\u00e4su sisule, <br \/>ilma kogemata kahjustuste ohuta.<\/span><\/p>\t\t\t\t\t\t\t\t<\/div>\n\t\t\t\t<\/div>\n\t\t\t\t\t<\/div>\n\t\t<\/div>\n\t\t\t\t\t<\/div>\n\t\t<\/section>\n\t\t\t\t<section class=\"elementor-section elementor-top-section elementor-element elementor-element-5607270 elementor-section-boxed elementor-section-height-default elementor-section-height-default\" data-id=\"5607270\" data-element_type=\"section\" data-settings=\"{&quot;background_background&quot;:&quot;classic&quot;,&quot;background_motion_fx_motion_fx_scrolling&quot;:&quot;yes&quot;}\">\n\t\t\t\t\t\t<div class=\"elementor-container elementor-column-gap-no\">\n\t\t\t\t\t<div class=\"elementor-column elementor-col-50 elementor-top-column elementor-element elementor-element-122d0d5\" data-id=\"122d0d5\" data-element_type=\"column\" data-settings=\"{&quot;background_background&quot;:&quot;classic&quot;}\">\n\t\t\t<div class=\"elementor-widget-wrap elementor-element-populated\">\n\t\t\t\t\t\t<div class=\"elementor-element elementor-element-094fc49 elementor-widget elementor-widget-razzi-heading\" data-id=\"094fc49\" data-element_type=\"widget\" data-widget_type=\"razzi-heading.default\">\n\t\t\t\t<div class=\"elementor-widget-container\">\n\t\t\t\t\t<div class=\"razzi-heading-wrapper\"><h3 class=\"razzi-heading-title\"> Vaipade kapid<\/h3><\/div>\t\t\t\t<\/div>\n\t\t\t\t<\/div>\n\t\t\t\t<div class=\"elementor-element elementor-element-09e79c2 elementor-widget elementor-widget-text-editor\" data-id=\"09e79c2\" data-element_type=\"widget\" data-widget_type=\"text-editor.default\">\n\t\t\t\t<div class=\"elementor-widget-container\">\n\t\t\t\t\t\t\t\t\tHapraid tekstiile v\u00f5i kunstiteoseid saab hoida avarates ja turvalistes suurtes, suure tasase pinnaga sahtlites. Et eksponaati ennast mitte kahjustada, saab kogu sahtli kapist eemaldada.\t\t\t\t\t\t\t\t<\/div>\n\t\t\t\t<\/div>\n\t\t\t\t\t<\/div>\n\t\t<\/div>\n\t\t\t\t<div class=\"elementor-column elementor-col-50 elementor-top-column elementor-element elementor-element-c292858 elementor-hidden-phone\" data-id=\"c292858\" data-element_type=\"column\">\n\t\t\t<div class=\"elementor-widget-wrap\">\n\t\t\t\t\t\t\t<\/div>\n\t\t<\/div>\n\t\t\t\t\t<\/div>\n\t\t<\/section>\n\t\t\t\t<section class=\"elementor-section elementor-top-section elementor-element elementor-element-2e8bac3 elementor-section-boxed elementor-section-height-default elementor-section-height-default\" data-id=\"2e8bac3\" data-element_type=\"section\" data-settings=\"{&quot;background_background&quot;:&quot;classic&quot;,&quot;background_motion_fx_motion_fx_scrolling&quot;:&quot;yes&quot;}\">\n\t\t\t\t\t\t<div class=\"elementor-container elementor-column-gap-no\">\n\t\t\t\t\t<div class=\"elementor-column elementor-col-50 elementor-top-column elementor-element elementor-element-0402640 elementor-hidden-phone\" data-id=\"0402640\" data-element_type=\"column\">\n\t\t\t<div class=\"elementor-widget-wrap\">\n\t\t\t\t\t\t\t<\/div>\n\t\t<\/div>\n\t\t\t\t<div class=\"elementor-column elementor-col-50 elementor-top-column elementor-element elementor-element-9c9b5f6\" data-id=\"9c9b5f6\" data-element_type=\"column\" data-settings=\"{&quot;background_background&quot;:&quot;classic&quot;}\">\n\t\t\t<div class=\"elementor-widget-wrap elementor-element-populated\">\n\t\t\t\t\t\t<div class=\"elementor-element elementor-element-b0a5a45 elementor-widget elementor-widget-razzi-heading\" data-id=\"b0a5a45\" data-element_type=\"widget\" data-widget_type=\"razzi-heading.default\">\n\t\t\t\t<div class=\"elementor-widget-container\">\n\t\t\t\t\t<div class=\"razzi-heading-wrapper\"><h3 class=\"razzi-heading-title\"> Kapid plakatite ja plakatite jaoks<\/h3><\/div>\t\t\t\t<\/div>\n\t\t\t\t<\/div>\n\t\t\t\t<div class=\"elementor-element elementor-element-aba0cb0 elementor-widget elementor-widget-text-editor\" data-id=\"aba0cb0\" data-element_type=\"widget\" data-widget_type=\"text-editor.default\">\n\t\t\t\t<div class=\"elementor-widget-container\">\n\t\t\t\t\t\t\t\t\tSahtlitega kapid sobivad suurep\u00e4raselt jooniste ja plakatite hoidmiseks. Kappe saab paigutada ka mobiilsetele alustele, et luua optimaalne ruumikasutus.\t\t\t\t\t\t\t\t<\/div>\n\t\t\t\t<\/div>\n\t\t\t\t\t<\/div>\n\t\t<\/div>\n\t\t\t\t\t<\/div>\n\t\t<\/section>\n\t\t\t\t<section class=\"elementor-section elementor-top-section elementor-element elementor-element-50b16a2 elementor-section-boxed elementor-section-height-default elementor-section-height-default\" data-id=\"50b16a2\" data-element_type=\"section\">\n\t\t\t\t\t\t<div class=\"elementor-container elementor-column-gap-extended\">\n\t\t\t\t\t<div class=\"elementor-column elementor-col-50 elementor-top-column elementor-element elementor-element-b2b5094\" data-id=\"b2b5094\" data-element_type=\"column\">\n\t\t\t<div class=\"elementor-widget-wrap elementor-element-populated\">\n\t\t\t\t\t\t<div class=\"elementor-element elementor-element-5852217 elementor-widget elementor-widget-heading\" data-id=\"5852217\" data-element_type=\"widget\" data-widget_type=\"heading.default\">\n\t\t\t\t<div class=\"elementor-widget-container\">\n\t\t\t\t\t<h3 class=\"elementor-heading-title elementor-size-default\">Hankige oma vajadustele vastav pakkumine!<\/h3>\t\t\t\t<\/div>\n\t\t\t\t<\/div>\n\t\t\t\t<div class=\"elementor-element elementor-element-51bdcd7 elementor-widget elementor-widget-text-editor\" data-id=\"51bdcd7\" data-element_type=\"widget\" data-widget_type=\"text-editor.default\">\n\t\t\t\t<div class=\"elementor-widget-container\">\n\t\t\t\t\t\t\t\t\t<script data-b24-form=\"inline\/17\/rhqs1b\" data-skip-moving=\"true\">\r\n(function(w,d,u){\r\nvar s=d.createElement('script');s.async=true;s.src=u+'?'+(Date.now()\/180000|0);\r\nvar h=d.getElementsByTagName('script')[0];h.parentNode.insertBefore(s,h);\r\n})(window,document,'https:\/\/cdn.bitrix24.eu\/b23451613\/crm\/form\/loader_17.js');\r\n<\/script>\t\t\t\t\t\t\t\t<\/div>\n\t\t\t\t<\/div>\n\t\t\t\t\t<\/div>\n\t\t<\/div>\n\t\t\t\t<div class=\"elementor-column elementor-col-50 elementor-top-column elementor-element elementor-element-17244a3\" data-id=\"17244a3\" data-element_type=\"column\">\n\t\t\t<div class=\"elementor-widget-wrap elementor-element-populated\">\n\t\t\t\t\t\t<div class=\"elementor-element elementor-element-dcb8df3 elementor-widget elementor-widget-heading\" data-id=\"dcb8df3\" data-element_type=\"widget\" data-widget_type=\"heading.default\">\n\t\t\t\t<div class=\"elementor-widget-container\">\n\t\t\t\t\t<h3 class=\"elementor-heading-title elementor-size-default\">Partnerid:<\/h3>\t\t\t\t<\/div>\n\t\t\t\t<\/div>\n\t\t\t\t<div class=\"elementor-element elementor-element-a5d1ced elementor-widget elementor-widget-heading\" data-id=\"a5d1ced\" data-element_type=\"widget\" data-widget_type=\"heading.default\">\n\t\t\t\t<div class=\"elementor-widget-container\">\n\t\t\t\t\t<h6 class=\"elementor-heading-title elementor-size-default\"> <\/h6>\t\t\t\t<\/div>\n\t\t\t\t<\/div>\n\t\t\t\t<div class=\"elementor-element elementor-element-0444ccf elementor-widget elementor-widget-image\" data-id=\"0444ccf\" data-element_type=\"widget\" data-widget_type=\"image.default\">\n\t\t\t\t<div class=\"elementor-widget-container\">\n\t\t\t\t\t\t\t\t\t\t\t\t\t\t\t<img decoding=\"async\" width=\"300\" height=\"120\" src=\"https:\/\/tavieta.lt\/wp-content\/uploads\/2025\/01\/Logo_Bruynzeel-300x120.png\" class=\"attachment-medium size-medium wp-image-13170\" alt=\"\" srcset=\"https:\/\/tavieta.lt\/wp-content\/uploads\/2025\/01\/Logo_Bruynzeel-300x120.png.webp 300w, https:\/\/tavieta.lt\/wp-content\/uploads\/2025\/01\/Logo_Bruynzeel-800x319.png.webp 800w, https:\/\/tavieta.lt\/wp-content\/uploads\/2025\/01\/Logo_Bruynzeel-1024x408.png.webp 1024w, https:\/\/tavieta.lt\/wp-content\/uploads\/2025\/01\/Logo_Bruynzeel-768x306.png.webp 768w, https:\/\/tavieta.lt\/wp-content\/uploads\/2025\/01\/Logo_Bruynzeel-1536x612.png.webp 1536w, https:\/\/tavieta.lt\/wp-content\/uploads\/2025\/01\/Logo_Bruynzeel-2048x816.png.webp 2048w, https:\/\/tavieta.lt\/wp-content\/uploads\/2025\/01\/Logo_Bruynzeel-18x7.png.webp 18w\" sizes=\"(max-width: 300px) 100vw, 300px\" \/>\t\t\t\t\t\t\t\t\t\t\t\t\t\t\t<\/div>\n\t\t\t\t<\/div>\n\t\t\t\t\t<\/div>\n\t\t<\/div>\n\t\t\t\t\t<\/div>\n\t\t<\/section>\n\t\t\t\t<\/div>","protected":false},"excerpt":{"rendered":"<p>Metallm\u00f6\u00f6bel Kas on k\u00f5ige parem hoida oma kollektsiooni lamavas asendis? Kas seda tuleb kaitsta tolmu ja valguse eest? Kas on vaja t\u00e4ielikku \u00f5hutihedust? Sellisel juhul pakume metallkappe, mis on turvaline ja mugav lahendus teie hoiustamisvajaduste rahuldamiseks. Kapid Metallkappidel on lai valik konfiguratsioone, mis varieeruvad k\u00f5rguse, pikkuse ja s\u00fcgavusega. Iga kappi saab paigutada ka [\u2026]<\/p>","protected":false},"author":1,"featured_media":0,"parent":0,"menu_order":0,"comment_status":"closed","ping_status":"closed","template":"","meta":{"footnotes":""},"class_list":["post-10657","page","type-page","status-publish","hentry"],"_links":{"self":[{"href":"https:\/\/tavieta.lt\/ee\/wp-json\/wp\/v2\/pages\/10657","targetHints":{"allow":["GET"]}}],"collection":[{"href":"https:\/\/tavieta.lt\/ee\/wp-json\/wp\/v2\/pages"}],"about":[{"href":"https:\/\/tavieta.lt\/ee\/wp-json\/wp\/v2\/types\/page"}],"author":[{"embeddable":true,"href":"https:\/\/tavieta.lt\/ee\/wp-json\/wp\/v2\/users\/1"}],"replies":[{"embeddable":true,"href":"https:\/\/tavieta.lt\/ee\/wp-json\/wp\/v2\/comments?post=10657"}],"version-history":[{"count":3,"href":"https:\/\/tavieta.lt\/ee\/wp-json\/wp\/v2\/pages\/10657\/revisions"}],"predecessor-version":[{"id":13196,"href":"https:\/\/tavieta.lt\/ee\/wp-json\/wp\/v2\/pages\/10657\/revisions\/13196"}],"wp:attachment":[{"href":"https:\/\/tavieta.lt\/ee\/wp-json\/wp\/v2\/media?parent=10657"}],"curies":[{"name":"t\u00f6\u00f6leht","href":"https:\/\/api.w.org\/{rel}","templated":true}]}}