{"id":10658,"date":"2023-06-16T08:14:17","date_gmt":"2023-06-16T08:14:17","guid":{"rendered":"http:\/\/tavieta.lt\/?page_id=10658"},"modified":"2025-01-30T15:07:15","modified_gmt":"2025-01-30T15:07:15","slug":"vitrinos","status":"publish","type":"page","link":"https:\/\/tavieta.lt\/ee\/vitrinos\/","title":{"rendered":"Vitriinid"},"content":{"rendered":"<div data-elementor-type=\"wp-page\" data-elementor-id=\"10658\" class=\"elementor elementor-10658\">\n\t\t\t\t\t\t<section class=\"elementor-section elementor-top-section elementor-element elementor-element-0351ca9 elementor-section-boxed elementor-section-height-default elementor-section-height-default\" data-id=\"0351ca9\" data-element_type=\"section\">\n\t\t\t\t\t\t<div class=\"elementor-container elementor-column-gap-extended\">\n\t\t\t\t\t<div class=\"elementor-column elementor-col-50 elementor-top-column elementor-element elementor-element-463f5e8\" data-id=\"463f5e8\" data-element_type=\"column\">\n\t\t\t<div class=\"elementor-widget-wrap elementor-element-populated\">\n\t\t\t\t\t\t<div class=\"elementor-element elementor-element-6a05a65 elementor-widget elementor-widget-image\" data-id=\"6a05a65\" data-element_type=\"widget\" data-widget_type=\"image.default\">\n\t\t\t\t<div class=\"elementor-widget-container\">\n\t\t\t\t\t\t\t\t\t\t\t\t\t\t\t<img fetchpriority=\"high\" decoding=\"async\" width=\"640\" height=\"425\" src=\"https:\/\/tavieta.lt\/wp-content\/uploads\/2024\/04\/DSC_0207-1024x680.jpg\" class=\"attachment-large size-large wp-image-12844\" alt=\"\" srcset=\"https:\/\/tavieta.lt\/wp-content\/uploads\/2024\/04\/DSC_0207-1024x680.jpg 1024w, https:\/\/tavieta.lt\/wp-content\/uploads\/2024\/04\/DSC_0207-800x531.jpg 800w, https:\/\/tavieta.lt\/wp-content\/uploads\/2024\/04\/DSC_0207-300x199.jpg 300w, https:\/\/tavieta.lt\/wp-content\/uploads\/2024\/04\/DSC_0207-768x510.jpg 768w, https:\/\/tavieta.lt\/wp-content\/uploads\/2024\/04\/DSC_0207-1536x1020.jpg 1536w, https:\/\/tavieta.lt\/wp-content\/uploads\/2024\/04\/DSC_0207-18x12.jpg 18w, https:\/\/tavieta.lt\/wp-content\/uploads\/2024\/04\/DSC_0207-600x398.jpg 600w, https:\/\/tavieta.lt\/wp-content\/uploads\/2024\/04\/DSC_0207.jpg 1920w\" sizes=\"(max-width: 640px) 100vw, 640px\" \/>\t\t\t\t\t\t\t\t\t\t\t\t\t\t\t<\/div>\n\t\t\t\t<\/div>\n\t\t\t\t\t<\/div>\n\t\t<\/div>\n\t\t\t\t<div class=\"elementor-column elementor-col-50 elementor-top-column elementor-element elementor-element-86b9935\" data-id=\"86b9935\" data-element_type=\"column\">\n\t\t\t<div class=\"elementor-widget-wrap elementor-element-populated\">\n\t\t\t\t\t\t<div class=\"elementor-element elementor-element-c15df23 elementor-widget elementor-widget-heading\" data-id=\"c15df23\" data-element_type=\"widget\" data-widget_type=\"heading.default\">\n\t\t\t\t<div class=\"elementor-widget-container\">\n\t\t\t\t\t<h3 class=\"elementor-heading-title elementor-size-default\">Vitriinid<\/h3>\t\t\t\t<\/div>\n\t\t\t\t<\/div>\n\t\t\t\t<div class=\"elementor-element elementor-element-57839b9 elementor-widget elementor-widget-text-editor\" data-id=\"57839b9\" data-element_type=\"widget\" data-widget_type=\"text-editor.default\">\n\t\t\t\t<div class=\"elementor-widget-container\">\n\t\t\t\t\t\t\t\t\t<p style=\"text-align: justify;\">Ideaalis peaks n\u00e4itusevitriin olema k\u00fclastajatele n\u00e4htamatu ja sulanduma dekooriga, tuues esile ainult esitletud esemed. Esitlusaspekti ei t\u00e4iusta mitte ainult vitriinide tegelik disain, vaid ka \u00f5ige valgustuss\u00fcsteemi integreerimine. Vitriin stabiliseerib m\u00e4rkimisv\u00e4\u00e4rselt suhtelist \u00f5huniiskust, kasutades aktiivseid v\u00f5i passiivseid juhtimiss\u00fcsteeme (silikageel) ja aitab seega kaasa k\u00f5igi s\u00e4ilitusmeetmete rakendamisele.<\/p>\t\t\t\t\t\t\t\t<\/div>\n\t\t\t\t<\/div>\n\t\t\t\t\t<\/div>\n\t\t<\/div>\n\t\t\t\t\t<\/div>\n\t\t<\/section>\n\t\t\t\t<section class=\"elementor-section elementor-top-section elementor-element elementor-element-ca3b624 elementor-section-boxed elementor-section-height-default elementor-section-height-default\" data-id=\"ca3b624\" data-element_type=\"section\" data-settings=\"{&quot;background_background&quot;:&quot;classic&quot;,&quot;background_motion_fx_motion_fx_scrolling&quot;:&quot;yes&quot;}\">\n\t\t\t\t\t\t<div class=\"elementor-container elementor-column-gap-no\">\n\t\t\t\t\t<div class=\"elementor-column elementor-col-50 elementor-top-column elementor-element elementor-element-4a64923\" data-id=\"4a64923\" data-element_type=\"column\" data-settings=\"{&quot;background_background&quot;:&quot;classic&quot;}\">\n\t\t\t<div class=\"elementor-widget-wrap elementor-element-populated\">\n\t\t\t\t\t\t<div class=\"elementor-element elementor-element-ef23a27 elementor-widget elementor-widget-razzi-heading\" data-id=\"ef23a27\" data-element_type=\"widget\" data-widget_type=\"razzi-heading.default\">\n\t\t\t\t<div class=\"elementor-widget-container\">\n\t\t\t\t\t<div class=\"razzi-heading-wrapper\"><h3 class=\"razzi-heading-title\"> Ehitatakse vitriine<\/h3><\/div>\t\t\t\t<\/div>\n\t\t\t\t<\/div>\n\t\t\t\t<div class=\"elementor-element elementor-element-b65e222 elementor-widget elementor-widget-text-editor\" data-id=\"b65e222\" data-element_type=\"widget\" data-widget_type=\"text-editor.default\">\n\t\t\t\t<div class=\"elementor-widget-container\">\n\t\t\t\t\t\t\t\t\t<p>Eraldiseisvad muuseumivitriinid v\u00f5imaldavad vaadata esemeid igast k\u00fcljest. Eraldiseisva vitriini p\u00f5himudel v\u00f5imaldab vaadata eksponeeritud esemeid igast k\u00fcljest. Vitriinide konfiguratsioon v\u00f5ib olla erinev: PALJUD SEADMETE VALIKUD (valgustusv\u00f5imalused, kliimaseade,...) ERINEVAD AVAMISV\u00d5IMALUSED (peidetud hinged v\u00f5i l\u00fckanduksed) EKSPONITATAVATE ESEMETE K\u00d5RGE TURVALISUS (lamineeritud klaas, lukud, signalisatsiooni komponendid) Meie valik eraldiseisvaid vitriinid pakuvad suurt disaini paindlikkust. Olenevalt m\u00f5\u00f5tudest ja s\u00e4ilitusn\u00f5uetest oskame n\u00f5ustada sobiva disaini ja avamismehhanismi osas. Korpuse m\u00f5\u00f5tmete ja asendi j\u00e4rgi valitakse sobivaim avamismehhanism, v\u00f5ttes arvesse nii esteetilisust, kasutusmugavust kui ka ruumi struktuuri. Reeglina peaks vitriini avamiseks alati piisama \u00fchest inimesest.<\/p>\t\t\t\t\t\t\t\t<\/div>\n\t\t\t\t<\/div>\n\t\t\t\t\t<\/div>\n\t\t<\/div>\n\t\t\t\t<div class=\"elementor-column elementor-col-50 elementor-top-column elementor-element elementor-element-9feb7d7 elementor-hidden-phone\" data-id=\"9feb7d7\" data-element_type=\"column\">\n\t\t\t<div class=\"elementor-widget-wrap\">\n\t\t\t\t\t\t\t<\/div>\n\t\t<\/div>\n\t\t\t\t\t<\/div>\n\t\t<\/section>\n\t\t\t\t<section class=\"elementor-section elementor-top-section elementor-element elementor-element-f3baaf4 elementor-section-boxed elementor-section-height-default elementor-section-height-default\" data-id=\"f3baaf4\" data-element_type=\"section\" data-settings=\"{&quot;background_background&quot;:&quot;classic&quot;,&quot;background_motion_fx_motion_fx_scrolling&quot;:&quot;yes&quot;}\">\n\t\t\t\t\t\t<div class=\"elementor-container elementor-column-gap-no\">\n\t\t\t\t\t<div class=\"elementor-column elementor-col-50 elementor-top-column elementor-element elementor-element-06141d0 elementor-hidden-phone\" data-id=\"06141d0\" data-element_type=\"column\">\n\t\t\t<div class=\"elementor-widget-wrap\">\n\t\t\t\t\t\t\t<\/div>\n\t\t<\/div>\n\t\t\t\t<div class=\"elementor-column elementor-col-50 elementor-top-column elementor-element elementor-element-10f341c\" data-id=\"10f341c\" data-element_type=\"column\" data-settings=\"{&quot;background_background&quot;:&quot;classic&quot;}\">\n\t\t\t<div class=\"elementor-widget-wrap elementor-element-populated\">\n\t\t\t\t\t\t<div class=\"elementor-element elementor-element-e82e23f elementor-widget elementor-widget-razzi-heading\" data-id=\"e82e23f\" data-element_type=\"widget\" data-widget_type=\"razzi-heading.default\">\n\t\t\t\t<div class=\"elementor-widget-container\">\n\t\t\t\t\t<div class=\"razzi-heading-wrapper\"><h3 class=\"razzi-heading-title\"> Seinavitriinid<\/h3><\/div>\t\t\t\t<\/div>\n\t\t\t\t<\/div>\n\t\t\t\t<div class=\"elementor-element elementor-element-5f03558 elementor-widget elementor-widget-text-editor\" data-id=\"5f03558\" data-element_type=\"widget\" data-widget_type=\"text-editor.default\">\n\t\t\t\t<div class=\"elementor-widget-container\">\n\t\t\t\t\t\t\t\t\t<p>Seinav\u00e4ljapanekud sobivad suurep\u00e4raselt galerii seinte t\u00e4ielikuks \u00e4rakasutamiseks ja n\u00e4ituse k\u00fclastajale korratunde loomiseks.<\/p>\t\t\t\t\t\t\t\t<\/div>\n\t\t\t\t<\/div>\n\t\t\t\t\t<\/div>\n\t\t<\/div>\n\t\t\t\t\t<\/div>\n\t\t<\/section>\n\t\t\t\t<section class=\"elementor-section elementor-top-section elementor-element elementor-element-c393e57 elementor-section-boxed elementor-section-height-default elementor-section-height-default\" data-id=\"c393e57\" data-element_type=\"section\" data-settings=\"{&quot;background_background&quot;:&quot;classic&quot;,&quot;background_motion_fx_motion_fx_scrolling&quot;:&quot;yes&quot;}\">\n\t\t\t\t\t\t<div class=\"elementor-container elementor-column-gap-no\">\n\t\t\t\t\t<div class=\"elementor-column elementor-col-50 elementor-top-column elementor-element elementor-element-cf58fb5\" data-id=\"cf58fb5\" data-element_type=\"column\" data-settings=\"{&quot;background_background&quot;:&quot;classic&quot;}\">\n\t\t\t<div class=\"elementor-widget-wrap elementor-element-populated\">\n\t\t\t\t\t\t<div class=\"elementor-element elementor-element-e2ede7d elementor-widget elementor-widget-razzi-heading\" data-id=\"e2ede7d\" data-element_type=\"widget\" data-widget_type=\"razzi-heading.default\">\n\t\t\t\t<div class=\"elementor-widget-container\">\n\t\t\t\t\t<div class=\"razzi-heading-wrapper\"><h3 class=\"razzi-heading-title\"> Sahtlitega vitriinid<\/h3><\/div>\t\t\t\t<\/div>\n\t\t\t\t<\/div>\n\t\t\t\t<div class=\"elementor-element elementor-element-a2c2031 elementor-widget elementor-widget-text-editor\" data-id=\"a2c2031\" data-element_type=\"widget\" data-widget_type=\"text-editor.default\">\n\t\t\t\t<div class=\"elementor-widget-container\">\n\t\t\t\t\t\t\t\t\t<p>V\u00e4ljat\u00f5mmatavate sahtlitega vitriinid sobivad suurep\u00e4raselt avatud vitriinide hoidmiseks ja suurte lamedate esemete kogude eksponeerimiseks piiratud, kuid sageli k\u00fclastatavas ruumis. Sahtleid saab katta klaasiga, valgustada v\u00f5i integreerida vitriinp\u00f5hja.<\/p>\t\t\t\t\t\t\t\t<\/div>\n\t\t\t\t<\/div>\n\t\t\t\t\t<\/div>\n\t\t<\/div>\n\t\t\t\t<div class=\"elementor-column elementor-col-50 elementor-top-column elementor-element elementor-element-dfa60d3 elementor-hidden-phone\" data-id=\"dfa60d3\" data-element_type=\"column\">\n\t\t\t<div class=\"elementor-widget-wrap\">\n\t\t\t\t\t\t\t<\/div>\n\t\t<\/div>\n\t\t\t\t\t<\/div>\n\t\t<\/section>\n\t\t\t\t<section class=\"elementor-section elementor-top-section elementor-element elementor-element-cd8d7bf elementor-section-boxed elementor-section-height-default elementor-section-height-default\" data-id=\"cd8d7bf\" data-element_type=\"section\" data-settings=\"{&quot;background_background&quot;:&quot;classic&quot;,&quot;background_motion_fx_motion_fx_scrolling&quot;:&quot;yes&quot;}\">\n\t\t\t\t\t\t<div class=\"elementor-container elementor-column-gap-no\">\n\t\t\t\t\t<div class=\"elementor-column elementor-col-50 elementor-top-column elementor-element elementor-element-ee20e1c elementor-hidden-phone\" data-id=\"ee20e1c\" data-element_type=\"column\">\n\t\t\t<div class=\"elementor-widget-wrap\">\n\t\t\t\t\t\t\t<\/div>\n\t\t<\/div>\n\t\t\t\t<div class=\"elementor-column elementor-col-50 elementor-top-column elementor-element elementor-element-f4c717a\" data-id=\"f4c717a\" data-element_type=\"column\" data-settings=\"{&quot;background_background&quot;:&quot;classic&quot;}\">\n\t\t\t<div class=\"elementor-widget-wrap elementor-element-populated\">\n\t\t\t\t\t\t<div class=\"elementor-element elementor-element-e00b91f elementor-widget elementor-widget-razzi-heading\" data-id=\"e00b91f\" data-element_type=\"widget\" data-widget_type=\"razzi-heading.default\">\n\t\t\t\t<div class=\"elementor-widget-container\">\n\t\t\t\t\t<div class=\"razzi-heading-wrapper\"><h3 class=\"razzi-heading-title\"> T\u00f6\u00f6laua vitriinid<\/h3><\/div>\t\t\t\t<\/div>\n\t\t\t\t<\/div>\n\t\t\t\t<div class=\"elementor-element elementor-element-f2d149c elementor-widget elementor-widget-text-editor\" data-id=\"f2d149c\" data-element_type=\"widget\" data-widget_type=\"text-editor.default\">\n\t\t\t\t<div class=\"elementor-widget-container\">\n\t\t\t\t\t\t\t\t\t<p>Lauapealsed vitriinid v\u00f5ivad olla eraldiseisvad v\u00f5i seinale kinnitatavad. Meie lauaarvuti vitriinide valik on lai ja saame pakkuda erineva suurusega vitriine. V\u00f5ttes arvesse m\u00f5\u00f5tmeid, valgustust ja konserveerimisn\u00f5udeid, saame n\u00f5ustada avamismehhanismi sobiva konstruktsiooni ja kasutamise osas.<\/p>\t\t\t\t\t\t\t\t<\/div>\n\t\t\t\t<\/div>\n\t\t\t\t\t<\/div>\n\t\t<\/div>\n\t\t\t\t\t<\/div>\n\t\t<\/section>\n\t\t\t\t<section class=\"elementor-section elementor-top-section elementor-element elementor-element-8829f16 elementor-section-boxed elementor-section-height-default elementor-section-height-default\" data-id=\"8829f16\" data-element_type=\"section\">\n\t\t\t\t\t\t<div class=\"elementor-container elementor-column-gap-extended\">\n\t\t\t\t\t<div class=\"elementor-column elementor-col-50 elementor-top-column elementor-element elementor-element-aeeeb6e\" data-id=\"aeeeb6e\" data-element_type=\"column\">\n\t\t\t<div class=\"elementor-widget-wrap elementor-element-populated\">\n\t\t\t\t\t\t<div class=\"elementor-element elementor-element-5c9144f elementor-widget elementor-widget-heading\" data-id=\"5c9144f\" data-element_type=\"widget\" data-widget_type=\"heading.default\">\n\t\t\t\t<div class=\"elementor-widget-container\">\n\t\t\t\t\t<h3 class=\"elementor-heading-title elementor-size-default\">Hankige oma vajadustele vastav pakkumine!<\/h3>\t\t\t\t<\/div>\n\t\t\t\t<\/div>\n\t\t\t\t<div class=\"elementor-element elementor-element-89f002f elementor-widget elementor-widget-text-editor\" data-id=\"89f002f\" data-element_type=\"widget\" data-widget_type=\"text-editor.default\">\n\t\t\t\t<div class=\"elementor-widget-container\">\n\t\t\t\t\t\t\t\t\t<script data-b24-form=\"inline\/17\/rhqs1b\" data-skip-moving=\"true\">\r\n(function(w,d,u){\r\nvar s=d.createElement('script');s.async=true;s.src=u+'?'+(Date.now()\/180000|0);\r\nvar h=d.getElementsByTagName('script')[0];h.parentNode.insertBefore(s,h);\r\n})(window,document,'https:\/\/cdn.bitrix24.eu\/b23451613\/crm\/form\/loader_17.js');\r\n<\/script>\t\t\t\t\t\t\t\t<\/div>\n\t\t\t\t<\/div>\n\t\t\t\t\t<\/div>\n\t\t<\/div>\n\t\t\t\t<div class=\"elementor-column elementor-col-50 elementor-top-column elementor-element elementor-element-630b516\" data-id=\"630b516\" data-element_type=\"column\">\n\t\t\t<div class=\"elementor-widget-wrap elementor-element-populated\">\n\t\t\t\t\t\t<div class=\"elementor-element elementor-element-4fb5874 elementor-widget elementor-widget-heading\" data-id=\"4fb5874\" data-element_type=\"widget\" data-widget_type=\"heading.default\">\n\t\t\t\t<div class=\"elementor-widget-container\">\n\t\t\t\t\t<h3 class=\"elementor-heading-title elementor-size-default\">Partnerid:<\/h3>\t\t\t\t<\/div>\n\t\t\t\t<\/div>\n\t\t\t\t<div class=\"elementor-element elementor-element-112db67 elementor-widget elementor-widget-heading\" data-id=\"112db67\" data-element_type=\"widget\" data-widget_type=\"heading.default\">\n\t\t\t\t<div class=\"elementor-widget-container\">\n\t\t\t\t\t<h6 class=\"elementor-heading-title elementor-size-default\"> <\/h6>\t\t\t\t<\/div>\n\t\t\t\t<\/div>\n\t\t\t\t<div class=\"elementor-element elementor-element-e8d8e16 elementor-widget elementor-widget-image\" data-id=\"e8d8e16\" data-element_type=\"widget\" data-widget_type=\"image.default\">\n\t\t\t\t<div class=\"elementor-widget-container\">\n\t\t\t\t\t\t\t\t\t\t\t\t\t\t\t<img decoding=\"async\" width=\"300\" height=\"92\" src=\"https:\/\/tavieta.lt\/wp-content\/uploads\/2025\/01\/archa-300x92.png\" class=\"attachment-medium size-medium wp-image-13243\" alt=\"\" srcset=\"https:\/\/tavieta.lt\/wp-content\/uploads\/2025\/01\/archa-300x92.png 300w, https:\/\/tavieta.lt\/wp-content\/uploads\/2025\/01\/archa.png 700w\" sizes=\"(max-width: 300px) 100vw, 300px\" \/>\t\t\t\t\t\t\t\t\t\t\t\t\t\t\t<\/div>\n\t\t\t\t<\/div>\n\t\t\t\t\t<\/div>\n\t\t<\/div>\n\t\t\t\t\t<\/div>\n\t\t<\/section>\n\t\t\t\t<\/div>","protected":false},"excerpt":{"rendered":"<p>Vitriinid Ideaalis peaks n\u00e4itusev\u00e4ljapanek olema k\u00fclastajatele n\u00e4htamatu ja sulanduma \u00fcmbritsevasse keskkonda, tuues esile ainult eksponeeritud objekte. Esitluse aspekt ei paranda mitte ainult vitriinide tegelikku disaini, vaid ka sobiva valgustuss\u00fcsteemi integreerimist. Vitriin stabiliseerib aktiivsete v\u00f5i passiivsete juhtimiss\u00fcsteemide (silikageel) abil oluliselt suhtelist \u00f5huniiskust ja aitab seega kaasa k\u00f5igile v\u00f5etud s\u00e4\u00e4stumeetmetele. Eraldiseisvad vitriinid [\u2026]<\/p>","protected":false},"author":1,"featured_media":0,"parent":0,"menu_order":0,"comment_status":"closed","ping_status":"closed","template":"","meta":{"footnotes":""},"class_list":["post-10658","page","type-page","status-publish","hentry"],"_links":{"self":[{"href":"https:\/\/tavieta.lt\/ee\/wp-json\/wp\/v2\/pages\/10658","targetHints":{"allow":["GET"]}}],"collection":[{"href":"https:\/\/tavieta.lt\/ee\/wp-json\/wp\/v2\/pages"}],"about":[{"href":"https:\/\/tavieta.lt\/ee\/wp-json\/wp\/v2\/types\/page"}],"author":[{"embeddable":true,"href":"https:\/\/tavieta.lt\/ee\/wp-json\/wp\/v2\/users\/1"}],"replies":[{"embeddable":true,"href":"https:\/\/tavieta.lt\/ee\/wp-json\/wp\/v2\/comments?post=10658"}],"version-history":[{"count":3,"href":"https:\/\/tavieta.lt\/ee\/wp-json\/wp\/v2\/pages\/10658\/revisions"}],"predecessor-version":[{"id":13246,"href":"https:\/\/tavieta.lt\/ee\/wp-json\/wp\/v2\/pages\/10658\/revisions\/13246"}],"wp:attachment":[{"href":"https:\/\/tavieta.lt\/ee\/wp-json\/wp\/v2\/media?parent=10658"}],"curies":[{"name":"t\u00f6\u00f6leht","href":"https:\/\/api.w.org\/{rel}","templated":true}]}}