{"id":10662,"date":"2023-06-16T08:15:12","date_gmt":"2023-06-16T08:15:12","guid":{"rendered":"http:\/\/tavieta.lt\/?page_id=10662"},"modified":"2025-01-30T15:05:51","modified_gmt":"2025-01-30T15:05:51","slug":"saugumo-sprendimai","status":"publish","type":"page","link":"https:\/\/tavieta.lt\/ee\/saugumo-sprendimai\/","title":{"rendered":"Turvalahendused"},"content":{"rendered":"<div data-elementor-type=\"wp-page\" data-elementor-id=\"10662\" class=\"elementor elementor-10662\">\n\t\t\t\t\t\t<section class=\"elementor-section elementor-top-section elementor-element elementor-element-0351ca9 elementor-section-boxed elementor-section-height-default elementor-section-height-default\" data-id=\"0351ca9\" data-element_type=\"section\">\n\t\t\t\t\t\t<div class=\"elementor-container elementor-column-gap-extended\">\n\t\t\t\t\t<div class=\"elementor-column elementor-col-50 elementor-top-column elementor-element elementor-element-463f5e8\" data-id=\"463f5e8\" data-element_type=\"column\">\n\t\t\t<div class=\"elementor-widget-wrap elementor-element-populated\">\n\t\t\t\t\t\t<div class=\"elementor-element elementor-element-6a05a65 elementor-widget elementor-widget-image\" data-id=\"6a05a65\" data-element_type=\"widget\" data-widget_type=\"image.default\">\n\t\t\t\t<div class=\"elementor-widget-container\">\n\t\t\t\t\t\t\t\t\t\t\t\t\t\t\t<img fetchpriority=\"high\" decoding=\"async\" width=\"640\" height=\"427\" src=\"https:\/\/tavieta.lt\/wp-content\/uploads\/2023\/06\/cctv-security-technology-with-lock-icon-digital-remix-1024x683.jpg\" class=\"attachment-large size-large wp-image-10745\" alt=\"\" srcset=\"https:\/\/tavieta.lt\/wp-content\/uploads\/2023\/06\/cctv-security-technology-with-lock-icon-digital-remix-1024x683.jpg 1024w, https:\/\/tavieta.lt\/wp-content\/uploads\/2023\/06\/cctv-security-technology-with-lock-icon-digital-remix-scaled-800x533.jpg 800w, https:\/\/tavieta.lt\/wp-content\/uploads\/2023\/06\/cctv-security-technology-with-lock-icon-digital-remix-300x200.jpg 300w, https:\/\/tavieta.lt\/wp-content\/uploads\/2023\/06\/cctv-security-technology-with-lock-icon-digital-remix-768x512.jpg 768w, https:\/\/tavieta.lt\/wp-content\/uploads\/2023\/06\/cctv-security-technology-with-lock-icon-digital-remix-1536x1024.jpg 1536w, https:\/\/tavieta.lt\/wp-content\/uploads\/2023\/06\/cctv-security-technology-with-lock-icon-digital-remix-2048x1365.jpg 2048w\" sizes=\"(max-width: 640px) 100vw, 640px\" \/>\t\t\t\t\t\t\t\t\t\t\t\t\t\t\t<\/div>\n\t\t\t\t<\/div>\n\t\t\t\t\t<\/div>\n\t\t<\/div>\n\t\t\t\t<div class=\"elementor-column elementor-col-50 elementor-top-column elementor-element elementor-element-86b9935\" data-id=\"86b9935\" data-element_type=\"column\">\n\t\t\t<div class=\"elementor-widget-wrap elementor-element-populated\">\n\t\t\t\t\t\t<div class=\"elementor-element elementor-element-c15df23 elementor-widget elementor-widget-heading\" data-id=\"c15df23\" data-element_type=\"widget\" data-widget_type=\"heading.default\">\n\t\t\t\t<div class=\"elementor-widget-container\">\n\t\t\t\t\t<h3 class=\"elementor-heading-title elementor-size-default\">Turvalahendused<\/h3>\t\t\t\t<\/div>\n\t\t\t\t<\/div>\n\t\t\t\t<div class=\"elementor-element elementor-element-57839b9 elementor-widget elementor-widget-text-editor\" data-id=\"57839b9\" data-element_type=\"widget\" data-widget_type=\"text-editor.default\">\n\t\t\t\t<div class=\"elementor-widget-container\">\n\t\t\t\t\t\t\t\t\t<p style=\"text-align: justify;\">Muuseum soetab, konserveerib, uurib ja eksponeerib ajaloolise, teadusliku v\u00f5i kunstilise t\u00e4htsusega esemeid \u00f5ppe-, \u00f5ppe- ja meelelahutuslikel eesm\u00e4rkidel. M\u00f5nikord korraldavad muuseumid ka programme ja tegevusi, n\u00e4iteks loenguid ja tunde igas vanuses publikule. Muuseumis hoitavate v\u00e4\u00e4risesemete ohutus ning k\u00fclastajate ja t\u00f6\u00f6tajate turvalisus on muuseumi juhtkonna jaoks \u00fclimalt olulised.<\/p>\t\t\t\t\t\t\t\t<\/div>\n\t\t\t\t<\/div>\n\t\t\t\t\t<\/div>\n\t\t<\/div>\n\t\t\t\t\t<\/div>\n\t\t<\/section>\n\t\t\t\t<section class=\"elementor-section elementor-top-section elementor-element elementor-element-ca3b624 elementor-section-boxed elementor-section-height-default elementor-section-height-default\" data-id=\"ca3b624\" data-element_type=\"section\" data-settings=\"{&quot;background_background&quot;:&quot;classic&quot;,&quot;background_motion_fx_motion_fx_scrolling&quot;:&quot;yes&quot;}\">\n\t\t\t\t\t\t<div class=\"elementor-container elementor-column-gap-no\">\n\t\t\t\t\t<div class=\"elementor-column elementor-col-50 elementor-top-column elementor-element elementor-element-4a64923\" data-id=\"4a64923\" data-element_type=\"column\" data-settings=\"{&quot;background_background&quot;:&quot;classic&quot;}\">\n\t\t\t<div class=\"elementor-widget-wrap elementor-element-populated\">\n\t\t\t\t\t\t<div class=\"elementor-element elementor-element-ef23a27 elementor-widget elementor-widget-razzi-heading\" data-id=\"ef23a27\" data-element_type=\"widget\" data-widget_type=\"razzi-heading.default\">\n\t\t\t\t<div class=\"elementor-widget-container\">\n\t\t\t\t\t<div class=\"razzi-heading-wrapper\"><h3 class=\"razzi-heading-title\"> Kaamerad<\/h3><\/div>\t\t\t\t<\/div>\n\t\t\t\t<\/div>\n\t\t\t\t<div class=\"elementor-element elementor-element-b65e222 elementor-widget elementor-widget-text-editor\" data-id=\"b65e222\" data-element_type=\"widget\" data-widget_type=\"text-editor.default\">\n\t\t\t\t<div class=\"elementor-widget-container\">\n\t\t\t\t\t\t\t\t\t<p>H\u00e4sti varustatud videovalves\u00fcsteem aitab kaitsta muuseumi kunstikogusid v\u00f5imaliku vandalismi ja varguste eest.<\/p>\t\t\t\t\t\t\t\t<\/div>\n\t\t\t\t<\/div>\n\t\t\t\t\t<\/div>\n\t\t<\/div>\n\t\t\t\t<div class=\"elementor-column elementor-col-50 elementor-top-column elementor-element elementor-element-9feb7d7 elementor-hidden-phone\" data-id=\"9feb7d7\" data-element_type=\"column\">\n\t\t\t<div class=\"elementor-widget-wrap\">\n\t\t\t\t\t\t\t<\/div>\n\t\t<\/div>\n\t\t\t\t\t<\/div>\n\t\t<\/section>\n\t\t\t\t<section class=\"elementor-section elementor-top-section elementor-element elementor-element-cd8d7bf elementor-section-boxed elementor-section-height-default elementor-section-height-default\" data-id=\"cd8d7bf\" data-element_type=\"section\" data-settings=\"{&quot;background_background&quot;:&quot;classic&quot;,&quot;background_motion_fx_motion_fx_scrolling&quot;:&quot;yes&quot;}\">\n\t\t\t\t\t\t<div class=\"elementor-container elementor-column-gap-no\">\n\t\t\t\t\t<div class=\"elementor-column elementor-col-50 elementor-top-column elementor-element elementor-element-ee20e1c elementor-hidden-phone\" data-id=\"ee20e1c\" data-element_type=\"column\">\n\t\t\t<div class=\"elementor-widget-wrap\">\n\t\t\t\t\t\t\t<\/div>\n\t\t<\/div>\n\t\t\t\t<div class=\"elementor-column elementor-col-50 elementor-top-column elementor-element elementor-element-f4c717a\" data-id=\"f4c717a\" data-element_type=\"column\" data-settings=\"{&quot;background_background&quot;:&quot;classic&quot;}\">\n\t\t\t<div class=\"elementor-widget-wrap elementor-element-populated\">\n\t\t\t\t\t\t<div class=\"elementor-element elementor-element-e00b91f elementor-widget elementor-widget-razzi-heading\" data-id=\"e00b91f\" data-element_type=\"widget\" data-widget_type=\"razzi-heading.default\">\n\t\t\t\t<div class=\"elementor-widget-container\">\n\t\t\t\t\t<div class=\"razzi-heading-wrapper\"><h3 class=\"razzi-heading-title\"> Andurid<\/h3><\/div>\t\t\t\t<\/div>\n\t\t\t\t<\/div>\n\t\t\t\t<div class=\"elementor-element elementor-element-f2d149c elementor-widget elementor-widget-text-editor\" data-id=\"f2d149c\" data-element_type=\"widget\" data-widget_type=\"text-editor.default\">\n\t\t\t\t<div class=\"elementor-widget-container\">\n\t\t\t\t\t\t\t\t\t<p>Andurid on v\u00e4ga olulised \u00f5ige temperatuuri ja niiskuse hoidmiseks iga v\u00e4\u00e4rtusliku ja antiikeseme v\u00f5i maali jaoks. Automaatne temperatuuri ja niiskuse m\u00f5\u00f5tmise s\u00fcsteem aitab j\u00e4lgida optimaalseid temperatuuri ja niiskuse parameetreid muuseumis v\u00f5i kunstigaleriis. Traadita ja v\u00e4ikese suurusega elegantseid andureid on v\u00e4ga lihtne paigaldada mis tahes kunstiobjektile.<\/p>\t\t\t\t\t\t\t\t<\/div>\n\t\t\t\t<\/div>\n\t\t\t\t\t<\/div>\n\t\t<\/div>\n\t\t\t\t\t<\/div>\n\t\t<\/section>\n\t\t\t\t<section class=\"elementor-section elementor-top-section elementor-element elementor-element-3546a97 elementor-section-boxed elementor-section-height-default elementor-section-height-default\" data-id=\"3546a97\" data-element_type=\"section\" data-settings=\"{&quot;background_background&quot;:&quot;classic&quot;,&quot;background_motion_fx_motion_fx_scrolling&quot;:&quot;yes&quot;}\">\n\t\t\t\t\t\t<div class=\"elementor-container elementor-column-gap-no\">\n\t\t\t\t\t<div class=\"elementor-column elementor-col-50 elementor-top-column elementor-element elementor-element-8c0fe3b\" data-id=\"8c0fe3b\" data-element_type=\"column\" data-settings=\"{&quot;background_background&quot;:&quot;classic&quot;}\">\n\t\t\t<div class=\"elementor-widget-wrap elementor-element-populated\">\n\t\t\t\t\t\t<div class=\"elementor-element elementor-element-f6617a9 elementor-widget elementor-widget-razzi-heading\" data-id=\"f6617a9\" data-element_type=\"widget\" data-widget_type=\"razzi-heading.default\">\n\t\t\t\t<div class=\"elementor-widget-container\">\n\t\t\t\t\t<div class=\"razzi-heading-wrapper\"><h3 class=\"razzi-heading-title\"> Antennid<\/h3><\/div>\t\t\t\t<\/div>\n\t\t\t\t<\/div>\n\t\t\t\t<div class=\"elementor-element elementor-element-1da744c elementor-widget elementor-widget-text-editor\" data-id=\"1da744c\" data-element_type=\"widget\" data-widget_type=\"text-editor.default\">\n\t\t\t\t<div class=\"elementor-widget-container\">\n\t\t\t\t\t\t\t\t\t<p>Andurid suhtlevad juhtmevabalt RFID-vastuv\u00f5tjate v\u00f5i antennide v\u00f5rguga vahemikus 15\u201370 m siseruumides v\u00f5i kuni 200 m \u00f5ues. Keskkonda skannitakse ja luuakse RFID leviala, kus hoitakse kogu vara. Kuna sildid suhtlevad sagedusel 433 MHz, tungivad kr\u00fcptitud signaalid l\u00e4bi enamiku materjalide (sh seinad, p\u00f5randad ja laed), mist\u00f5ttu saab signaaliantenne kergesti peita seinte, p\u00f5randate ja m\u00f6\u00f6bli sisse, kuigi m\u00f5ned meie kliendid eelistavad paigaldada need n\u00e4htavale kohale. heidutusvahendina. Antud ruumi teenindamiseks on vaja vaid m\u00f5nda vastuv\u00f5tjat.<\/p>\t\t\t\t\t\t\t\t<\/div>\n\t\t\t\t<\/div>\n\t\t\t\t\t<\/div>\n\t\t<\/div>\n\t\t\t\t<div class=\"elementor-column elementor-col-50 elementor-top-column elementor-element elementor-element-d3a2827 elementor-hidden-phone\" data-id=\"d3a2827\" data-element_type=\"column\">\n\t\t\t<div class=\"elementor-widget-wrap\">\n\t\t\t\t\t\t\t<\/div>\n\t\t<\/div>\n\t\t\t\t\t<\/div>\n\t\t<\/section>\n\t\t\t\t<section class=\"elementor-section elementor-top-section elementor-element elementor-element-898adb8 elementor-section-boxed elementor-section-height-default elementor-section-height-default\" data-id=\"898adb8\" data-element_type=\"section\" data-settings=\"{&quot;background_background&quot;:&quot;classic&quot;,&quot;background_motion_fx_motion_fx_scrolling&quot;:&quot;yes&quot;}\">\n\t\t\t\t\t\t<div class=\"elementor-container elementor-column-gap-no\">\n\t\t\t\t\t<div class=\"elementor-column elementor-col-50 elementor-top-column elementor-element elementor-element-f394cda elementor-hidden-phone\" data-id=\"f394cda\" data-element_type=\"column\">\n\t\t\t<div class=\"elementor-widget-wrap\">\n\t\t\t\t\t\t\t<\/div>\n\t\t<\/div>\n\t\t\t\t<div class=\"elementor-column elementor-col-50 elementor-top-column elementor-element elementor-element-89c57fe\" data-id=\"89c57fe\" data-element_type=\"column\" data-settings=\"{&quot;background_background&quot;:&quot;classic&quot;}\">\n\t\t\t<div class=\"elementor-widget-wrap elementor-element-populated\">\n\t\t\t\t\t\t<div class=\"elementor-element elementor-element-82deb5f elementor-widget elementor-widget-razzi-heading\" data-id=\"82deb5f\" data-element_type=\"widget\" data-widget_type=\"razzi-heading.default\">\n\t\t\t\t<div class=\"elementor-widget-container\">\n\t\t\t\t\t<div class=\"razzi-heading-wrapper\"><h3 class=\"razzi-heading-title\"> Skannerid<\/h3><\/div>\t\t\t\t<\/div>\n\t\t\t\t<\/div>\n\t\t\t\t<div class=\"elementor-element elementor-element-d76999b elementor-widget elementor-widget-text-editor\" data-id=\"d76999b\" data-element_type=\"widget\" data-widget_type=\"text-editor.default\">\n\t\t\t\t<div class=\"elementor-widget-container\">\n\t\t\t\t\t\t\t\t\t<p>Laserdetektorid t\u00f6\u00f6tavad \u00e4\u00e4rmiselt t\u00e4pselt ja usaldusv\u00e4\u00e4rselt. Valeh\u00e4ireid praktiliselt pole. Saab t\u00e4psed andmed iga juhtumi kohta, kui keegi on pildile liiga l\u00e4hedal, et saaksime kohe reageerida<\/p>\t\t\t\t\t\t\t\t<\/div>\n\t\t\t\t<\/div>\n\t\t\t\t\t<\/div>\n\t\t<\/div>\n\t\t\t\t\t<\/div>\n\t\t<\/section>\n\t\t\t\t<section class=\"elementor-section elementor-top-section elementor-element elementor-element-b1c199f elementor-section-boxed elementor-section-height-default elementor-section-height-default\" data-id=\"b1c199f\" data-element_type=\"section\" data-settings=\"{&quot;background_background&quot;:&quot;classic&quot;,&quot;background_motion_fx_motion_fx_scrolling&quot;:&quot;yes&quot;}\">\n\t\t\t\t\t\t<div class=\"elementor-container elementor-column-gap-no\">\n\t\t\t\t\t<div class=\"elementor-column elementor-col-50 elementor-top-column elementor-element elementor-element-e8a68e9\" data-id=\"e8a68e9\" data-element_type=\"column\" data-settings=\"{&quot;background_background&quot;:&quot;classic&quot;}\">\n\t\t\t<div class=\"elementor-widget-wrap elementor-element-populated\">\n\t\t\t\t\t\t<div class=\"elementor-element elementor-element-c8303f2 elementor-widget elementor-widget-razzi-heading\" data-id=\"c8303f2\" data-element_type=\"widget\" data-widget_type=\"razzi-heading.default\">\n\t\t\t\t<div class=\"elementor-widget-container\">\n\t\t\t\t\t<div class=\"razzi-heading-wrapper\"><h3 class=\"razzi-heading-title\"> RFID-m\u00e4rgised<\/h3><\/div>\t\t\t\t<\/div>\n\t\t\t\t<\/div>\n\t\t\t\t<div class=\"elementor-element elementor-element-ddefcdf elementor-widget elementor-widget-text-editor\" data-id=\"ddefcdf\" data-element_type=\"widget\" data-widget_type=\"text-editor.default\">\n\t\t\t\t<div class=\"elementor-widget-container\">\n\t\t\t\t\t\t\t\t\t<p><span data-sheets-value=\"{&quot;1&quot;:2,&quot;2&quot;:&quot;\\nRFID etiket\u0117s suteikia pagrindines funkcijas su sud\u0117tinga RFID \u012franga, stebin\u010dia j\u016bs\u0173 didel\u0117s vert\u0117s turt\u0105 24 valandas per par\u0105, 7 dienas per savait\u0119&quot;}\" data-sheets-userformat=\"{&quot;2&quot;:897,&quot;3&quot;:{&quot;1&quot;:0},&quot;10&quot;:1,&quot;11&quot;:4,&quot;12&quot;:0}\"><br \/>RFID-sildid pakuvad keeruliste RFID-seadmetega olulisi funktsioone, et j\u00e4lgida teie v\u00e4\u00e4rtuslikku vara \u00f6\u00f6p\u00e4evaringselt<\/span><\/p>\t\t\t\t\t\t\t\t<\/div>\n\t\t\t\t<\/div>\n\t\t\t\t\t<\/div>\n\t\t<\/div>\n\t\t\t\t<div class=\"elementor-column elementor-col-50 elementor-top-column elementor-element elementor-element-ab4ca97 elementor-hidden-phone\" data-id=\"ab4ca97\" data-element_type=\"column\">\n\t\t\t<div class=\"elementor-widget-wrap\">\n\t\t\t\t\t\t\t<\/div>\n\t\t<\/div>\n\t\t\t\t\t<\/div>\n\t\t<\/section>\n\t\t\t\t<section class=\"elementor-section elementor-top-section elementor-element elementor-element-50b8ae2 elementor-section-boxed elementor-section-height-default elementor-section-height-default\" data-id=\"50b8ae2\" data-element_type=\"section\" data-settings=\"{&quot;background_background&quot;:&quot;classic&quot;,&quot;background_motion_fx_motion_fx_scrolling&quot;:&quot;yes&quot;}\">\n\t\t\t\t\t\t<div class=\"elementor-container elementor-column-gap-no\">\n\t\t\t\t\t<div class=\"elementor-column elementor-col-50 elementor-top-column elementor-element elementor-element-6bf3a55 elementor-hidden-phone\" data-id=\"6bf3a55\" data-element_type=\"column\">\n\t\t\t<div class=\"elementor-widget-wrap\">\n\t\t\t\t\t\t\t<\/div>\n\t\t<\/div>\n\t\t\t\t<div class=\"elementor-column elementor-col-50 elementor-top-column elementor-element elementor-element-bc24f70\" data-id=\"bc24f70\" data-element_type=\"column\" data-settings=\"{&quot;background_background&quot;:&quot;classic&quot;}\">\n\t\t\t<div class=\"elementor-widget-wrap elementor-element-populated\">\n\t\t\t\t\t\t<div class=\"elementor-element elementor-element-d03d300 elementor-widget elementor-widget-razzi-heading\" data-id=\"d03d300\" data-element_type=\"widget\" data-widget_type=\"razzi-heading.default\">\n\t\t\t\t<div class=\"elementor-widget-container\">\n\t\t\t\t\t<div class=\"razzi-heading-wrapper\"><h3 class=\"razzi-heading-title\"> Tarkvara<\/h3><\/div>\t\t\t\t<\/div>\n\t\t\t\t<\/div>\n\t\t\t\t<div class=\"elementor-element elementor-element-e47c311 elementor-widget elementor-widget-text-editor\" data-id=\"e47c311\" data-element_type=\"widget\" data-widget_type=\"text-editor.default\">\n\t\t\t\t<div class=\"elementor-widget-container\">\n\t\t\t\t\t\t\t\t\t<p>Nutikad juhtmevabad varade seires\u00fcsteemid muuseumide, erakogude, superjahtide ja t\u00f6\u00f6stuskeskkondade jaoks<\/p>\t\t\t\t\t\t\t\t<\/div>\n\t\t\t\t<\/div>\n\t\t\t\t\t<\/div>\n\t\t<\/div>\n\t\t\t\t\t<\/div>\n\t\t<\/section>\n\t\t\t\t<section class=\"elementor-section elementor-top-section elementor-element elementor-element-2c890b6 elementor-section-boxed elementor-section-height-default elementor-section-height-default\" data-id=\"2c890b6\" data-element_type=\"section\" data-settings=\"{&quot;background_background&quot;:&quot;classic&quot;,&quot;background_motion_fx_motion_fx_scrolling&quot;:&quot;yes&quot;}\">\n\t\t\t\t\t\t<div class=\"elementor-container elementor-column-gap-no\">\n\t\t\t\t\t<div class=\"elementor-column elementor-col-50 elementor-top-column elementor-element elementor-element-6e1b343\" data-id=\"6e1b343\" data-element_type=\"column\" data-settings=\"{&quot;background_background&quot;:&quot;classic&quot;}\">\n\t\t\t<div class=\"elementor-widget-wrap elementor-element-populated\">\n\t\t\t\t\t\t<div class=\"elementor-element elementor-element-07326ae elementor-widget elementor-widget-razzi-heading\" data-id=\"07326ae\" data-element_type=\"widget\" data-widget_type=\"razzi-heading.default\">\n\t\t\t\t<div class=\"elementor-widget-container\">\n\t\t\t\t\t<div class=\"razzi-heading-wrapper\"><h3 class=\"razzi-heading-title\"> L\u00e4bip\u00e4\u00e4su v\u00e4rav<\/h3><\/div>\t\t\t\t<\/div>\n\t\t\t\t<\/div>\n\t\t\t\t<div class=\"elementor-element elementor-element-c927794 elementor-widget elementor-widget-text-editor\" data-id=\"c927794\" data-element_type=\"widget\" data-widget_type=\"text-editor.default\">\n\t\t\t\t<div class=\"elementor-widget-container\">\n\t\t\t\t\t\t\t\t\t<p>Olgu need siis raamatud, ajakirjad, CD\/DVD-d, m\u00e4ngud, meediapaketid jne. - teie inventar on v\u00e4\u00e4rtuslik. Meie tuvastusv\u00e4ravate abil on need lihtsalt ja diskreetselt kinnitatud. V\u00e4ravad on paindlikult paigaldatavad ja sobivad erineva laiusega sissep\u00e4\u00e4sude loomiseks.<\/p>\t\t\t\t\t\t\t\t<\/div>\n\t\t\t\t<\/div>\n\t\t\t\t\t<\/div>\n\t\t<\/div>\n\t\t\t\t<div class=\"elementor-column elementor-col-50 elementor-top-column elementor-element elementor-element-eee18e4 elementor-hidden-phone\" data-id=\"eee18e4\" data-element_type=\"column\">\n\t\t\t<div class=\"elementor-widget-wrap\">\n\t\t\t\t\t\t\t<\/div>\n\t\t<\/div>\n\t\t\t\t\t<\/div>\n\t\t<\/section>\n\t\t\t\t<section class=\"elementor-section elementor-top-section elementor-element elementor-element-288676f elementor-section-boxed elementor-section-height-default elementor-section-height-default\" data-id=\"288676f\" data-element_type=\"section\">\n\t\t\t\t\t\t<div class=\"elementor-container elementor-column-gap-extended\">\n\t\t\t\t\t<div class=\"elementor-column elementor-col-50 elementor-top-column elementor-element elementor-element-3734ee8\" data-id=\"3734ee8\" data-element_type=\"column\">\n\t\t\t<div class=\"elementor-widget-wrap elementor-element-populated\">\n\t\t\t\t\t\t<div class=\"elementor-element elementor-element-f45d15d elementor-widget elementor-widget-heading\" data-id=\"f45d15d\" data-element_type=\"widget\" data-widget_type=\"heading.default\">\n\t\t\t\t<div class=\"elementor-widget-container\">\n\t\t\t\t\t<h3 class=\"elementor-heading-title elementor-size-default\">Hankige oma vajadustele vastav pakkumine!<\/h3>\t\t\t\t<\/div>\n\t\t\t\t<\/div>\n\t\t\t\t<div class=\"elementor-element elementor-element-7c13657 elementor-widget elementor-widget-text-editor\" data-id=\"7c13657\" data-element_type=\"widget\" data-widget_type=\"text-editor.default\">\n\t\t\t\t<div class=\"elementor-widget-container\">\n\t\t\t\t\t\t\t\t\t<script data-b24-form=\"inline\/17\/rhqs1b\" data-skip-moving=\"true\">\r\n(function(w,d,u){\r\nvar s=d.createElement('script');s.async=true;s.src=u+'?'+(Date.now()\/180000|0);\r\nvar h=d.getElementsByTagName('script')[0];h.parentNode.insertBefore(s,h);\r\n})(window,document,'https:\/\/cdn.bitrix24.eu\/b23451613\/crm\/form\/loader_17.js');\r\n<\/script>\t\t\t\t\t\t\t\t<\/div>\n\t\t\t\t<\/div>\n\t\t\t\t\t<\/div>\n\t\t<\/div>\n\t\t\t\t<div class=\"elementor-column elementor-col-50 elementor-top-column elementor-element elementor-element-582a81a\" data-id=\"582a81a\" data-element_type=\"column\">\n\t\t\t<div class=\"elementor-widget-wrap elementor-element-populated\">\n\t\t\t\t\t\t<div class=\"elementor-element elementor-element-86a6d94 elementor-widget elementor-widget-heading\" data-id=\"86a6d94\" data-element_type=\"widget\" data-widget_type=\"heading.default\">\n\t\t\t\t<div class=\"elementor-widget-container\">\n\t\t\t\t\t<h3 class=\"elementor-heading-title elementor-size-default\">Partnerid:<\/h3>\t\t\t\t<\/div>\n\t\t\t\t<\/div>\n\t\t\t\t<div class=\"elementor-element elementor-element-9352169 elementor-widget elementor-widget-heading\" data-id=\"9352169\" data-element_type=\"widget\" data-widget_type=\"heading.default\">\n\t\t\t\t<div class=\"elementor-widget-container\">\n\t\t\t\t\t<h6 class=\"elementor-heading-title elementor-size-default\"> <\/h6>\t\t\t\t<\/div>\n\t\t\t\t<\/div>\n\t\t\t\t<div class=\"elementor-element elementor-element-bed3095 elementor-widget elementor-widget-image\" data-id=\"bed3095\" data-element_type=\"widget\" data-widget_type=\"image.default\">\n\t\t\t\t<div class=\"elementor-widget-container\">\n\t\t\t\t\t\t\t\t\t\t\t\t\t\t\t<img decoding=\"async\" width=\"300\" height=\"105\" src=\"https:\/\/tavieta.lt\/wp-content\/uploads\/2025\/01\/nexbib-payoff-YLC-RGB-300x105.png\" class=\"attachment-medium size-medium wp-image-13218\" alt=\"\" srcset=\"https:\/\/tavieta.lt\/wp-content\/uploads\/2025\/01\/nexbib-payoff-YLC-RGB-e1738249839806.png 300w, https:\/\/tavieta.lt\/wp-content\/uploads\/2025\/01\/nexbib-payoff-YLC-RGB-768x269.png 768w, https:\/\/tavieta.lt\/wp-content\/uploads\/2025\/01\/nexbib-payoff-YLC-RGB-444x156.png 444w, https:\/\/tavieta.lt\/wp-content\/uploads\/2025\/01\/nexbib-payoff-YLC-RGB-800x280.png 800w\" sizes=\"(max-width: 300px) 100vw, 300px\" \/>\t\t\t\t\t\t\t\t\t\t\t\t\t\t\t<\/div>\n\t\t\t\t<\/div>\n\t\t\t\t\t<\/div>\n\t\t<\/div>\n\t\t\t\t\t<\/div>\n\t\t<\/section>\n\t\t\t\t<\/div>","protected":false},"excerpt":{"rendered":"<p>Turvalahendused Muuseum omandab, s\u00e4ilitab, uurib ja eksponeerib ajaloolise, teadusliku v\u00f5i kunstilise t\u00e4htsusega objekte hariduslikel, \u00f5ppe- ja meelelahutuslikel eesm\u00e4rkidel. M\u00f5nikord korraldavad muuseumid ka programme ja tegevusi, n\u00e4iteks loenguid ja tunde, igas vanuses publikule. Muuseumi varade turvalisus ning k\u00fclastajate ja t\u00f6\u00f6tajate ohutus on muuseumi juhtkonna jaoks \u00e4\u00e4rmiselt oluline. Kaamerad H\u00e4sti varustatud videovalves\u00fcsteem [\u2026]<\/p>","protected":false},"author":1,"featured_media":0,"parent":0,"menu_order":0,"comment_status":"closed","ping_status":"closed","template":"","meta":{"footnotes":""},"class_list":["post-10662","page","type-page","status-publish","hentry"],"_links":{"self":[{"href":"https:\/\/tavieta.lt\/ee\/wp-json\/wp\/v2\/pages\/10662","targetHints":{"allow":["GET"]}}],"collection":[{"href":"https:\/\/tavieta.lt\/ee\/wp-json\/wp\/v2\/pages"}],"about":[{"href":"https:\/\/tavieta.lt\/ee\/wp-json\/wp\/v2\/types\/page"}],"author":[{"embeddable":true,"href":"https:\/\/tavieta.lt\/ee\/wp-json\/wp\/v2\/users\/1"}],"replies":[{"embeddable":true,"href":"https:\/\/tavieta.lt\/ee\/wp-json\/wp\/v2\/comments?post=10662"}],"version-history":[{"count":3,"href":"https:\/\/tavieta.lt\/ee\/wp-json\/wp\/v2\/pages\/10662\/revisions"}],"predecessor-version":[{"id":13241,"href":"https:\/\/tavieta.lt\/ee\/wp-json\/wp\/v2\/pages\/10662\/revisions\/13241"}],"wp:attachment":[{"href":"https:\/\/tavieta.lt\/ee\/wp-json\/wp\/v2\/media?parent=10662"}],"curies":[{"name":"t\u00f6\u00f6leht","href":"https:\/\/api.w.org\/{rel}","templated":true}]}}