{"id":10801,"date":"2023-07-13T08:42:34","date_gmt":"2023-07-13T08:42:34","guid":{"rendered":"http:\/\/tavieta.lt\/?page_id=10801"},"modified":"2025-01-30T14:58:45","modified_gmt":"2025-01-30T14:58:45","slug":"biurams","status":"publish","type":"page","link":"https:\/\/tavieta.lt\/ee\/biurams\/","title":{"rendered":"Kontorite jaoks"},"content":{"rendered":"<div data-elementor-type=\"wp-page\" data-elementor-id=\"10801\" class=\"elementor elementor-10801\">\n\t\t\t\t\t\t<section class=\"elementor-section elementor-top-section elementor-element elementor-element-938d885 elementor-section-boxed elementor-section-height-default elementor-section-height-default\" data-id=\"938d885\" data-element_type=\"section\">\n\t\t\t\t\t\t<div class=\"elementor-container elementor-column-gap-extended\">\n\t\t\t\t\t<div class=\"elementor-column elementor-col-50 elementor-top-column elementor-element elementor-element-11fb197\" data-id=\"11fb197\" data-element_type=\"column\">\n\t\t\t<div class=\"elementor-widget-wrap elementor-element-populated\">\n\t\t\t\t\t\t<div class=\"elementor-element elementor-element-fc8688f elementor-widget elementor-widget-image\" data-id=\"fc8688f\" data-element_type=\"widget\" data-widget_type=\"image.default\">\n\t\t\t\t<div class=\"elementor-widget-container\">\n\t\t\t\t\t\t\t\t\t\t\t\t\t\t\t<img fetchpriority=\"high\" decoding=\"async\" width=\"640\" height=\"453\" src=\"https:\/\/tavieta.lt\/wp-content\/uploads\/2023\/07\/paslaugos-ofisui-intro-1024x724.jpg\" class=\"attachment-large size-large wp-image-10829\" alt=\"\" srcset=\"https:\/\/tavieta.lt\/wp-content\/uploads\/2023\/07\/paslaugos-ofisui-intro-1024x724.jpg 1024w, https:\/\/tavieta.lt\/wp-content\/uploads\/2023\/07\/paslaugos-ofisui-intro-scaled-800x566.jpg 800w, https:\/\/tavieta.lt\/wp-content\/uploads\/2023\/07\/paslaugos-ofisui-intro-300x212.jpg 300w, https:\/\/tavieta.lt\/wp-content\/uploads\/2023\/07\/paslaugos-ofisui-intro-768x543.jpg 768w, https:\/\/tavieta.lt\/wp-content\/uploads\/2023\/07\/paslaugos-ofisui-intro-1536x1086.jpg 1536w, https:\/\/tavieta.lt\/wp-content\/uploads\/2023\/07\/paslaugos-ofisui-intro-2048x1448.jpg 2048w\" sizes=\"(max-width: 640px) 100vw, 640px\" \/>\t\t\t\t\t\t\t\t\t\t\t\t\t\t\t<\/div>\n\t\t\t\t<\/div>\n\t\t\t\t\t<\/div>\n\t\t<\/div>\n\t\t\t\t<div class=\"elementor-column elementor-col-50 elementor-top-column elementor-element elementor-element-6caeeb0\" data-id=\"6caeeb0\" data-element_type=\"column\">\n\t\t\t<div class=\"elementor-widget-wrap elementor-element-populated\">\n\t\t\t\t\t\t<div class=\"elementor-element elementor-element-86af5e2 elementor-widget elementor-widget-heading\" data-id=\"86af5e2\" data-element_type=\"widget\" data-widget_type=\"heading.default\">\n\t\t\t\t<div class=\"elementor-widget-container\">\n\t\t\t\t\t<h6 class=\"elementor-heading-title elementor-size-default\">Lahenduste rakendamine<\/h6>\t\t\t\t<\/div>\n\t\t\t\t<\/div>\n\t\t\t\t<div class=\"elementor-element elementor-element-193851e elementor-widget elementor-widget-heading\" data-id=\"193851e\" data-element_type=\"widget\" data-widget_type=\"heading.default\">\n\t\t\t\t<div class=\"elementor-widget-container\">\n\t\t\t\t\t<h3 class=\"elementor-heading-title elementor-size-default\">Kontorite jaoks<\/h3>\t\t\t\t<\/div>\n\t\t\t\t<\/div>\n\t\t\t\t<div class=\"elementor-element elementor-element-4a316fa elementor-widget elementor-widget-text-editor\" data-id=\"4a316fa\" data-element_type=\"widget\" data-widget_type=\"text-editor.default\">\n\t\t\t\t<div class=\"elementor-widget-container\">\n\t\t\t\t\t\t\t\t\t<p><span data-sheets-value=\"{&quot;1&quot;:2,&quot;2&quot;:&quot;Ko i\u0161 tikr\u0173j\u0173 reikia j\u016bs\u0173 biurui? Pakeiskite\\ntradicin\u012f i\u0161d\u0117stym\u0105 su visomis tu\u0161\u010diomis darbo vietomis ir\\nnepanaudota erdve. Daugiafunkcin\u0117 saugykla\\nsprendimas suteikiantis jums laisv\u0119 paskirti atskiras\\nzonas ramiam susikaupimui, k\u016brybiniam darbui, susitikimams\\nir atsipalaidavimui. &quot;}\" data-sheets-userformat=\"{&quot;2&quot;:897,&quot;3&quot;:{&quot;1&quot;:0},&quot;10&quot;:1,&quot;11&quot;:4,&quot;12&quot;:0}\">Mida teie kontor tegelikult vajab? Muuda seda<br \/>traditsiooniline paigutus k\u00f5igi t\u00fchjade t\u00f6\u00f6kohtadega ja<br \/>kasutamata ruum. Mitmeotstarbeline ladustamine<br \/>lahendus, mis annab teile vabaduse m\u00e4\u00e4rata eraldi<br \/>tsoonid vaikseks keskendumiseks, loominguliseks t\u00f6\u00f6ks, koosolekuteks<br \/>ja l\u00f5\u00f5gastust. <\/span><\/p>\t\t\t\t\t\t\t\t<\/div>\n\t\t\t\t<\/div>\n\t\t\t\t\t<\/div>\n\t\t<\/div>\n\t\t\t\t\t<\/div>\n\t\t<\/section>\n\t\t\t\t<section class=\"elementor-section elementor-top-section elementor-element elementor-element-636506b elementor-section-boxed elementor-section-height-default elementor-section-height-default\" data-id=\"636506b\" data-element_type=\"section\" data-settings=\"{&quot;background_background&quot;:&quot;classic&quot;}\">\n\t\t\t\t\t\t<div class=\"elementor-container elementor-column-gap-no\">\n\t\t\t\t\t<div class=\"elementor-column elementor-col-100 elementor-top-column elementor-element elementor-element-ce05a03\" data-id=\"ce05a03\" data-element_type=\"column\">\n\t\t\t<div class=\"elementor-widget-wrap elementor-element-populated\">\n\t\t\t\t\t\t<div class=\"elementor-element elementor-element-2c0d426 elementor-widget elementor-widget-heading\" data-id=\"2c0d426\" data-element_type=\"widget\" data-widget_type=\"heading.default\">\n\t\t\t\t<div class=\"elementor-widget-container\">\n\t\t\t\t\t<h6 class=\"elementor-heading-title elementor-size-default\">Kontorite jaoks<\/h6>\t\t\t\t<\/div>\n\t\t\t\t<\/div>\n\t\t\t\t<div class=\"elementor-element elementor-element-7678e46 elementor-widget elementor-widget-heading\" data-id=\"7678e46\" data-element_type=\"widget\" data-widget_type=\"heading.default\">\n\t\t\t\t<div class=\"elementor-widget-container\">\n\t\t\t\t\t<h3 class=\"elementor-heading-title elementor-size-default\">Lahendused ja tooted<\/h3>\t\t\t\t<\/div>\n\t\t\t\t<\/div>\n\t\t\t\t<section class=\"elementor-section elementor-inner-section elementor-element elementor-element-65a762c elementor-section-boxed elementor-section-height-default elementor-section-height-default\" data-id=\"65a762c\" data-element_type=\"section\">\n\t\t\t\t\t\t<div class=\"elementor-container elementor-column-gap-extended\">\n\t\t\t\t\t<div class=\"elementor-column elementor-col-50 elementor-inner-column elementor-element elementor-element-495603c\" data-id=\"495603c\" data-element_type=\"column\">\n\t\t\t<div class=\"elementor-widget-wrap elementor-element-populated\">\n\t\t\t\t\t\t<div class=\"elementor-element elementor-element-ecf3472 elementor-widget elementor-widget-razzi-heading\" data-id=\"ecf3472\" data-element_type=\"widget\" data-widget_type=\"razzi-heading.default\">\n\t\t\t\t<div class=\"elementor-widget-container\">\n\t\t\t\t\t<div class=\"razzi-heading-wrapper\"><h4 class=\"razzi-heading-title\"> Mobiilsed riiulid<\/h4><\/div>\t\t\t\t<\/div>\n\t\t\t\t<\/div>\n\t\t\t\t<div class=\"elementor-element elementor-element-20c9868 elementor-widget elementor-widget-text-editor\" data-id=\"20c9868\" data-element_type=\"widget\" data-widget_type=\"text-editor.default\">\n\t\t\t\t<div class=\"elementor-widget-container\">\n\t\t\t\t\t\t\t\t\t<p><span data-sheets-value=\"{&quot;1&quot;:2,&quot;2&quot;:&quot;J\u016bs\u0173 verslui reikalingas kiekvienas kvadratinis metras. Pamir\u0161kite tradicinius\\nsaugojimo sprendimai, kurie u\u017eima verting\u0105 grind\u0173 plot\u0105. Naudojant mobilias lentynas galite gauti 50 % daugiau vietos\\npalyginti su tradiciniais saugojimo sprendimais. Kadangi ma\u017eesnis kvadratini\u0173 metr\u0173\\nsunaudojimas taip pat reik\u0161 ma\u017eesnes i\u0161laidas ap\u0161vietimui, valymui ir apsaugai;\\ni\u0161maniojo biuro naujov\u0117s taip pat suteiks jums tvaraus prana\u0161umo.&quot;}\" data-sheets-userformat=\"{&quot;2&quot;:897,&quot;3&quot;:{&quot;1&quot;:0},&quot;10&quot;:1,&quot;11&quot;:4,&quot;12&quot;:0}\">Teie ettev\u00f5te vajab iga ruutmeetrit. Unustage traditsioonilised ladustamislahendused, mis v\u00f5tavad v\u00e4\u00e4rtuslikku p\u00f5randapinda. Mobiilsete riiulitega saate 50 % rohkem ruumi v\u00f5rreldes traditsiooniliste hoiulahendustega. Kuna v\u00e4iksem ruutmeetri tarbimine t\u00e4hendab ka v\u00e4iksemaid kulusid valgustusele, puhastamisele ja turvalisusele. Nutikas kontoriinnovatsioon annab teile ka j\u00e4tkusuutliku eelise.<\/span><\/p>\t\t\t\t\t\t\t\t<\/div>\n\t\t\t\t<\/div>\n\t\t\t\t<div class=\"elementor-element elementor-element-1372ba7 elementor-align-center elementor-widget elementor-widget-razzi-button\" data-id=\"1372ba7\" data-element_type=\"widget\" data-widget_type=\"razzi-button.default\">\n\t\t\t\t<div class=\"elementor-widget-container\">\n\t\t\t\t\t        <a href=\"http:\/\/tavieta.lt\/ee\/mobilios-lentynos\/\" class=\"razzi-button-link razzi-button\">\n\t\t\t\t\t\t\t\t\t<span class=\"razzi-button-text\">Rohkem infot<\/span>        <\/a>\n\t\t\t\t\t\t<\/div>\n\t\t\t\t<\/div>\n\t\t\t\t\t<\/div>\n\t\t<\/div>\n\t\t\t\t<div class=\"elementor-column elementor-col-50 elementor-inner-column elementor-element elementor-element-2fa5980\" data-id=\"2fa5980\" data-element_type=\"column\">\n\t\t\t<div class=\"elementor-widget-wrap elementor-element-populated\">\n\t\t\t\t\t\t<div class=\"elementor-element elementor-element-f5c4f45 elementor-widget elementor-widget-razzi-heading\" data-id=\"f5c4f45\" data-element_type=\"widget\" data-widget_type=\"razzi-heading.default\">\n\t\t\t\t<div class=\"elementor-widget-container\">\n\t\t\t\t\t<div class=\"razzi-heading-wrapper\"><h4 class=\"razzi-heading-title\"> Statsionaarsed riiulid<\/h4><\/div>\t\t\t\t<\/div>\n\t\t\t\t<\/div>\n\t\t\t\t<div class=\"elementor-element elementor-element-f6e54b3 elementor-widget elementor-widget-text-editor\" data-id=\"f6e54b3\" data-element_type=\"widget\" data-widget_type=\"text-editor.default\">\n\t\t\t\t<div class=\"elementor-widget-container\">\n\t\t\t\t\t\t\t\t\t<p><span data-sheets-value=\"{&quot;1&quot;:2,&quot;2&quot;:&quot;M\u016bs\u0173 lentyn\u0173 sistemos yra\\r\\npuikus universalus saugojimo sprendimas.\\r\\nModulinio dizaino,\\r\\nsistemas galima keisti,\\r\\nkad tikt\u0173 esantiems objektams\\r\\nsaugoti. Stumdomos durys gali\\r\\nb\u016bti pridedamos d\u0117l saugumo arba\\r\\napsaugai nuo dulki\u0173.&quot;}\" data-sheets-userformat=\"{&quot;2&quot;:513,&quot;3&quot;:{&quot;1&quot;:0},&quot;12&quot;:0}\">Meie riiulis\u00fcsteemid on t\u00e4iuslik igak\u00fclgne ladustamislahendus. <br>Modulaarne disain, s\u00fcsteeme saab olemasolevate rajatiste jaoks kohandada <br>kaitsma Turvalisuseks v\u00f5i tolmukaitseks saab lisada l\u00fckanduksed.<\/span><\/p>\t\t\t\t\t\t\t\t<\/div>\n\t\t\t\t<\/div>\n\t\t\t\t<div class=\"elementor-element elementor-element-0cca7d2 elementor-align-center elementor-widget elementor-widget-razzi-button\" data-id=\"0cca7d2\" data-element_type=\"widget\" data-widget_type=\"razzi-button.default\">\n\t\t\t\t<div class=\"elementor-widget-container\">\n\t\t\t\t\t        <a href=\"http:\/\/tavieta.lt\/ee\/stacionarios-lentynos\/\" class=\"razzi-button-link razzi-button\">\n\t\t\t\t\t\t\t\t\t<span class=\"razzi-button-text\">Rohkem infot<\/span>        <\/a>\n\t\t\t\t\t\t<\/div>\n\t\t\t\t<\/div>\n\t\t\t\t\t<\/div>\n\t\t<\/div>\n\t\t\t\t\t<\/div>\n\t\t<\/section>\n\t\t\t\t\t<\/div>\n\t\t<\/div>\n\t\t\t\t\t<\/div>\n\t\t<\/section>\n\t\t\t\t<section class=\"elementor-section elementor-top-section elementor-element elementor-element-18f1413 elementor-section-boxed elementor-section-height-default elementor-section-height-default\" data-id=\"18f1413\" data-element_type=\"section\">\n\t\t\t\t\t\t<div class=\"elementor-container elementor-column-gap-extended\">\n\t\t\t\t\t<div class=\"elementor-column elementor-col-50 elementor-top-column elementor-element elementor-element-95a54fe\" data-id=\"95a54fe\" data-element_type=\"column\">\n\t\t\t<div class=\"elementor-widget-wrap elementor-element-populated\">\n\t\t\t\t\t\t<div class=\"elementor-element elementor-element-fd1172e elementor-widget elementor-widget-heading\" data-id=\"fd1172e\" data-element_type=\"widget\" data-widget_type=\"heading.default\">\n\t\t\t\t<div class=\"elementor-widget-container\">\n\t\t\t\t\t<h3 class=\"elementor-heading-title elementor-size-default\">Hankige oma vajadustele vastav pakkumine!<\/h3>\t\t\t\t<\/div>\n\t\t\t\t<\/div>\n\t\t\t\t<div class=\"elementor-element elementor-element-d2a47f7 elementor-widget elementor-widget-text-editor\" data-id=\"d2a47f7\" data-element_type=\"widget\" data-widget_type=\"text-editor.default\">\n\t\t\t\t<div class=\"elementor-widget-container\">\n\t\t\t\t\t\t\t\t\t<script data-b24-form=\"inline\/17\/rhqs1b\" data-skip-moving=\"true\">\r\n(function(w,d,u){\r\nvar s=d.createElement('script');s.async=true;s.src=u+'?'+(Date.now()\/180000|0);\r\nvar h=d.getElementsByTagName('script')[0];h.parentNode.insertBefore(s,h);\r\n})(window,document,'https:\/\/cdn.bitrix24.eu\/b23451613\/crm\/form\/loader_17.js');\r\n<\/script>\t\t\t\t\t\t\t\t<\/div>\n\t\t\t\t<\/div>\n\t\t\t\t\t<\/div>\n\t\t<\/div>\n\t\t\t\t<div class=\"elementor-column elementor-col-50 elementor-top-column elementor-element elementor-element-e118c79\" data-id=\"e118c79\" data-element_type=\"column\">\n\t\t\t<div class=\"elementor-widget-wrap elementor-element-populated\">\n\t\t\t\t\t\t<div class=\"elementor-element elementor-element-dba391d elementor-widget elementor-widget-heading\" data-id=\"dba391d\" data-element_type=\"widget\" data-widget_type=\"heading.default\">\n\t\t\t\t<div class=\"elementor-widget-container\">\n\t\t\t\t\t<h3 class=\"elementor-heading-title elementor-size-default\">Partnerid:<\/h3>\t\t\t\t<\/div>\n\t\t\t\t<\/div>\n\t\t\t\t<div class=\"elementor-element elementor-element-edfa1da elementor-widget elementor-widget-heading\" data-id=\"edfa1da\" data-element_type=\"widget\" data-widget_type=\"heading.default\">\n\t\t\t\t<div class=\"elementor-widget-container\">\n\t\t\t\t\t<h6 class=\"elementor-heading-title elementor-size-default\"> <\/h6>\t\t\t\t<\/div>\n\t\t\t\t<\/div>\n\t\t\t\t<div class=\"elementor-element elementor-element-52f668c elementor-widget elementor-widget-image\" data-id=\"52f668c\" data-element_type=\"widget\" data-widget_type=\"image.default\">\n\t\t\t\t<div class=\"elementor-widget-container\">\n\t\t\t\t\t\t\t\t\t\t\t\t\t\t\t<img decoding=\"async\" width=\"300\" height=\"120\" src=\"https:\/\/tavieta.lt\/wp-content\/uploads\/2025\/01\/Logo_Bruynzeel-300x120.png\" class=\"attachment-medium size-medium wp-image-13170\" alt=\"\" srcset=\"https:\/\/tavieta.lt\/wp-content\/uploads\/2025\/01\/Logo_Bruynzeel-300x120.png 300w, https:\/\/tavieta.lt\/wp-content\/uploads\/2025\/01\/Logo_Bruynzeel-800x319.png 800w, https:\/\/tavieta.lt\/wp-content\/uploads\/2025\/01\/Logo_Bruynzeel-1024x408.png 1024w, https:\/\/tavieta.lt\/wp-content\/uploads\/2025\/01\/Logo_Bruynzeel-768x306.png 768w, https:\/\/tavieta.lt\/wp-content\/uploads\/2025\/01\/Logo_Bruynzeel-1536x612.png 1536w, https:\/\/tavieta.lt\/wp-content\/uploads\/2025\/01\/Logo_Bruynzeel-2048x816.png 2048w, https:\/\/tavieta.lt\/wp-content\/uploads\/2025\/01\/Logo_Bruynzeel-18x7.png 18w\" sizes=\"(max-width: 300px) 100vw, 300px\" \/>\t\t\t\t\t\t\t\t\t\t\t\t\t\t\t<\/div>\n\t\t\t\t<\/div>\n\t\t\t\t\t<\/div>\n\t\t<\/div>\n\t\t\t\t\t<\/div>\n\t\t<\/section>\n\t\t\t\t<\/div>","protected":false},"excerpt":{"rendered":"<p>Kontorilahendused Mida teie kontor tegelikult vajab? Asendage traditsiooniline paigutus k\u00f5igi t\u00fchjade t\u00f6\u00f6jaamade ja kasutamata ruumiga. Multifunktsionaalne hoiulahendus, mis annab teile vabaduse m\u00e4\u00e4rata eraldi tsoonid vaikseks keskendumiseks, loominguliseks t\u00f6\u00f6ks, koosolekuteks ja l\u00f5\u00f5gastumiseks. Kontorilahendused ja tooted Mobiilsed riiulid Teie ettev\u00f5te vajab iga ruutmeetrit. Unustage traditsioonilised hoiulahendused, mis v\u00f5tavad v\u00e4\u00e4rtuslikku p\u00f5randapinda. Mobiilsete [\u2026]<\/p>","protected":false},"author":1,"featured_media":0,"parent":0,"menu_order":0,"comment_status":"closed","ping_status":"closed","template":"","meta":{"footnotes":""},"class_list":["post-10801","page","type-page","status-publish","hentry"],"_links":{"self":[{"href":"https:\/\/tavieta.lt\/ee\/wp-json\/wp\/v2\/pages\/10801","targetHints":{"allow":["GET"]}}],"collection":[{"href":"https:\/\/tavieta.lt\/ee\/wp-json\/wp\/v2\/pages"}],"about":[{"href":"https:\/\/tavieta.lt\/ee\/wp-json\/wp\/v2\/types\/page"}],"author":[{"embeddable":true,"href":"https:\/\/tavieta.lt\/ee\/wp-json\/wp\/v2\/users\/1"}],"replies":[{"embeddable":true,"href":"https:\/\/tavieta.lt\/ee\/wp-json\/wp\/v2\/comments?post=10801"}],"version-history":[{"count":3,"href":"https:\/\/tavieta.lt\/ee\/wp-json\/wp\/v2\/pages\/10801\/revisions"}],"predecessor-version":[{"id":13214,"href":"https:\/\/tavieta.lt\/ee\/wp-json\/wp\/v2\/pages\/10801\/revisions\/13214"}],"wp:attachment":[{"href":"https:\/\/tavieta.lt\/ee\/wp-json\/wp\/v2\/media?parent=10801"}],"curies":[{"name":"t\u00f6\u00f6leht","href":"https:\/\/api.w.org\/{rel}","templated":true}]}}