{"id":10804,"date":"2023-07-13T08:42:42","date_gmt":"2023-07-13T08:42:42","guid":{"rendered":"http:\/\/tavieta.lt\/?page_id=10804"},"modified":"2025-01-30T14:58:33","modified_gmt":"2025-01-30T14:58:33","slug":"prekybai","status":"publish","type":"page","link":"https:\/\/tavieta.lt\/ee\/prekybai\/","title":{"rendered":"Kaubandus"},"content":{"rendered":"<div data-elementor-type=\"wp-page\" data-elementor-id=\"10804\" class=\"elementor elementor-10804\">\n\t\t\t\t\t\t<section class=\"elementor-section elementor-top-section elementor-element elementor-element-938d885 elementor-section-boxed elementor-section-height-default elementor-section-height-default\" data-id=\"938d885\" data-element_type=\"section\">\n\t\t\t\t\t\t<div class=\"elementor-container elementor-column-gap-extended\">\n\t\t\t\t\t<div class=\"elementor-column elementor-col-50 elementor-top-column elementor-element elementor-element-11fb197\" data-id=\"11fb197\" data-element_type=\"column\">\n\t\t\t<div class=\"elementor-widget-wrap elementor-element-populated\">\n\t\t\t\t\t\t<div class=\"elementor-element elementor-element-fc8688f elementor-widget elementor-widget-image\" data-id=\"fc8688f\" data-element_type=\"widget\" data-widget_type=\"image.default\">\n\t\t\t\t<div class=\"elementor-widget-container\">\n\t\t\t\t\t\t\t\t\t\t\t\t\t\t\t<img fetchpriority=\"high\" decoding=\"async\" width=\"640\" height=\"380\" src=\"https:\/\/tavieta.lt\/wp-content\/uploads\/2023\/07\/paslaugos-prekyba-intro-1024x608.jpg\" class=\"attachment-large size-large wp-image-10825\" alt=\"\" srcset=\"https:\/\/tavieta.lt\/wp-content\/uploads\/2023\/07\/paslaugos-prekyba-intro-1024x608.jpg 1024w, https:\/\/tavieta.lt\/wp-content\/uploads\/2023\/07\/paslaugos-prekyba-intro-scaled-800x475.jpg 800w, https:\/\/tavieta.lt\/wp-content\/uploads\/2023\/07\/paslaugos-prekyba-intro-300x178.jpg 300w, https:\/\/tavieta.lt\/wp-content\/uploads\/2023\/07\/paslaugos-prekyba-intro-768x456.jpg 768w, https:\/\/tavieta.lt\/wp-content\/uploads\/2023\/07\/paslaugos-prekyba-intro-1536x913.jpg 1536w, https:\/\/tavieta.lt\/wp-content\/uploads\/2023\/07\/paslaugos-prekyba-intro-2048x1217.jpg 2048w\" sizes=\"(max-width: 640px) 100vw, 640px\" \/>\t\t\t\t\t\t\t\t\t\t\t\t\t\t\t<\/div>\n\t\t\t\t<\/div>\n\t\t\t\t\t<\/div>\n\t\t<\/div>\n\t\t\t\t<div class=\"elementor-column elementor-col-50 elementor-top-column elementor-element elementor-element-6caeeb0\" data-id=\"6caeeb0\" data-element_type=\"column\">\n\t\t\t<div class=\"elementor-widget-wrap elementor-element-populated\">\n\t\t\t\t\t\t<div class=\"elementor-element elementor-element-86af5e2 elementor-widget elementor-widget-heading\" data-id=\"86af5e2\" data-element_type=\"widget\" data-widget_type=\"heading.default\">\n\t\t\t\t<div class=\"elementor-widget-container\">\n\t\t\t\t\t<h6 class=\"elementor-heading-title elementor-size-default\">Lahenduste rakendamine<\/h6>\t\t\t\t<\/div>\n\t\t\t\t<\/div>\n\t\t\t\t<div class=\"elementor-element elementor-element-193851e elementor-widget elementor-widget-heading\" data-id=\"193851e\" data-element_type=\"widget\" data-widget_type=\"heading.default\">\n\t\t\t\t<div class=\"elementor-widget-container\">\n\t\t\t\t\t<h3 class=\"elementor-heading-title elementor-size-default\">Kaubandus<\/h3>\t\t\t\t<\/div>\n\t\t\t\t<\/div>\n\t\t\t\t<div class=\"elementor-element elementor-element-4a316fa elementor-widget elementor-widget-text-editor\" data-id=\"4a316fa\" data-element_type=\"widget\" data-widget_type=\"text-editor.default\">\n\t\t\t\t<div class=\"elementor-widget-container\">\n\t\t\t\t\t\t\t\t\t<p><span data-sheets-value=\"{&quot;1&quot;:2,&quot;2&quot;:&quot;Brangi nuoma miesto centrin\u0117se patalpose rei\u0161kia, kad galima sutaupyti nema\u017eai pinig\u0173 optimaliai i\u0161naudojant\\nma\u017eesnes patalpas. Turint kompakti\u0161k\u0105 saugykl\u0105, nedidel\u012f sand\u0117l\u012f galima gerai integruoti \u012f parduotuv\u0119 ir atlaisvinti verting\u0105 viet\u0105 gaminiams pristatyti parduodant.\\nGal prie parduotuv\u0117s jau yra nedidel\u0117 sand\u0117liavimo aik\u0161tel\u0117? Tur\u0117dami kompakti\u0161k\u0105 sand\u0117l\u012f galite\\nsukurkite daugiau vietos saugykloje ir laikykti kelis skirtingus daiktus toje pa\u010dioje vietoje. Kai sand\u0117lis\\nintegruotas \u012f parduotuv\u0119, taip pat i\u0161vengiama papildom\u0173 i\u0161laid\u0173 sand\u0117lio personalui.&quot;}\" data-sheets-userformat=\"{&quot;2&quot;:897,&quot;3&quot;:{&quot;1&quot;:0},&quot;10&quot;:1,&quot;11&quot;:4,&quot;12&quot;:0}\">Kallis \u00fc\u00fcr kesklinnas t\u00e4hendab, et saate seda maksimaalselt \u00e4ra kasutades s\u00e4\u00e4sta palju raha<br \/>v\u00e4iksemad ruumid. Kompaktse panipaigaga saab v\u00e4ikese lao h\u00e4sti poodi integreerida ja vabastada v\u00e4\u00e4rtuslikku ruumi m\u00fc\u00fcgi ajal toote esitlemiseks.<br \/>V\u00f5ib-olla on poe k\u00f5rval juba v\u00e4ike panipaik? Kompaktse laoga saate luua rohkem hoiuruumi ja hoida samas kohas mitu erinevat eset. Lao integreerimisel kauplusesse v\u00e4lditakse ka lisakulusid laopersonalile.<\/span><\/p>\t\t\t\t\t\t\t\t<\/div>\n\t\t\t\t<\/div>\n\t\t\t\t\t<\/div>\n\t\t<\/div>\n\t\t\t\t\t<\/div>\n\t\t<\/section>\n\t\t\t\t<section class=\"elementor-section elementor-top-section elementor-element elementor-element-4547536 elementor-section-boxed elementor-section-height-default elementor-section-height-default\" data-id=\"4547536\" data-element_type=\"section\" data-settings=\"{&quot;background_background&quot;:&quot;classic&quot;}\">\n\t\t\t\t\t\t<div class=\"elementor-container elementor-column-gap-no\">\n\t\t\t\t\t<div class=\"elementor-column elementor-col-100 elementor-top-column elementor-element elementor-element-2d9793d\" data-id=\"2d9793d\" data-element_type=\"column\">\n\t\t\t<div class=\"elementor-widget-wrap elementor-element-populated\">\n\t\t\t\t\t\t<div class=\"elementor-element elementor-element-265d789 elementor-widget elementor-widget-heading\" data-id=\"265d789\" data-element_type=\"widget\" data-widget_type=\"heading.default\">\n\t\t\t\t<div class=\"elementor-widget-container\">\n\t\t\t\t\t<h6 class=\"elementor-heading-title elementor-size-default\">Kauplemiseks<\/h6>\t\t\t\t<\/div>\n\t\t\t\t<\/div>\n\t\t\t\t<div class=\"elementor-element elementor-element-1fd6602 elementor-widget elementor-widget-heading\" data-id=\"1fd6602\" data-element_type=\"widget\" data-widget_type=\"heading.default\">\n\t\t\t\t<div class=\"elementor-widget-container\">\n\t\t\t\t\t<h3 class=\"elementor-heading-title elementor-size-default\">Lahendused ja tooted<\/h3>\t\t\t\t<\/div>\n\t\t\t\t<\/div>\n\t\t\t\t<section class=\"elementor-section elementor-inner-section elementor-element elementor-element-8d9f976 elementor-section-boxed elementor-section-height-default elementor-section-height-default\" data-id=\"8d9f976\" data-element_type=\"section\">\n\t\t\t\t\t\t<div class=\"elementor-container elementor-column-gap-extended\">\n\t\t\t\t\t<div class=\"elementor-column elementor-col-50 elementor-inner-column elementor-element elementor-element-ff0400d\" data-id=\"ff0400d\" data-element_type=\"column\">\n\t\t\t<div class=\"elementor-widget-wrap elementor-element-populated\">\n\t\t\t\t\t\t<div class=\"elementor-element elementor-element-cac0f37 elementor-widget elementor-widget-razzi-heading\" data-id=\"cac0f37\" data-element_type=\"widget\" data-widget_type=\"razzi-heading.default\">\n\t\t\t\t<div class=\"elementor-widget-container\">\n\t\t\t\t\t<div class=\"razzi-heading-wrapper\"><h4 class=\"razzi-heading-title\"> Mobiilsed riiulid<\/h4><\/div>\t\t\t\t<\/div>\n\t\t\t\t<\/div>\n\t\t\t\t<div class=\"elementor-element elementor-element-74034a8 elementor-widget elementor-widget-text-editor\" data-id=\"74034a8\" data-element_type=\"widget\" data-widget_type=\"text-editor.default\">\n\t\t\t\t<div class=\"elementor-widget-container\">\n\t\t\t\t\t\t\t\t\t<p><span data-sheets-value=\"{&quot;1&quot;:2,&quot;2&quot;:&quot;Naudojant mobili\u0105 sistem\u0105 reikia tik vieno \\&quot;atviro\\&quot; pra\u0117jimo, tod\u0117l galima \u012frengti iki dviej\u0173 kart\u0173 daugiau lentyn\u0173 tame pa\u010diame grind\u0173 plote. Sistem\u0105 galima pritaikyti bet kokiai patalpos konstrukcijai ir pritaikyti prie konkre\u010di\u0173 pastato konstrukcij\u0173, kaip atramin\u0117s kolonos, ventiliacijos \u0161achtos ar radiatoriai. Pavaros sistema u\u017etikrina lengv\u0105 sistemos jud\u0117jim\u0105, nepriklausomai nuo turinio ar lentyn\u0173 skai\u010diaus.&quot;}\" data-sheets-userformat=\"{&quot;2&quot;:897,&quot;3&quot;:{&quot;1&quot;:0},&quot;10&quot;:1,&quot;11&quot;:4,&quot;12&quot;:0}\">Mobiilse s\u00fcsteemi kasutamisel on vaja ainult \u00fchte &quot;avatud&quot; l\u00e4bip\u00e4\u00e4su, nii et samale p\u00f5randapinnale on v\u00f5imalik paigaldada kuni kaks korda rohkem riiuleid. S\u00fcsteemi saab kohandada mis tahes ruumistruktuuriga ja kohandada konkreetsete ehituskonstruktsioonidega.<\/span><\/p>\t\t\t\t\t\t\t\t<\/div>\n\t\t\t\t<\/div>\n\t\t\t\t<div class=\"elementor-element elementor-element-8ce9526 elementor-align-center elementor-widget elementor-widget-razzi-button\" data-id=\"8ce9526\" data-element_type=\"widget\" data-widget_type=\"razzi-button.default\">\n\t\t\t\t<div class=\"elementor-widget-container\">\n\t\t\t\t\t        <a href=\"http:\/\/tavieta.lt\/ee\/mobilios-lentynos\/\" class=\"razzi-button-link razzi-button\">\n\t\t\t\t\t\t\t\t\t<span class=\"razzi-button-text\">Rohkem infot<\/span>        <\/a>\n\t\t\t\t\t\t<\/div>\n\t\t\t\t<\/div>\n\t\t\t\t\t<\/div>\n\t\t<\/div>\n\t\t\t\t<div class=\"elementor-column elementor-col-50 elementor-inner-column elementor-element elementor-element-357ef59\" data-id=\"357ef59\" data-element_type=\"column\">\n\t\t\t<div class=\"elementor-widget-wrap elementor-element-populated\">\n\t\t\t\t\t\t<div class=\"elementor-element elementor-element-a7b50e3 elementor-widget elementor-widget-razzi-heading\" data-id=\"a7b50e3\" data-element_type=\"widget\" data-widget_type=\"razzi-heading.default\">\n\t\t\t\t<div class=\"elementor-widget-container\">\n\t\t\t\t\t<div class=\"razzi-heading-wrapper\"><h4 class=\"razzi-heading-title\"> Statsionaarsed riiulid<\/h4><\/div>\t\t\t\t<\/div>\n\t\t\t\t<\/div>\n\t\t\t\t<div class=\"elementor-element elementor-element-780c0dd elementor-widget elementor-widget-text-editor\" data-id=\"780c0dd\" data-element_type=\"widget\" data-widget_type=\"text-editor.default\">\n\t\t\t\t<div class=\"elementor-widget-container\">\n\t\t\t\t\t\t\t\t\tMeie riiulis\u00fcsteemid on t\u00e4iuslik igak\u00fclgne ladustamislahendus. Modulaarse disainiga saab s\u00fcsteeme modifitseerida nii, et need sobiksid olemasolevate objektide hoidmiseks. Turvalisuseks v\u00f5i tolmukaitseks saab lisada l\u00fckanduksed.\t\t\t\t\t\t\t\t<\/div>\n\t\t\t\t<\/div>\n\t\t\t\t<div class=\"elementor-element elementor-element-65082d7 elementor-align-center elementor-widget elementor-widget-razzi-button\" data-id=\"65082d7\" data-element_type=\"widget\" data-widget_type=\"razzi-button.default\">\n\t\t\t\t<div class=\"elementor-widget-container\">\n\t\t\t\t\t        <a href=\"http:\/\/tavieta.lt\/ee\/stacionarios-lentynos\/\" class=\"razzi-button-link razzi-button\">\n\t\t\t\t\t\t\t\t\t<span class=\"razzi-button-text\">Rohkem infot<\/span>        <\/a>\n\t\t\t\t\t\t<\/div>\n\t\t\t\t<\/div>\n\t\t\t\t\t<\/div>\n\t\t<\/div>\n\t\t\t\t\t<\/div>\n\t\t<\/section>\n\t\t\t\t\t<\/div>\n\t\t<\/div>\n\t\t\t\t\t<\/div>\n\t\t<\/section>\n\t\t\t\t<section class=\"elementor-section elementor-top-section elementor-element elementor-element-0076c3e elementor-section-boxed elementor-section-height-default elementor-section-height-default\" data-id=\"0076c3e\" data-element_type=\"section\" data-settings=\"{&quot;background_background&quot;:&quot;classic&quot;}\">\n\t\t\t\t\t\t<div class=\"elementor-container elementor-column-gap-no\">\n\t\t\t\t\t<div class=\"elementor-column elementor-col-100 elementor-top-column elementor-element elementor-element-1382ff6\" data-id=\"1382ff6\" data-element_type=\"column\">\n\t\t\t<div class=\"elementor-widget-wrap elementor-element-populated\">\n\t\t\t\t\t\t<div class=\"elementor-element elementor-element-75a614c elementor-widget elementor-widget-heading\" data-id=\"75a614c\" data-element_type=\"widget\" data-widget_type=\"heading.default\">\n\t\t\t\t<div class=\"elementor-widget-container\">\n\t\t\t\t\t<h6 class=\"elementor-heading-title elementor-size-default\">T\u00f5hus ja j\u00e4tkusuutlik<\/h6>\t\t\t\t<\/div>\n\t\t\t\t<\/div>\n\t\t\t\t<div class=\"elementor-element elementor-element-1c29faf elementor-widget elementor-widget-heading\" data-id=\"1c29faf\" data-element_type=\"widget\" data-widget_type=\"heading.default\">\n\t\t\t\t<div class=\"elementor-widget-container\">\n\t\t\t\t\t<h3 class=\"elementor-heading-title elementor-size-default\">Ladustamislahendused jaekaubandusele<\/h3>\t\t\t\t<\/div>\n\t\t\t\t<\/div>\n\t\t\t\t<section class=\"elementor-section elementor-inner-section elementor-element elementor-element-42b1185 elementor-section-boxed elementor-section-height-default elementor-section-height-default\" data-id=\"42b1185\" data-element_type=\"section\">\n\t\t\t\t\t\t<div class=\"elementor-container elementor-column-gap-extended\">\n\t\t\t\t\t<div class=\"elementor-column elementor-col-50 elementor-inner-column elementor-element elementor-element-ef2c9a4\" data-id=\"ef2c9a4\" data-element_type=\"column\">\n\t\t\t<div class=\"elementor-widget-wrap elementor-element-populated\">\n\t\t\t\t\t\t<div class=\"elementor-element elementor-element-75cc90b elementor-widget__width-initial elementor-widget elementor-widget-text-editor\" data-id=\"75cc90b\" data-element_type=\"widget\" data-widget_type=\"text-editor.default\">\n\t\t\t\t<div class=\"elementor-widget-container\">\n\t\t\t\t\t\t\t\t\t<p>Kaasaegne jaem\u00fc\u00fck muutub kiiresti, kuna tava- ja veebipoed \u00fcha enam \u00fchinevad. Nende muutustega kohanemiseks ja konkurentsis p\u00fcsimiseks peate tagama ruumi t\u00f5husa kasutamise. <strong>Bruynzeeli salvestuss\u00fcsteemid<\/strong> pakub uuenduslikke ja j\u00e4tkusuutlikke lahendusi, mis aitavad optimeerida laopinda, v\u00e4hendada kulusid ja t\u00f5sta m\u00fc\u00fcgiefektiivsust.<br \/><br \/>N\u00e4iteks <strong>Schuurman Shoenen<\/strong> Hollandi lahendus aitas suurendada hoiuruumi 3500 paarilt kingadele 7000 paarile, s\u00e4\u00e4stes ruumi ja v\u00e4ltides laoseisu probleeme.<\/p>\t\t\t\t\t\t\t\t<\/div>\n\t\t\t\t<\/div>\n\t\t\t\t\t<\/div>\n\t\t<\/div>\n\t\t\t\t<div class=\"elementor-column elementor-col-50 elementor-inner-column elementor-element elementor-element-882bf1a\" data-id=\"882bf1a\" data-element_type=\"column\">\n\t\t\t<div class=\"elementor-widget-wrap elementor-element-populated\">\n\t\t\t\t\t\t<div class=\"elementor-element elementor-element-f7546f3 elementor-widget elementor-widget-image\" data-id=\"f7546f3\" data-element_type=\"widget\" data-widget_type=\"image.default\">\n\t\t\t\t<div class=\"elementor-widget-container\">\n\t\t\t\t\t\t\t\t\t\t\t\t\t\t\t<img decoding=\"async\" width=\"640\" height=\"360\" src=\"https:\/\/tavieta.lt\/wp-content\/uploads\/2024\/12\/Schuurman_IMG8247-overview.jpg\" class=\"attachment-large size-large wp-image-13044\" alt=\"\" srcset=\"https:\/\/tavieta.lt\/wp-content\/uploads\/2024\/12\/Schuurman_IMG8247-overview.jpg 800w, https:\/\/tavieta.lt\/wp-content\/uploads\/2024\/12\/Schuurman_IMG8247-overview-300x169.jpg 300w, https:\/\/tavieta.lt\/wp-content\/uploads\/2024\/12\/Schuurman_IMG8247-overview-768x432.jpg 768w, https:\/\/tavieta.lt\/wp-content\/uploads\/2024\/12\/Schuurman_IMG8247-overview-18x10.jpg 18w\" sizes=\"(max-width: 640px) 100vw, 640px\" \/>\t\t\t\t\t\t\t\t\t\t\t\t\t\t\t<\/div>\n\t\t\t\t<\/div>\n\t\t\t\t\t<\/div>\n\t\t<\/div>\n\t\t\t\t\t<\/div>\n\t\t<\/section>\n\t\t\t\t\t<\/div>\n\t\t<\/div>\n\t\t\t\t\t<\/div>\n\t\t<\/section>\n\t\t\t\t<section class=\"elementor-section elementor-top-section elementor-element elementor-element-636506b elementor-section-boxed elementor-section-height-default elementor-section-height-default\" data-id=\"636506b\" data-element_type=\"section\" data-settings=\"{&quot;background_background&quot;:&quot;classic&quot;}\">\n\t\t\t\t\t\t<div class=\"elementor-container elementor-column-gap-no\">\n\t\t\t\t\t<div class=\"elementor-column elementor-col-100 elementor-top-column elementor-element elementor-element-ce05a03\" data-id=\"ce05a03\" data-element_type=\"column\">\n\t\t\t<div class=\"elementor-widget-wrap elementor-element-populated\">\n\t\t\t\t\t\t<div class=\"elementor-element elementor-element-7678e46 elementor-widget elementor-widget-heading\" data-id=\"7678e46\" data-element_type=\"widget\" data-widget_type=\"heading.default\">\n\t\t\t\t<div class=\"elementor-widget-container\">\n\t\t\t\t\t<h3 class=\"elementor-heading-title elementor-size-default\">Miks valida mobiilsed salvestuslahendused?\n<\/h3>\t\t\t\t<\/div>\n\t\t\t\t<\/div>\n\t\t\t\t<section class=\"elementor-section elementor-inner-section elementor-element elementor-element-65a762c elementor-section-boxed elementor-section-height-default elementor-section-height-default\" data-id=\"65a762c\" data-element_type=\"section\">\n\t\t\t\t\t\t<div class=\"elementor-container elementor-column-gap-extended\">\n\t\t\t\t\t<div class=\"elementor-column elementor-col-50 elementor-inner-column elementor-element elementor-element-495603c\" data-id=\"495603c\" data-element_type=\"column\">\n\t\t\t<div class=\"elementor-widget-wrap elementor-element-populated\">\n\t\t\t\t\t\t<div class=\"elementor-element elementor-element-20c9868 elementor-widget elementor-widget-text-editor\" data-id=\"20c9868\" data-element_type=\"widget\" data-widget_type=\"text-editor.default\">\n\t\t\t\t<div class=\"elementor-widget-container\">\n\t\t\t\t\t\t\t\t\t<ul><li><strong>Maksimaalne ruum:<\/strong> Mobiilsed riiulid v\u00f5imaldavad suurendada mahtuvust kuni 300%, s\u00e4\u00e4stes ruumi muuks otstarbeks, n\u00e4iteks m\u00fc\u00fcgipinnaks.<\/li><li><strong>Madalamad kulud:<\/strong> S\u00e4\u00e4state \u00fc\u00fcrikuludelt ja energiakuludelt t\u00e4nu v\u00e4iksemale ruumivajadusele.<\/li><li><strong>Paremini teenindatud kliendid:<\/strong> Toodete k\u00e4ttesaadavuse tagamine aitab v\u00e4ltida &quot;ei&quot; m\u00fc\u00fcki ja t\u00f5stab klientide rahulolu.<\/li><li><strong>J\u00e4tkusuutlikkus:<\/strong> Bruynzeel GreenSteel\u00ae materjalide kasutamine v\u00f5ib v\u00e4hendada CO2 emissiooni tasemele 98%, aidates kaasa keskkonnaeesm\u00e4rkide saavutamisele.<\/li><\/ul>\t\t\t\t\t\t\t\t<\/div>\n\t\t\t\t<\/div>\n\t\t\t\t\t<\/div>\n\t\t<\/div>\n\t\t\t\t<div class=\"elementor-column elementor-col-50 elementor-inner-column elementor-element elementor-element-2fa5980\" data-id=\"2fa5980\" data-element_type=\"column\">\n\t\t\t<div class=\"elementor-widget-wrap elementor-element-populated\">\n\t\t\t\t\t\t<div class=\"elementor-element elementor-element-f9e2cc6 elementor-widget elementor-widget-text-editor\" data-id=\"f9e2cc6\" data-element_type=\"widget\" data-widget_type=\"text-editor.default\">\n\t\t\t\t<div class=\"elementor-widget-container\">\n\t\t\t\t\t\t\t\t\t<ul><li><strong>Suurem efektiivsus:<\/strong> L\u00fcheneb toodete t\u00e4iendamise ja logistika protsessid.<\/li><li><strong>Turvalisus:<\/strong> Varguse oht v\u00e4heneb, kuna kaupa hoiustatakse suletud, kontrollitud s\u00fcsteemis.<\/li><li><strong>Paindlikkus:<\/strong> S\u00fcsteemid on kohandatud iga kaupluse individuaalsetele vajadustele \u2013 alates suurusest kuni v\u00e4rvilahendusteni.<\/li><\/ul>\t\t\t\t\t\t\t\t<\/div>\n\t\t\t\t<\/div>\n\t\t\t\t\t<\/div>\n\t\t<\/div>\n\t\t\t\t\t<\/div>\n\t\t<\/section>\n\t\t\t\t\t<\/div>\n\t\t<\/div>\n\t\t\t\t\t<\/div>\n\t\t<\/section>\n\t\t\t\t<section class=\"elementor-section elementor-top-section elementor-element elementor-element-fefdd3f elementor-section-boxed elementor-section-height-default elementor-section-height-default\" data-id=\"fefdd3f\" data-element_type=\"section\">\n\t\t\t\t\t\t<div class=\"elementor-container elementor-column-gap-extended\">\n\t\t\t\t\t<div class=\"elementor-column elementor-col-50 elementor-top-column elementor-element elementor-element-e3a90a6\" data-id=\"e3a90a6\" data-element_type=\"column\">\n\t\t\t<div class=\"elementor-widget-wrap elementor-element-populated\">\n\t\t\t\t\t\t<div class=\"elementor-element elementor-element-4013c4b elementor-widget elementor-widget-heading\" data-id=\"4013c4b\" data-element_type=\"widget\" data-widget_type=\"heading.default\">\n\t\t\t\t<div class=\"elementor-widget-container\">\n\t\t\t\t\t<h3 class=\"elementor-heading-title elementor-size-default\">Hankige oma vajadustele vastav pakkumine!<\/h3>\t\t\t\t<\/div>\n\t\t\t\t<\/div>\n\t\t\t\t<div class=\"elementor-element elementor-element-9fa7b67 elementor-widget elementor-widget-text-editor\" data-id=\"9fa7b67\" data-element_type=\"widget\" data-widget_type=\"text-editor.default\">\n\t\t\t\t<div class=\"elementor-widget-container\">\n\t\t\t\t\t\t\t\t\t<script data-b24-form=\"inline\/17\/rhqs1b\" data-skip-moving=\"true\">\r\n(function(w,d,u){\r\nvar s=d.createElement('script');s.async=true;s.src=u+'?'+(Date.now()\/180000|0);\r\nvar h=d.getElementsByTagName('script')[0];h.parentNode.insertBefore(s,h);\r\n})(window,document,'https:\/\/cdn.bitrix24.eu\/b23451613\/crm\/form\/loader_17.js');\r\n<\/script>\t\t\t\t\t\t\t\t<\/div>\n\t\t\t\t<\/div>\n\t\t\t\t\t<\/div>\n\t\t<\/div>\n\t\t\t\t<div class=\"elementor-column elementor-col-50 elementor-top-column elementor-element elementor-element-a597def\" data-id=\"a597def\" data-element_type=\"column\">\n\t\t\t<div class=\"elementor-widget-wrap elementor-element-populated\">\n\t\t\t\t\t\t<div class=\"elementor-element elementor-element-f93f4b8 elementor-widget elementor-widget-heading\" data-id=\"f93f4b8\" data-element_type=\"widget\" data-widget_type=\"heading.default\">\n\t\t\t\t<div class=\"elementor-widget-container\">\n\t\t\t\t\t<h3 class=\"elementor-heading-title elementor-size-default\">Partnerid:<\/h3>\t\t\t\t<\/div>\n\t\t\t\t<\/div>\n\t\t\t\t<div class=\"elementor-element elementor-element-998c298 elementor-widget elementor-widget-heading\" data-id=\"998c298\" data-element_type=\"widget\" data-widget_type=\"heading.default\">\n\t\t\t\t<div class=\"elementor-widget-container\">\n\t\t\t\t\t<h6 class=\"elementor-heading-title elementor-size-default\"> <\/h6>\t\t\t\t<\/div>\n\t\t\t\t<\/div>\n\t\t\t\t<div class=\"elementor-element elementor-element-e6eb270 elementor-widget elementor-widget-image\" data-id=\"e6eb270\" data-element_type=\"widget\" data-widget_type=\"image.default\">\n\t\t\t\t<div class=\"elementor-widget-container\">\n\t\t\t\t\t\t\t\t\t\t\t\t\t\t\t<img decoding=\"async\" width=\"300\" height=\"120\" src=\"https:\/\/tavieta.lt\/wp-content\/uploads\/2025\/01\/Logo_Bruynzeel-300x120.png\" class=\"attachment-medium size-medium wp-image-13170\" alt=\"\" srcset=\"https:\/\/tavieta.lt\/wp-content\/uploads\/2025\/01\/Logo_Bruynzeel-300x120.png 300w, https:\/\/tavieta.lt\/wp-content\/uploads\/2025\/01\/Logo_Bruynzeel-800x319.png 800w, https:\/\/tavieta.lt\/wp-content\/uploads\/2025\/01\/Logo_Bruynzeel-1024x408.png 1024w, https:\/\/tavieta.lt\/wp-content\/uploads\/2025\/01\/Logo_Bruynzeel-768x306.png 768w, https:\/\/tavieta.lt\/wp-content\/uploads\/2025\/01\/Logo_Bruynzeel-1536x612.png 1536w, https:\/\/tavieta.lt\/wp-content\/uploads\/2025\/01\/Logo_Bruynzeel-2048x816.png 2048w, https:\/\/tavieta.lt\/wp-content\/uploads\/2025\/01\/Logo_Bruynzeel-18x7.png 18w\" sizes=\"(max-width: 300px) 100vw, 300px\" \/>\t\t\t\t\t\t\t\t\t\t\t\t\t\t\t<\/div>\n\t\t\t\t<\/div>\n\t\t\t\t\t<\/div>\n\t\t<\/div>\n\t\t\t\t\t<\/div>\n\t\t<\/section>\n\t\t\t\t<\/div>","protected":false},"excerpt":{"rendered":"<p>Jaem\u00fc\u00fcgilahendused Kallis kesklinna ruumide rent t\u00e4hendab, et saate v\u00e4iksemate ruumide optimaalse kasutamise abil palju raha kokku hoida. Kompaktse laopinnaga saab v\u00e4ikese lao h\u00e4sti poodi integreerida ja vabastada v\u00e4\u00e4rtuslikku ruumi m\u00fc\u00fcgil olevate toodete esitlemiseks. V\u00f5ib-olla on teil juba poe l\u00e4hedal v\u00e4ike laopind? Kompaktse laopinnaga saate luua rohkem laoruumi ja hoiustada mitut erinevat eset [\u2026]<\/p>","protected":false},"author":1,"featured_media":0,"parent":0,"menu_order":0,"comment_status":"closed","ping_status":"closed","template":"","meta":{"footnotes":""},"class_list":["post-10804","page","type-page","status-publish","hentry"],"_links":{"self":[{"href":"https:\/\/tavieta.lt\/ee\/wp-json\/wp\/v2\/pages\/10804","targetHints":{"allow":["GET"]}}],"collection":[{"href":"https:\/\/tavieta.lt\/ee\/wp-json\/wp\/v2\/pages"}],"about":[{"href":"https:\/\/tavieta.lt\/ee\/wp-json\/wp\/v2\/types\/page"}],"author":[{"embeddable":true,"href":"https:\/\/tavieta.lt\/ee\/wp-json\/wp\/v2\/users\/1"}],"replies":[{"embeddable":true,"href":"https:\/\/tavieta.lt\/ee\/wp-json\/wp\/v2\/comments?post=10804"}],"version-history":[{"count":3,"href":"https:\/\/tavieta.lt\/ee\/wp-json\/wp\/v2\/pages\/10804\/revisions"}],"predecessor-version":[{"id":13211,"href":"https:\/\/tavieta.lt\/ee\/wp-json\/wp\/v2\/pages\/10804\/revisions\/13211"}],"wp:attachment":[{"href":"https:\/\/tavieta.lt\/ee\/wp-json\/wp\/v2\/media?parent=10804"}],"curies":[{"name":"t\u00f6\u00f6leht","href":"https:\/\/api.w.org\/{rel}","templated":true}]}}