{"id":633,"date":"2020-10-13T09:00:26","date_gmt":"2020-10-13T09:00:26","guid":{"rendered":"http:\/\/localhost\/razzi\/?page_id=633"},"modified":"2024-01-02T15:17:53","modified_gmt":"2024-01-02T15:17:53","slug":"apie-mus","status":"publish","type":"page","link":"https:\/\/tavieta.lt\/ee\/apie-mus\/","title":{"rendered":"Meie kohta"},"content":{"rendered":"<div data-elementor-type=\"wp-page\" data-elementor-id=\"633\" class=\"elementor elementor-633\">\n\t\t\t\t\t\t<section class=\"elementor-section elementor-top-section elementor-element elementor-element-4a082bcf elementor-section-boxed elementor-section-height-default elementor-section-height-default\" data-id=\"4a082bcf\" data-element_type=\"section\" data-settings=\"{&quot;background_background&quot;:&quot;classic&quot;}\">\n\t\t\t\t\t\t<div class=\"elementor-container elementor-column-gap-no\">\n\t\t\t\t\t<div class=\"elementor-column elementor-col-100 elementor-top-column elementor-element elementor-element-1d3bc5d9\" data-id=\"1d3bc5d9\" data-element_type=\"column\" data-settings=\"{&quot;background_background&quot;:&quot;classic&quot;}\">\n\t\t\t<div class=\"elementor-widget-wrap elementor-element-populated\">\n\t\t\t\t\t\t<div class=\"elementor-element elementor-element-68c0c887 elementor-widget elementor-widget-heading\" data-id=\"68c0c887\" data-element_type=\"widget\" data-widget_type=\"heading.default\">\n\t\t\t\t<div class=\"elementor-widget-container\">\n\t\t\t\t\t<h2 class=\"elementor-heading-title elementor-size-default\">Ruumi s\u00e4\u00e4stvad lahendused<br>\nSINU ELU<\/h2>\t\t\t\t<\/div>\n\t\t\t\t<\/div>\n\t\t\t\t\t<\/div>\n\t\t<\/div>\n\t\t\t\t\t<\/div>\n\t\t<\/section>\n\t\t\t\t<section class=\"elementor-section elementor-top-section elementor-element elementor-element-348eb801 elementor-section-boxed elementor-section-height-default elementor-section-height-default\" data-id=\"348eb801\" data-element_type=\"section\">\n\t\t\t\t\t\t<div class=\"elementor-container elementor-column-gap-extended\">\n\t\t\t\t\t<div class=\"elementor-column elementor-col-50 elementor-top-column elementor-element elementor-element-7f599092\" data-id=\"7f599092\" data-element_type=\"column\">\n\t\t\t<div class=\"elementor-widget-wrap elementor-element-populated\">\n\t\t\t\t\t\t<div class=\"elementor-element elementor-element-70ffa01 elementor-widget elementor-widget-image\" data-id=\"70ffa01\" data-element_type=\"widget\" data-widget_type=\"image.default\">\n\t\t\t\t<div class=\"elementor-widget-container\">\n\t\t\t\t\t\t\t\t\t\t\t\t\t\t\t<img fetchpriority=\"high\" decoding=\"async\" width=\"640\" height=\"427\" src=\"https:\/\/tavieta.lt\/wp-content\/uploads\/2023\/06\/sandarios-spintos-1024x683.jpg\" class=\"attachment-large size-large wp-image-10719\" alt=\"\" srcset=\"https:\/\/tavieta.lt\/wp-content\/uploads\/2023\/06\/sandarios-spintos-1024x683.jpg 1024w, https:\/\/tavieta.lt\/wp-content\/uploads\/2023\/06\/sandarios-spintos-scaled-800x533.jpg 800w, https:\/\/tavieta.lt\/wp-content\/uploads\/2023\/06\/sandarios-spintos-300x200.jpg 300w, https:\/\/tavieta.lt\/wp-content\/uploads\/2023\/06\/sandarios-spintos-768x512.jpg 768w, https:\/\/tavieta.lt\/wp-content\/uploads\/2023\/06\/sandarios-spintos-1536x1024.jpg 1536w, https:\/\/tavieta.lt\/wp-content\/uploads\/2023\/06\/sandarios-spintos-2048x1365.jpg 2048w\" sizes=\"(max-width: 640px) 100vw, 640px\" \/>\t\t\t\t\t\t\t\t\t\t\t\t\t\t\t<\/div>\n\t\t\t\t<\/div>\n\t\t\t\t\t<\/div>\n\t\t<\/div>\n\t\t\t\t<div class=\"elementor-column elementor-col-50 elementor-top-column elementor-element elementor-element-6f6042b\" data-id=\"6f6042b\" data-element_type=\"column\">\n\t\t\t<div class=\"elementor-widget-wrap elementor-element-populated\">\n\t\t\t\t\t\t<div class=\"elementor-element elementor-element-26e68be5 elementor-widget elementor-widget-heading\" data-id=\"26e68be5\" data-element_type=\"widget\" data-widget_type=\"heading.default\">\n\t\t\t\t<div class=\"elementor-widget-container\">\n\t\t\t\t\t<h6 class=\"elementor-heading-title elementor-size-default\">SINU ELU<\/h6>\t\t\t\t<\/div>\n\t\t\t\t<\/div>\n\t\t\t\t<div class=\"elementor-element elementor-element-148a49ea elementor-widget elementor-widget-heading\" data-id=\"148a49ea\" data-element_type=\"widget\" data-widget_type=\"heading.default\">\n\t\t\t\t<div class=\"elementor-widget-container\">\n\t\t\t\t\t<h3 class=\"elementor-heading-title elementor-size-default\">Meie kohta<\/h3>\t\t\t\t<\/div>\n\t\t\t\t<\/div>\n\t\t\t\t<div class=\"elementor-element elementor-element-48135e6 elementor-widget elementor-widget-text-editor\" data-id=\"48135e6\" data-element_type=\"widget\" data-widget_type=\"text-editor.default\">\n\t\t\t\t<div class=\"elementor-widget-container\">\n\t\t\t\t\t\t\t\t\t<p>TAVIETA kaubam\u00e4rk on s\u00e4\u00e4stlikud ruumis\u00e4\u00e4stlikud lahendused keskkonnasaaste v\u00e4hendamiseks.<\/p><p>Olemasoleva pinna ratsionaalne kasutamine loob eeldused kommunaal- ja energiakulude v\u00e4hendamiseks, mis omakorda v\u00e4hendab loodusreostust ja CO2 emissiooni keskkonda.<\/p>\t\t\t\t\t\t\t\t<\/div>\n\t\t\t\t<\/div>\n\t\t\t\t\t<\/div>\n\t\t<\/div>\n\t\t\t\t\t<\/div>\n\t\t<\/section>\n\t\t\t\t<section class=\"elementor-section elementor-top-section elementor-element elementor-element-287f5907 elementor-section-boxed elementor-section-height-default elementor-section-height-default\" data-id=\"287f5907\" data-element_type=\"section\" data-settings=\"{&quot;background_background&quot;:&quot;classic&quot;}\">\n\t\t\t\t\t\t<div class=\"elementor-container elementor-column-gap-no\">\n\t\t\t\t\t<div class=\"elementor-column elementor-col-100 elementor-top-column elementor-element elementor-element-61cdb131\" data-id=\"61cdb131\" data-element_type=\"column\">\n\t\t\t<div class=\"elementor-widget-wrap elementor-element-populated\">\n\t\t\t\t\t\t<div class=\"elementor-element elementor-element-25c0236f elementor-widget elementor-widget-heading\" data-id=\"25c0236f\" data-element_type=\"widget\" data-widget_type=\"heading.default\">\n\t\t\t\t<div class=\"elementor-widget-container\">\n\t\t\t\t\t<h3 class=\"elementor-heading-title elementor-size-default\">Miks valida TAVIETA?<\/h3>\t\t\t\t<\/div>\n\t\t\t\t<\/div>\n\t\t\t\t<section class=\"elementor-section elementor-inner-section elementor-element elementor-element-595e7ebf elementor-section-boxed elementor-section-height-default elementor-section-height-default\" data-id=\"595e7ebf\" data-element_type=\"section\">\n\t\t\t\t\t\t<div class=\"elementor-container elementor-column-gap-extended\">\n\t\t\t\t\t<div class=\"elementor-column elementor-col-25 elementor-inner-column elementor-element elementor-element-48c7160d\" data-id=\"48c7160d\" data-element_type=\"column\">\n\t\t\t<div class=\"elementor-widget-wrap\">\n\t\t\t\t\t\t\t<\/div>\n\t\t<\/div>\n\t\t\t\t<div class=\"elementor-column elementor-col-25 elementor-inner-column elementor-element elementor-element-729eb4b5\" data-id=\"729eb4b5\" data-element_type=\"column\">\n\t\t\t<div class=\"elementor-widget-wrap elementor-element-populated\">\n\t\t\t\t\t\t<div class=\"elementor-element elementor-element-6f39a8ab elementor-widget elementor-widget-text-editor\" data-id=\"6f39a8ab\" data-element_type=\"widget\" data-widget_type=\"text-editor.default\">\n\t\t\t\t<div class=\"elementor-widget-container\">\n\t\t\t\t\t\t\t\t\t<p>TAVIETA poolt pakutavad seadmed aitavad olemasolevaid ruume ja pinda kasutada efektiivselt ja s\u00e4\u00e4stlikult, t\u00f5hustades organisatsiooni tegevust. Pakume uuenduslikke lahendusi kaupade, dokumentide, raamatute, kultuuri- ja kunstiv\u00e4\u00e4rtuste kaitsmiseks, hoidmiseks ja eksponeerimiseks.<\/p>\t\t\t\t\t\t\t\t<\/div>\n\t\t\t\t<\/div>\n\t\t\t\t\t<\/div>\n\t\t<\/div>\n\t\t\t\t<div class=\"elementor-column elementor-col-25 elementor-inner-column elementor-element elementor-element-705c3684\" data-id=\"705c3684\" data-element_type=\"column\">\n\t\t\t<div class=\"elementor-widget-wrap elementor-element-populated\">\n\t\t\t\t\t\t<div class=\"elementor-element elementor-element-fa8e4a3 elementor-widget elementor-widget-text-editor\" data-id=\"fa8e4a3\" data-element_type=\"widget\" data-widget_type=\"text-editor.default\">\n\t\t\t\t<div class=\"elementor-widget-container\">\n\t\t\t\t\t\t\t\t\t<p>Meditsiiniline\u00a0<span lang=\"LT\">pakume asutustele spetsiaalseid lahendusi dokumentide, meditsiiniseadmete ja ravimpreparaatide hoidmiseks, s\u00e4ilitamiseks ja v\u00e4ljastamiseks. Saame pakkuda haiglaapteekidele disaini- ja optimeerimislahendusi, kasutades kaasaegseid innovaatilisi t\u00f6\u00f6riistu.<\/span><\/p>\t\t\t\t\t\t\t\t<\/div>\n\t\t\t\t<\/div>\n\t\t\t\t\t<\/div>\n\t\t<\/div>\n\t\t\t\t<div class=\"elementor-column elementor-col-25 elementor-inner-column elementor-element elementor-element-4da1d9ad\" data-id=\"4da1d9ad\" data-element_type=\"column\">\n\t\t\t<div class=\"elementor-widget-wrap\">\n\t\t\t\t\t\t\t<\/div>\n\t\t<\/div>\n\t\t\t\t\t<\/div>\n\t\t<\/section>\n\t\t\t\t\t<\/div>\n\t\t<\/div>\n\t\t\t\t\t<\/div>\n\t\t<\/section>\n\t\t\t\t<section class=\"elementor-section elementor-top-section elementor-element elementor-element-2a5bf2f1 elementor-section-boxed elementor-section-height-default elementor-section-height-default\" data-id=\"2a5bf2f1\" data-element_type=\"section\">\n\t\t\t\t\t\t<div class=\"elementor-container elementor-column-gap-extended\">\n\t\t\t\t\t<div class=\"elementor-column elementor-col-50 elementor-top-column elementor-element elementor-element-2c03d860\" data-id=\"2c03d860\" data-element_type=\"column\">\n\t\t\t<div class=\"elementor-widget-wrap elementor-element-populated\">\n\t\t\t\t\t\t<div class=\"elementor-element elementor-element-6e22f457 elementor-widget elementor-widget-heading\" data-id=\"6e22f457\" data-element_type=\"widget\" data-widget_type=\"heading.default\">\n\t\t\t\t<div class=\"elementor-widget-container\">\n\t\t\t\t\t<h6 class=\"elementor-heading-title elementor-size-default\">SINU ELU<\/h6>\t\t\t\t<\/div>\n\t\t\t\t<\/div>\n\t\t\t\t<div class=\"elementor-element elementor-element-182fe653 elementor-widget elementor-widget-heading\" data-id=\"182fe653\" data-element_type=\"widget\" data-widget_type=\"heading.default\">\n\t\t\t\t<div class=\"elementor-widget-container\">\n\t\t\t\t\t<h3 class=\"elementor-heading-title elementor-size-default\">Ajalugu<\/h3>\t\t\t\t<\/div>\n\t\t\t\t<\/div>\n\t\t\t\t<div class=\"elementor-element elementor-element-4bfaa9bc elementor-widget elementor-widget-text-editor\" data-id=\"4bfaa9bc\" data-element_type=\"widget\" data-widget_type=\"text-editor.default\">\n\t\t\t\t<div class=\"elementor-widget-container\">\n\t\t\t\t\t\t\t\t\t<p>TAVIETA on ettev\u00f5tte Labostera divisjon, mis sai alguse iseseisva organisatsioonina, mille eesm\u00e4rk on pakkuda ruumis\u00e4\u00e4stlikke lahendusi erinevatesse valdkondadesse. TAVIETA ajalugu ulatub tagasi Labostera asutamiseni.<\/p><p>Aastatepikkuse kogemusega uuendusliku ettev\u00f5ttena on Labostera juba ammu tuntud oma lahenduste poolest, mis aitavad organisatsioonidel ruumi ja ressursse t\u00f5husamalt ja t\u00f5husamalt hallata. Mingil hetkel otsustas Labostera tegevusala laiendamiseks ja ruumis\u00e4\u00e4stlikesse lahendustesse s\u00fcvenemiseks luua spetsialiseerunud divisjoni, mis hiljem sai nimeks TAVIETA.<\/p><p>TAVIETA asutati eesm\u00e4rgiga pakkuda arenenud ja uuenduslikke lahendusi erinevatele ruumipuudusega piirkondadele v\u00f5i optimeerida selle efektiivsust. Algselt keskendus ettev\u00f5te muuseumide, arhiivide, raamatukogude, meditsiini, jaekaubanduse, kontorite, laonduse ja vertikaalmajanduse valdkondadele, et t\u00e4ita oma missiooni aidata organisatsioonidel kasutada olemasolevat ruumi s\u00e4\u00e4stvalt ja t\u00f5husalt, v\u00e4hendades samal ajal energiakulusid ja kaitstes loodus meie \u00fcmber.<\/p>\t\t\t\t\t\t\t\t<\/div>\n\t\t\t\t<\/div>\n\t\t\t\t\t<\/div>\n\t\t<\/div>\n\t\t\t\t<div class=\"elementor-column elementor-col-50 elementor-top-column elementor-element elementor-element-5a30662d\" data-id=\"5a30662d\" data-element_type=\"column\">\n\t\t\t<div class=\"elementor-widget-wrap elementor-element-populated\">\n\t\t\t\t\t\t<div class=\"elementor-element elementor-element-45284295 elementor-widget elementor-widget-image\" data-id=\"45284295\" data-element_type=\"widget\" data-widget_type=\"image.default\">\n\t\t\t\t<div class=\"elementor-widget-container\">\n\t\t\t\t\t\t\t\t\t\t\t\t\t\t\t<img decoding=\"async\" width=\"640\" height=\"426\" src=\"https:\/\/tavieta.lt\/wp-content\/uploads\/2023\/07\/paslaugos-intro-muziejui-3-1024x681.jpg\" class=\"attachment-large size-large wp-image-10768\" alt=\"\" srcset=\"https:\/\/tavieta.lt\/wp-content\/uploads\/2023\/07\/paslaugos-intro-muziejui-3-1024x681.jpg 1024w, https:\/\/tavieta.lt\/wp-content\/uploads\/2023\/07\/paslaugos-intro-muziejui-3-scaled-800x532.jpg 800w, https:\/\/tavieta.lt\/wp-content\/uploads\/2023\/07\/paslaugos-intro-muziejui-3-300x200.jpg 300w, https:\/\/tavieta.lt\/wp-content\/uploads\/2023\/07\/paslaugos-intro-muziejui-3-768x511.jpg 768w, https:\/\/tavieta.lt\/wp-content\/uploads\/2023\/07\/paslaugos-intro-muziejui-3-1536x1022.jpg 1536w, https:\/\/tavieta.lt\/wp-content\/uploads\/2023\/07\/paslaugos-intro-muziejui-3-2048x1363.jpg 2048w, https:\/\/tavieta.lt\/wp-content\/uploads\/2023\/07\/paslaugos-intro-muziejui-3-600x398.jpg 600w\" sizes=\"(max-width: 640px) 100vw, 640px\" \/>\t\t\t\t\t\t\t\t\t\t\t\t\t\t\t<\/div>\n\t\t\t\t<\/div>\n\t\t\t\t\t<\/div>\n\t\t<\/div>\n\t\t\t\t\t<\/div>\n\t\t<\/section>\n\t\t\t\t<section class=\"elementor-section elementor-top-section elementor-element elementor-element-21e15b99 elementor-section-boxed elementor-section-height-default elementor-section-height-default\" data-id=\"21e15b99\" data-element_type=\"section\" data-settings=\"{&quot;background_background&quot;:&quot;classic&quot;}\">\n\t\t\t\t\t\t<div class=\"elementor-container elementor-column-gap-no\">\n\t\t\t\t\t<div class=\"elementor-column elementor-col-100 elementor-top-column elementor-element elementor-element-2033a76c\" data-id=\"2033a76c\" data-element_type=\"column\" data-settings=\"{&quot;background_background&quot;:&quot;classic&quot;}\">\n\t\t\t<div class=\"elementor-widget-wrap elementor-element-populated\">\n\t\t\t\t\t\t<div class=\"elementor-element elementor-element-1b4e0087 elementor-widget elementor-widget-text-editor\" data-id=\"1b4e0087\" data-element_type=\"widget\" data-widget_type=\"text-editor.default\">\n\t\t\t\t<div class=\"elementor-widget-container\">\n\t\t\t\t\t\t\t\t\t<p>Meie eesm\u00e4rk on luua ainulaadseid ja mugavaid lahendusi, mis aitavad organisatsioonidel olemasolevat ruumi optimaalselt kasutada, s\u00e4\u00e4stes aega ja ressursse.<\/p>\t\t\t\t\t\t\t\t<\/div>\n\t\t\t\t<\/div>\n\t\t\t\t\t<\/div>\n\t\t<\/div>\n\t\t\t\t\t<\/div>\n\t\t<\/section>\n\t\t\t\t<section class=\"elementor-section elementor-top-section elementor-element elementor-element-65c33450 elementor-section-boxed elementor-section-height-default elementor-section-height-default\" data-id=\"65c33450\" data-element_type=\"section\">\n\t\t\t\t\t\t<div class=\"elementor-container elementor-column-gap-extended\">\n\t\t\t\t\t<div class=\"elementor-column elementor-col-25 elementor-top-column elementor-element elementor-element-660f116c\" data-id=\"660f116c\" data-element_type=\"column\">\n\t\t\t<div class=\"elementor-widget-wrap\">\n\t\t\t\t\t\t\t<\/div>\n\t\t<\/div>\n\t\t\t\t<div class=\"elementor-column elementor-col-25 elementor-top-column elementor-element elementor-element-445b19e2\" data-id=\"445b19e2\" data-element_type=\"column\">\n\t\t\t<div class=\"elementor-widget-wrap elementor-element-populated\">\n\t\t\t\t\t\t<div class=\"elementor-element elementor-element-35da5089 elementor-widget elementor-widget-image\" data-id=\"35da5089\" data-element_type=\"widget\" data-widget_type=\"image.default\">\n\t\t\t\t<div class=\"elementor-widget-container\">\n\t\t\t\t\t\t\t\t\t\t\t\t\t\t\t<img decoding=\"async\" width=\"640\" height=\"427\" src=\"https:\/\/tavieta.lt\/wp-content\/uploads\/2023\/07\/paslaugos-medicinai-intro-1024x683.jpg\" class=\"attachment-large size-large wp-image-10821\" alt=\"\" srcset=\"https:\/\/tavieta.lt\/wp-content\/uploads\/2023\/07\/paslaugos-medicinai-intro-1024x683.jpg 1024w, https:\/\/tavieta.lt\/wp-content\/uploads\/2023\/07\/paslaugos-medicinai-intro-scaled-800x533.jpg 800w, https:\/\/tavieta.lt\/wp-content\/uploads\/2023\/07\/paslaugos-medicinai-intro-300x200.jpg 300w, https:\/\/tavieta.lt\/wp-content\/uploads\/2023\/07\/paslaugos-medicinai-intro-768x512.jpg 768w, https:\/\/tavieta.lt\/wp-content\/uploads\/2023\/07\/paslaugos-medicinai-intro-1536x1024.jpg 1536w, https:\/\/tavieta.lt\/wp-content\/uploads\/2023\/07\/paslaugos-medicinai-intro-2048x1366.jpg 2048w\" sizes=\"(max-width: 640px) 100vw, 640px\" \/>\t\t\t\t\t\t\t\t\t\t\t\t\t\t\t<\/div>\n\t\t\t\t<\/div>\n\t\t\t\t<div class=\"elementor-element elementor-element-46f60f61 elementor-widget elementor-widget-image\" data-id=\"46f60f61\" data-element_type=\"widget\" data-widget_type=\"image.default\">\n\t\t\t\t<div class=\"elementor-widget-container\">\n\t\t\t\t\t\t\t\t\t\t\t\t\t\t\t<img loading=\"lazy\" decoding=\"async\" width=\"640\" height=\"453\" src=\"https:\/\/tavieta.lt\/wp-content\/uploads\/2023\/07\/paslaugos-archyvui-intro--1024x724.jpg\" class=\"attachment-large size-large wp-image-10813\" alt=\"\" srcset=\"https:\/\/tavieta.lt\/wp-content\/uploads\/2023\/07\/paslaugos-archyvui-intro--1024x724.jpg 1024w, https:\/\/tavieta.lt\/wp-content\/uploads\/2023\/07\/paslaugos-archyvui-intro--scaled-800x566.jpg 800w, https:\/\/tavieta.lt\/wp-content\/uploads\/2023\/07\/paslaugos-archyvui-intro--300x212.jpg 300w, https:\/\/tavieta.lt\/wp-content\/uploads\/2023\/07\/paslaugos-archyvui-intro--768x543.jpg 768w, https:\/\/tavieta.lt\/wp-content\/uploads\/2023\/07\/paslaugos-archyvui-intro--1536x1086.jpg 1536w, https:\/\/tavieta.lt\/wp-content\/uploads\/2023\/07\/paslaugos-archyvui-intro--2048x1448.jpg 2048w\" sizes=\"(max-width: 640px) 100vw, 640px\" \/>\t\t\t\t\t\t\t\t\t\t\t\t\t\t\t<\/div>\n\t\t\t\t<\/div>\n\t\t\t\t\t<\/div>\n\t\t<\/div>\n\t\t\t\t<div class=\"elementor-column elementor-col-25 elementor-top-column elementor-element elementor-element-6811cf79\" data-id=\"6811cf79\" data-element_type=\"column\">\n\t\t\t<div class=\"elementor-widget-wrap elementor-element-populated\">\n\t\t\t\t\t\t<div class=\"elementor-element elementor-element-7e3d496b elementor-widget elementor-widget-image\" data-id=\"7e3d496b\" data-element_type=\"widget\" data-widget_type=\"image.default\">\n\t\t\t\t<div class=\"elementor-widget-container\">\n\t\t\t\t\t\t\t\t\t\t\t\t\t\t\t<img loading=\"lazy\" decoding=\"async\" width=\"640\" height=\"425\" src=\"https:\/\/tavieta.lt\/wp-content\/uploads\/2023\/07\/paslaugos-biblioteka-intro-1024x680.jpg\" class=\"attachment-large size-large wp-image-10817\" alt=\"\" srcset=\"https:\/\/tavieta.lt\/wp-content\/uploads\/2023\/07\/paslaugos-biblioteka-intro-1024x680.jpg 1024w, https:\/\/tavieta.lt\/wp-content\/uploads\/2023\/07\/paslaugos-biblioteka-intro-scaled-800x531.jpg 800w, https:\/\/tavieta.lt\/wp-content\/uploads\/2023\/07\/paslaugos-biblioteka-intro-300x199.jpg 300w, https:\/\/tavieta.lt\/wp-content\/uploads\/2023\/07\/paslaugos-biblioteka-intro-768x510.jpg 768w, https:\/\/tavieta.lt\/wp-content\/uploads\/2023\/07\/paslaugos-biblioteka-intro-1536x1020.jpg 1536w, https:\/\/tavieta.lt\/wp-content\/uploads\/2023\/07\/paslaugos-biblioteka-intro-2048x1360.jpg 2048w, https:\/\/tavieta.lt\/wp-content\/uploads\/2023\/07\/paslaugos-biblioteka-intro-600x398.jpg 600w\" sizes=\"(max-width: 640px) 100vw, 640px\" \/>\t\t\t\t\t\t\t\t\t\t\t\t\t\t\t<\/div>\n\t\t\t\t<\/div>\n\t\t\t\t<div class=\"elementor-element elementor-element-1c9e2e67 elementor-widget elementor-widget-image\" data-id=\"1c9e2e67\" data-element_type=\"widget\" data-widget_type=\"image.default\">\n\t\t\t\t<div class=\"elementor-widget-container\">\n\t\t\t\t\t\t\t\t\t\t\t\t\t\t\t<img loading=\"lazy\" decoding=\"async\" width=\"640\" height=\"640\" src=\"https:\/\/tavieta.lt\/wp-content\/uploads\/2023\/06\/Pakabinamos-vitrinos.jpg\" class=\"attachment-large size-large wp-image-10702\" alt=\"\" srcset=\"https:\/\/tavieta.lt\/wp-content\/uploads\/2023\/06\/Pakabinamos-vitrinos.jpg 927w, https:\/\/tavieta.lt\/wp-content\/uploads\/2023\/06\/Pakabinamos-vitrinos-370x370.jpg 370w, https:\/\/tavieta.lt\/wp-content\/uploads\/2023\/06\/Pakabinamos-vitrinos-100x100.jpg 100w, https:\/\/tavieta.lt\/wp-content\/uploads\/2023\/06\/Pakabinamos-vitrinos-800x800.jpg 800w, https:\/\/tavieta.lt\/wp-content\/uploads\/2023\/06\/Pakabinamos-vitrinos-300x300.jpg 300w, https:\/\/tavieta.lt\/wp-content\/uploads\/2023\/06\/Pakabinamos-vitrinos-150x150.jpg 150w, https:\/\/tavieta.lt\/wp-content\/uploads\/2023\/06\/Pakabinamos-vitrinos-768x768.jpg 768w\" sizes=\"(max-width: 640px) 100vw, 640px\" \/>\t\t\t\t\t\t\t\t\t\t\t\t\t\t\t<\/div>\n\t\t\t\t<\/div>\n\t\t\t\t\t<\/div>\n\t\t<\/div>\n\t\t\t\t<div class=\"elementor-column elementor-col-25 elementor-top-column elementor-element elementor-element-3602b908\" data-id=\"3602b908\" data-element_type=\"column\">\n\t\t\t<div class=\"elementor-widget-wrap\">\n\t\t\t\t\t\t\t<\/div>\n\t\t<\/div>\n\t\t\t\t\t<\/div>\n\t\t<\/section>\n\t\t\t\t<\/div>","protected":false},"excerpt":{"rendered":"<p>Ruumis\u00e4\u00e4stlikud lahendused TAVIETA TAVIETA Meist TAVIETA br\u00e4nd on j\u00e4tkusuutlikud ruumis\u00e4\u00e4stlikud lahendused, mis v\u00e4hendavad keskkonnareostust. Olemasoleva ruumi ratsionaalne kasutamine loob eeldused kommunaal- ja energiakulude v\u00e4hendamiseks, mis omakorda v\u00e4hendab keskkonnareostust ja CO2 heitkoguseid keskkonda. Miks valida TAVIETA? TAVIETA pakutavad seadmed aitavad olemasolevaid ruume t\u00f5husalt ja s\u00e4\u00e4stlikult kasutada [\u2026]<\/p>","protected":false},"author":1,"featured_media":0,"parent":0,"menu_order":0,"comment_status":"closed","ping_status":"closed","template":"","meta":{"footnotes":""},"class_list":["post-633","page","type-page","status-publish","hentry"],"_links":{"self":[{"href":"https:\/\/tavieta.lt\/ee\/wp-json\/wp\/v2\/pages\/633","targetHints":{"allow":["GET"]}}],"collection":[{"href":"https:\/\/tavieta.lt\/ee\/wp-json\/wp\/v2\/pages"}],"about":[{"href":"https:\/\/tavieta.lt\/ee\/wp-json\/wp\/v2\/types\/page"}],"author":[{"embeddable":true,"href":"https:\/\/tavieta.lt\/ee\/wp-json\/wp\/v2\/users\/1"}],"replies":[{"embeddable":true,"href":"https:\/\/tavieta.lt\/ee\/wp-json\/wp\/v2\/comments?post=633"}],"version-history":[{"count":0,"href":"https:\/\/tavieta.lt\/ee\/wp-json\/wp\/v2\/pages\/633\/revisions"}],"wp:attachment":[{"href":"https:\/\/tavieta.lt\/ee\/wp-json\/wp\/v2\/media?parent=633"}],"curies":[{"name":"t\u00f6\u00f6leht","href":"https:\/\/api.w.org\/{rel}","templated":true}]}}