{"id":12411,"date":"2024-02-07T08:30:27","date_gmt":"2024-02-07T08:30:27","guid":{"rendered":"http:\/\/tavieta.lt\/produktas\/filmoplast-r-japonisko-popieriaus-juosta\/"},"modified":"2024-02-07T08:30:32","modified_gmt":"2024-02-07T08:30:32","slug":"filmoplast-r-japonisko-popieriaus-juosta","status":"publish","type":"product","link":"https:\/\/tavieta.lt\/ee\/toode\/filmoplast-r-japonisko-popieriaus-juosta\/","title":{"rendered":"Filmoplast R Jaapani paberteip raamatute parandamiseks"},"content":{"rendered":"<p><iframe title=\"Neschen \u2015 Dokumendid: filmoplast R (EN)\" width=\"640\" height=\"360\" src=\"https:\/\/www.youtube.com\/embed\/8bvwq9xAvPQ?feature=oembed\" frameborder=\"0\" allow=\"accelerometer; autoplay; clipboard-write; encrypted-media; gyroscope; picture-in-picture; web-share\" referrerpolicy=\"strict-origin-when-cross-origin\" allowfullscreen><\/iframe><\/p>\n<p>&nbsp;<\/p>\n<p><span style=\"color: #000000; font-size: 16px;\">Filmoplast R Jaapani paberiteip raamatute parandamiseks - l\u00e4bipaistev, pikakiuline, mittehappeline, tehniline jaapani paber, 8,5 g \/ m2 Liim aktiveeritakse kuumutamisel kuni 100 \u00b0 C, tugevdatud magneesiumkarbonaadiga, ligniinivaba, hemitselluloosi- vaba, k\u00f5rge alfa-tselluloosi sisaldus liimis. Alkoholiga eemaldamisel v\u00f5i kuumutamisel s\u00e4ilitavad dokumendid p\u00e4rast sisestamist paberi omadused.<\/span><\/p>\n<table style=\"width: 90.53062622043798%; height: 197px;\" cellspacing=\"0\" cellpadding=\"0\">\n<tbody>\n<tr style=\"height: 32px;\">\n<td style=\"height: 32px; text-align: center;\" valign=\"top\">\n<p><strong><span style=\"color: #000000; font-size: 16px;\">Kood<\/span><\/strong><\/p>\n<\/td>\n<td style=\"height: 32px; text-align: center;\" valign=\"top\">\n<p><strong><span style=\"color: #000000; font-size: 16px;\">M\u00f5\u00f5tmed<\/span><\/strong><\/p>\n<\/td>\n<td style=\"height: 32px; text-align: center;\" valign=\"top\">\n<p><strong><span style=\"color: #000000; font-size: 16px;\">Kogus<\/span><\/strong><\/p>\n<\/td>\n<\/tr>\n<tr style=\"height: 32px;\">\n<td style=\"height: 32px; text-align: center;\" valign=\"top\">\n<p><span style=\"color: #000000; font-size: 16px;\">10135<\/span><\/p>\n<\/td>\n<td style=\"height: 32px; text-align: center;\" valign=\"top\">\n<p><span style=\"color: #000000; font-size: 16px;\">50 x 2 cm<\/span><\/p>\n<\/td>\n<td style=\"height: 32px; text-align: center;\" valign=\"top\">\n<p><span style=\"color: #000000; font-size: 16px;\">1 tk.<\/span><\/p>\n<\/td>\n<\/tr>\n<tr style=\"height: 32px;\">\n<td style=\"height: 32px; text-align: center;\" valign=\"top\">\n<p><span style=\"color: #000000; font-size: 16px;\">10136<\/span><\/p>\n<\/td>\n<td style=\"height: 32px; text-align: center;\" valign=\"top\">\n<p><span style=\"color: #000000; font-size: 16px;\">50 x 31 cm<\/span><\/p>\n<\/td>\n<td style=\"height: 32px; text-align: center;\" valign=\"top\">\n<p><span style=\"color: #000000; font-size: 16px;\">1 tk.<\/span><\/p>\n<\/td>\n<\/tr>\n<tr style=\"height: 32px;\">\n<td style=\"height: 32px; text-align: center;\" valign=\"top\">\n<p><span style=\"color: #000000; font-size: 16px;\">10137<\/span><\/p>\n<\/td>\n<td style=\"height: 32px; text-align: center;\" valign=\"top\">\n<p><span style=\"color: #000000; font-size: 16px;\">50 x 41 cm<\/span><\/p>\n<\/td>\n<td style=\"height: 32px; text-align: center;\" valign=\"top\">\n<p><span style=\"color: #000000; font-size: 16px;\">1 tk.<\/span><\/p>\n<\/td>\n<\/tr>\n<tr style=\"height: 32px;\">\n<td style=\"height: 32px; text-align: center;\" valign=\"top\">\n<p><span style=\"color: #000000; font-size: 16px;\">10138<\/span><\/p>\n<\/td>\n<td style=\"height: 32px; text-align: center;\" valign=\"top\">\n<p><span style=\"color: #000000; font-size: 16px;\">50 x 62 cm<\/span><\/p>\n<\/td>\n<td style=\"height: 32px; text-align: center;\" valign=\"top\">\n<p><span style=\"color: #000000; font-size: 16px;\">1 tk.<\/span><\/p>\n<\/td>\n<\/tr>\n<tr style=\"height: 32px;\">\n<td style=\"height: 32px; text-align: center;\" valign=\"top\">\n<p><span style=\"color: #000000; font-size: 16px;\">10701<\/span><\/p>\n<\/td>\n<td style=\"height: 32px; text-align: center;\" valign=\"top\">\n<p><span style=\"color: #000000; font-size: 16px;\">50 x 93 cm<\/span><\/p>\n<\/td>\n<td style=\"height: 32px; text-align: center;\" valign=\"top\">\n<p><span style=\"color: #000000; font-size: 16px;\">1 tk.<\/span><\/p>\n<\/td>\n<\/tr>\n<tr style=\"height: 32px;\">\n<td style=\"height: 32px; text-align: center;\" valign=\"top\">\n<p><span style=\"color: #000000; font-size: 16px;\">10139<\/span><\/p>\n<\/td>\n<td style=\"height: 32px; text-align: center;\" valign=\"top\">\n<p><span style=\"color: #000000; font-size: 16px;\">200 x 31 cm<\/span><\/p>\n<\/td>\n<td style=\"height: 32px; text-align: center;\" valign=\"top\">\n<p><span style=\"color: #000000; font-size: 16px;\">1 tk.<\/span><\/p>\n<\/td>\n<\/tr>\n<tr style=\"height: 32px;\">\n<td style=\"height: 32px; text-align: center;\" valign=\"top\">\n<p><span style=\"color: #000000; font-size: 16px;\">10140<\/span><\/p>\n<\/td>\n<td style=\"height: 32px; text-align: center;\" valign=\"top\">\n<p><span style=\"color: #000000; font-size: 16px;\">200 x 41 cm<\/span><\/p>\n<\/td>\n<td style=\"height: 32px; text-align: center;\" valign=\"top\">\n<p><span style=\"color: #000000; font-size: 16px;\">1 tk.<\/span><\/p>\n<\/td>\n<\/tr>\n<tr style=\"height: 32px;\">\n<td style=\"height: 32px; text-align: center;\" valign=\"top\">\n<p><span style=\"color: #000000; font-size: 16px;\">10141<\/span><\/p>\n<\/td>\n<td style=\"height: 32px; text-align: center;\" valign=\"top\">\n<p><span style=\"color: #000000; font-size: 16px;\">200 x 62 cm<\/span><\/p>\n<\/td>\n<td style=\"height: 32px; text-align: center;\" valign=\"top\">\n<p><span style=\"color: #000000; font-size: 16px;\">1 tk.<\/span><\/p>\n<\/td>\n<\/tr>\n<\/tbody>\n<\/table>\n<div id=\"gtx-trans\" style=\"position: absolute; left: 79px; top: 37px;\">\n<div class=\"gtx-trans-icon\"><\/div>\n<\/div>","protected":false},"excerpt":{"rendered":"<p>Filmoplast R lint raamatute parandamiseks<\/p>","protected":false},"featured_media":11284,"template":"","meta":[],"product_brand":[],"product_cat":[102,103],"product_tag":[],"class_list":{"0":"post-12411","1":"product","2":"type-product","3":"status-publish","4":"has-post-thumbnail","6":"product_cat-knygu-taisymas-ir-prieziura","7":"product_cat-knygu-taisymo-juostos","9":"first","10":"outofstock","11":"product-type-simple"},"_links":{"self":[{"href":"https:\/\/tavieta.lt\/ee\/wp-json\/wp\/v2\/product\/12411","targetHints":{"allow":["GET"]}}],"collection":[{"href":"https:\/\/tavieta.lt\/ee\/wp-json\/wp\/v2\/product"}],"about":[{"href":"https:\/\/tavieta.lt\/ee\/wp-json\/wp\/v2\/types\/product"}],"wp:featuredmedia":[{"embeddable":true,"href":"https:\/\/tavieta.lt\/ee\/wp-json\/wp\/v2\/media\/11284"}],"wp:attachment":[{"href":"https:\/\/tavieta.lt\/ee\/wp-json\/wp\/v2\/media?parent=12411"}],"wp:term":[{"taxonomy":"product_brand","embeddable":true,"href":"https:\/\/tavieta.lt\/ee\/wp-json\/wp\/v2\/product_brand?post=12411"},{"taxonomy":"product_cat","embeddable":true,"href":"https:\/\/tavieta.lt\/ee\/wp-json\/wp\/v2\/product_cat?post=12411"},{"taxonomy":"product_tag","embeddable":true,"href":"https:\/\/tavieta.lt\/ee\/wp-json\/wp\/v2\/product_tag?post=12411"}],"curies":[{"name":"t\u00f6\u00f6leht","href":"https:\/\/api.w.org\/{rel}","templated":true}]}}