{"id":12412,"date":"2024-02-07T08:30:27","date_gmt":"2024-02-07T08:30:27","guid":{"rendered":"http:\/\/tavieta.lt\/produktas\/filmolux-609-etikeciu-apsaugai\/"},"modified":"2024-02-07T08:30:32","modified_gmt":"2024-02-07T08:30:32","slug":"filmolux-609-etikeciu-apsaugai","status":"publish","type":"product","link":"https:\/\/tavieta.lt\/ee\/toode\/filmolux-609-etikeciu-apsaugai\/","title":{"rendered":"Filmolux 609 etikettide kaitseks"},"content":{"rendered":"<p>Filmolux 609 etikettide kaitseks \u2013 ideaalne siltide ja allkirjade kaitsmiseks, pudelite m\u00e4rgistamiseks apteekides ja laborites. Rullilt eelnevalt l\u00f5igatud etiketid on \u00fcmarate nurkadega ja neid saab silikoonpaberilt kergesti eemaldada.<\/p>\n<table>\n<tbody>\n<tr>\n<td style=\"text-align: center;\" width=\"150\">36603<\/td>\n<td style=\"text-align: center;\" width=\"300\">30mm x 70mm<\/td>\n<td style=\"text-align: center;\">1,515 t\u00fckki rullis<\/td>\n<\/tr>\n<tr>\n<td style=\"text-align: center;\" width=\"150\">36604<\/td>\n<td style=\"text-align: center;\" width=\"300\">30mm x 110mm<\/td>\n<td style=\"text-align: center;\">1,515 t\u00fckki rullis<\/td>\n<\/tr>\n<tr>\n<td style=\"text-align: center;\" width=\"150\">36622<\/td>\n<td style=\"text-align: center;\" width=\"300\">46mm x 61mm<\/td>\n<td style=\"text-align: center;\">1,020 t\u00fckki rullis<\/td>\n<\/tr>\n<tr>\n<td style=\"text-align: center;\" width=\"150\">36606<\/td>\n<td style=\"text-align: center;\" width=\"300\">50 mm x 100 mm<\/td>\n<td style=\"text-align: center;\">485 osa rullis<\/td>\n<\/tr>\n<\/tbody>\n<\/table>\n<div id=\"gtx-trans\" style=\"position: absolute; left: 79px; top: 37px;\">\n<div class=\"gtx-trans-icon\"><\/div>\n<\/div>","protected":false},"excerpt":{"rendered":"<p>filmolux 609<\/p>","protected":false},"featured_media":11286,"template":"","meta":[],"product_brand":[],"product_cat":[102,104],"product_tag":[],"class_list":{"0":"post-12412","1":"product","2":"type-product","3":"status-publish","4":"has-post-thumbnail","6":"product_cat-knygu-taisymas-ir-prieziura","7":"product_cat-knygu-virseliu-apsauga","9":"first","10":"outofstock","11":"product-type-simple"},"_links":{"self":[{"href":"https:\/\/tavieta.lt\/ee\/wp-json\/wp\/v2\/product\/12412","targetHints":{"allow":["GET"]}}],"collection":[{"href":"https:\/\/tavieta.lt\/ee\/wp-json\/wp\/v2\/product"}],"about":[{"href":"https:\/\/tavieta.lt\/ee\/wp-json\/wp\/v2\/types\/product"}],"wp:featuredmedia":[{"embeddable":true,"href":"https:\/\/tavieta.lt\/ee\/wp-json\/wp\/v2\/media\/11286"}],"wp:attachment":[{"href":"https:\/\/tavieta.lt\/ee\/wp-json\/wp\/v2\/media?parent=12412"}],"wp:term":[{"taxonomy":"product_brand","embeddable":true,"href":"https:\/\/tavieta.lt\/ee\/wp-json\/wp\/v2\/product_brand?post=12412"},{"taxonomy":"product_cat","embeddable":true,"href":"https:\/\/tavieta.lt\/ee\/wp-json\/wp\/v2\/product_cat?post=12412"},{"taxonomy":"product_tag","embeddable":true,"href":"https:\/\/tavieta.lt\/ee\/wp-json\/wp\/v2\/product_tag?post=12412"}],"curies":[{"name":"t\u00f6\u00f6leht","href":"https:\/\/api.w.org\/{rel}","templated":true}]}}