{"id":12414,"date":"2024-02-07T08:30:27","date_gmt":"2024-02-07T08:30:27","guid":{"rendered":"http:\/\/tavieta.lt\/produktas\/filmolux-libre-blizgi-skaidri-plevele\/"},"modified":"2024-02-07T08:30:33","modified_gmt":"2024-02-07T08:30:33","slug":"filmolux-libre-blizgi-skaidri-plevele","status":"publish","type":"product","link":"https:\/\/tavieta.lt\/ee\/toode\/filmolux-libre-blizgi-skaidri-plevele\/","title":{"rendered":"Filmolux Libre on l\u00e4ikiv l\u00e4bipaistev kile ilma plastifikaatoriteta"},"content":{"rendered":"<p>Filmolux Libre on l\u00e4ikiv l\u00e4bipaistev plastifikaatorivaba kile, mis on valmistatud keskkonnas\u00f5bralikust pol\u00fcprop\u00fcleenist 75 \u00b5m, tugeva esialgse nakkega, spetsiaalse kattega pinnale saab tr\u00fckkida ja kirjutada, ka raamatukaarditaskutesse, universaalne kasutus peaaegu k\u00f5ikide raamatukaante ja siltide kaitsmiseks.<\/p>\n<table style=\"width: 73.8649%;\" cellspacing=\"0\" cellpadding=\"0\">\n<tbody>\n<tr>\n<td style=\"width: 25.8373%; text-align: center;\" valign=\"top\">\n<p><strong>Kood<\/strong><\/p>\n<\/td>\n<td style=\"width: 46.89%; text-align: center;\" valign=\"top\">\n<p><strong>M\u00f5\u00f5tmed<\/strong><\/p>\n<\/td>\n<td style=\"width: 275.12%; text-align: center;\" valign=\"top\">\n<p><strong>Kogus<\/strong><\/p>\n<\/td>\n<\/tr>\n<tr>\n<td style=\"width: 25.8373%; text-align: center;\" valign=\"top\">\n<p>10084<\/p>\n<\/td>\n<td style=\"width: 46.89%; text-align: center;\" valign=\"top\">\n<p>25 x 22 cm<\/p>\n<\/td>\n<td style=\"width: 275.12%; text-align: center;\" valign=\"top\">\n<p>1 tk.<\/p>\n<\/td>\n<\/tr>\n<tr>\n<td style=\"width: 25.8373%; text-align: center;\" valign=\"top\">\n<p>10085<\/p>\n<\/td>\n<td style=\"width: 46.89%; text-align: center;\" valign=\"top\">\n<p>25 x 24 cm<\/p>\n<\/td>\n<td style=\"width: 275.12%; text-align: center;\" valign=\"top\">\n<p>1 tk.<\/p>\n<\/td>\n<\/tr>\n<tr>\n<td style=\"width: 25.8373%; text-align: center;\" valign=\"top\">\n<p>10086<\/p>\n<\/td>\n<td style=\"width: 46.89%; text-align: center;\" valign=\"top\">\n<p>25 x 26 cm<\/p>\n<\/td>\n<td style=\"width: 275.12%; text-align: center;\" valign=\"top\">\n<p>1 tk.<\/p>\n<\/td>\n<\/tr>\n<tr>\n<td style=\"width: 25.8373%; text-align: center;\" valign=\"top\">\n<p>10087<\/p>\n<\/td>\n<td style=\"width: 46.89%; text-align: center;\" valign=\"top\">\n<p>25 x 28 cm<\/p>\n<\/td>\n<td style=\"width: 275.12%; text-align: center;\" valign=\"top\">\n<p>1 tk.<\/p>\n<\/td>\n<\/tr>\n<tr>\n<td style=\"width: 25.8373%; text-align: center;\" valign=\"top\">\n<p>10088<\/p>\n<\/td>\n<td style=\"width: 46.89%; text-align: center;\" valign=\"top\">\n<p>25 x 30 cm<\/p>\n<\/td>\n<td style=\"width: 275.12%; text-align: center;\" valign=\"top\">\n<p>1 tk.<\/p>\n<\/td>\n<\/tr>\n<tr>\n<td style=\"width: 25.8373%; text-align: center;\" valign=\"top\">\n<p>10089<\/p>\n<\/td>\n<td style=\"width: 46.89%; text-align: center;\" valign=\"top\">\n<p>25 x 32 cm<\/p>\n<\/td>\n<td style=\"width: 275.12%; text-align: center;\" valign=\"top\">\n<p>1 tk.<\/p>\n<\/td>\n<\/tr>\n<tr>\n<td style=\"width: 25.8373%; text-align: center;\" valign=\"top\">\n<p>10090<\/p>\n<\/td>\n<td style=\"width: 46.89%; text-align: center;\" valign=\"top\">\n<p>25 x 34 cm<\/p>\n<\/td>\n<td style=\"width: 275.12%; text-align: center;\" valign=\"top\">\n<p>1 tk.<\/p>\n<\/td>\n<\/tr>\n<tr>\n<td style=\"width: 25.8373%; text-align: center;\" valign=\"top\">\n<p>10091<\/p>\n<\/td>\n<td style=\"width: 46.89%; text-align: center;\" valign=\"top\">\n<p>25 x 36 cm<\/p>\n<\/td>\n<td style=\"width: 275.12%; text-align: center;\" valign=\"top\">\n<p>1 tk.<\/p>\n<\/td>\n<\/tr>\n<tr>\n<td style=\"width: 25.8373%; text-align: center;\" valign=\"top\">\n<p>10092<\/p>\n<\/td>\n<td style=\"width: 46.89%; text-align: center;\" valign=\"top\">\n<p>25 x 41 cm<\/p>\n<\/td>\n<td style=\"width: 275.12%; text-align: center;\" valign=\"top\">\n<p>1 tk.<\/p>\n<\/td>\n<\/tr>\n<tr>\n<td style=\"width: 25.8373%; text-align: center;\" valign=\"top\">\n<p>10093<\/p>\n<\/td>\n<td style=\"width: 46.89%; text-align: center;\" valign=\"top\">\n<p>25 x 62 cm<\/p>\n<\/td>\n<td style=\"width: 275.12%; text-align: center;\" valign=\"top\">\n<p>1 tk.<\/p>\n<\/td>\n<\/tr>\n<\/tbody>\n<\/table>\n<div id=\"gtx-trans\" style=\"position: absolute; left: 79px; top: 37px;\">\n<div class=\"gtx-trans-icon\"><\/div>\n<\/div>","protected":false},"excerpt":{"rendered":"<p>filmolux tasuta<\/p>","protected":false},"featured_media":11290,"template":"","meta":[],"product_brand":[],"product_cat":[102,104],"product_tag":[],"class_list":{"0":"post-12414","1":"product","2":"type-product","3":"status-publish","4":"has-post-thumbnail","6":"product_cat-knygu-taisymas-ir-prieziura","7":"product_cat-knygu-virseliu-apsauga","9":"first","10":"outofstock","11":"product-type-simple"},"_links":{"self":[{"href":"https:\/\/tavieta.lt\/ee\/wp-json\/wp\/v2\/product\/12414","targetHints":{"allow":["GET"]}}],"collection":[{"href":"https:\/\/tavieta.lt\/ee\/wp-json\/wp\/v2\/product"}],"about":[{"href":"https:\/\/tavieta.lt\/ee\/wp-json\/wp\/v2\/types\/product"}],"wp:featuredmedia":[{"embeddable":true,"href":"https:\/\/tavieta.lt\/ee\/wp-json\/wp\/v2\/media\/11290"}],"wp:attachment":[{"href":"https:\/\/tavieta.lt\/ee\/wp-json\/wp\/v2\/media?parent=12414"}],"wp:term":[{"taxonomy":"product_brand","embeddable":true,"href":"https:\/\/tavieta.lt\/ee\/wp-json\/wp\/v2\/product_brand?post=12414"},{"taxonomy":"product_cat","embeddable":true,"href":"https:\/\/tavieta.lt\/ee\/wp-json\/wp\/v2\/product_cat?post=12414"},{"taxonomy":"product_tag","embeddable":true,"href":"https:\/\/tavieta.lt\/ee\/wp-json\/wp\/v2\/product_tag?post=12414"}],"curies":[{"name":"t\u00f6\u00f6leht","href":"https:\/\/api.w.org\/{rel}","templated":true}]}}