{"id":12415,"date":"2024-02-07T08:30:27","date_gmt":"2024-02-07T08:30:27","guid":{"rendered":"http:\/\/tavieta.lt\/produktas\/filmolux-libre-fine-pearl-plona-plevele\/"},"modified":"2024-02-07T08:30:34","modified_gmt":"2024-02-07T08:30:34","slug":"filmolux-libre-fine-pearl-plona-plevele","status":"publish","type":"product","link":"https:\/\/tavieta.lt\/ee\/toode\/filmolux-libre-fine-pearl-plona-plevele\/","title":{"rendered":"Filmolux libre peen p\u00e4rl \u00f5huke kile"},"content":{"rendered":"<p>Filmolux libre peen p\u00e4rl \u00f5huke kile - k\u00f5rge esialgse nakkuvusega, v\u00e4ga \u00f5huke, saab kasutada peaaegu k\u00f5igil raamatukaantel. Reljeef annab suurep\u00e4rase v\u00e4limuse raamatutele, kaustadele, men\u00fc\u00fcdele jne. Filmolux libre peen p\u00e4rl sobib t\u00f6\u00f6ks BLS-Classicu ja BLS-Professionaliga.<\/p>\n<table>\n<tbody>\n<tr>\n<td style=\"text-align: center;\" width=\"150\">6041322<\/td>\n<td style=\"text-align: center;\" width=\"300\">25 x 22 cm<\/td>\n<\/tr>\n<tr>\n<td style=\"text-align: center;\" width=\"150\">6041323<\/td>\n<td style=\"text-align: center;\" width=\"300\">25 x 24 cm<\/td>\n<\/tr>\n<tr>\n<td style=\"text-align: center;\" width=\"150\">6041324<\/td>\n<td style=\"text-align: center;\" width=\"300\">25 x 26 cm<\/td>\n<\/tr>\n<tr>\n<td style=\"text-align: center;\" width=\"150\">6041325<\/td>\n<td style=\"text-align: center;\" width=\"300\">25 x 28 cm<\/td>\n<\/tr>\n<tr>\n<td style=\"text-align: center;\" width=\"150\">6041326<\/td>\n<td style=\"text-align: center;\" width=\"300\">25 x 30 cm<\/td>\n<\/tr>\n<tr>\n<td style=\"text-align: center;\" width=\"150\">6041333<\/td>\n<td style=\"text-align: center;\" width=\"300\">25 x 32 cm<\/td>\n<\/tr>\n<tr>\n<td style=\"text-align: center;\" width=\"150\">6041334<\/td>\n<td style=\"text-align: center;\" width=\"300\">25 x 34 cm<\/td>\n<\/tr>\n<tr>\n<td style=\"text-align: center;\" width=\"150\">6041335<\/td>\n<td style=\"text-align: center;\" width=\"300\">25 x 36 cm<\/td>\n<\/tr>\n<tr>\n<td style=\"text-align: center;\" width=\"150\">6041336<\/td>\n<td style=\"text-align: center;\" width=\"300\">25 x 41 cm<\/td>\n<\/tr>\n<\/tbody>\n<\/table>\n<div id=\"gtx-trans\" style=\"position: absolute; left: 79px; top: 37px;\">\n<div class=\"gtx-trans-icon\"><\/div>\n<\/div>","protected":false},"excerpt":{"rendered":"<p>filmolux libre peen p\u00e4rl<\/p>","protected":false},"featured_media":11292,"template":"","meta":[],"product_brand":[],"product_cat":[102,104],"product_tag":[],"class_list":{"0":"post-12415","1":"product","2":"type-product","3":"status-publish","4":"has-post-thumbnail","6":"product_cat-knygu-taisymas-ir-prieziura","7":"product_cat-knygu-virseliu-apsauga","9":"first","10":"outofstock","11":"product-type-simple"},"_links":{"self":[{"href":"https:\/\/tavieta.lt\/ee\/wp-json\/wp\/v2\/product\/12415","targetHints":{"allow":["GET"]}}],"collection":[{"href":"https:\/\/tavieta.lt\/ee\/wp-json\/wp\/v2\/product"}],"about":[{"href":"https:\/\/tavieta.lt\/ee\/wp-json\/wp\/v2\/types\/product"}],"wp:featuredmedia":[{"embeddable":true,"href":"https:\/\/tavieta.lt\/ee\/wp-json\/wp\/v2\/media\/11292"}],"wp:attachment":[{"href":"https:\/\/tavieta.lt\/ee\/wp-json\/wp\/v2\/media?parent=12415"}],"wp:term":[{"taxonomy":"product_brand","embeddable":true,"href":"https:\/\/tavieta.lt\/ee\/wp-json\/wp\/v2\/product_brand?post=12415"},{"taxonomy":"product_cat","embeddable":true,"href":"https:\/\/tavieta.lt\/ee\/wp-json\/wp\/v2\/product_cat?post=12415"},{"taxonomy":"product_tag","embeddable":true,"href":"https:\/\/tavieta.lt\/ee\/wp-json\/wp\/v2\/product_tag?post=12415"}],"curies":[{"name":"t\u00f6\u00f6leht","href":"https:\/\/api.w.org\/{rel}","templated":true}]}}