{"id":12427,"date":"2024-02-07T08:30:43","date_gmt":"2024-02-07T08:30:43","guid":{"rendered":"http:\/\/tavieta.lt\/produktas\/nerugstine-knygu-juosta\/"},"modified":"2024-02-07T08:30:44","modified_gmt":"2024-02-07T08:30:44","slug":"nerugstine-knygu-juosta","status":"publish","type":"product","link":"https:\/\/tavieta.lt\/ee\/toode\/nerugstine-knygu-juosta\/","title":{"rendered":"Happevaba t\u00e4iustatud l\u00e4bipaistvusega raamatuteip"},"content":{"rendered":"<p><span style=\"color: #000000; font-size: 16px;\">Happevaba l\u00e4bipaistv raamatuteip hoiab materjalidel parema v\u00e4ljan\u00e4gemise kui kunagi varem, t\u00e4nu pH-neutraalsele liimile, mis ei kahjusta ega muuda raamatuid aja jooksul. Valmistatud 89 mikronist pol\u00fcprop\u00fcleenist, kristallselge, l\u00e4ikiv, vastupidav, kulumis- ja veekindlast materjalist, pH neutraalne.<\/span><\/p>\n<table style=\"width: 89.20930232558139%; height: 86px;\" cellspacing=\"0\" cellpadding=\"0\">\n<tbody>\n<tr>\n<td style=\"text-align: center;\" valign=\"top\">\n<p><strong><span style=\"color: #000000; font-size: 16px;\">Kood<\/span><\/strong><\/p>\n<\/td>\n<td style=\"text-align: center;\" valign=\"top\">\n<p><strong><span style=\"color: #000000; font-size: 16px;\">M\u00f5\u00f5tmed<\/span><\/strong><\/p>\n<\/td>\n<td style=\"text-align: center;\" valign=\"top\">\n<p><strong><span style=\"color: #000000; font-size: 16px;\">Kogus<\/span><\/strong><\/p>\n<\/td>\n<\/tr>\n<tr>\n<td style=\"text-align: center;\" valign=\"top\">\n<p><span style=\"color: #000000; font-size: 16px;\">BR442001 <\/span><\/p>\n<p><span style=\"color: #000000; font-size: 16px;\">BR442003 <\/span><\/p>\n<p><span style=\"color: #000000; font-size: 16px;\">BR442003<\/span><\/p>\n<\/td>\n<td style=\"text-align: center;\" valign=\"top\">\n<p><span style=\"color: #000000; font-size: 16px;\">Happevaba raamatuteip - 38 mm x 27,4 m <\/span><\/p>\n<p><span style=\"color: #000000; font-size: 16px;\">Happevaba raamatuteip - 50 mm x 27,4 m <\/span><\/p>\n<p><span style=\"color: #000000; font-size: 16px;\">Happevaba raamatuteip - 76 mm x 27,4 m<\/span><\/p>\n<\/td>\n<td style=\"text-align: center;\" valign=\"top\">\n<p><span style=\"color: #000000; font-size: 16px;\">1 tk.<\/span><\/p>\n<p><span style=\"color: #000000; font-size: 16px;\">1 tk.<\/span><\/p>\n<p><span style=\"color: #000000; font-size: 16px;\">1 tk<\/span><\/p>\n<\/td>\n<\/tr>\n<\/tbody>\n<\/table>\n<div id=\"gtx-trans\" style=\"position: absolute; left: 79px; top: 37px;\">\n<div class=\"gtx-trans-icon\"><\/div>\n<\/div>","protected":false},"excerpt":{"rendered":"<p>Happevaba t\u00e4iustatud l\u00e4bipaistvusega raamatuteip<\/p>","protected":false},"featured_media":11315,"template":"","meta":[],"product_brand":[],"product_cat":[102,103],"product_tag":[],"class_list":{"0":"post-12427","1":"product","2":"type-product","3":"status-publish","4":"has-post-thumbnail","6":"product_cat-knygu-taisymas-ir-prieziura","7":"product_cat-knygu-taisymo-juostos","9":"first","10":"outofstock","11":"product-type-simple"},"_links":{"self":[{"href":"https:\/\/tavieta.lt\/ee\/wp-json\/wp\/v2\/product\/12427","targetHints":{"allow":["GET"]}}],"collection":[{"href":"https:\/\/tavieta.lt\/ee\/wp-json\/wp\/v2\/product"}],"about":[{"href":"https:\/\/tavieta.lt\/ee\/wp-json\/wp\/v2\/types\/product"}],"wp:featuredmedia":[{"embeddable":true,"href":"https:\/\/tavieta.lt\/ee\/wp-json\/wp\/v2\/media\/11315"}],"wp:attachment":[{"href":"https:\/\/tavieta.lt\/ee\/wp-json\/wp\/v2\/media?parent=12427"}],"wp:term":[{"taxonomy":"product_brand","embeddable":true,"href":"https:\/\/tavieta.lt\/ee\/wp-json\/wp\/v2\/product_brand?post=12427"},{"taxonomy":"product_cat","embeddable":true,"href":"https:\/\/tavieta.lt\/ee\/wp-json\/wp\/v2\/product_cat?post=12427"},{"taxonomy":"product_tag","embeddable":true,"href":"https:\/\/tavieta.lt\/ee\/wp-json\/wp\/v2\/product_tag?post=12427"}],"curies":[{"name":"t\u00f6\u00f6leht","href":"https:\/\/api.w.org\/{rel}","templated":true}]}}