{"id":12428,"date":"2024-02-07T08:30:43","date_gmt":"2024-02-07T08:30:43","guid":{"rendered":"http:\/\/tavieta.lt\/produktas\/skaidri-nelipni-polipropileno-plevele-pp\/"},"modified":"2024-02-07T08:30:45","modified_gmt":"2024-02-07T08:30:45","slug":"skaidri-nelipni-polipropileno-plevele-pp","status":"publish","type":"product","link":"https:\/\/tavieta.lt\/ee\/toode\/skaidri-nelipni-polipropileno-plevele-pp\/","title":{"rendered":"L\u00e4bipaistev mittenakkuva pol\u00fcprop\u00fcleenkile PP"},"content":{"rendered":"<p><span style=\"color: #000000; font-size: 16px;\">L\u00e4bipaistev, mittekleepuv pol\u00fcprop\u00fcleenkile PP, mida saab kasutada raamatukaanena, et kaitsta paremini tolmu ja mustuse eest, kinnitatakse kleeplindi abil.<\/span><\/p>\n<table style=\"width: 92.5%; height: 217px;\">\n<tbody>\n<tr>\n<td style=\"text-align: center;\">\n<p><strong><span style=\"color: #000000; font-size: 16px;\">Materjali kood<\/span><\/strong><\/p>\n<\/td>\n<td style=\"text-align: center;\">\n<p><strong><span style=\"color: #000000; font-size: 16px;\">M\u00f5\u00f5tmed<\/span><\/strong><\/p>\n<\/td>\n<td style=\"text-align: center;\">\n<p><strong><span style=\"color: #000000; font-size: 16px;\">Kogus<\/span><\/strong><\/p>\n<\/td>\n<\/tr>\n<tr>\n<td style=\"text-align: center;\">\n<p><span style=\"color: #000000; font-size: 16px;\">20397<\/span><\/p>\n<p>&nbsp;<\/p>\n<\/td>\n<td style=\"text-align: center;\">\n<p>L\u00e4bipaistev mittenakkuva pol\u00fcprop\u00fcleenkile PP<\/p>\n<p><span style=\"color: #000000; font-size: 16px;\">5 kg \/ 94 x 40 cm<\/span><\/p>\n<p><span style=\"color: #000000; font-size: 16px;\">10 kg \/ 188 x 40 cm<\/span><\/p>\n<p><span style=\"color: #000000; font-size: 16px;\">15 kg \/ 281 x 40 cm<\/span><\/p>\n<p><span style=\"color: #000000; font-size: 16px;\">20 kg \/ 375 x 40 cm<\/span><\/p>\n<\/td>\n<td style=\"text-align: center;\">\n<p><span style=\"color: #000000; font-size: 16px;\">1 tk.<\/span><\/p>\n<p><span style=\"color: #000000; font-size: 16px;\">1 tk.<\/span><\/p>\n<p><span style=\"color: #000000; font-size: 16px;\">1 tk.<\/span><\/p>\n<p><span style=\"color: #000000; font-size: 16px;\">1 tk.<\/span><\/p>\n<\/td>\n<\/tr>\n<tr>\n<td style=\"text-align: center;\">\n<p><span style=\"color: #000000; font-size: 16px;\">60146<\/span><\/p>\n<p>&nbsp;<\/p>\n<\/td>\n<td style=\"text-align: center;\">\n<p><span style=\"color: #000000; font-size: 16px;\">5 kg \/ 163 x 40 cm<\/span><\/p>\n<p><span style=\"color: #000000; font-size: 16px;\">10 kg \/ 325 x 40 cm<\/span><\/p>\n<p><span style=\"color: #000000; font-size: 16px;\">15 kg \/ 488 x 40 cm<\/span><\/p>\n<p><span style=\"color: #000000; font-size: 16px;\">20 kg \/ 650 x 40 cm<\/span><\/p>\n<\/td>\n<td style=\"text-align: center;\">\n<p><span style=\"color: #000000; font-size: 16px;\">1 tk.<\/span><\/p>\n<p><span style=\"color: #000000; font-size: 16px;\">1 tk.<\/span><\/p>\n<p><span style=\"color: #000000; font-size: 16px;\">1 tk.<\/span><\/p>\n<p><span style=\"color: #000000; font-size: 16px;\">1 tk.<\/span><\/p>\n<\/td>\n<\/tr>\n<\/tbody>\n<\/table>\n<div id=\"gtx-trans\" style=\"position: absolute; left: 79px; top: 37px;\">\n<div class=\"gtx-trans-icon\"><\/div>\n<\/div>","protected":false},"excerpt":{"rendered":"<p>L\u00e4bipaistev mittenakkuva pol\u00fcprop\u00fcleenkile PP<\/p>","protected":false},"featured_media":11317,"template":"","meta":[],"product_brand":[],"product_cat":[102,104],"product_tag":[],"class_list":{"0":"post-12428","1":"product","2":"type-product","3":"status-publish","4":"has-post-thumbnail","6":"product_cat-knygu-taisymas-ir-prieziura","7":"product_cat-knygu-virseliu-apsauga","9":"first","10":"outofstock","11":"product-type-simple"},"_links":{"self":[{"href":"https:\/\/tavieta.lt\/ee\/wp-json\/wp\/v2\/product\/12428","targetHints":{"allow":["GET"]}}],"collection":[{"href":"https:\/\/tavieta.lt\/ee\/wp-json\/wp\/v2\/product"}],"about":[{"href":"https:\/\/tavieta.lt\/ee\/wp-json\/wp\/v2\/types\/product"}],"wp:featuredmedia":[{"embeddable":true,"href":"https:\/\/tavieta.lt\/ee\/wp-json\/wp\/v2\/media\/11317"}],"wp:attachment":[{"href":"https:\/\/tavieta.lt\/ee\/wp-json\/wp\/v2\/media?parent=12428"}],"wp:term":[{"taxonomy":"product_brand","embeddable":true,"href":"https:\/\/tavieta.lt\/ee\/wp-json\/wp\/v2\/product_brand?post=12428"},{"taxonomy":"product_cat","embeddable":true,"href":"https:\/\/tavieta.lt\/ee\/wp-json\/wp\/v2\/product_cat?post=12428"},{"taxonomy":"product_tag","embeddable":true,"href":"https:\/\/tavieta.lt\/ee\/wp-json\/wp\/v2\/product_tag?post=12428"}],"curies":[{"name":"t\u00f6\u00f6leht","href":"https:\/\/api.w.org\/{rel}","templated":true}]}}