{"id":12431,"date":"2024-02-07T08:30:43","date_gmt":"2024-02-07T08:30:43","guid":{"rendered":"http:\/\/tavieta.lt\/produktas\/vezimelis-knygoms-larry\/"},"modified":"2024-02-07T08:30:46","modified_gmt":"2024-02-07T08:30:46","slug":"vezimelis-knygoms-larry","status":"publish","type":"product","link":"https:\/\/tavieta.lt\/ee\/toode\/vezimelis-knygoms-larry\/","title":{"rendered":"Raamatuk\u00e4ru Larry"},"content":{"rendered":"<p>Raamatuk\u00e4ru Larry<\/p>\n<p><span style=\"color: #000000;\">Lihtne \u00fcles v\u00f5tta ja lihtne kaasas kanda. \u00dchepoolne raamatuk\u00e4ru nelja hingedega tagariiuliga, millest kolm on reguleeritavad. Saadaval on 4 erinevat meie toodet<\/span><\/p>\n<p><span style=\"color: #000000;\">Maht: umbes 60 raamatut; M\u00f5\u00f5dud: w. 550 x s\u00fcgavus. 660 x h. 1080 mm; Madalaima riiuli k\u00f5rgus<\/span><\/p>\n<p><span style=\"color: #000000;\">300 mm p\u00f5randast; Riiuli s\u00fcgavus: 200 mm; Materjal: lakitud painutatud toruraam ja lakitud metallist riiulid; Muu: CD\/DVD jaoks sobivad riiulid.<\/span><\/p>\n<p><span style=\"color: #000000;\">Rattad: l\u00e4bim\u00f5\u00f5t 125 mm. Kaks ratast peatuvad.<\/span><\/p>\n<table style=\"width: 50.37154150197628%; height: 167px;\" cellspacing=\"0\" cellpadding=\"0\">\n<tbody>\n<tr>\n<td style=\"text-align: center;\" valign=\"top\">\n<p><strong><span style=\"color: #000000;\">Kood<\/span><\/strong><\/p>\n<\/td>\n<td style=\"text-align: center;\" valign=\"top\">\n<p><strong><span style=\"color: #000000;\">Kirjeldus<\/span><\/strong><\/p>\n<\/td>\n<td style=\"text-align: center;\" valign=\"top\">\n<p><strong><span style=\"color: #000000;\">Kogus<\/span><\/strong><\/p>\n<\/td>\n<\/tr>\n<tr>\n<td style=\"text-align: center;\" valign=\"top\">\n<p><span style=\"color: #000000;\">42162<\/span><\/p>\n<\/td>\n<td style=\"text-align: center;\" valign=\"top\">\n<p><span style=\"color: #000000;\"><span style=\"caret-color: #000000;\">Valge<\/span><\/span><\/p>\n<\/td>\n<td style=\"text-align: center;\" valign=\"top\">\n<p><span style=\"color: #000000;\">1 tk.<\/span><\/p>\n<\/td>\n<\/tr>\n<tr>\n<td style=\"text-align: center;\" valign=\"top\">\n<p align=\"center\"><span style=\"color: #000000;\">42163<\/span><\/p>\n<\/td>\n<td style=\"text-align: center;\" valign=\"top\">\n<p><span style=\"color: #000000;\"><span style=\"caret-color: #000000;\">Must<\/span><\/span><\/p>\n<\/td>\n<td style=\"text-align: center;\" valign=\"top\">\n<p align=\"center\"><span style=\"color: #000000;\">1 tk.<\/span><\/p>\n<\/td>\n<\/tr>\n<\/tbody>\n<\/table>\n<div id=\"gtx-trans\" style=\"position: absolute; left: 79px; top: 37px;\">\n<div class=\"gtx-trans-icon\"><\/div>\n<\/div>","protected":false},"excerpt":{"rendered":"<p>Raamatuk\u00e4ru Larry<\/p>","protected":false},"featured_media":11323,"template":"","meta":[],"product_brand":[],"product_cat":[107,108],"product_tag":[],"class_list":{"0":"post-12431","1":"product","2":"type-product","3":"status-publish","4":"has-post-thumbnail","6":"product_cat-baldai","7":"product_cat-vezimeliai-knygoms","9":"first","10":"outofstock","11":"product-type-simple"},"_links":{"self":[{"href":"https:\/\/tavieta.lt\/ee\/wp-json\/wp\/v2\/product\/12431","targetHints":{"allow":["GET"]}}],"collection":[{"href":"https:\/\/tavieta.lt\/ee\/wp-json\/wp\/v2\/product"}],"about":[{"href":"https:\/\/tavieta.lt\/ee\/wp-json\/wp\/v2\/types\/product"}],"wp:featuredmedia":[{"embeddable":true,"href":"https:\/\/tavieta.lt\/ee\/wp-json\/wp\/v2\/media\/11323"}],"wp:attachment":[{"href":"https:\/\/tavieta.lt\/ee\/wp-json\/wp\/v2\/media?parent=12431"}],"wp:term":[{"taxonomy":"product_brand","embeddable":true,"href":"https:\/\/tavieta.lt\/ee\/wp-json\/wp\/v2\/product_brand?post=12431"},{"taxonomy":"product_cat","embeddable":true,"href":"https:\/\/tavieta.lt\/ee\/wp-json\/wp\/v2\/product_cat?post=12431"},{"taxonomy":"product_tag","embeddable":true,"href":"https:\/\/tavieta.lt\/ee\/wp-json\/wp\/v2\/product_tag?post=12431"}],"curies":[{"name":"t\u00f6\u00f6leht","href":"https:\/\/api.w.org\/{rel}","templated":true}]}}