{"id":12432,"date":"2024-02-07T08:30:43","date_gmt":"2024-02-07T08:30:43","guid":{"rendered":"http:\/\/tavieta.lt\/produktas\/vezimelis-knygoms-david\/"},"modified":"2024-02-07T08:30:47","modified_gmt":"2024-02-07T08:30:47","slug":"vezimelis-knygoms-david","status":"publish","type":"product","link":"https:\/\/tavieta.lt\/ee\/toode\/vezimelis-knygoms-david\/","title":{"rendered":"Raamatuk\u00e4ru David"},"content":{"rendered":"<p><span style=\"color: #000000;\">Davidi raamatuk\u00e4ru on uut t\u00fc\u00fcpi k\u00e4ru, mis p\u00f5hineb Goliath boger cart&#039;i kontseptsioonil. Davidi raamatukoguk\u00e4ru on aga kitsam, mist\u00f5ttu sobib see kitsamatesse raamatukoguruumidesse. Vankriga on v\u00e4ga lihtne man\u00f6\u00f6verdada. K\u00e4ru suureks eeliseks on kergelt kaldus olevad metallriiulid, mis ei lase raamatutel transportimisel riiulitelt v\u00e4lja kukkuda. Lisaks on v\u00f5imalik paigutada kaks riiulit vabasse asendisse t\u00e4iesti sirgelt v\u00f5i kahel riiulitasandil.\u00a0<\/span><\/p>\n<p><span style=\"color: #000000;\">K\u00e4ru m\u00f5\u00f5dud: k\u00f5rgus 730mm, laius 700mm, s\u00fcgavus 400mm, ratta l\u00e4bim\u00f5\u00f5t 100mm.<\/span><\/p>\n<table style=\"width: 50.07142857142857%; height: 112px;\" cellspacing=\"0\" cellpadding=\"0\">\n<tbody>\n<tr>\n<td style=\"text-align: center;\" valign=\"top\">\n<p><strong><span style=\"color: #000000;\">Kood<\/span><\/strong><\/p>\n<\/td>\n<td style=\"text-align: center;\" valign=\"top\">\n<p><strong><span style=\"color: #000000;\">Kirjeldus\u00a0<\/span><\/strong><\/p>\n<\/td>\n<td style=\"text-align: center;\" valign=\"top\">\n<p><strong><span style=\"color: #000000;\">Kogus\u00a0<\/span><\/strong><\/p>\n<\/td>\n<\/tr>\n<tr>\n<td style=\"text-align: center;\" valign=\"top\">\n<p><span style=\"color: #000000;\">40085e<\/span><\/p>\n<\/td>\n<td style=\"text-align: center;\" valign=\"top\">\n<p><span style=\"color: #000000;\">David<\/span><\/p>\n<\/td>\n<td style=\"text-align: center;\" valign=\"top\">\n<p><span style=\"color: #000000;\">1 tk.<\/span><\/p>\n<\/td>\n<\/tr>\n<\/tbody>\n<\/table>\n<div id=\"gtx-trans\" style=\"position: absolute; left: 79px; top: 37px;\">\n<div class=\"gtx-trans-icon\"><\/div>\n<\/div>","protected":false},"excerpt":{"rendered":"<p>K\u00e4ru raamatukogudele David<\/p>","protected":false},"featured_media":11325,"template":"","meta":[],"product_brand":[],"product_cat":[107,108],"product_tag":[],"class_list":{"0":"post-12432","1":"product","2":"type-product","3":"status-publish","4":"has-post-thumbnail","6":"product_cat-baldai","7":"product_cat-vezimeliai-knygoms","9":"first","10":"outofstock","11":"product-type-simple"},"_links":{"self":[{"href":"https:\/\/tavieta.lt\/ee\/wp-json\/wp\/v2\/product\/12432","targetHints":{"allow":["GET"]}}],"collection":[{"href":"https:\/\/tavieta.lt\/ee\/wp-json\/wp\/v2\/product"}],"about":[{"href":"https:\/\/tavieta.lt\/ee\/wp-json\/wp\/v2\/types\/product"}],"wp:featuredmedia":[{"embeddable":true,"href":"https:\/\/tavieta.lt\/ee\/wp-json\/wp\/v2\/media\/11325"}],"wp:attachment":[{"href":"https:\/\/tavieta.lt\/ee\/wp-json\/wp\/v2\/media?parent=12432"}],"wp:term":[{"taxonomy":"product_brand","embeddable":true,"href":"https:\/\/tavieta.lt\/ee\/wp-json\/wp\/v2\/product_brand?post=12432"},{"taxonomy":"product_cat","embeddable":true,"href":"https:\/\/tavieta.lt\/ee\/wp-json\/wp\/v2\/product_cat?post=12432"},{"taxonomy":"product_tag","embeddable":true,"href":"https:\/\/tavieta.lt\/ee\/wp-json\/wp\/v2\/product_tag?post=12432"}],"curies":[{"name":"t\u00f6\u00f6leht","href":"https:\/\/api.w.org\/{rel}","templated":true}]}}