{"id":12435,"date":"2024-02-07T08:30:43","date_gmt":"2024-02-07T08:30:43","guid":{"rendered":"http:\/\/tavieta.lt\/produktas\/vezimelis-knygoms-gotland-plus\/"},"modified":"2024-02-07T08:30:48","modified_gmt":"2024-02-07T08:30:48","slug":"vezimelis-knygoms-gotland-plus","status":"publish","type":"product","link":"https:\/\/tavieta.lt\/ee\/toode\/vezimelis-knygoms-gotland-plus\/","title":{"rendered":"Raamatuk\u00e4ru Gotland Plus"},"content":{"rendered":"<p>Raamatuk\u00e4ru Gotland Plus<\/p>\n<p><span style=\"color: #000000;\">V\u00e4ike, kuid mahukas, funktsionaalne kahepoolne raamatuk\u00e4ru tagaplaadi ja kuue reguleeritava riiuliga (kokku 8 riiulit)<\/span><\/p>\n<p><span style=\"color: #000000;\">Mahutavus: umbes 135-150 raamatut; Suurus: laius 665 x s\u00fcgavus 430 x k\u00f5rgus 1090 mm. Riiuli s\u00fcgavus 220 mm.\u00a0<\/span><\/p>\n<p><span style=\"color: #000000;\">Materjal: v\u00e4rvitud metallraam. Tagapaneel, k\u00fcljepaneelid ja riiulid on valmistatud lakitud p\u00f6\u00f6givineerist.<\/span><\/p>\n<p><span style=\"color: #000000;\">Rattad: 125 mm, 2 ratast piduriga.<\/span><\/p>\n<table style=\"width: 53.18681318681319%; height: 176px;\" cellspacing=\"0\" cellpadding=\"0\">\n<tbody>\n<tr>\n<td style=\"text-align: center;\" valign=\"top\">\n<p><strong><span style=\"color: #000000;\">Kood<\/span><\/strong><\/p>\n<\/td>\n<td style=\"text-align: center;\" valign=\"top\">\n<p><strong><span style=\"color: #000000;\">Kirjeldus<\/span><\/strong><\/p>\n<\/td>\n<td style=\"text-align: center;\" valign=\"top\">\n<p><strong><span style=\"color: #000000;\">Kogus<\/span><\/strong><\/p>\n<\/td>\n<\/tr>\n<tr>\n<td style=\"text-align: center;\" valign=\"top\">\n<p><span style=\"color: #000000;\">04613<\/span><\/p>\n<\/td>\n<td style=\"text-align: center;\" valign=\"top\">\n<p><span style=\"color: #000000;\">Valge<\/span><\/p>\n<\/td>\n<td style=\"text-align: center;\" valign=\"top\">\n<p><span style=\"color: #000000;\">1 tk.<\/span><\/p>\n<\/td>\n<\/tr>\n<tr>\n<td style=\"text-align: center;\" valign=\"top\">\n<p><span style=\"color: #000000;\">04614<\/span><\/p>\n<\/td>\n<td style=\"text-align: center;\" valign=\"top\">\n<p><span style=\"color: #000000;\">Must<\/span><\/p>\n<\/td>\n<td style=\"text-align: center;\" valign=\"top\">\n<p><span style=\"color: #000000;\">1 tk.<\/span><\/p>\n<\/td>\n<\/tr>\n<\/tbody>\n<\/table>\n<div id=\"gtx-trans\" style=\"position: absolute; left: 79px; top: 37px;\">\n<div class=\"gtx-trans-icon\"><\/div>\n<\/div>","protected":false},"excerpt":{"rendered":"<p>Raamatuk\u00e4ru Gotland Plus<\/p>","protected":false},"featured_media":11331,"template":"","meta":[],"product_brand":[],"product_cat":[107,108],"product_tag":[],"class_list":{"0":"post-12435","1":"product","2":"type-product","3":"status-publish","4":"has-post-thumbnail","6":"product_cat-baldai","7":"product_cat-vezimeliai-knygoms","9":"first","10":"outofstock","11":"product-type-simple"},"_links":{"self":[{"href":"https:\/\/tavieta.lt\/ee\/wp-json\/wp\/v2\/product\/12435","targetHints":{"allow":["GET"]}}],"collection":[{"href":"https:\/\/tavieta.lt\/ee\/wp-json\/wp\/v2\/product"}],"about":[{"href":"https:\/\/tavieta.lt\/ee\/wp-json\/wp\/v2\/types\/product"}],"wp:featuredmedia":[{"embeddable":true,"href":"https:\/\/tavieta.lt\/ee\/wp-json\/wp\/v2\/media\/11331"}],"wp:attachment":[{"href":"https:\/\/tavieta.lt\/ee\/wp-json\/wp\/v2\/media?parent=12435"}],"wp:term":[{"taxonomy":"product_brand","embeddable":true,"href":"https:\/\/tavieta.lt\/ee\/wp-json\/wp\/v2\/product_brand?post=12435"},{"taxonomy":"product_cat","embeddable":true,"href":"https:\/\/tavieta.lt\/ee\/wp-json\/wp\/v2\/product_cat?post=12435"},{"taxonomy":"product_tag","embeddable":true,"href":"https:\/\/tavieta.lt\/ee\/wp-json\/wp\/v2\/product_tag?post=12435"}],"curies":[{"name":"t\u00f6\u00f6leht","href":"https:\/\/api.w.org\/{rel}","templated":true}]}}