{"id":12437,"date":"2024-02-07T08:30:43","date_gmt":"2024-02-07T08:30:43","guid":{"rendered":"http:\/\/tavieta.lt\/produktas\/lauko-spintele-knygoms-grazinti-maya\/"},"modified":"2024-02-07T08:30:49","modified_gmt":"2024-02-07T08:30:49","slug":"lauko-spintele-knygoms-grazinti-maya","status":"publish","type":"product","link":"https:\/\/tavieta.lt\/ee\/toode\/lauko-spintele-knygoms-grazinti-maya\/","title":{"rendered":"\u00d5ues asuv raamaturiiul Maya tagastamiseks"},"content":{"rendered":"<p><span style=\"color: #000000;\">V\u00e4listingimustes kasutatav raamatutagastuskapp Maya - lukustatav tagastuskapp v\u00e4litingimustes kasutamiseks. Sobib piiratud lahtiolekuaegadega raamatukogudele. Tagastuskapp on v\u00e4lja t\u00f6\u00f6tatud koost\u00f6\u00f6s m\u00f5ne Norra raamatukoguga. Varustatud liuguriga ning rataste ja k\u00e4epidemega kastiga. Kapp on v\u00e4ga raske! Veelgi suuremaks kaitseks varaste eest v\u00f5ite paigutada kapi p\u00f5hjale rasked paneelid. 24\/7; iga ilmaga.<\/span><\/p>\n<table style=\"width: 53.92885375494071%; height: 158px;\" cellspacing=\"0\" cellpadding=\"0\">\n<tbody>\n<tr>\n<td style=\"text-align: center;\" valign=\"top\">\n<p><strong><span style=\"color: #000000;\">Kood<\/span><\/strong><\/p>\n<\/td>\n<td style=\"text-align: center;\" valign=\"top\">\n<p><strong><span style=\"color: #000000;\">Kirjeldus<\/span><\/strong><\/p>\n<\/td>\n<td style=\"text-align: center;\" valign=\"top\">\n<p><strong><span style=\"color: #000000;\">Kogus<\/span><\/strong><\/p>\n<\/td>\n<\/tr>\n<tr>\n<td style=\"text-align: center;\" valign=\"top\">\n<p><span style=\"color: #000000;\">EB4253<\/span><\/p>\n<\/td>\n<td style=\"text-align: center;\" valign=\"top\">\n<p><span style=\"color: #000000;\">Kast MAYA\u00a0<\/span><\/p>\n<\/td>\n<td style=\"text-align: center;\" valign=\"top\">\n<p><span style=\"color: #000000;\">1 tk.<\/span><\/p>\n<\/td>\n<\/tr>\n<tr>\n<td style=\"text-align: center;\" valign=\"top\">\n<p><span style=\"color: #000000;\">EB42531<\/span><\/p>\n<\/td>\n<td style=\"text-align: center;\" valign=\"top\">\n<p><span style=\"color: #000000;\">Kapp koos karbiga<\/span><\/p>\n<\/td>\n<td style=\"text-align: center;\" valign=\"top\">\n<p><span style=\"color: #000000;\">1 tk.<\/span><\/p>\n<\/td>\n<\/tr>\n<\/tbody>\n<\/table>\n<div id=\"gtx-trans\" style=\"position: absolute; left: 79px; top: 37px;\">\n<div class=\"gtx-trans-icon\"><\/div>\n<\/div>","protected":false},"excerpt":{"rendered":"<p>\u00d5ues asuv raamaturiiul Maya tagastamiseks<\/p>","protected":false},"featured_media":11335,"template":"","meta":[],"product_brand":[],"product_cat":[107,109],"product_tag":[],"class_list":{"0":"post-12437","1":"product","2":"type-product","3":"status-publish","4":"has-post-thumbnail","6":"product_cat-baldai","7":"product_cat-knygu-grazinimo-dezes","9":"first","10":"outofstock","11":"product-type-simple"},"_links":{"self":[{"href":"https:\/\/tavieta.lt\/ee\/wp-json\/wp\/v2\/product\/12437","targetHints":{"allow":["GET"]}}],"collection":[{"href":"https:\/\/tavieta.lt\/ee\/wp-json\/wp\/v2\/product"}],"about":[{"href":"https:\/\/tavieta.lt\/ee\/wp-json\/wp\/v2\/types\/product"}],"wp:featuredmedia":[{"embeddable":true,"href":"https:\/\/tavieta.lt\/ee\/wp-json\/wp\/v2\/media\/11335"}],"wp:attachment":[{"href":"https:\/\/tavieta.lt\/ee\/wp-json\/wp\/v2\/media?parent=12437"}],"wp:term":[{"taxonomy":"product_brand","embeddable":true,"href":"https:\/\/tavieta.lt\/ee\/wp-json\/wp\/v2\/product_brand?post=12437"},{"taxonomy":"product_cat","embeddable":true,"href":"https:\/\/tavieta.lt\/ee\/wp-json\/wp\/v2\/product_cat?post=12437"},{"taxonomy":"product_tag","embeddable":true,"href":"https:\/\/tavieta.lt\/ee\/wp-json\/wp\/v2\/product_tag?post=12437"}],"curies":[{"name":"t\u00f6\u00f6leht","href":"https:\/\/api.w.org\/{rel}","templated":true}]}}