{"id":12440,"date":"2024-02-07T08:30:43","date_gmt":"2024-02-07T08:30:43","guid":{"rendered":"http:\/\/tavieta.lt\/produktas\/cleanmaster-lygaus-putplascio-trintukas\/"},"modified":"2024-02-07T08:30:51","modified_gmt":"2024-02-07T08:30:51","slug":"cleanmaster-lygaus-putplascio-trintukas","status":"publish","type":"product","link":"https:\/\/tavieta.lt\/ee\/toode\/cleanmaster-lygaus-putplascio-trintukas\/","title":{"rendered":"CleanMaster Smooth Foam Eraser"},"content":{"rendered":"<p>CleanMaster Smooth Foam Eraser<\/p>\n<p><span style=\"color: #000000;\">Sile vahtkumm, mis sobib ka k\u00f5ige \u00f5hemale paberile.<\/span><\/p>\n<p><span style=\"color: #000000;\">Paberkonservaatorid jahvatavad need kustutuskummid ka v\u00e4ikesteks osakesteks, tehes pulbri jooniste h\u00f5\u00f5rumiseks.<\/span><\/p>\n<p><span style=\"color: #000000;\">Uus Cleanmasteri valem tagab suurep\u00e4rase puhta puhastusv\u00f5imsuse minimaalse survega ja on PVC-vaba.<\/span><\/p>\n<table style=\"height: 116px; width: 70.93455515413294%; border-style: solid; border-color: #000000;\" cellspacing=\"0\" cellpadding=\"0\">\n<tbody>\n<tr style=\"height: 59px;\">\n<td style=\"height: 59px; border-style: solid; border-color: #000000; text-align: center;\" valign=\"top\">\n<p align=\"center\"><span style=\"color: #000000; font-size: 14px;\"><span style=\"font-family: Helvetica;\">Materjalid\u00a0<\/span><span style=\"font-family: Helvetica;\">kood<\/span><\/span><\/p>\n<\/td>\n<td style=\"height: 59px; border-style: solid; border-color: #000000; text-align: center;\" valign=\"top\">\n<p style=\"text-align: center;\"><span style=\"color: #000000; font-family: Helvetica; font-size: 14px;\">Kirjeldus<\/span><\/p>\n<\/td>\n<td style=\"height: 59px; border-style: solid; border-color: #000000; text-align: center;\" valign=\"top\">\n<p><span style=\"color: #000000; font-family: Helvetica; font-size: 14px;\">Pakendamine<\/span><\/p>\n<\/td>\n<\/tr>\n<tr style=\"height: 51px;\">\n<td style=\"height: 51px; border-style: solid; border-color: #000000;\" valign=\"top\">\n<p align=\"center\"><span style=\"color: #000000; font-family: Helvetica; font-size: 14px;\">40112<\/span><\/p>\n<\/td>\n<td style=\"height: 51px; border-style: solid; border-color: #000000;\" valign=\"top\">\n<p align=\"center\"><span style=\"color: #000000; font-size: 14px;\"><span style=\"font-family: Calibri;\"><b>CleanMaster <\/b><\/span><span style=\"font-family: Helvetica;\">\u2013<span class=\"Apple-converted-space\"> kustutuskumm<\/span><\/span><\/span><\/p>\n<\/td>\n<td style=\"height: 51px; border-style: solid; border-color: #000000; text-align: center;\" valign=\"top\">\n<p align=\"center\"><span style=\"color: #000000; font-size: 14px;\"><span style=\"font-family: Helvetica;\">1<\/span> tk<span style=\"font-family: Helvetica;\">. <\/span><\/span><\/p>\n<p align=\"center\"><span style=\"color: #000000; font-size: 14px;\"><span style=\"font-family: Helvetica;\">10<\/span> <span style=\"font-family: Helvetica;\">tk<\/span><\/span><\/p>\n<\/td>\n<\/tr>\n<\/tbody>\n<\/table>\n<div id=\"gtx-trans\" style=\"position: absolute; left: 79px; top: 37px;\">\n<div class=\"gtx-trans-icon\"><\/div>\n<\/div>","protected":false},"excerpt":{"rendered":"<p>CleanMaster Smooth Foam Eraser<\/p>","protected":false},"featured_media":11340,"template":"","meta":[],"product_brand":[],"product_cat":[102,110],"product_tag":[],"class_list":{"0":"post-12440","1":"product","2":"type-product","3":"status-publish","4":"has-post-thumbnail","6":"product_cat-knygu-taisymas-ir-prieziura","7":"product_cat-knygu-valymo-priemones","9":"first","10":"outofstock","11":"product-type-simple"},"_links":{"self":[{"href":"https:\/\/tavieta.lt\/ee\/wp-json\/wp\/v2\/product\/12440","targetHints":{"allow":["GET"]}}],"collection":[{"href":"https:\/\/tavieta.lt\/ee\/wp-json\/wp\/v2\/product"}],"about":[{"href":"https:\/\/tavieta.lt\/ee\/wp-json\/wp\/v2\/types\/product"}],"wp:featuredmedia":[{"embeddable":true,"href":"https:\/\/tavieta.lt\/ee\/wp-json\/wp\/v2\/media\/11340"}],"wp:attachment":[{"href":"https:\/\/tavieta.lt\/ee\/wp-json\/wp\/v2\/media?parent=12440"}],"wp:term":[{"taxonomy":"product_brand","embeddable":true,"href":"https:\/\/tavieta.lt\/ee\/wp-json\/wp\/v2\/product_brand?post=12440"},{"taxonomy":"product_cat","embeddable":true,"href":"https:\/\/tavieta.lt\/ee\/wp-json\/wp\/v2\/product_cat?post=12440"},{"taxonomy":"product_tag","embeddable":true,"href":"https:\/\/tavieta.lt\/ee\/wp-json\/wp\/v2\/product_tag?post=12440"}],"curies":[{"name":"t\u00f6\u00f6leht","href":"https:\/\/api.w.org\/{rel}","templated":true}]}}