{"id":12441,"date":"2024-02-07T08:30:43","date_gmt":"2024-02-07T08:30:43","guid":{"rendered":"http:\/\/tavieta.lt\/produktas\/absorene-nesvarumu-trintukas-ir-valiklis\/"},"modified":"2024-02-07T08:30:51","modified_gmt":"2024-02-07T08:30:51","slug":"absorene-nesvarumu-trintukas-ir-valiklis","status":"publish","type":"product","link":"https:\/\/tavieta.lt\/ee\/toode\/absorene-nesvarumu-trintukas-ir-valiklis\/","title":{"rendered":"Absorene - mustuse eemaldaja ja puhastusvahend"},"content":{"rendered":"<p>Absorene - mustuse eemaldaja ja puhastusvahend<\/p>\n<p><span style=\"font-size: 16px; color: #000000;\">Mustuse kustutuskumm (B) \u2013 raamatukaante ja servade puhastamiseks. Sobib suurep\u00e4raselt raamaturiiulite ning teleri- ja arvutiekraanide puhastamiseks. Keemiliselt t\u00f6\u00f6deldud vulkaniseeritud kummist k\u00e4sn.<\/span><\/p>\n<p><span style=\"font-size: 16px; color: #000000;\">M\u00f5\u00f5dud: 15 x 7,5 x 2 cm.<\/span><\/p>\n<p><span style=\"font-size: 16px; color: #000000;\">Book Cleaner (A) - eemaldab mustuse, raamatutesse j\u00e4\u00e4nud j\u00e4ljed. S\u00f5tku k\u00e4es pehmeks ja kasuta kustutuskummina.<\/span><\/p>\n<table style=\"width: 55.5787037037037%; height: 97px;\" cellspacing=\"0\" cellpadding=\"0\">\n<tbody>\n<tr>\n<td style=\"text-align: center;\" valign=\"top\">\n<p><span style=\"color: #000000;\"><strong><span style=\"font-size: 16px;\">Kood<\/span><\/strong><\/span><\/p>\n<\/td>\n<td style=\"text-align: center;\" valign=\"top\">\n<p><span style=\"color: #000000;\"><strong><span style=\"font-size: 16px;\">Kirjeldus<\/span><\/strong><\/span><\/p>\n<\/td>\n<td style=\"text-align: center;\" valign=\"top\">\n<p><span style=\"color: #000000;\"><strong><span style=\"font-size: 16px;\">Kogus<\/span><\/strong><\/span><\/p>\n<\/td>\n<\/tr>\n<tr>\n<td style=\"text-align: center;\" valign=\"top\">\n<p><span style=\"font-size: 16px; color: #000000;\">BR234001 <\/span><\/p>\n<p><span style=\"font-size: 16px; color: #000000;\">BR233001<\/span><\/p>\n<\/td>\n<td style=\"text-align: center;\" valign=\"top\">\n<p><span style=\"font-size: 16px; color: #000000;\">Dirt Eraser - kustutuskumm<\/span><\/p>\n<p><span style=\"font-size: 16px; color: #000000;\">Book Cleaner - k\u00e4sn<\/span><\/p>\n<\/td>\n<td style=\"text-align: center;\" valign=\"top\">\n<p><span style=\"font-size: 16px; color: #000000;\">1 tk.<\/span><\/p>\n<p><span style=\"font-size: 16px; color: #000000;\">1 tk.<\/span><\/p>\n<\/td>\n<\/tr>\n<\/tbody>\n<\/table>\n<div id=\"gtx-trans\" style=\"position: absolute; left: 79px; top: 37px;\">\n<div class=\"gtx-trans-icon\"><\/div>\n<\/div>","protected":false},"excerpt":{"rendered":"<p>Absorene - mustuse eemaldaja ja puhastusvahend<\/p>","protected":false},"featured_media":11342,"template":"","meta":[],"product_brand":[],"product_cat":[102,110],"product_tag":[],"class_list":{"0":"post-12441","1":"product","2":"type-product","3":"status-publish","4":"has-post-thumbnail","6":"product_cat-knygu-taisymas-ir-prieziura","7":"product_cat-knygu-valymo-priemones","9":"first","10":"outofstock","11":"product-type-simple"},"_links":{"self":[{"href":"https:\/\/tavieta.lt\/ee\/wp-json\/wp\/v2\/product\/12441","targetHints":{"allow":["GET"]}}],"collection":[{"href":"https:\/\/tavieta.lt\/ee\/wp-json\/wp\/v2\/product"}],"about":[{"href":"https:\/\/tavieta.lt\/ee\/wp-json\/wp\/v2\/types\/product"}],"wp:featuredmedia":[{"embeddable":true,"href":"https:\/\/tavieta.lt\/ee\/wp-json\/wp\/v2\/media\/11342"}],"wp:attachment":[{"href":"https:\/\/tavieta.lt\/ee\/wp-json\/wp\/v2\/media?parent=12441"}],"wp:term":[{"taxonomy":"product_brand","embeddable":true,"href":"https:\/\/tavieta.lt\/ee\/wp-json\/wp\/v2\/product_brand?post=12441"},{"taxonomy":"product_cat","embeddable":true,"href":"https:\/\/tavieta.lt\/ee\/wp-json\/wp\/v2\/product_cat?post=12441"},{"taxonomy":"product_tag","embeddable":true,"href":"https:\/\/tavieta.lt\/ee\/wp-json\/wp\/v2\/product_tag?post=12441"}],"curies":[{"name":"t\u00f6\u00f6leht","href":"https:\/\/api.w.org\/{rel}","templated":true}]}}