{"id":12442,"date":"2024-02-07T08:30:43","date_gmt":"2024-02-07T08:30:43","guid":{"rendered":"http:\/\/tavieta.lt\/produktas\/groomstick-trintukas\/"},"modified":"2024-02-07T08:30:52","modified_gmt":"2024-02-07T08:30:52","slug":"groomstick-trintukas","status":"publish","type":"product","link":"https:\/\/tavieta.lt\/ee\/toode\/groomstick-trintukas\/","title":{"rendered":"Groomstick kustutuskumm puhastamiseks"},"content":{"rendered":"<p>Groomstick kustutuskumm puhastamiseks<\/p>\n<p><span style=\"color: #000000;\">Selle looduslikust kummist s\u00f5tkutava &quot;molekulil\u00f5ksu&quot; kasutamine on \u00e4\u00e4rmiselt t\u00f5hus<span class=\"Apple-converted-space\">\u00a0 <\/span>oma dokumendid keemiliselt puhastada. Grafiit, s\u00fcsi, kriit, v\u00e4rvipliiatsid, kuivpulberv\u00e4rvid, hallitus, tolm, mustus ja rasv on vaid m\u00f5ned paljudest materjalidest, mis eemaldatakse pinnalt puhtalt ja<span class=\"Apple-converted-space\">\u00a0 <\/span>hoitakse &quot;molekulil\u00f5ksus&quot;.<\/span><\/p>\n<p><span style=\"color: #000000;\">Erinevalt paljudest teistest kustutuskummidest ei h\u00f5\u00f5ru Groom\/Stick maha, ei m\u00e4\u00e4ri, ei tuhmu ega j\u00e4\u00e4 selle k\u00fclge prahti. Kasutage ka k\u00e4te ja s\u00f5rmede \u00f5li eemaldamiseks enne \u00f5rna t\u00f6\u00f6 tegemist. P\u00fcsib pidevana ja kogu ulatuses korduvkasutatavana.<\/span><\/p>\n<p>&nbsp;<\/p>\n<table style=\"border-style: solid; border-color: #000000; width: 51.95867824781801%; height: 96px;\" cellspacing=\"0\" cellpadding=\"0\">\n<tbody>\n<tr style=\"height: 56px;\">\n<td style=\"border-style: solid; border-color: #000000; width: 43.54838709677419%; height: 56px; text-align: center;\" valign=\"top\">\n<p><span style=\"color: #111111; font-family: Helvetica; font-size: 14px;\">Materjali kood<\/span><\/p>\n<\/td>\n<td style=\"border-style: solid; border-color: #000000; width: 33.87096774193548%; height: 56px; text-align: center;\" valign=\"top\">\n<p><span style=\"color: #111111; font-family: Helvetica; font-size: 14px;\"> Kirjeldus <\/span><\/p>\n<\/td>\n<td style=\"border-style: solid; border-color: #000000; width: 20.967741935483872%; height: 56px; text-align: center;\" valign=\"top\">\n<p><span style=\"color: #111111; font-family: Helvetica; font-size: 14px;\">Pakendamine<\/span><\/p>\n<\/td>\n<\/tr>\n<tr style=\"height: 56px;\">\n<td style=\"border-style: solid; border-color: #000000; width: 43.54838709677419%; height: 44px; text-align: center;\" valign=\"top\">\n<p><span style=\"color: #111111; font-family: Helvetica; font-size: 14px;\">BR198001<\/span><\/p>\n<\/td>\n<td style=\"border-style: solid; border-color: #000000; width: 33.87096774193548%; height: 44px; text-align: center;\" valign=\"top\">\n<p><span style=\"color: #111111; font-family: Calibri; font-size: 14px;\"><b><span class=\"Apple-converted-space\">\u00a0\u00a0 <\/span>Groomstick<\/b><\/span><\/p>\n<\/td>\n<td style=\"border-style: solid; border-color: #000000; width: 20.967741935483872%; height: 44px; text-align: center;\" valign=\"top\">\n<p align=\"center\"><span style=\"color: #111111; font-family: Helvetica; font-size: 14px;\">1 tk.<\/span><\/p>\n<\/td>\n<\/tr>\n<\/tbody>\n<\/table>\n<div id=\"gtx-trans\" style=\"position: absolute; left: 79px; top: 37px;\">\n<div class=\"gtx-trans-icon\"><\/div>\n<\/div>","protected":false},"excerpt":{"rendered":"<p>Groomstick kustutuskumm puhastamiseks<\/p>","protected":false},"featured_media":11344,"template":"","meta":[],"product_brand":[],"product_cat":[102,110],"product_tag":[],"class_list":{"0":"post-12442","1":"product","2":"type-product","3":"status-publish","4":"has-post-thumbnail","6":"product_cat-knygu-taisymas-ir-prieziura","7":"product_cat-knygu-valymo-priemones","9":"first","10":"outofstock","11":"product-type-simple"},"_links":{"self":[{"href":"https:\/\/tavieta.lt\/ee\/wp-json\/wp\/v2\/product\/12442","targetHints":{"allow":["GET"]}}],"collection":[{"href":"https:\/\/tavieta.lt\/ee\/wp-json\/wp\/v2\/product"}],"about":[{"href":"https:\/\/tavieta.lt\/ee\/wp-json\/wp\/v2\/types\/product"}],"wp:featuredmedia":[{"embeddable":true,"href":"https:\/\/tavieta.lt\/ee\/wp-json\/wp\/v2\/media\/11344"}],"wp:attachment":[{"href":"https:\/\/tavieta.lt\/ee\/wp-json\/wp\/v2\/media?parent=12442"}],"wp:term":[{"taxonomy":"product_brand","embeddable":true,"href":"https:\/\/tavieta.lt\/ee\/wp-json\/wp\/v2\/product_brand?post=12442"},{"taxonomy":"product_cat","embeddable":true,"href":"https:\/\/tavieta.lt\/ee\/wp-json\/wp\/v2\/product_cat?post=12442"},{"taxonomy":"product_tag","embeddable":true,"href":"https:\/\/tavieta.lt\/ee\/wp-json\/wp\/v2\/product_tag?post=12442"}],"curies":[{"name":"t\u00f6\u00f6leht","href":"https:\/\/api.w.org\/{rel}","templated":true}]}}