{"id":12444,"date":"2024-02-07T08:30:43","date_gmt":"2024-02-07T08:30:43","guid":{"rendered":"http:\/\/tavieta.lt\/produktas\/pulvisina-knygu-valymo-masina\/"},"modified":"2024-02-07T08:30:53","modified_gmt":"2024-02-07T08:30:53","slug":"pulvisina-knygu-valymo-masina","status":"publish","type":"product","link":"https:\/\/tavieta.lt\/ee\/toode\/pulvisina-knygu-valymo-masina\/","title":{"rendered":"Pulvisina raamatupuhastusmasin"},"content":{"rendered":"<p>Pulvisina raamatupuhastusmasin<\/p>\n<p><span style=\"color: #000000; font-size: 16px;\">Pulvisina\u00ae on v\u00e4iksem ja kergem raamatupuhastusmasin. Seda saab asetada igale raamatukogu lauale v\u00f5i kombineerida reguleeritava k\u00f5rgusega t\u00f6\u00f6asendiga k\u00e4ruga. Masin on ette n\u00e4htud konserveerimisvahendiks kollektsiooni puhastamiseks enne rentimist ja tagastamist. Suurep\u00e4rane lahendus raamatukoguhoidjatele, kellel pole Depulvera\u00ae jaoks ruumi ega raha. Operaator peab raamatu t\u00fchjendamiseks tegema kolm sammu.<\/span><\/p>\n<table style=\"width: 87.35452119781012%; height: 79px;\">\n<tbody>\n<tr>\n<td style=\"width: 24.647887323943664%;\">\n<p style=\"text-align: center;\"><strong><span style=\"color: #000000; font-size: 16px;\">Kood<\/span><\/strong><\/p>\n<\/td>\n<td style=\"width: 46.478873239436616%; text-align: center;\">\n<p><strong><span style=\"color: #000000; font-size: 16px;\">Kirjeldus<\/span><\/strong><\/p>\n<\/td>\n<td style=\"width: 21.12676056338028%; text-align: center;\">\n<p><strong><span style=\"color: #000000; font-size: 16px;\">Kogus<\/span><\/strong><\/p>\n<\/td>\n<\/tr>\n<tr>\n<td style=\"width: 24.647887323943664%; text-align: center;\">\n<p><span style=\"color: #000000; font-size: 16px;\">OR007<\/span><\/p>\n<\/td>\n<td style=\"width: 46.478873239436616%; text-align: center;\">\n<p><span style=\"color: #000000; font-size: 16px;\">Pulvisina<\/span><\/p>\n<\/td>\n<td style=\"width: 21.12676056338028%; text-align: center;\">\n<p><span style=\"color: #000000; font-size: 16px;\">1 tk.<\/span><\/p>\n<\/td>\n<\/tr>\n<tr>\n<td style=\"width: 24.647887323943664%; text-align: center;\">\n<p><span style=\"color: #000000; font-size: 16px;\">OR00S<\/span><\/p>\n<\/td>\n<td style=\"width: 46.478873239436616%; text-align: center;\">\n<p><span style=\"color: #000000; font-size: 16px;\">Ergo ratastool<\/span><\/p>\n<\/td>\n<td style=\"width: 21.12676056338028%; text-align: center;\">\n<p><span style=\"color: #000000; font-size: 16px;\">1 tk.<\/span><\/p>\n<\/td>\n<\/tr>\n<\/tbody>\n<\/table>\n<p style=\"text-align: left;\"><strong><span style=\"color: #000000; font-size: 16px;\">Tehnilised andmed<\/span><\/strong><\/p>\n<p><span style=\"color: #000000; font-size: 16px;\">Raamatu maksimaalsed m\u00f5\u00f5tmed: 100 x 300 x 330 mm\u00a0<\/span><\/p>\n<p><span style=\"color: #000000; font-size: 16px;\">Seadme m\u00f5\u00f5dud: 454 x 580 x 634 mm<\/span><\/p>\n<p><span style=\"color: #000000; font-size: 16px;\">Kaal: 29 kg<\/span><\/p>\n\n<p>&nbsp;<\/p>\n<div id=\"gtx-trans\" style=\"position: absolute; left: 79px; top: 37px;\">\n<div class=\"gtx-trans-icon\"><\/div>\n<\/div>","protected":false},"excerpt":{"rendered":"<p>Pulvisina raamatupuhastusmasin<\/p>","protected":false},"featured_media":11347,"template":"","meta":[],"product_brand":[],"product_cat":[112],"product_tag":[],"class_list":{"0":"post-12444","1":"product","2":"type-product","3":"status-publish","4":"has-post-thumbnail","6":"product_cat-dulkiu-valymo-iranga","8":"first","9":"outofstock","10":"product-type-simple"},"_links":{"self":[{"href":"https:\/\/tavieta.lt\/ee\/wp-json\/wp\/v2\/product\/12444","targetHints":{"allow":["GET"]}}],"collection":[{"href":"https:\/\/tavieta.lt\/ee\/wp-json\/wp\/v2\/product"}],"about":[{"href":"https:\/\/tavieta.lt\/ee\/wp-json\/wp\/v2\/types\/product"}],"wp:featuredmedia":[{"embeddable":true,"href":"https:\/\/tavieta.lt\/ee\/wp-json\/wp\/v2\/media\/11347"}],"wp:attachment":[{"href":"https:\/\/tavieta.lt\/ee\/wp-json\/wp\/v2\/media?parent=12444"}],"wp:term":[{"taxonomy":"product_brand","embeddable":true,"href":"https:\/\/tavieta.lt\/ee\/wp-json\/wp\/v2\/product_brand?post=12444"},{"taxonomy":"product_cat","embeddable":true,"href":"https:\/\/tavieta.lt\/ee\/wp-json\/wp\/v2\/product_cat?post=12444"},{"taxonomy":"product_tag","embeddable":true,"href":"https:\/\/tavieta.lt\/ee\/wp-json\/wp\/v2\/product_tag?post=12444"}],"curies":[{"name":"t\u00f6\u00f6leht","href":"https:\/\/api.w.org\/{rel}","templated":true}]}}