{"id":12448,"date":"2024-02-07T08:30:57","date_gmt":"2024-02-07T08:30:57","guid":{"rendered":"http:\/\/tavieta.lt\/produktas\/biblioteku-laipteliai-steptwo\/"},"modified":"2024-02-07T08:30:58","modified_gmt":"2024-02-07T08:30:58","slug":"biblioteku-laipteliai-steptwo","status":"publish","type":"product","link":"https:\/\/tavieta.lt\/ee\/toode\/biblioteku-laipteliai-steptwo\/","title":{"rendered":"Raamatukogu sammud Teine samm"},"content":{"rendered":"<p>Raamatukogu sammud Teine samm<\/p>\n<p><span style=\"color: #000000;\">Praktiline, mugav ratastel raamatukoguredel v\u00e4iksemas formaadis. Selle disainiga alus on tugeva toega ja seda on lihtne hoida ka seistes.<\/span><\/p>\n<p><span style=\"color: #000000;\">Trepi suurus: laius.340 x s\u00fcgavus 280\/190 mm. (allpool);\u00a0<\/span><\/p>\n<p><span style=\"color: #000000;\">Astme kogum\u00f5\u00f5t: 440 mm.\u00a0<\/span><\/p>\n<p><span style=\"color: #000000;\">Materjal: lakitud metall.\u00a0<\/span><\/p>\n<p><span style=\"color: #000000;\">Trepp on t\u00e4ispuidust.<\/span><\/p>\n<p><span style=\"color: #000000;\">Rattad: l\u00e4bim\u00f5\u00f5t 125 mm.<\/span><\/p>\n<table style=\"width: 45.714285714285715%; height: 103px;\" cellspacing=\"0\" cellpadding=\"0\">\n<tbody>\n<tr>\n<td style=\"text-align: center;\" valign=\"top\">\n<p><strong><span style=\"color: #000000;\">Kood<\/span><\/strong><\/p>\n<\/td>\n<td style=\"text-align: center;\" valign=\"top\">\n<p><strong><span style=\"color: #000000;\">Kirjeldus<\/span><\/strong><\/p>\n<\/td>\n<td style=\"text-align: center;\" valign=\"top\">\n<p><strong><span style=\"color: #000000;\">Kogus<\/span><\/strong><\/p>\n<\/td>\n<\/tr>\n<tr>\n<td style=\"text-align: center;\" valign=\"top\">\n<p><span style=\"color: #000000;\">EB4049<\/span><\/p>\n<\/td>\n<td style=\"text-align: center;\" valign=\"top\">\n<p><span style=\"color: #000000;\"><span style=\"caret-color: #000000;\">sammud<\/span><\/span><\/p>\n<\/td>\n<td style=\"text-align: center;\" valign=\"top\">\n<p><span style=\"color: #000000;\">1 tk.<\/span><\/p>\n<\/td>\n<\/tr>\n<\/tbody>\n<\/table>\n<div id=\"gtx-trans\" style=\"position: absolute; left: 79px; top: 37px;\">\n<div class=\"gtx-trans-icon\"><\/div>\n<\/div>","protected":false},"excerpt":{"rendered":"<p>Raamatukogu sammud Teine samm<\/p>","protected":false},"featured_media":11355,"template":"","meta":[],"product_brand":[],"product_cat":[107],"product_tag":[],"class_list":{"0":"post-12448","1":"product","2":"type-product","3":"status-publish","4":"has-post-thumbnail","6":"product_cat-baldai","8":"first","9":"outofstock","10":"product-type-simple"},"_links":{"self":[{"href":"https:\/\/tavieta.lt\/ee\/wp-json\/wp\/v2\/product\/12448","targetHints":{"allow":["GET"]}}],"collection":[{"href":"https:\/\/tavieta.lt\/ee\/wp-json\/wp\/v2\/product"}],"about":[{"href":"https:\/\/tavieta.lt\/ee\/wp-json\/wp\/v2\/types\/product"}],"wp:featuredmedia":[{"embeddable":true,"href":"https:\/\/tavieta.lt\/ee\/wp-json\/wp\/v2\/media\/11355"}],"wp:attachment":[{"href":"https:\/\/tavieta.lt\/ee\/wp-json\/wp\/v2\/media?parent=12448"}],"wp:term":[{"taxonomy":"product_brand","embeddable":true,"href":"https:\/\/tavieta.lt\/ee\/wp-json\/wp\/v2\/product_brand?post=12448"},{"taxonomy":"product_cat","embeddable":true,"href":"https:\/\/tavieta.lt\/ee\/wp-json\/wp\/v2\/product_cat?post=12448"},{"taxonomy":"product_tag","embeddable":true,"href":"https:\/\/tavieta.lt\/ee\/wp-json\/wp\/v2\/product_tag?post=12448"}],"curies":[{"name":"t\u00f6\u00f6leht","href":"https:\/\/api.w.org\/{rel}","templated":true}]}}