{"id":12449,"date":"2024-02-07T08:30:57","date_gmt":"2024-02-07T08:30:57","guid":{"rendered":"http:\/\/tavieta.lt\/produktas\/knygu-stiprintojai-easyhold\/"},"modified":"2024-02-07T08:30:58","modified_gmt":"2024-02-07T08:30:58","slug":"knygu-stiprintojai-easyhold","status":"publish","type":"product","link":"https:\/\/tavieta.lt\/ee\/toode\/knygu-stiprintojai-easyhold\/","title":{"rendered":"Raamatutugevdajad EasyHold"},"content":{"rendered":"<p>Raamatutugevdajad EasyHold<\/p>\n<p>Ajakirjade selgroogudele, bro\u0161\u00fc\u00fcridele, noodilehtedele ja muudele hapratele materjalidele, mis on volditud, k\u00f6idetud v\u00f5i klammerdatud. valmistatud 2 kihist rebenemiskindlast pol\u00fcestrist. Mittehappeline, mittekollane.<\/p>\n<table width=\"879\">\n<tbody>\n<tr>\n<td style=\"text-align: center;\" width=\"116\">10202<\/td>\n<td style=\"text-align: center;\" width=\"313\">Raamatutugevdajad EasyHold\u00a0<\/td>\n<td style=\"text-align: center;\" width=\"273\">\u00a0<\/td>\n<td style=\"text-align: center;\" width=\"177\">250 tk<\/td>\n<\/tr>\n<\/tbody>\n<\/table>\n<div id=\"gtx-trans\" style=\"position: absolute; left: 79px; top: 37px;\">\n<div class=\"gtx-trans-icon\"><\/div>\n<\/div>","protected":false},"excerpt":{"rendered":"<p>Raamatutugevdajad EasyHold<\/p>","protected":false},"featured_media":11357,"template":"","meta":[],"product_brand":[],"product_cat":[102,103],"product_tag":[],"class_list":{"0":"post-12449","1":"product","2":"type-product","3":"status-publish","4":"has-post-thumbnail","6":"product_cat-knygu-taisymas-ir-prieziura","7":"product_cat-knygu-taisymo-juostos","9":"first","10":"outofstock","11":"product-type-simple"},"_links":{"self":[{"href":"https:\/\/tavieta.lt\/ee\/wp-json\/wp\/v2\/product\/12449","targetHints":{"allow":["GET"]}}],"collection":[{"href":"https:\/\/tavieta.lt\/ee\/wp-json\/wp\/v2\/product"}],"about":[{"href":"https:\/\/tavieta.lt\/ee\/wp-json\/wp\/v2\/types\/product"}],"wp:featuredmedia":[{"embeddable":true,"href":"https:\/\/tavieta.lt\/ee\/wp-json\/wp\/v2\/media\/11357"}],"wp:attachment":[{"href":"https:\/\/tavieta.lt\/ee\/wp-json\/wp\/v2\/media?parent=12449"}],"wp:term":[{"taxonomy":"product_brand","embeddable":true,"href":"https:\/\/tavieta.lt\/ee\/wp-json\/wp\/v2\/product_brand?post=12449"},{"taxonomy":"product_cat","embeddable":true,"href":"https:\/\/tavieta.lt\/ee\/wp-json\/wp\/v2\/product_cat?post=12449"},{"taxonomy":"product_tag","embeddable":true,"href":"https:\/\/tavieta.lt\/ee\/wp-json\/wp\/v2\/product_tag?post=12449"}],"curies":[{"name":"t\u00f6\u00f6leht","href":"https:\/\/api.w.org\/{rel}","templated":true}]}}