{"id":12452,"date":"2024-02-07T08:30:57","date_gmt":"2024-02-07T08:30:57","guid":{"rendered":"http:\/\/tavieta.lt\/produktas\/adaptaroll-knygu-aplankalai\/"},"modified":"2024-02-07T08:31:00","modified_gmt":"2024-02-07T08:31:00","slug":"adaptaroll-knygu-aplankalai","status":"publish","type":"product","link":"https:\/\/tavieta.lt\/ee\/toode\/adaptaroll-knygu-aplankalai\/","title":{"rendered":"Adaptaroll \u2013 raamatukaustad"},"content":{"rendered":"<p>Adaptaroll \u2013 raamatukaustad<\/p>\n<p>Lihtne peale kanda, \u00fcks serv on eelnevalt volditud, tehes poole kausta kinnitamise t\u00f6\u00f6st. Valmistatud 70 mikronist pol\u00fcprop\u00fcleenist, pideva kleeplindiga. Klaasi l\u00e4bipaistvus, l\u00e4ikiv viimistlus.<\/p>\n<table width=\"854\">\n<tbody>\n<tr>\n<td style=\"text-align: center;\" width=\"113\">GRA0982<\/td>\n<td style=\"text-align: center;\" rowspan=\"2\" width=\"304\">Adaptaroll \u2013 raamatukaustad<\/td>\n<td style=\"text-align: center;\" width=\"265\">25 x 23 cm<\/td>\n<td style=\"text-align: center;\" width=\"172\">1 tk<\/td>\n<\/tr>\n<tr>\n<td style=\"text-align: center;\">GRA0984<\/td>\n<td style=\"text-align: center;\">25 x 33 cm<\/td>\n<td style=\"text-align: center;\">1 tk<\/td>\n<\/tr>\n<\/tbody>\n<\/table>\n<div id=\"gtx-trans\" style=\"position: absolute; left: 79px; top: 37px;\">\n<div class=\"gtx-trans-icon\"><\/div>\n<\/div>","protected":false},"excerpt":{"rendered":"<p>Adaptaroll \u2013 raamatukaustad<\/p>","protected":false},"featured_media":11363,"template":"","meta":[],"product_brand":[],"product_cat":[102,104],"product_tag":[],"class_list":{"0":"post-12452","1":"product","2":"type-product","3":"status-publish","4":"has-post-thumbnail","6":"product_cat-knygu-taisymas-ir-prieziura","7":"product_cat-knygu-virseliu-apsauga","9":"first","10":"outofstock","11":"product-type-simple"},"_links":{"self":[{"href":"https:\/\/tavieta.lt\/ee\/wp-json\/wp\/v2\/product\/12452","targetHints":{"allow":["GET"]}}],"collection":[{"href":"https:\/\/tavieta.lt\/ee\/wp-json\/wp\/v2\/product"}],"about":[{"href":"https:\/\/tavieta.lt\/ee\/wp-json\/wp\/v2\/types\/product"}],"wp:featuredmedia":[{"embeddable":true,"href":"https:\/\/tavieta.lt\/ee\/wp-json\/wp\/v2\/media\/11363"}],"wp:attachment":[{"href":"https:\/\/tavieta.lt\/ee\/wp-json\/wp\/v2\/media?parent=12452"}],"wp:term":[{"taxonomy":"product_brand","embeddable":true,"href":"https:\/\/tavieta.lt\/ee\/wp-json\/wp\/v2\/product_brand?post=12452"},{"taxonomy":"product_cat","embeddable":true,"href":"https:\/\/tavieta.lt\/ee\/wp-json\/wp\/v2\/product_cat?post=12452"},{"taxonomy":"product_tag","embeddable":true,"href":"https:\/\/tavieta.lt\/ee\/wp-json\/wp\/v2\/product_tag?post=12452"}],"curies":[{"name":"t\u00f6\u00f6leht","href":"https:\/\/api.w.org\/{rel}","templated":true}]}}