{"id":12453,"date":"2024-02-07T08:30:57","date_gmt":"2024-02-07T08:30:57","guid":{"rendered":"http:\/\/tavieta.lt\/produktas\/ritineliu-dozatorius-pleveles-dozatorius\/"},"modified":"2024-02-07T08:31:00","modified_gmt":"2024-02-07T08:31:00","slug":"ritineliu-dozatorius-pleveles-dozatorius","status":"publish","type":"product","link":"https:\/\/tavieta.lt\/ee\/toode\/ritineliu-dozatorius-pleveles-dozatorius\/","title":{"rendered":"Rulldosaator \u2013 kilejaotur"},"content":{"rendered":"<p>Rulldosaator \u2013 kilejaotur<\/p>\n<p>Doseerimisseade meie valikus olevate kilede v\u00e4ljastamiseks. Eraldab ja v\u00e4ljastab kahest rullist korraga. Rulli laius kuni 51 cm, s\u00fcdamik 19 mm. Suur vahe kahe varda vahel v\u00f5imaldab h\u00f5lpsat doseerimist. Valmistatud melamiinist.<\/p>\n<table style=\"width: 41.168%;\" cellspacing=\"0\" cellpadding=\"0\">\n<tbody>\n<tr>\n<td style=\"width: 19.4301%; text-align: center;\" valign=\"top\">\n<p><strong>Kood<\/strong><\/p>\n<\/td>\n<td style=\"width: 66.0622%; text-align: center;\" valign=\"top\">\n<p><strong>Kirjeldus<\/strong><\/p>\n<\/td>\n<td style=\"width: 61.399%; text-align: center;\" valign=\"top\">\n<p><strong>Kogus<\/strong><\/p>\n<\/td>\n<\/tr>\n<tr>\n<td style=\"width: 19.4301%; text-align: center;\" valign=\"top\">\n<p>BR390011<\/p>\n<\/td>\n<td style=\"width: 66.0622%; text-align: center;\" valign=\"top\">\n<p>Rulldosaator \u2013 kilejaotur<\/p>\n<\/td>\n<td style=\"width: 61.399%; text-align: center;\" valign=\"top\">\n<p>1 tk.<\/p>\n<\/td>\n<\/tr>\n<\/tbody>\n<\/table>\n<div id=\"gtx-trans\" style=\"position: absolute; left: 79px; top: 37px;\">\n<div class=\"gtx-trans-icon\"><\/div>\n<\/div>","protected":false},"excerpt":{"rendered":"<p>Rulldosaator \u2013 kilejaotur<\/p>","protected":false},"featured_media":11365,"template":"","meta":[],"product_brand":[],"product_cat":[102,104],"product_tag":[],"class_list":{"0":"post-12453","1":"product","2":"type-product","3":"status-publish","4":"has-post-thumbnail","6":"product_cat-knygu-taisymas-ir-prieziura","7":"product_cat-knygu-virseliu-apsauga","9":"first","10":"outofstock","11":"product-type-simple"},"_links":{"self":[{"href":"https:\/\/tavieta.lt\/ee\/wp-json\/wp\/v2\/product\/12453","targetHints":{"allow":["GET"]}}],"collection":[{"href":"https:\/\/tavieta.lt\/ee\/wp-json\/wp\/v2\/product"}],"about":[{"href":"https:\/\/tavieta.lt\/ee\/wp-json\/wp\/v2\/types\/product"}],"wp:featuredmedia":[{"embeddable":true,"href":"https:\/\/tavieta.lt\/ee\/wp-json\/wp\/v2\/media\/11365"}],"wp:attachment":[{"href":"https:\/\/tavieta.lt\/ee\/wp-json\/wp\/v2\/media?parent=12453"}],"wp:term":[{"taxonomy":"product_brand","embeddable":true,"href":"https:\/\/tavieta.lt\/ee\/wp-json\/wp\/v2\/product_brand?post=12453"},{"taxonomy":"product_cat","embeddable":true,"href":"https:\/\/tavieta.lt\/ee\/wp-json\/wp\/v2\/product_cat?post=12453"},{"taxonomy":"product_tag","embeddable":true,"href":"https:\/\/tavieta.lt\/ee\/wp-json\/wp\/v2\/product_tag?post=12453"}],"curies":[{"name":"t\u00f6\u00f6leht","href":"https:\/\/api.w.org\/{rel}","templated":true}]}}