{"id":12456,"date":"2024-02-07T08:30:57","date_gmt":"2024-02-07T08:30:57","guid":{"rendered":"http:\/\/tavieta.lt\/produktas\/soft-polyp-skaidrios-tvirtinimo-juosteles\/"},"modified":"2024-02-07T08:31:47","modified_gmt":"2024-02-07T08:31:47","slug":"soft-polyp-skaidrios-tvirtinimo-juosteles","status":"publish","type":"product","link":"https:\/\/tavieta.lt\/ee\/toode\/soft-polyp-skaidrios-tvirtinimo-juosteles\/","title":{"rendered":"Soft PolyP \u2013 l\u00e4bipaistvad kinnitusribad"},"content":{"rendered":"<p>Soft PolyP \u2013 l\u00e4bipaistvad kinnitusribad<\/p>\n<p>L\u00e4bipaistvad kinnitusribad aitavad \u00f5rnalt, kuid kindlalt hoida vitriinraamatute avatud lehti. T\u00e4ielikult l\u00e4bipaistvad raamatuk\u00f6itmisribad on pehmed ja painduvad. L\u00f5ika lihtsalt soovitud pikkuseks, rulli ja kinnita arhiiviteibiga.<\/p>\n<table style=\"width: 87.6794%; height: 23px;\" width=\"879\">\n<tbody>\n<tr style=\"height: 23px;\">\n<td style=\"text-align: center; height: 23px;\" width=\"116\">GRD90717<\/td>\n<td style=\"height: 23px; text-align: center;\" width=\"313\">Soft PolyP \u2013 l\u00e4bipaistvad kinnitusribad<\/td>\n<td style=\"height: 23px; text-align: center;\" width=\"273\">25 mm x 250 m<\/td>\n<td style=\"height: 23px; text-align: center;\" width=\"177\">1 tk<\/td>\n<\/tr>\n<\/tbody>\n<\/table>\n<div id=\"gtx-trans\" style=\"position: absolute; left: 79px; top: 37px;\">\n<div class=\"gtx-trans-icon\"><\/div>\n<\/div>","protected":false},"excerpt":{"rendered":"<p>Soft PolyP \u2013 l\u00e4bipaistvad kinnitusribad<\/p>","protected":false},"featured_media":11370,"template":"","meta":[],"product_brand":[],"product_cat":[102,103],"product_tag":[],"class_list":{"0":"post-12456","1":"product","2":"type-product","3":"status-publish","4":"has-post-thumbnail","6":"product_cat-knygu-taisymas-ir-prieziura","7":"product_cat-knygu-taisymo-juostos","9":"first","10":"outofstock","11":"product-type-simple"},"_links":{"self":[{"href":"https:\/\/tavieta.lt\/ee\/wp-json\/wp\/v2\/product\/12456","targetHints":{"allow":["GET"]}}],"collection":[{"href":"https:\/\/tavieta.lt\/ee\/wp-json\/wp\/v2\/product"}],"about":[{"href":"https:\/\/tavieta.lt\/ee\/wp-json\/wp\/v2\/types\/product"}],"wp:featuredmedia":[{"embeddable":true,"href":"https:\/\/tavieta.lt\/ee\/wp-json\/wp\/v2\/media\/11370"}],"wp:attachment":[{"href":"https:\/\/tavieta.lt\/ee\/wp-json\/wp\/v2\/media?parent=12456"}],"wp:term":[{"taxonomy":"product_brand","embeddable":true,"href":"https:\/\/tavieta.lt\/ee\/wp-json\/wp\/v2\/product_brand?post=12456"},{"taxonomy":"product_cat","embeddable":true,"href":"https:\/\/tavieta.lt\/ee\/wp-json\/wp\/v2\/product_cat?post=12456"},{"taxonomy":"product_tag","embeddable":true,"href":"https:\/\/tavieta.lt\/ee\/wp-json\/wp\/v2\/product_tag?post=12456"}],"curies":[{"name":"t\u00f6\u00f6leht","href":"https:\/\/api.w.org\/{rel}","templated":true}]}}