{"id":12457,"date":"2024-02-07T08:30:57","date_gmt":"2024-02-07T08:30:57","guid":{"rendered":"http:\/\/tavieta.lt\/produktas\/simpli-1-lankstinuku-stovas\/"},"modified":"2024-02-07T08:31:47","modified_gmt":"2024-02-07T08:31:47","slug":"simpli-1-lankstinuku-stovas","status":"publish","type":"product","link":"https:\/\/tavieta.lt\/ee\/toode\/simpli-1-lankstinuku-stovas\/","title":{"rendered":"SIMPLI-1 infolehtede alus"},"content":{"rendered":"<p>SIMPLI-1 infolehtede alus<\/p>\n<p>Bro\u0161\u00fc\u00fcride alus, musta v\u00f5i h\u00f5bedase v\u00e4rviga stabiilne \u00fchepoolne alus bro\u0161\u00fc\u00fcride jaoks. Stendi \u00fclemine osa on mugav oma siltide v\u00f5i logode paigutamiseks. Kaal 10,95 kg.<\/p>\n<table width=\"879\">\n<tbody>\n<tr>\n<td style=\"text-align: center;\" width=\"116\">SBM0001<\/td>\n<td style=\"text-align: center;\" width=\"313\">SIMPLI-1 must\u00a0<\/td>\n<td style=\"text-align: center;\" width=\"273\">300 x 1640 x 330 mm<\/td>\n<td style=\"text-align: center;\" width=\"177\">1 tk<\/td>\n<\/tr>\n<tr>\n<td style=\"text-align: center;\">SBM0002<\/td>\n<td style=\"text-align: center;\">SIMPLI-1 h\u00f5be<\/td>\n<td style=\"text-align: center;\">300 x 1640 x 330 mm<\/td>\n<td style=\"text-align: center;\">1 tk<\/td>\n<\/tr>\n<\/tbody>\n<\/table>\n<div id=\"gtx-trans\" style=\"position: absolute; left: 79px; top: 37px;\">\n<div class=\"gtx-trans-icon\"><\/div>\n<\/div>","protected":false},"excerpt":{"rendered":"<p>SIMPLI-1 infolehtede alus<\/p>","protected":false},"featured_media":11372,"template":"","meta":[],"product_brand":[],"product_cat":[114],"product_tag":[],"class_list":{"0":"post-12457","1":"product","2":"type-product","3":"status-publish","4":"has-post-thumbnail","6":"product_cat-atramos-ir-stovai-knygoms","8":"first","9":"outofstock","10":"product-type-simple"},"_links":{"self":[{"href":"https:\/\/tavieta.lt\/ee\/wp-json\/wp\/v2\/product\/12457","targetHints":{"allow":["GET"]}}],"collection":[{"href":"https:\/\/tavieta.lt\/ee\/wp-json\/wp\/v2\/product"}],"about":[{"href":"https:\/\/tavieta.lt\/ee\/wp-json\/wp\/v2\/types\/product"}],"wp:featuredmedia":[{"embeddable":true,"href":"https:\/\/tavieta.lt\/ee\/wp-json\/wp\/v2\/media\/11372"}],"wp:attachment":[{"href":"https:\/\/tavieta.lt\/ee\/wp-json\/wp\/v2\/media?parent=12457"}],"wp:term":[{"taxonomy":"product_brand","embeddable":true,"href":"https:\/\/tavieta.lt\/ee\/wp-json\/wp\/v2\/product_brand?post=12457"},{"taxonomy":"product_cat","embeddable":true,"href":"https:\/\/tavieta.lt\/ee\/wp-json\/wp\/v2\/product_cat?post=12457"},{"taxonomy":"product_tag","embeddable":true,"href":"https:\/\/tavieta.lt\/ee\/wp-json\/wp\/v2\/product_tag?post=12457"}],"curies":[{"name":"t\u00f6\u00f6leht","href":"https:\/\/api.w.org\/{rel}","templated":true}]}}