{"id":12463,"date":"2024-02-07T08:30:57","date_gmt":"2024-02-07T08:30:57","guid":{"rendered":"http:\/\/tavieta.lt\/produktas\/lankstinuku-stovas-porti-1\/"},"modified":"2024-02-07T08:31:51","modified_gmt":"2024-02-07T08:31:51","slug":"lankstinuku-stovas-porti-1","status":"publish","type":"product","link":"https:\/\/tavieta.lt\/ee\/toode\/lankstinuku-stovas-porti-1\/","title":{"rendered":"Infolehtede alus PORTI-1"},"content":{"rendered":"<p>Infolehtede alus PORTI-1<\/p>\n<p>Kokkupandav bro\u0161\u00fc\u00fcri alus, must ja h\u00f5bedane. Kokkupandav mehhanism muudab selle liigutamise lihtsaks. Sektsioonide \u00f5ige kalle ja kujundus takistab voldimist v\u00f5i bro\u0161\u00fc\u00fcri materjalist v\u00e4ljakukkumist. Kaal: 7,75 kg. Kokkupandud statiivi suurus: 260 x 460 x 330 mm 4x A4.<\/p>\n<table width=\"879\">\n<tbody>\n<tr>\n<td style=\"text-align: center;\" width=\"116\">SBM0017<\/td>\n<td style=\"text-align: center;\" width=\"313\">Bro\u0161\u00fc\u00fcri alus PORTI-1 must<\/td>\n<td style=\"text-align: center;\" width=\"273\">260 x 1560 x 330 mm<\/td>\n<td style=\"text-align: center;\" width=\"177\">1 tk<\/td>\n<\/tr>\n<tr>\n<td style=\"text-align: center;\">SBM0018<\/td>\n<td style=\"text-align: center;\">Infolehe alus PORTI-1 h\u00f5bedane<\/td>\n<td style=\"text-align: center;\">260 x 1560 x 330 mm<\/td>\n<td style=\"text-align: center;\">1 tk<\/td>\n<\/tr>\n<\/tbody>\n<\/table>\n<div id=\"gtx-trans\" style=\"position: absolute; left: 79px; top: 37px;\">\n<div class=\"gtx-trans-icon\"><\/div>\n<\/div>","protected":false},"excerpt":{"rendered":"<p>Infolehe alus PORTI-0<\/p>","protected":false},"featured_media":11384,"template":"","meta":[],"product_brand":[],"product_cat":[114],"product_tag":[],"class_list":{"0":"post-12463","1":"product","2":"type-product","3":"status-publish","4":"has-post-thumbnail","6":"product_cat-atramos-ir-stovai-knygoms","8":"first","9":"outofstock","10":"product-type-simple"},"_links":{"self":[{"href":"https:\/\/tavieta.lt\/ee\/wp-json\/wp\/v2\/product\/12463","targetHints":{"allow":["GET"]}}],"collection":[{"href":"https:\/\/tavieta.lt\/ee\/wp-json\/wp\/v2\/product"}],"about":[{"href":"https:\/\/tavieta.lt\/ee\/wp-json\/wp\/v2\/types\/product"}],"wp:featuredmedia":[{"embeddable":true,"href":"https:\/\/tavieta.lt\/ee\/wp-json\/wp\/v2\/media\/11384"}],"wp:attachment":[{"href":"https:\/\/tavieta.lt\/ee\/wp-json\/wp\/v2\/media?parent=12463"}],"wp:term":[{"taxonomy":"product_brand","embeddable":true,"href":"https:\/\/tavieta.lt\/ee\/wp-json\/wp\/v2\/product_brand?post=12463"},{"taxonomy":"product_cat","embeddable":true,"href":"https:\/\/tavieta.lt\/ee\/wp-json\/wp\/v2\/product_cat?post=12463"},{"taxonomy":"product_tag","embeddable":true,"href":"https:\/\/tavieta.lt\/ee\/wp-json\/wp\/v2\/product_tag?post=12463"}],"curies":[{"name":"t\u00f6\u00f6leht","href":"https:\/\/api.w.org\/{rel}","templated":true}]}}