{"id":12465,"date":"2024-02-07T08:30:57","date_gmt":"2024-02-07T08:30:57","guid":{"rendered":"http:\/\/tavieta.lt\/produktas\/lankstinuku-stovas-stendi-2\/"},"modified":"2024-02-07T08:31:52","modified_gmt":"2024-02-07T08:31:52","slug":"lankstinuku-stovas-stendi-2","status":"publish","type":"product","link":"https:\/\/tavieta.lt\/ee\/toode\/lankstinuku-stovas-stendi-2\/","title":{"rendered":"Infolehtede alus STENDI-2"},"content":{"rendered":"<p>Infolehtede alus STENDI-2<\/p>\n<p>Mobiilsed metallist voldikalused nelja riiuli ja vaheseinaga logo jaoks. Riiulid on perforeeritud. Ratastel on pidur, mis tagab liikumise. Kaal: 16,20 kg.<\/p>\n<table width=\"879\">\n<tbody>\n<tr>\n<td style=\"text-align: center;\" width=\"116\">SBM0021<\/td>\n<td style=\"text-align: center;\" width=\"313\">Bro\u0161\u00fc\u00fcri alus STENDI-2 must<\/td>\n<td style=\"text-align: center;\" width=\"273\">640 x 1750 x 510 mm<\/td>\n<td style=\"text-align: center;\" width=\"177\">1 tk<\/td>\n<\/tr>\n<tr>\n<td style=\"text-align: center;\">SBM0022<\/td>\n<td style=\"text-align: center;\">Infolehe alus STENDI-2 h\u00f5bedane<\/td>\n<td style=\"text-align: center;\">640 x 1750 x 510 mm<\/td>\n<td style=\"text-align: center;\">1 tk<\/td>\n<\/tr>\n<\/tbody>\n<\/table>\n<div id=\"gtx-trans\" style=\"position: absolute; left: 79px; top: 37px;\">\n<div class=\"gtx-trans-icon\"><\/div>\n<\/div>","protected":false},"excerpt":{"rendered":"<p>Infolehtede alus STENDI-2<\/p>","protected":false},"featured_media":11388,"template":"","meta":[],"product_brand":[],"product_cat":[114],"product_tag":[],"class_list":{"0":"post-12465","1":"product","2":"type-product","3":"status-publish","4":"has-post-thumbnail","6":"product_cat-atramos-ir-stovai-knygoms","8":"first","9":"outofstock","10":"product-type-simple"},"_links":{"self":[{"href":"https:\/\/tavieta.lt\/ee\/wp-json\/wp\/v2\/product\/12465","targetHints":{"allow":["GET"]}}],"collection":[{"href":"https:\/\/tavieta.lt\/ee\/wp-json\/wp\/v2\/product"}],"about":[{"href":"https:\/\/tavieta.lt\/ee\/wp-json\/wp\/v2\/types\/product"}],"wp:featuredmedia":[{"embeddable":true,"href":"https:\/\/tavieta.lt\/ee\/wp-json\/wp\/v2\/media\/11388"}],"wp:attachment":[{"href":"https:\/\/tavieta.lt\/ee\/wp-json\/wp\/v2\/media?parent=12465"}],"wp:term":[{"taxonomy":"product_brand","embeddable":true,"href":"https:\/\/tavieta.lt\/ee\/wp-json\/wp\/v2\/product_brand?post=12465"},{"taxonomy":"product_cat","embeddable":true,"href":"https:\/\/tavieta.lt\/ee\/wp-json\/wp\/v2\/product_cat?post=12465"},{"taxonomy":"product_tag","embeddable":true,"href":"https:\/\/tavieta.lt\/ee\/wp-json\/wp\/v2\/product_tag?post=12465"}],"curies":[{"name":"t\u00f6\u00f6leht","href":"https:\/\/api.w.org\/{rel}","templated":true}]}}