{"id":12470,"date":"2024-02-07T08:31:55","date_gmt":"2024-02-07T08:31:55","guid":{"rendered":"http:\/\/tavieta.lt\/produktas\/filmolux-bookcover-aplankalas\/"},"modified":"2024-02-07T08:31:58","modified_gmt":"2024-02-07T08:31:58","slug":"filmolux-bookcover-aplankalas","status":"publish","type":"product","link":"https:\/\/tavieta.lt\/ee\/toode\/filmolux-bookcover-aplankalas\/","title":{"rendered":"Filmolux BOOKCOVER kaust"},"content":{"rendered":"<p>Filmolux BOOKCOVER kaust<\/p>\n<p>BookCover on ideaalne pehmekaaneline kaitse ja tugevdus. Paindlik, sobib seljakaitseks. Katte tugevdamiseks ja kaitsmiseks.\u00a0<\/p>\n<p>Lehed on valmistatud \u00fchepoolsest kleepuvast, kaadmiumivabast l\u00e4bipaistvast v\u00e4rvitust tugevast PVC kilest koos kleepuva, kaadmiumivaba l\u00e4bipaistva plastifitseeritud PVC kilega. Suurep\u00e4rane esialgne haardumine. Kaetud lahustivaba, ajatu elastse akr\u00fclaatliimiga. Pestav ja vastupidav paljudele pesuvahenditele ja lahustitele.<\/p>\n<table style=\"width: 46.8473%;\">\n<tbody>\n<tr>\n<td style=\"width: 20.8955%; text-align: center;\">\n<p><strong>Kood<\/strong><\/p>\n<\/td>\n<td style=\"width: 52.2388%; text-align: center;\">\n<p><strong>M\u00f5\u00f5tmed<\/strong><\/p>\n<\/td>\n<td style=\"width: 89.5205%; text-align: center;\">\n<p><strong>Kogus<\/strong><\/p>\n<\/td>\n<\/tr>\n<tr>\n<td style=\"width: 20.8955%; text-align: center;\">\n<p>36593<\/p>\n<\/td>\n<td style=\"width: 52.2388%; text-align: center;\">\n<p>186mm x 270mm<\/p>\n<\/td>\n<td style=\"width: 89.5205%; text-align: center;\">\n<p>100 tk.<\/p>\n<\/td>\n<\/tr>\n<tr>\n<td style=\"width: 20.8955%; text-align: center;\">\n<p>36594<\/p>\n<\/td>\n<td style=\"width: 52.2388%; text-align: center;\">\n<p>204mm x 310mm<\/p>\n<\/td>\n<td style=\"width: 89.5205%; text-align: center;\">\n<p>100 tk.<\/p>\n<\/td>\n<\/tr>\n<tr>\n<td style=\"width: 20.8955%; text-align: center;\">\n<p>36596<\/p>\n<\/td>\n<td style=\"width: 52.2388%; text-align: center;\">\n<p>222mm x 350mm<\/p>\n<\/td>\n<td style=\"width: 89.5205%; text-align: center;\">\n<p>100 tk.<\/p>\n<\/td>\n<\/tr>\n<tr>\n<td style=\"width: 20.8955%; text-align: center;\">\n<p>36597<\/p>\n<\/td>\n<td style=\"width: 52.2388%; text-align: center;\">\n<p>258 mm x 410 mm<\/p>\n<\/td>\n<td style=\"width: 89.5205%; text-align: center;\">\n<p>100 tk.<\/p>\n<\/td>\n<\/tr>\n<tr>\n<td style=\"width: 20.8955%; text-align: center;\">\n<p>36598<\/p>\n<\/td>\n<td style=\"width: 52.2388%; text-align: center;\">\n<p>320 mm x 510 mm<\/p>\n<\/td>\n<td style=\"width: 89.5205%; text-align: center;\">\n<p>100 tk.<\/p>\n<\/td>\n<\/tr>\n<tr>\n<td style=\"width: 20.8955%; text-align: center;\">\n<p>36599<\/p>\n<\/td>\n<td style=\"width: 52.2388%; text-align: center;\">\n<p>186mm x 270mm<\/p>\n<\/td>\n<td style=\"width: 89.5205%; text-align: center;\">\n<p>100 tk.<\/p>\n<\/td>\n<\/tr>\n<tr>\n<td style=\"width: 20.8955%; text-align: center;\">\n<p>36600<\/p>\n<\/td>\n<td style=\"width: 52.2388%; text-align: center;\">\n<p>204mm x 310mm<\/p>\n<\/td>\n<td style=\"width: 89.5205%; text-align: center;\">\n<p>100 tk.<\/p>\n<\/td>\n<\/tr>\n<tr>\n<td style=\"width: 20.8955%; text-align: center;\">\n<p>36601<\/p>\n<\/td>\n<td style=\"width: 52.2388%; text-align: center;\">\n<p>222mm x 350mm<\/p>\n<\/td>\n<td style=\"width: 89.5205%; text-align: center;\">\n<p>100 tk.<\/p>\n<\/td>\n<\/tr>\n<tr>\n<td style=\"width: 20.8955%; text-align: center;\">\n<p>36602<\/p>\n<\/td>\n<td style=\"width: 52.2388%; text-align: center;\">\n<p>258 mm x 410 mm<\/p>\n<\/td>\n<td style=\"width: 89.5205%; text-align: center;\">\n<p>100 tk.<\/p>\n<\/td>\n<\/tr>\n<tr>\n<td style=\"width: 20.8955%; text-align: center;\">\n<p>36603<\/p>\n<\/td>\n<td style=\"width: 52.2388%; text-align: center;\">\n<p>320 mm x 510 mm<\/p>\n<\/td>\n<td style=\"width: 89.5205%; text-align: center;\">\n<p>100 tk.<\/p>\n<\/td>\n<\/tr>\n<\/tbody>\n<\/table>\n<div id=\"gtx-trans\" style=\"position: absolute; left: 79px; top: 37px;\">\n<div class=\"gtx-trans-icon\"><\/div>\n<\/div>","protected":false},"excerpt":{"rendered":"<p>Filmolux RAAMATUKAAS<\/p>","protected":false},"featured_media":11398,"template":"","meta":[],"product_brand":[],"product_cat":[102,104],"product_tag":[],"class_list":{"0":"post-12470","1":"product","2":"type-product","3":"status-publish","4":"has-post-thumbnail","6":"product_cat-knygu-taisymas-ir-prieziura","7":"product_cat-knygu-virseliu-apsauga","9":"first","10":"outofstock","11":"product-type-simple"},"_links":{"self":[{"href":"https:\/\/tavieta.lt\/ee\/wp-json\/wp\/v2\/product\/12470","targetHints":{"allow":["GET"]}}],"collection":[{"href":"https:\/\/tavieta.lt\/ee\/wp-json\/wp\/v2\/product"}],"about":[{"href":"https:\/\/tavieta.lt\/ee\/wp-json\/wp\/v2\/types\/product"}],"wp:featuredmedia":[{"embeddable":true,"href":"https:\/\/tavieta.lt\/ee\/wp-json\/wp\/v2\/media\/11398"}],"wp:attachment":[{"href":"https:\/\/tavieta.lt\/ee\/wp-json\/wp\/v2\/media?parent=12470"}],"wp:term":[{"taxonomy":"product_brand","embeddable":true,"href":"https:\/\/tavieta.lt\/ee\/wp-json\/wp\/v2\/product_brand?post=12470"},{"taxonomy":"product_cat","embeddable":true,"href":"https:\/\/tavieta.lt\/ee\/wp-json\/wp\/v2\/product_cat?post=12470"},{"taxonomy":"product_tag","embeddable":true,"href":"https:\/\/tavieta.lt\/ee\/wp-json\/wp\/v2\/product_tag?post=12470"}],"curies":[{"name":"t\u00f6\u00f6leht","href":"https:\/\/api.w.org\/{rel}","templated":true}]}}