{"id":12472,"date":"2024-02-07T08:31:55","date_gmt":"2024-02-07T08:31:55","guid":{"rendered":"http:\/\/tavieta.lt\/produktas\/sieniniai-laikikliai-a4\/"},"modified":"2024-02-07T08:31:59","modified_gmt":"2024-02-07T08:31:59","slug":"sieniniai-laikikliai-a4","status":"publish","type":"product","link":"https:\/\/tavieta.lt\/ee\/toode\/sieniniai-laikikliai-a4\/","title":{"rendered":"Seinakinnitused A4"},"content":{"rendered":"<p>Seinakinnitused A4<\/p>\n<p>Seinakinnitused 4, 6 v\u00f5i 10 A4 formaadis taskuga, valmistatud valgest v\u00f5i h\u00f5bedasest epoks\u00fcpulberv\u00e4rvitud terastraadist.<\/p>\n<table style=\"width: 87.6794%; height: 56px;\" width=\"879\">\n<tbody>\n<tr style=\"height: 23px;\">\n<td style=\"height: 23px; text-align: center;\" width=\"116\">DS0425<\/td>\n<td style=\"height: 56px; text-align: center;\" rowspan=\"3\" width=\"313\">Seinakinnitused A4\u00a0<\/td>\n<td style=\"height: 23px; text-align: center;\" width=\"273\">4 taskut<\/td>\n<td style=\"height: 23px; text-align: center;\" width=\"177\">1 tk<\/td>\n<\/tr>\n<tr style=\"height: 23px;\">\n<td style=\"height: 23px; text-align: center;\">DS0430<\/td>\n<td style=\"height: 23px; text-align: center;\">6 taskut<\/td>\n<td style=\"height: 23px; text-align: center;\">1 tk<\/td>\n<\/tr>\n<tr style=\"height: 10px;\">\n<td style=\"height: 10px; text-align: center;\">DS0440<\/td>\n<td style=\"height: 10px; text-align: center;\">10 taskut<\/td>\n<td style=\"height: 10px; text-align: center;\">1 tk<\/td>\n<\/tr>\n<\/tbody>\n<\/table>\n<div id=\"gtx-trans\" style=\"position: absolute; left: 79px; top: 37px;\">\n<div class=\"gtx-trans-icon\"><\/div>\n<\/div>","protected":false},"excerpt":{"rendered":"<p>Seinakinnitused A3<\/p>","protected":false},"featured_media":11402,"template":"","meta":[],"product_brand":[],"product_cat":[114],"product_tag":[],"class_list":{"0":"post-12472","1":"product","2":"type-product","3":"status-publish","4":"has-post-thumbnail","6":"product_cat-atramos-ir-stovai-knygoms","8":"first","9":"outofstock","10":"product-type-simple"},"_links":{"self":[{"href":"https:\/\/tavieta.lt\/ee\/wp-json\/wp\/v2\/product\/12472","targetHints":{"allow":["GET"]}}],"collection":[{"href":"https:\/\/tavieta.lt\/ee\/wp-json\/wp\/v2\/product"}],"about":[{"href":"https:\/\/tavieta.lt\/ee\/wp-json\/wp\/v2\/types\/product"}],"wp:featuredmedia":[{"embeddable":true,"href":"https:\/\/tavieta.lt\/ee\/wp-json\/wp\/v2\/media\/11402"}],"wp:attachment":[{"href":"https:\/\/tavieta.lt\/ee\/wp-json\/wp\/v2\/media?parent=12472"}],"wp:term":[{"taxonomy":"product_brand","embeddable":true,"href":"https:\/\/tavieta.lt\/ee\/wp-json\/wp\/v2\/product_brand?post=12472"},{"taxonomy":"product_cat","embeddable":true,"href":"https:\/\/tavieta.lt\/ee\/wp-json\/wp\/v2\/product_cat?post=12472"},{"taxonomy":"product_tag","embeddable":true,"href":"https:\/\/tavieta.lt\/ee\/wp-json\/wp\/v2\/product_tag?post=12472"}],"curies":[{"name":"t\u00f6\u00f6leht","href":"https:\/\/api.w.org\/{rel}","templated":true}]}}