{"id":12474,"date":"2024-02-07T08:31:55","date_gmt":"2024-02-07T08:31:55","guid":{"rendered":"http:\/\/tavieta.lt\/produktas\/vielinis-stovas-knygoms\/"},"modified":"2025-01-31T13:31:50","modified_gmt":"2025-01-31T13:31:50","slug":"vielinis-stovas-knygoms","status":"publish","type":"product","link":"https:\/\/tavieta.lt\/ee\/toode\/vielinis-stovas-knygoms\/","title":{"rendered":"Traatrest raamatute jaoks"},"content":{"rendered":"<p>Traatrest raamatute jaoks<\/p>\n<p>\u00d6konoomsed ja funktsionaalsed traatraamatualused sobivad v\u00e4ga h\u00e4sti raamatute eksponeerimiseks. T\u00e4ielikult kohandatav disain sobib suurep\u00e4raselt \u00e4sja saabunud v\u00e4ljaannete, siltide, nukuraamatute, paberaluseid, videoid ja isegi audioraamatute kogude kuvamiseks. Meie kolm k\u00f5ige populaarsemat suurust on vastupidav plastikkattega traat. Ainult valge.<\/p>\n<table width=\"879\">\n<tbody>\n<tr>\n<td style=\"text-align: center;\" width=\"116\">D93693<\/td>\n<td style=\"text-align: center;\" rowspan=\"3\" width=\"313\">Traatrest raamatute jaoks<\/td>\n<td style=\"text-align: center;\" width=\"273\">102 x 90 x 150 mm<\/td>\n<td style=\"text-align: center;\" width=\"177\">1 tk<\/td>\n<\/tr>\n<tr>\n<td style=\"text-align: center;\">D93694<\/td>\n<td style=\"text-align: center;\">152 x 127 x 200 mm<\/td>\n<td style=\"text-align: center;\">1 tk<\/td>\n<\/tr>\n<tr>\n<td style=\"text-align: center;\">D94927<\/td>\n<td style=\"text-align: center;\">190 x 200 x 200 mm<\/td>\n<td style=\"text-align: center;\">1 tk<\/td>\n<\/tr>\n<\/tbody>\n<\/table>","protected":false},"excerpt":{"rendered":"<p>Traadist alus raamatute jaoks. \u00d6konoomsed ja funktsionaalsed traatraamatualused sobivad v\u00e4ga h\u00e4sti raamatute eksponeerimiseks. T\u00e4ielikult kohandatav disain sobib \u00e4sja saabunud v\u00e4ljaannete, siltide, nukuraamatute, paberalusklaaside, videote ja isegi audioraamatukogude esitlemiseks. Meie kolm k\u00f5ige populaarsemat suurust on vastupidavad, valmistatud plastikkattega traadist. Ainult valge.<\/p>","protected":false},"featured_media":11406,"template":"","meta":[],"product_brand":[],"product_cat":[114],"product_tag":[],"class_list":{"0":"post-12474","1":"product","2":"type-product","3":"status-publish","4":"has-post-thumbnail","6":"product_cat-atramos-ir-stovai-knygoms","8":"first","9":"outofstock","10":"product-type-simple"},"_links":{"self":[{"href":"https:\/\/tavieta.lt\/ee\/wp-json\/wp\/v2\/product\/12474","targetHints":{"allow":["GET"]}}],"collection":[{"href":"https:\/\/tavieta.lt\/ee\/wp-json\/wp\/v2\/product"}],"about":[{"href":"https:\/\/tavieta.lt\/ee\/wp-json\/wp\/v2\/types\/product"}],"wp:featuredmedia":[{"embeddable":true,"href":"https:\/\/tavieta.lt\/ee\/wp-json\/wp\/v2\/media\/11406"}],"wp:attachment":[{"href":"https:\/\/tavieta.lt\/ee\/wp-json\/wp\/v2\/media?parent=12474"}],"wp:term":[{"taxonomy":"product_brand","embeddable":true,"href":"https:\/\/tavieta.lt\/ee\/wp-json\/wp\/v2\/product_brand?post=12474"},{"taxonomy":"product_cat","embeddable":true,"href":"https:\/\/tavieta.lt\/ee\/wp-json\/wp\/v2\/product_cat?post=12474"},{"taxonomy":"product_tag","embeddable":true,"href":"https:\/\/tavieta.lt\/ee\/wp-json\/wp\/v2\/product_tag?post=12474"}],"curies":[{"name":"t\u00f6\u00f6leht","href":"https:\/\/api.w.org\/{rel}","templated":true}]}}