{"id":12476,"date":"2024-02-07T08:31:55","date_gmt":"2024-02-07T08:31:55","guid":{"rendered":"http:\/\/tavieta.lt\/produktas\/stovas-laikrasciams\/"},"modified":"2024-02-07T08:32:01","modified_gmt":"2024-02-07T08:32:01","slug":"stovas-laikrasciams","status":"publish","type":"product","link":"https:\/\/tavieta.lt\/ee\/toode\/stovas-laikrasciams\/","title":{"rendered":"Ajalehe alus"},"content":{"rendered":"<p>Ajalehtede ja ajakirjade riiul on valmistatud valgest v\u00f5i h\u00f5bedasest epoks\u00fcpulberv\u00e4rvitud terastraadist. Laius 330 mm, k\u00f5rgus 1300 mm.<\/p>\n<table style=\"width: 52.489%;\" cellspacing=\"0\" cellpadding=\"0\">\n<tbody>\n<tr>\n<td style=\"width: 24.0265%;\" valign=\"top\">\n<p style=\"text-align: center;\"><strong>Kood<\/strong><\/p>\n<\/td>\n<td style=\"width: 53.8805%; text-align: center;\" valign=\"top\">\n<p><strong>Kirjeldus<\/strong><\/p>\n<\/td>\n<td style=\"width: 120.93%; text-align: center;\" valign=\"top\">\n<p><strong>Kogus<\/strong><\/p>\n<\/td>\n<\/tr>\n<tr>\n<td style=\"width: 24.0265%;\" valign=\"top\">\n<p style=\"text-align: center;\">DS0640<\/p>\n<\/td>\n<td style=\"width: 53.8805%;\" valign=\"top\">\n<p style=\"text-align: center;\">Ajalehe alus<\/p>\n<\/td>\n<td style=\"width: 120.93%;\" valign=\"top\">\n<p style=\"text-align: center;\">1 tk.<\/p>\n<\/td>\n<\/tr>\n<\/tbody>\n<\/table>\n<div id=\"gtx-trans\" style=\"position: absolute; left: 79px; top: 37px;\">\n<div class=\"gtx-trans-icon\"><\/div>\n<\/div>","protected":false},"excerpt":{"rendered":"<p>Ajaleheriiulid<\/p>","protected":false},"featured_media":11410,"template":"","meta":[],"product_brand":[],"product_cat":[114],"product_tag":[],"class_list":{"0":"post-12476","1":"product","2":"type-product","3":"status-publish","4":"has-post-thumbnail","6":"product_cat-atramos-ir-stovai-knygoms","8":"first","9":"outofstock","10":"product-type-simple"},"_links":{"self":[{"href":"https:\/\/tavieta.lt\/ee\/wp-json\/wp\/v2\/product\/12476","targetHints":{"allow":["GET"]}}],"collection":[{"href":"https:\/\/tavieta.lt\/ee\/wp-json\/wp\/v2\/product"}],"about":[{"href":"https:\/\/tavieta.lt\/ee\/wp-json\/wp\/v2\/types\/product"}],"wp:featuredmedia":[{"embeddable":true,"href":"https:\/\/tavieta.lt\/ee\/wp-json\/wp\/v2\/media\/11410"}],"wp:attachment":[{"href":"https:\/\/tavieta.lt\/ee\/wp-json\/wp\/v2\/media?parent=12476"}],"wp:term":[{"taxonomy":"product_brand","embeddable":true,"href":"https:\/\/tavieta.lt\/ee\/wp-json\/wp\/v2\/product_brand?post=12476"},{"taxonomy":"product_cat","embeddable":true,"href":"https:\/\/tavieta.lt\/ee\/wp-json\/wp\/v2\/product_cat?post=12476"},{"taxonomy":"product_tag","embeddable":true,"href":"https:\/\/tavieta.lt\/ee\/wp-json\/wp\/v2\/product_tag?post=12476"}],"curies":[{"name":"t\u00f6\u00f6leht","href":"https:\/\/api.w.org\/{rel}","templated":true}]}}