{"id":12477,"date":"2024-02-07T08:31:55","date_gmt":"2024-02-07T08:31:55","guid":{"rendered":"http:\/\/tavieta.lt\/produktas\/ant-grindu-statomas-stovas-a4\/"},"modified":"2024-02-07T08:32:02","modified_gmt":"2024-02-07T08:32:02","slug":"ant-grindu-statomas-stovas-a4","status":"publish","type":"product","link":"https:\/\/tavieta.lt\/ee\/toode\/ant-grindu-statomas-stovas-a4\/","title":{"rendered":"Alus A4 asetatakse p\u00f5randale"},"content":{"rendered":"<p>P\u00f5randaalus A4 4, 5, 6, 8 v\u00f5i 10 A4 taskuga, valmistatud valgest v\u00f5i h\u00f5bedasest epoks\u00fcpulberv\u00e4rvitud terastraadist.<\/p>\n<p>&nbsp;<\/p>\n<table style=\"width: 56.8189%;\" cellspacing=\"0\" cellpadding=\"0\">\n<tbody>\n<tr>\n<td style=\"width: 29.2453%;\" valign=\"top\">\n<p style=\"text-align: center;\">Kood<\/p>\n<\/td>\n<td style=\"width: 48.1132%; text-align: center;\" valign=\"top\">\n<p>Kirjeldus<\/p>\n<\/td>\n<td style=\"width: 196.226%; text-align: center;\" valign=\"top\">\n<p>Kogus<\/p>\n<\/td>\n<\/tr>\n<tr>\n<td style=\"width: 29.2453%; text-align: center;\" valign=\"top\">\n<p>D50570<\/p>\n<\/td>\n<td style=\"width: 48.1132%; text-align: center;\" valign=\"top\">4 taskut<\/td>\n<td style=\"width: 196.226%; text-align: center;\" valign=\"top\">\n<p>1 tk.<\/p>\n<\/td>\n<\/tr>\n<tr>\n<td style=\"width: 29.2453%; text-align: center;\" valign=\"top\">\n<p>D50600<\/p>\n<\/td>\n<td style=\"width: 48.1132%; text-align: center;\" valign=\"top\">6 taskut<\/td>\n<td style=\"width: 196.226%; text-align: center;\" valign=\"top\">\n<p>1 tk.<\/p>\n<\/td>\n<\/tr>\n<tr>\n<td style=\"width: 29.2453%; text-align: center;\" valign=\"top\">\n<p>D51000<\/p>\n<\/td>\n<td style=\"width: 48.1132%; text-align: center;\" valign=\"top\">10 taskut<\/td>\n<td style=\"width: 196.226%; text-align: center;\" valign=\"top\">\n<p>1 tk.<\/p>\n<\/td>\n<\/tr>\n<tr>\n<td style=\"width: 29.2453%; text-align: center;\" valign=\"top\">\n<p>D50496<\/p>\n<\/td>\n<td style=\"width: 48.1132%; text-align: center;\" valign=\"top\">\n<p>4 taskut<\/p>\n<\/td>\n<td style=\"width: 196.226%; text-align: center;\" valign=\"top\">\n<p>1 tk.<\/p>\n<\/td>\n<\/tr>\n<tr>\n<td style=\"width: 29.2453%; text-align: center;\" valign=\"top\">\n<p>D50896<\/p>\n<\/td>\n<td style=\"width: 48.1132%; text-align: center;\" valign=\"top\">\n<p>8 taskut<\/p>\n<\/td>\n<td style=\"width: 196.226%; text-align: center;\" valign=\"top\">\n<p>1 tk.<\/p>\n<\/td>\n<\/tr>\n<\/tbody>\n<\/table>\n<div id=\"gtx-trans\" style=\"position: absolute; left: 79px; top: 37px;\">\n<div class=\"gtx-trans-icon\"><\/div>\n<\/div>","protected":false},"excerpt":{"rendered":"<p>Stend A3 asetatakse p\u00f5randale<\/p>","protected":false},"featured_media":11412,"template":"","meta":[],"product_brand":[],"product_cat":[114],"product_tag":[],"class_list":{"0":"post-12477","1":"product","2":"type-product","3":"status-publish","4":"has-post-thumbnail","6":"product_cat-atramos-ir-stovai-knygoms","8":"first","9":"outofstock","10":"product-type-simple"},"_links":{"self":[{"href":"https:\/\/tavieta.lt\/ee\/wp-json\/wp\/v2\/product\/12477","targetHints":{"allow":["GET"]}}],"collection":[{"href":"https:\/\/tavieta.lt\/ee\/wp-json\/wp\/v2\/product"}],"about":[{"href":"https:\/\/tavieta.lt\/ee\/wp-json\/wp\/v2\/types\/product"}],"wp:featuredmedia":[{"embeddable":true,"href":"https:\/\/tavieta.lt\/ee\/wp-json\/wp\/v2\/media\/11412"}],"wp:attachment":[{"href":"https:\/\/tavieta.lt\/ee\/wp-json\/wp\/v2\/media?parent=12477"}],"wp:term":[{"taxonomy":"product_brand","embeddable":true,"href":"https:\/\/tavieta.lt\/ee\/wp-json\/wp\/v2\/product_brand?post=12477"},{"taxonomy":"product_cat","embeddable":true,"href":"https:\/\/tavieta.lt\/ee\/wp-json\/wp\/v2\/product_cat?post=12477"},{"taxonomy":"product_tag","embeddable":true,"href":"https:\/\/tavieta.lt\/ee\/wp-json\/wp\/v2\/product_tag?post=12477"}],"curies":[{"name":"t\u00f6\u00f6leht","href":"https:\/\/api.w.org\/{rel}","templated":true}]}}