{"id":12479,"date":"2024-02-07T08:31:55","date_gmt":"2024-02-07T08:31:55","guid":{"rendered":"http:\/\/tavieta.lt\/produktas\/wishab-sauso-valymo-kempine\/"},"modified":"2024-02-07T08:32:03","modified_gmt":"2024-02-07T08:32:03","slug":"wishab-sauso-valymo-kempine","status":"publish","type":"product","link":"https:\/\/tavieta.lt\/ee\/toode\/wishab-sauso-valymo-kempine\/","title":{"rendered":"Wishab - keemilise puhastuse k\u00e4sn"},"content":{"rendered":"<p>Wishab \u2013 keemilise puhastuse k\u00e4sna \u2013 kasutatakse seinte, lagede, maalide, seinamaalingute, maalide, tapeedi, paberi, tekstiili, v\u00e4rvikihtide ja muu mugavaks ja ohutuks keemiliseks puhastuseks. puhastamiseks. K\u00e4sn imab mustuseosakesed, seej\u00e4rel laguneb, v\u00e4ltides h\u00f5\u00f5rdumist v\u00f5i poleerides kahjustatud pinda. Kasutatakse sageli enne m\u00e4rgpuhastust, et v\u00e4ltida mustuse sattumist pragudesse v\u00f5i pindadele, mida ei saa veega puhastada. Ta on eriti edukas<span class=\"Apple-converted-space\">\u00a0\u00a0<\/span>kasutatakse tulekahjustuste puhastamiseks. Kasutamine s\u00f5ltub aluspinna t\u00fc\u00fcbist ja tundlikkusest.<\/p>\n<p>&nbsp;<\/p>\n<table style=\"width: 66.0389%;\">\n<tbody>\n<tr>\n<td style=\"width: 28.3105%; text-align: center;\">\n<p>Materjali kood<\/p>\n<\/td>\n<td style=\"width: 55.7078%; text-align: center;\">\n<p>Kirjeldus<\/p>\n<\/td>\n<td style=\"width: 60.7461%; text-align: center;\">\n<p>Pakendamine<\/p>\n<\/td>\n<\/tr>\n<tr>\n<td style=\"width: 28.3105%; text-align: center;\">\n<p>40095<\/p>\n<\/td>\n<td style=\"width: 55.7078%; text-align: center;\">\n<p>\u00a0 Wishab on pehme k\u00e4sn<\/p>\n<\/td>\n<td style=\"width: 60.7461%; text-align: center;\">\n<p align=\"center\">1 tk.<\/p>\n<\/td>\n<\/tr>\n<tr>\n<td style=\"width: 28.3105%; text-align: center;\">\n<p>40096<\/p>\n<\/td>\n<td style=\"width: 55.7078%; text-align: center;\">\n<p>\u00a0 Wishab on k\u00f5va k\u00e4sn<\/p>\n<\/td>\n<td style=\"width: 60.7461%; text-align: center;\">\n<p align=\"center\">1 tk.<\/p>\n<\/td>\n<\/tr>\n<tr>\n<td style=\"width: 28.3105%; text-align: center;\">\n<p>40097<\/p>\n<\/td>\n<td style=\"width: 55.7078%; text-align: center;\">\n<p>\u00a0 Wishab on v\u00e4ga k\u00f5va k\u00e4sn<\/p>\n<\/td>\n<td style=\"width: 60.7461%; text-align: center;\">\n<p align=\"center\">1 tk.<\/p>\n<\/td>\n<\/tr>\n<tr>\n<td style=\"width: 28.3105%; text-align: center;\">\n<p>40111<\/p>\n<\/td>\n<td style=\"width: 55.7078%; text-align: center;\">\n<p>\u00a0 Wishab - valge pehme k\u00e4sn<\/p>\n<\/td>\n<td style=\"width: 60.7461%; text-align: center;\">\n<p align=\"center\">1 tk.<\/p>\n<\/td>\n<\/tr>\n<\/tbody>\n<\/table>\n<div id=\"gtx-trans\" style=\"position: absolute; left: 79px; top: 37px;\">\n<div class=\"gtx-trans-icon\"><\/div>\n<\/div>","protected":false},"excerpt":{"rendered":"<p>Wishab - keemilise puhastuse k\u00e4sn<\/p>","protected":false},"featured_media":11416,"template":"","meta":[],"product_brand":[],"product_cat":[102,110],"product_tag":[],"class_list":{"0":"post-12479","1":"product","2":"type-product","3":"status-publish","4":"has-post-thumbnail","6":"product_cat-knygu-taisymas-ir-prieziura","7":"product_cat-knygu-valymo-priemones","9":"first","10":"outofstock","11":"product-type-simple"},"_links":{"self":[{"href":"https:\/\/tavieta.lt\/ee\/wp-json\/wp\/v2\/product\/12479","targetHints":{"allow":["GET"]}}],"collection":[{"href":"https:\/\/tavieta.lt\/ee\/wp-json\/wp\/v2\/product"}],"about":[{"href":"https:\/\/tavieta.lt\/ee\/wp-json\/wp\/v2\/types\/product"}],"wp:featuredmedia":[{"embeddable":true,"href":"https:\/\/tavieta.lt\/ee\/wp-json\/wp\/v2\/media\/11416"}],"wp:attachment":[{"href":"https:\/\/tavieta.lt\/ee\/wp-json\/wp\/v2\/media?parent=12479"}],"wp:term":[{"taxonomy":"product_brand","embeddable":true,"href":"https:\/\/tavieta.lt\/ee\/wp-json\/wp\/v2\/product_brand?post=12479"},{"taxonomy":"product_cat","embeddable":true,"href":"https:\/\/tavieta.lt\/ee\/wp-json\/wp\/v2\/product_cat?post=12479"},{"taxonomy":"product_tag","embeddable":true,"href":"https:\/\/tavieta.lt\/ee\/wp-json\/wp\/v2\/product_tag?post=12479"}],"curies":[{"name":"t\u00f6\u00f6leht","href":"https:\/\/api.w.org\/{rel}","templated":true}]}}