{"id":12480,"date":"2024-02-07T08:31:55","date_gmt":"2024-02-07T08:31:55","guid":{"rendered":"http:\/\/tavieta.lt\/produktas\/ideal-svirtines-pjaustykles-popieriui\/"},"modified":"2024-02-07T08:32:04","modified_gmt":"2024-02-07T08:32:04","slug":"ideal-svirtines-pjaustykles-popieriui","status":"publish","type":"product","link":"https:\/\/tavieta.lt\/ee\/toode\/ideal-svirtines-pjaustykles-popieriui\/","title":{"rendered":"Ideaalne paberil\u00f5ikuritele"},"content":{"rendered":"<p>Ideaalsed kangl\u00f5ikurid paberi jaoks, sobivad laia valiku raamatuk\u00f6itmiseks, tugevad ja t\u00f6\u00f6kindlad l\u00f5ikurid, mis tagavad paberilehtede, fooliumi, papi ja muude materjalide t\u00e4iusliku l\u00f5ikamise.<\/p>\n<table style=\"width: 80.5574%; height: 672px;\" cellspacing=\"0\" cellpadding=\"0\">\n<tbody>\n<tr style=\"height: 56px;\">\n<td style=\"width: 21.3213%; height: 56px;\" valign=\"top\">\n<p style=\"text-align: center;\"><strong>Materjali kood<\/strong><\/p>\n<\/td>\n<td style=\"width: 35.8859%; text-align: center; height: 56px;\" valign=\"top\">\n<p><strong>Kirjeldus<\/strong><\/p>\n<\/td>\n<td style=\"width: 24.1742%; text-align: center; height: 56px;\" valign=\"top\">\n<p><strong>T\u00f6\u00f6laius\u00a0<\/strong><strong>mm<\/strong><\/p>\n<\/td>\n<td style=\"width: 8.10811%; text-align: center; height: 56px;\" valign=\"top\">\n<p><strong>Mahutavus<\/strong><\/p>\n<\/td>\n<td style=\"width: 30.4512%; text-align: center; height: 56px;\" valign=\"top\">\n<p><strong>Pakendamine<\/strong><\/p>\n<\/td>\n<\/tr>\n<tr style=\"height: 56px;\">\n<td style=\"width: 21.3213%; text-align: center; height: 56px;\" valign=\"top\">\n<p>40208<\/p>\n<\/td>\n<td style=\"width: 35.8859%; text-align: center; height: 56px;\" valign=\"top\">\n<p>IDEAL 1133 - k\u00e4eshoitav<\/p>\n<\/td>\n<td style=\"width: 24.1742%; text-align: center; height: 56px;\" valign=\"top\">330<\/td>\n<td style=\"width: 8.10811%; text-align: center; height: 56px;\" valign=\"top\">\n<p align=\"center\">15<\/p>\n<\/td>\n<td style=\"width: 30.4512%; text-align: center; height: 56px;\" valign=\"top\">\n<p style=\"text-align: left;\" align=\"right\">\u00a0 \u00a0 \u00a0 1 tk.<\/p>\n<\/td>\n<\/tr>\n<tr style=\"height: 56px;\">\n<td style=\"width: 21.3213%; text-align: center; height: 56px;\" valign=\"top\">\n<p>40209<\/p>\n<\/td>\n<td style=\"width: 35.8859%; text-align: center; height: 56px;\" valign=\"top\">\n<p>IDEAL 1134 - k\u00e4ekott<\/p>\n<\/td>\n<td style=\"width: 24.1742%; text-align: center; height: 56px;\" valign=\"top\">350<\/td>\n<td style=\"width: 8.10811%; text-align: center; height: 56px;\" valign=\"top\">\n<p align=\"center\">25<\/p>\n<\/td>\n<td style=\"width: 30.4512%; height: 56px;\" valign=\"top\">\n<p style=\"text-align: center;\" align=\"right\">1 tk.<\/p>\n<\/td>\n<\/tr>\n<tr style=\"height: 56px;\">\n<td style=\"width: 21.3213%; text-align: center; height: 56px;\" valign=\"top\">\n<p>40211<\/p>\n<\/td>\n<td style=\"width: 35.8859%; text-align: center; height: 56px;\" valign=\"top\">\n<p>IDEAL 1135 - automaat<\/p>\n<\/td>\n<td style=\"width: 24.1742%; text-align: center; height: 56px;\" valign=\"top\">350<\/td>\n<td style=\"width: 8.10811%; text-align: center; height: 56px;\" valign=\"top\">\n<p align=\"center\">25<\/p>\n<\/td>\n<td style=\"width: 30.4512%; height: 56px;\" valign=\"top\">\n<p style=\"text-align: center;\" align=\"right\">1 tk.<\/p>\n<\/td>\n<\/tr>\n<tr style=\"height: 56px;\">\n<td style=\"width: 21.3213%; text-align: center; height: 56px;\" valign=\"top\">\n<p>40212<\/p>\n<\/td>\n<td style=\"width: 35.8859%; text-align: center; height: 56px;\" valign=\"top\">\n<p>IDEAL 1046 - automaat<\/p>\n<\/td>\n<td style=\"width: 24.1742%; text-align: center; height: 56px;\" valign=\"top\">460<\/td>\n<td style=\"width: 8.10811%; text-align: center; height: 56px;\" valign=\"top\">\n<p align=\"center\">30<\/p>\n<\/td>\n<td style=\"width: 30.4512%; height: 56px;\" valign=\"top\">\n<p style=\"text-align: center;\" align=\"right\">1 tk.<\/p>\n<\/td>\n<\/tr>\n<tr style=\"height: 56px;\">\n<td style=\"width: 21.3213%; text-align: center; height: 56px;\" valign=\"top\">\n<p>40213<\/p>\n<\/td>\n<td style=\"width: 35.8859%; text-align: center; height: 56px;\" valign=\"top\">\n<p>IDEAL 1038 - k\u00e4ekott<\/p>\n<\/td>\n<td style=\"width: 24.1742%; text-align: center; height: 56px;\" valign=\"top\">385<\/td>\n<td style=\"width: 8.10811%; height: 56px;\" valign=\"top\">\n<p align=\"center\">50<\/p>\n<\/td>\n<td style=\"width: 30.4512%; height: 56px;\" valign=\"top\">\n<p style=\"text-align: center;\" align=\"right\">1 tk.<\/p>\n<\/td>\n<\/tr>\n<tr style=\"height: 56px;\">\n<td style=\"width: 21.3213%; text-align: center; height: 56px;\" valign=\"top\">\n<p>40214<\/p>\n<\/td>\n<td style=\"width: 35.8859%; text-align: center; height: 56px;\" valign=\"top\">\n<p>IDEAL 1058 - k\u00e4ekott<\/p>\n<\/td>\n<td style=\"width: 24.1742%; text-align: center; height: 56px;\" valign=\"top\">580<\/td>\n<td style=\"width: 8.10811%; text-align: center; height: 56px;\" valign=\"top\">\n<p align=\"center\">40<\/p>\n<\/td>\n<td style=\"width: 30.4512%; height: 56px;\" valign=\"top\">\n<p style=\"text-align: center;\" align=\"right\">1 tk.<\/p>\n<\/td>\n<\/tr>\n<tr style=\"height: 56px;\">\n<td style=\"width: 21.3213%; text-align: center; height: 56px;\" valign=\"top\">\n<p>40215<\/p>\n<\/td>\n<td style=\"width: 35.8859%; text-align: center; height: 56px;\" valign=\"top\">\n<p>IDEAL 1071 - k\u00e4ekott<\/p>\n<\/td>\n<td style=\"width: 24.1742%; text-align: center; height: 56px;\" valign=\"top\">710<\/td>\n<td style=\"width: 8.10811%; text-align: center; height: 56px;\" valign=\"top\">\n<p align=\"center\">40<\/p>\n<\/td>\n<td style=\"width: 30.4512%; height: 56px;\" valign=\"top\">\n<p style=\"text-align: center;\" align=\"right\">1 tk.<\/p>\n<\/td>\n<\/tr>\n<tr style=\"height: 56px;\">\n<td style=\"width: 21.3213%; text-align: center; height: 56px;\" valign=\"top\">\n<p>40216<\/p>\n<\/td>\n<td style=\"width: 35.8859%; text-align: center; height: 56px;\" valign=\"top\">\n<p>IDEAL 1080 - jalgpedaal<\/p>\n<\/td>\n<td style=\"width: 24.1742%; text-align: center; height: 56px;\" valign=\"top\">800<\/td>\n<td style=\"width: 8.10811%; text-align: center; height: 56px;\" valign=\"top\">\n<p>4 mm<\/p>\n<\/td>\n<td style=\"width: 30.4512%; height: 56px;\" valign=\"top\">\n<p style=\"text-align: center;\" align=\"right\">1 tk.<\/p>\n<\/td>\n<\/tr>\n<tr style=\"height: 56px;\">\n<td style=\"width: 21.3213%; text-align: center; height: 56px;\" valign=\"top\">\n<p>40217<\/p>\n<\/td>\n<td style=\"width: 35.8859%; text-align: center; height: 56px;\" valign=\"top\">\n<p>IDEAL 1110 - jalgpedaal<\/p>\n<\/td>\n<td style=\"width: 24.1742%; text-align: center; height: 56px;\" valign=\"top\">1100<\/td>\n<td style=\"width: 8.10811%; text-align: center; height: 56px;\" valign=\"top\">\n<p>4 mm<\/p>\n<\/td>\n<td style=\"width: 30.4512%; height: 56px;\" valign=\"top\">\n<p style=\"text-align: center;\" align=\"right\">1 tk.<\/p>\n<\/td>\n<\/tr>\n<tr style=\"height: 56px;\">\n<td style=\"width: 21.3213%; text-align: center; height: 56px;\" valign=\"top\">\n<p>40218<\/p>\n<\/td>\n<td style=\"width: 35.8859%; text-align: center; height: 56px;\" valign=\"top\">\n<p>IDEAL 4305 - manuaalne hoob<\/p>\n<\/td>\n<td style=\"width: 24.1742%; text-align: center; height: 56px;\" valign=\"top\">430<\/td>\n<td style=\"width: 8.10811%; text-align: center; height: 56px;\" valign=\"top\">\n<p>40 mm<\/p>\n<\/td>\n<td style=\"width: 30.4512%; height: 56px;\" valign=\"top\">\n<p style=\"text-align: center;\" align=\"right\">1 tk.<\/p>\n<\/td>\n<\/tr>\n<tr style=\"height: 56px;\">\n<td style=\"width: 21.3213%; text-align: center; height: 56px;\" valign=\"top\">\n<p>40219<\/p>\n<\/td>\n<td style=\"width: 35.8859%; text-align: center; height: 56px;\" valign=\"top\">\n<p>IDEAL 4705 - kruvipress<\/p>\n<\/td>\n<td style=\"width: 24.1742%; text-align: center; height: 56px;\" valign=\"top\">475<\/td>\n<td style=\"width: 8.10811%; text-align: center; height: 56px;\" valign=\"top\">\n<p>80 mm<\/p>\n<\/td>\n<td style=\"width: 30.4512%; height: 56px;\" valign=\"top\">\n<p style=\"text-align: center;\" align=\"right\">1 tk.<\/p>\n<\/td>\n<\/tr>\n<\/tbody>\n<\/table>\n<div id=\"gtx-trans\" style=\"position: absolute; left: 79px; top: 37px;\">\n<div class=\"gtx-trans-icon\"><\/div>\n<\/div>","protected":false},"excerpt":{"rendered":"<p>Ideaalne paberil\u00f5ikuritele<\/p>","protected":false},"featured_media":11418,"template":"","meta":[],"product_brand":[],"product_cat":[118],"product_tag":[],"class_list":{"0":"post-12480","1":"product","2":"type-product","3":"status-publish","4":"has-post-thumbnail","6":"product_cat-svirtines-pjaustykles","8":"first","9":"outofstock","10":"product-type-simple"},"_links":{"self":[{"href":"https:\/\/tavieta.lt\/ee\/wp-json\/wp\/v2\/product\/12480","targetHints":{"allow":["GET"]}}],"collection":[{"href":"https:\/\/tavieta.lt\/ee\/wp-json\/wp\/v2\/product"}],"about":[{"href":"https:\/\/tavieta.lt\/ee\/wp-json\/wp\/v2\/types\/product"}],"wp:featuredmedia":[{"embeddable":true,"href":"https:\/\/tavieta.lt\/ee\/wp-json\/wp\/v2\/media\/11418"}],"wp:attachment":[{"href":"https:\/\/tavieta.lt\/ee\/wp-json\/wp\/v2\/media?parent=12480"}],"wp:term":[{"taxonomy":"product_brand","embeddable":true,"href":"https:\/\/tavieta.lt\/ee\/wp-json\/wp\/v2\/product_brand?post=12480"},{"taxonomy":"product_cat","embeddable":true,"href":"https:\/\/tavieta.lt\/ee\/wp-json\/wp\/v2\/product_cat?post=12480"},{"taxonomy":"product_tag","embeddable":true,"href":"https:\/\/tavieta.lt\/ee\/wp-json\/wp\/v2\/product_tag?post=12480"}],"curies":[{"name":"t\u00f6\u00f6leht","href":"https:\/\/api.w.org\/{rel}","templated":true}]}}