{"id":12481,"date":"2024-02-07T08:31:55","date_gmt":"2024-02-07T08:31:55","guid":{"rendered":"http:\/\/tavieta.lt\/produktas\/bibliotekos-etiketes\/"},"modified":"2024-02-07T08:32:04","modified_gmt":"2024-02-07T08:32:04","slug":"bibliotekos-etiketes","status":"publish","type":"product","link":"https:\/\/tavieta.lt\/ee\/toode\/bibliotekos-etiketes\/","title":{"rendered":"Raamatukogu sildid"},"content":{"rendered":"<p>Raamatukogu sildid \u2013 hoolikalt valitud raamatute ja muude kandjate lihtsaks ja odavaks klassifitseerimiseks. Pakendis on 1000 tk. Pakume 10 v\u00e4rvitooni: valge, sinine, roheline, punane, kollane, sinine, roosa, kuldne, h\u00f5bedane ja oran\u017e.<\/p>\n<table style=\"width: 37.9957%;\" cellspacing=\"0\" cellpadding=\"0\">\n<tbody>\n<tr>\n<td style=\"width: 35.2727%; text-align: center;\" valign=\"top\">\n<p>Kood<\/p>\n<\/td>\n<td style=\"width: 37.8182%; text-align: center;\" valign=\"top\">\n<p>Kirjeldus<\/p>\n<\/td>\n<td style=\"width: 98.4698%; text-align: center;\" valign=\"top\">\n<p>Kogus\u00a0<\/p>\n<\/td>\n<\/tr>\n<tr>\n<td style=\"width: 35.2727%; text-align: center;\" valign=\"top\">\n<p>GR91676201<\/p>\n<\/td>\n<td style=\"width: 37.8182%; text-align: center;\" valign=\"top\">\n<p>Valge<\/p>\n<\/td>\n<td style=\"width: 98.4698%; text-align: center;\" valign=\"top\">\n<p>1000 tk.<\/p>\n<\/td>\n<\/tr>\n<tr>\n<td style=\"width: 35.2727%; text-align: center;\" valign=\"top\">\n<p>GR91676202<\/p>\n<p>GR91676203<\/p>\n<\/td>\n<td style=\"width: 37.8182%; text-align: center;\" valign=\"top\">\n<p>Sinine<\/p>\n<p>Roheline<\/p>\n<\/td>\n<td style=\"width: 98.4698%; text-align: center;\" valign=\"top\">\n<p>1000 tk.<\/p>\n<p>1000 tk.<\/p>\n<\/td>\n<\/tr>\n<tr>\n<td style=\"width: 35.2727%; text-align: center;\" valign=\"top\">\n<p>GR91676204<\/p>\n<\/td>\n<td style=\"width: 37.8182%; text-align: center;\" valign=\"top\">\n<p>Punane<\/p>\n<\/td>\n<td style=\"width: 98.4698%; text-align: center;\" valign=\"top\">\n<p>1000 tk.<\/p>\n<\/td>\n<\/tr>\n<tr>\n<td style=\"width: 35.2727%; text-align: center;\" valign=\"top\">\n<p>GR91676205<\/p>\n<\/td>\n<td style=\"width: 37.8182%; text-align: center;\" valign=\"top\">\n<p>Kollane<\/p>\n<\/td>\n<td style=\"width: 98.4698%; text-align: center;\" valign=\"top\">\n<p>1000 tk.<\/p>\n<\/td>\n<\/tr>\n<tr>\n<td style=\"width: 35.2727%; text-align: center;\" valign=\"top\">\n<p>GR91676207<\/p>\n<p>GR91676208<\/p>\n<\/td>\n<td style=\"width: 37.8182%; text-align: center;\" valign=\"top\">\n<p>Lilla<\/p>\n<p>Roosa<\/p>\n<\/td>\n<td style=\"width: 98.4698%; text-align: center;\" valign=\"top\">\n<p>1000 tk.<\/p>\n<p>1000 tk.<\/p>\n<\/td>\n<\/tr>\n<tr>\n<td style=\"width: 35.2727%; text-align: center;\" valign=\"top\">\n<p>GR91676209<\/p>\n<\/td>\n<td style=\"width: 37.8182%; text-align: center;\" valign=\"top\">\n<p>Kuular<\/p>\n<\/td>\n<td style=\"width: 98.4698%; text-align: center;\" valign=\"top\">\n<p>1000 tk.<\/p>\n<\/td>\n<\/tr>\n<tr>\n<td style=\"width: 35.2727%; text-align: center;\" valign=\"top\">\n<p>GR91676210<\/p>\n<\/td>\n<td style=\"width: 37.8182%; text-align: center;\" valign=\"top\">\n<p>H\u00f5bedane<\/p>\n<\/td>\n<td style=\"width: 98.4698%; text-align: center;\" valign=\"top\">\n<p>1000 tk.<\/p>\n<\/td>\n<\/tr>\n<tr>\n<td style=\"width: 35.2727%; text-align: center;\" valign=\"top\">\n<p>GR91676211<\/p>\n<\/td>\n<td style=\"width: 37.8182%; text-align: center;\" valign=\"top\">\n<p>Oran\u017e<\/p>\n<\/td>\n<td style=\"width: 98.4698%; text-align: center;\" valign=\"top\">\n<p>1000 tk.<\/p>\n<\/td>\n<\/tr>\n<\/tbody>\n<\/table>\n<div id=\"gtx-trans\" style=\"position: absolute; left: 79px; top: 37px;\">\n<div class=\"gtx-trans-icon\"><\/div>\n<\/div>","protected":false},"excerpt":{"rendered":"<p>Raamatukogu sildid<\/p>","protected":false},"featured_media":11420,"template":"","meta":[],"product_brand":[],"product_cat":[47],"product_tag":[],"class_list":{"0":"post-12481","1":"product","2":"type-product","3":"status-publish","4":"has-post-thumbnail","6":"product_cat-lentynu-zenklinimas","8":"first","9":"outofstock","10":"product-type-simple"},"_links":{"self":[{"href":"https:\/\/tavieta.lt\/ee\/wp-json\/wp\/v2\/product\/12481","targetHints":{"allow":["GET"]}}],"collection":[{"href":"https:\/\/tavieta.lt\/ee\/wp-json\/wp\/v2\/product"}],"about":[{"href":"https:\/\/tavieta.lt\/ee\/wp-json\/wp\/v2\/types\/product"}],"wp:featuredmedia":[{"embeddable":true,"href":"https:\/\/tavieta.lt\/ee\/wp-json\/wp\/v2\/media\/11420"}],"wp:attachment":[{"href":"https:\/\/tavieta.lt\/ee\/wp-json\/wp\/v2\/media?parent=12481"}],"wp:term":[{"taxonomy":"product_brand","embeddable":true,"href":"https:\/\/tavieta.lt\/ee\/wp-json\/wp\/v2\/product_brand?post=12481"},{"taxonomy":"product_cat","embeddable":true,"href":"https:\/\/tavieta.lt\/ee\/wp-json\/wp\/v2\/product_cat?post=12481"},{"taxonomy":"product_tag","embeddable":true,"href":"https:\/\/tavieta.lt\/ee\/wp-json\/wp\/v2\/product_tag?post=12481"}],"curies":[{"name":"t\u00f6\u00f6leht","href":"https:\/\/api.w.org\/{rel}","templated":true}]}}