{"id":12482,"date":"2024-02-07T08:31:55","date_gmt":"2024-02-07T08:31:55","guid":{"rendered":"http:\/\/tavieta.lt\/produktas\/dvipuse-lipni-juosta-ds\/"},"modified":"2024-02-07T08:32:05","modified_gmt":"2024-02-07T08:32:05","slug":"dvipuse-lipni-juosta-ds","status":"publish","type":"product","link":"https:\/\/tavieta.lt\/ee\/toode\/dvipuse-lipni-juosta-ds\/","title":{"rendered":"Kahepoolne kleeplint DS"},"content":{"rendered":"<p>Double Sided Adhesive Tape DS, 50\u03bcm l\u00e4bipaistev pehme PVC teip aluspaber, m\u00f5lemalt poolt silikoonitud, lahustivaba, vananemisvastane, elastsust s\u00e4ilitav akr\u00fclaatliim, mis ei muutu rabedaks ja ei leki.<\/p>\n<table style=\"width: 37.1127%;\" cellspacing=\"0\" cellpadding=\"0\">\n<tbody>\n<tr>\n<td style=\"width: 26.2136%; text-align: center;\" valign=\"top\">\n<p><strong>Kood<\/strong><\/p>\n<\/td>\n<td style=\"width: 46.6019%; text-align: center;\" valign=\"top\">\n<p><strong>M\u00f5\u00f5tmed<\/strong><\/p>\n<\/td>\n<td style=\"width: 181.068%; text-align: center;\" valign=\"top\">\n<p><strong>Kogus<\/strong><\/p>\n<\/td>\n<\/tr>\n<tr>\n<td style=\"width: 26.2136%; text-align: center;\" valign=\"top\">\n<p>70051<\/p>\n<\/td>\n<td style=\"width: 46.6019%; text-align: center;\" valign=\"top\">\n<p>33 x 1,2 cm<\/p>\n<\/td>\n<td style=\"width: 181.068%; text-align: center;\" valign=\"top\">\n<p>1 tk.<\/p>\n<\/td>\n<\/tr>\n<tr>\n<td style=\"width: 26.2136%; text-align: center;\" valign=\"top\">\n<p>70052<\/p>\n<\/td>\n<td style=\"width: 46.6019%; text-align: center;\" valign=\"top\">\n<p>\u00a033 x 1,9 cm<\/p>\n<\/td>\n<td style=\"width: 181.068%; text-align: center;\" valign=\"top\">\n<p>1 tk.<\/p>\n<\/td>\n<\/tr>\n<tr>\n<td style=\"width: 26.2136%; text-align: center;\" valign=\"top\">\n<p>70053<\/p>\n<\/td>\n<td style=\"width: 46.6019%; text-align: center;\" valign=\"top\">\n<p>33 x 2,5 cm<\/p>\n<\/td>\n<td style=\"width: 181.068%; text-align: center;\" valign=\"top\">\n<p>1 tk.<\/p>\n<\/td>\n<\/tr>\n<tr>\n<td style=\"width: 26.2136%; text-align: center;\" valign=\"top\">\n<p>70054<\/p>\n<\/td>\n<td style=\"width: 46.6019%; text-align: center;\" valign=\"top\">\n<p>33 x 1,2 cm<\/p>\n<\/td>\n<td style=\"width: 181.068%; text-align: center;\" valign=\"top\">\n<p>1 tk.<\/p>\n<\/td>\n<\/tr>\n<tr>\n<td style=\"width: 26.2136%; text-align: center;\" valign=\"top\">\n<p>70055<\/p>\n<\/td>\n<td style=\"width: 46.6019%; text-align: center;\" valign=\"top\">\n<p>33 x 1,9 cm<\/p>\n<\/td>\n<td style=\"width: 181.068%; text-align: center;\" valign=\"top\">\n<p>1 tk.<\/p>\n<\/td>\n<\/tr>\n<tr>\n<td style=\"width: 26.2136%; text-align: center;\" valign=\"top\">\n<p>70056<\/p>\n<\/td>\n<td style=\"width: 46.6019%; text-align: center;\" valign=\"top\">\n<p>33 x 2,5 cm<\/p>\n<\/td>\n<td style=\"width: 181.068%; text-align: center;\" valign=\"top\">\n<p>1 tk.<\/p>\n<\/td>\n<\/tr>\n<tr>\n<td style=\"width: 26.2136%; text-align: center;\" valign=\"top\">\n<p>70057<\/p>\n<\/td>\n<td style=\"width: 46.6019%; text-align: center;\" valign=\"top\">\n<p>33 x 1,2 cm<\/p>\n<\/td>\n<td style=\"width: 181.068%; text-align: center;\" valign=\"top\">\n<p>1 tk.<\/p>\n<\/td>\n<\/tr>\n<tr>\n<td style=\"width: 26.2136%; text-align: center;\" valign=\"top\">\n<p>70058<\/p>\n<\/td>\n<td style=\"width: 46.6019%; text-align: center;\" valign=\"top\">\n<p>33 x 1,9 cm<\/p>\n<\/td>\n<td style=\"width: 181.068%; text-align: center;\" valign=\"top\">\n<p>1 tk.<\/p>\n<\/td>\n<\/tr>\n<tr>\n<td style=\"width: 26.2136%; text-align: center;\" valign=\"top\">\n<p>70059<\/p>\n<\/td>\n<td style=\"width: 46.6019%; text-align: center;\" valign=\"top\">\n<p>33 x 2,5 cm<\/p>\n<\/td>\n<td style=\"width: 181.068%; text-align: center;\" valign=\"top\">\n<p>1 tk.<\/p>\n<\/td>\n<\/tr>\n<\/tbody>\n<\/table>\n<div id=\"gtx-trans\" style=\"position: absolute; left: 79px; top: 37px;\">\n<div class=\"gtx-trans-icon\"><\/div>\n<\/div>","protected":false},"excerpt":{"rendered":"<p>Kahepoolne kleeplint DS<\/p>","protected":false},"featured_media":11422,"template":"","meta":[],"product_brand":[],"product_cat":[47],"product_tag":[],"class_list":{"0":"post-12482","1":"product","2":"type-product","3":"status-publish","4":"has-post-thumbnail","6":"product_cat-lentynu-zenklinimas","8":"first","9":"outofstock","10":"product-type-simple"},"_links":{"self":[{"href":"https:\/\/tavieta.lt\/ee\/wp-json\/wp\/v2\/product\/12482","targetHints":{"allow":["GET"]}}],"collection":[{"href":"https:\/\/tavieta.lt\/ee\/wp-json\/wp\/v2\/product"}],"about":[{"href":"https:\/\/tavieta.lt\/ee\/wp-json\/wp\/v2\/types\/product"}],"wp:featuredmedia":[{"embeddable":true,"href":"https:\/\/tavieta.lt\/ee\/wp-json\/wp\/v2\/media\/11422"}],"wp:attachment":[{"href":"https:\/\/tavieta.lt\/ee\/wp-json\/wp\/v2\/media?parent=12482"}],"wp:term":[{"taxonomy":"product_brand","embeddable":true,"href":"https:\/\/tavieta.lt\/ee\/wp-json\/wp\/v2\/product_brand?post=12482"},{"taxonomy":"product_cat","embeddable":true,"href":"https:\/\/tavieta.lt\/ee\/wp-json\/wp\/v2\/product_cat?post=12482"},{"taxonomy":"product_tag","embeddable":true,"href":"https:\/\/tavieta.lt\/ee\/wp-json\/wp\/v2\/product_tag?post=12482"}],"curies":[{"name":"t\u00f6\u00f6leht","href":"https:\/\/api.w.org\/{rel}","templated":true}]}}