{"id":12485,"date":"2024-02-07T08:31:55","date_gmt":"2024-02-07T08:31:55","guid":{"rendered":"http:\/\/tavieta.lt\/produktas\/type-a-b-lentynu-zymeklis\/"},"modified":"2024-02-07T08:32:06","modified_gmt":"2024-02-07T08:32:06","slug":"type-a-b-lentynu-zymeklis","status":"publish","type":"product","link":"https:\/\/tavieta.lt\/ee\/toode\/type-a-b-lentynu-zymeklis\/","title":{"rendered":"T\u00fc\u00fcp A, B \u2013 riiulimarkerid"},"content":{"rendered":"<p>T\u00fc\u00fcp A, B \u2013 riiulimarkerid<\/p>\n<p>Valgest painduvast PVC-st riiulimarker, m\u00f5lemale poolele tr\u00fckitud t\u00e4hestikut\u00e4hed v\u00f5i s\u00fcmbolid vastavalt soovile. M\u00f5\u00f5dud: 250 x 60 (80) mm, paksus 3 mm, \u00fcmarad servad.<\/p>\n<div id=\"gtx-trans\" style=\"position: absolute; left: 79px; top: 37px;\">\n<div class=\"gtx-trans-icon\"><\/div>\n<\/div>","protected":false},"excerpt":{"rendered":"<p>A-t\u00fc\u00fcpi riiulimarker<\/p>","protected":false},"featured_media":11428,"template":"","meta":[],"product_brand":[],"product_cat":[47],"product_tag":[],"class_list":{"0":"post-12485","1":"product","2":"type-product","3":"status-publish","4":"has-post-thumbnail","6":"product_cat-lentynu-zenklinimas","8":"first","9":"outofstock","10":"product-type-simple"},"_links":{"self":[{"href":"https:\/\/tavieta.lt\/ee\/wp-json\/wp\/v2\/product\/12485","targetHints":{"allow":["GET"]}}],"collection":[{"href":"https:\/\/tavieta.lt\/ee\/wp-json\/wp\/v2\/product"}],"about":[{"href":"https:\/\/tavieta.lt\/ee\/wp-json\/wp\/v2\/types\/product"}],"wp:featuredmedia":[{"embeddable":true,"href":"https:\/\/tavieta.lt\/ee\/wp-json\/wp\/v2\/media\/11428"}],"wp:attachment":[{"href":"https:\/\/tavieta.lt\/ee\/wp-json\/wp\/v2\/media?parent=12485"}],"wp:term":[{"taxonomy":"product_brand","embeddable":true,"href":"https:\/\/tavieta.lt\/ee\/wp-json\/wp\/v2\/product_brand?post=12485"},{"taxonomy":"product_cat","embeddable":true,"href":"https:\/\/tavieta.lt\/ee\/wp-json\/wp\/v2\/product_cat?post=12485"},{"taxonomy":"product_tag","embeddable":true,"href":"https:\/\/tavieta.lt\/ee\/wp-json\/wp\/v2\/product_tag?post=12485"}],"curies":[{"name":"t\u00f6\u00f6leht","href":"https:\/\/api.w.org\/{rel}","templated":true}]}}