{"id":12486,"date":"2024-02-07T08:32:10","date_gmt":"2024-02-07T08:32:10","guid":{"rendered":"http:\/\/tavieta.lt\/produktas\/zymejimo-ratukai\/"},"modified":"2024-02-07T08:32:11","modified_gmt":"2024-02-07T08:32:11","slug":"zymejimo-ratukai","status":"publish","type":"product","link":"https:\/\/tavieta.lt\/ee\/toode\/zymejimo-ratukai\/","title":{"rendered":"M\u00e4rgistusrattad"},"content":{"rendered":"<p>V\u00e4rvikoodipunktid \u2013 m\u00e4rgistusrattad, erksad v\u00e4rvid, v\u00f5imaldavad kiiresti tuvastada raamatuid, ajakirju, k\u00f6itjaid, kandjaid. Kauakestev, survetundlik, kleepuv. 1000 silti t\u00e4ppide rullis. Pakume erinevaid v\u00e4rve. 19 mm rattad.<\/p>\n<table style=\"width: 42.2081%; height: 560px;\" cellspacing=\"0\" cellpadding=\"0\">\n<tbody>\n<tr style=\"height: 56px;\">\n<td style=\"width: 23.0769%; text-align: center; height: 56px;\" valign=\"top\">\n<p><strong>Kood<\/strong><\/p>\n<\/td>\n<td style=\"width: 50.8547%; text-align: center; height: 56px;\" valign=\"top\">\n<p><strong>Kirjeldus<\/strong><\/p>\n<\/td>\n<td style=\"width: 166.584%; text-align: center; height: 56px;\" valign=\"top\">\n<p><strong>Kogus<\/strong><\/p>\n<\/td>\n<\/tr>\n<tr style=\"height: 56px;\">\n<td style=\"width: 23.0769%; text-align: center; height: 56px;\" valign=\"top\">\n<p>BR271102<\/p>\n<\/td>\n<td style=\"width: 50.8547%; text-align: center; height: 56px;\" valign=\"top\">\n<p>tumesinine<\/p>\n<\/td>\n<td style=\"width: 166.584%; text-align: center; height: 56px;\" valign=\"top\">\n<p>1000 tk.<\/p>\n<\/td>\n<\/tr>\n<tr style=\"height: 56px;\">\n<td style=\"width: 23.0769%; text-align: center; height: 56px;\" valign=\"top\">\n<p>BR271103<\/p>\n<\/td>\n<td style=\"width: 50.8547%; text-align: center; height: 56px;\" valign=\"top\">\n<p>roheline<\/p>\n<\/td>\n<td style=\"width: 166.584%; text-align: center; height: 56px;\" valign=\"top\">\n<p>1000 tk.<\/p>\n<\/td>\n<\/tr>\n<tr style=\"height: 56px;\">\n<td style=\"width: 23.0769%; text-align: center; height: 56px;\" valign=\"top\">\n<p>BR271104<\/p>\n<\/td>\n<td style=\"width: 50.8547%; text-align: center; height: 56px;\" valign=\"top\">\n<p>punane<\/p>\n<\/td>\n<td style=\"width: 166.584%; text-align: center; height: 56px;\" valign=\"top\">\n<p>1000 tk.<\/p>\n<\/td>\n<\/tr>\n<tr style=\"height: 56px;\">\n<td style=\"width: 23.0769%; text-align: center; height: 56px;\" valign=\"top\">\n<p>BR271105<\/p>\n<\/td>\n<td style=\"width: 50.8547%; text-align: center; height: 56px;\" valign=\"top\">\n<p>kollane<\/p>\n<\/td>\n<td style=\"width: 166.584%; text-align: center; height: 56px;\" valign=\"top\">\n<p>1000 tk.<\/p>\n<\/td>\n<\/tr>\n<tr style=\"height: 56px;\">\n<td class=\"param_value\" style=\"width: 23.0769%; height: 56px;\">\u00a0 \u00a0BR271106<\/td>\n<td style=\"width: 50.8547%; text-align: center; height: 56px;\" valign=\"top\">\n<p>oran\u017e<\/p>\n<\/td>\n<td style=\"width: 166.584%; text-align: center; height: 56px;\" valign=\"top\">\n<p>1000 tk.<\/p>\n<\/td>\n<\/tr>\n<tr style=\"height: 56px;\">\n<td style=\"width: 23.0769%; text-align: center; height: 56px;\" valign=\"top\">\n<p>BR271009<\/p>\n<\/td>\n<td style=\"width: 50.8547%; text-align: center; height: 56px;\" valign=\"top\">\n<p>helesinine<\/p>\n<\/td>\n<td style=\"width: 166.584%; text-align: center; height: 56px;\" valign=\"top\">\n<p>1000 tk.<\/p>\n<\/td>\n<\/tr>\n<tr style=\"height: 56px;\">\n<td style=\"width: 23.0769%; text-align: center; height: 56px;\" valign=\"top\">\n<p>BR271010<\/p>\n<\/td>\n<td style=\"width: 50.8547%; text-align: center; height: 56px;\" valign=\"top\">\n<p>roosa<\/p>\n<\/td>\n<td style=\"width: 166.584%; text-align: center; height: 56px;\" valign=\"top\">\n<p>1000 tk.<\/p>\n<\/td>\n<\/tr>\n<tr style=\"height: 56px;\">\n<td style=\"width: 23.0769%; text-align: center; height: 56px;\" valign=\"top\">\n<p>BR271012<\/p>\n<\/td>\n<td style=\"width: 50.8547%; text-align: center; height: 56px;\" valign=\"top\">\n<p>\u00a0hall<\/p>\n<\/td>\n<td style=\"width: 166.584%; text-align: center; height: 56px;\" valign=\"top\">\n<p>1000 tk.<\/p>\n<\/td>\n<\/tr>\n<tr style=\"height: 56px;\">\n<td style=\"width: 23.0769%; text-align: center; height: 56px;\" valign=\"top\">\n<p>BR271017<\/p>\n<\/td>\n<td style=\"width: 50.8547%; text-align: center; height: 56px;\" valign=\"top\">\n<p>violetne<\/p>\n<\/td>\n<td style=\"width: 166.584%; text-align: center; height: 56px;\" valign=\"top\">\n<p>1000 tk.<\/p>\n<\/td>\n<\/tr>\n<tr>\n<td style=\"width: 23.0769%; text-align: center;\">\n<p>BR271018<\/p>\n<\/td>\n<td style=\"width: 50.8547%; text-align: center;\">\n<p>must<\/p>\n<\/td>\n<td style=\"width: 166.584%; text-align: center;\">\n<p>1000 tk.<\/p>\n<\/td>\n<\/tr>\n<\/tbody>\n<\/table>\n<p>&nbsp;<\/p>\n<div id=\"gtx-trans\" style=\"position: absolute; left: 79px; top: 37px;\">\n<div class=\"gtx-trans-icon\"><\/div>\n<\/div>","protected":false},"excerpt":{"rendered":"<p>m\u00e4rgistusrattad<\/p>","protected":false},"featured_media":11430,"template":"","meta":[],"product_brand":[],"product_cat":[47],"product_tag":[],"class_list":{"0":"post-12486","1":"product","2":"type-product","3":"status-publish","4":"has-post-thumbnail","6":"product_cat-lentynu-zenklinimas","8":"first","9":"outofstock","10":"product-type-simple"},"_links":{"self":[{"href":"https:\/\/tavieta.lt\/ee\/wp-json\/wp\/v2\/product\/12486","targetHints":{"allow":["GET"]}}],"collection":[{"href":"https:\/\/tavieta.lt\/ee\/wp-json\/wp\/v2\/product"}],"about":[{"href":"https:\/\/tavieta.lt\/ee\/wp-json\/wp\/v2\/types\/product"}],"wp:featuredmedia":[{"embeddable":true,"href":"https:\/\/tavieta.lt\/ee\/wp-json\/wp\/v2\/media\/11430"}],"wp:attachment":[{"href":"https:\/\/tavieta.lt\/ee\/wp-json\/wp\/v2\/media?parent=12486"}],"wp:term":[{"taxonomy":"product_brand","embeddable":true,"href":"https:\/\/tavieta.lt\/ee\/wp-json\/wp\/v2\/product_brand?post=12486"},{"taxonomy":"product_cat","embeddable":true,"href":"https:\/\/tavieta.lt\/ee\/wp-json\/wp\/v2\/product_cat?post=12486"},{"taxonomy":"product_tag","embeddable":true,"href":"https:\/\/tavieta.lt\/ee\/wp-json\/wp\/v2\/product_tag?post=12486"}],"curies":[{"name":"t\u00f6\u00f6leht","href":"https:\/\/api.w.org\/{rel}","templated":true}]}}