{"id":12487,"date":"2024-02-07T08:32:10","date_gmt":"2024-02-07T08:32:10","guid":{"rendered":"http:\/\/tavieta.lt\/produktas\/magnetine-juosta-tvirtinimui\/"},"modified":"2024-02-07T08:32:11","modified_gmt":"2024-02-07T08:32:11","slug":"magnetine-juosta-tvirtinimui","status":"publish","type":"product","link":"https:\/\/tavieta.lt\/ee\/toode\/magnetine-juosta-tvirtinimui\/","title":{"rendered":"Magnetlint kinnitamiseks"},"content":{"rendered":"<p>Kinnitage silte, silte, memosid v\u00f5i plakateid metallist raamatuk\u00e4rudele, riiulitele, kartoteekappidele v\u00f5i mis tahes metallpindadele. Lindi suurus: 1,3 cm x 60 cm. Tarnime vastavalt teie soovile ka teistes laiustes teipe, teipi on lihtne l\u00f5igata ja vormindada. 10 tk pakendis.<\/p>\n<table style=\"width: 50.6485%; height: 112px;\" cellspacing=\"0\" cellpadding=\"0\">\n<tbody>\n<tr style=\"height: 56px;\">\n<td style=\"width: 29.4355%; height: 56px; text-align: center;\" valign=\"top\">\n<p><strong>Kood<\/strong><\/p>\n<\/td>\n<td style=\"width: 47.9839%; height: 56px; text-align: center;\" valign=\"top\">\n<p><strong>Kirjeldus<\/strong><\/p>\n<\/td>\n<td style=\"width: 148.866%; height: 56px; text-align: center;\" valign=\"top\">\n<p><strong>Kogus<\/strong><\/p>\n<\/td>\n<\/tr>\n<tr style=\"height: 56px;\">\n<td style=\"width: 29.4355%; height: 56px; text-align: center;\" valign=\"top\">\n<p>OST00114<\/p>\n<\/td>\n<td style=\"width: 47.9839%; height: 56px; text-align: center;\" valign=\"top\">\n<p>1,3 cm x 60 cm<\/p>\n<\/td>\n<td style=\"width: 148.866%; height: 56px; text-align: center;\" valign=\"top\">\n<p>10 tk.<\/p>\n<\/td>\n<\/tr>\n<\/tbody>\n<\/table>\n<div id=\"gtx-trans\" style=\"position: absolute; left: 79px; top: 37px;\">\n<div class=\"gtx-trans-icon\"><\/div>\n<\/div>","protected":false},"excerpt":{"rendered":"<p>Magnetlint<\/p>","protected":false},"featured_media":11432,"template":"","meta":[],"product_brand":[],"product_cat":[47],"product_tag":[],"class_list":{"0":"post-12487","1":"product","2":"type-product","3":"status-publish","4":"has-post-thumbnail","6":"product_cat-lentynu-zenklinimas","8":"first","9":"outofstock","10":"product-type-simple"},"_links":{"self":[{"href":"https:\/\/tavieta.lt\/ee\/wp-json\/wp\/v2\/product\/12487","targetHints":{"allow":["GET"]}}],"collection":[{"href":"https:\/\/tavieta.lt\/ee\/wp-json\/wp\/v2\/product"}],"about":[{"href":"https:\/\/tavieta.lt\/ee\/wp-json\/wp\/v2\/types\/product"}],"wp:featuredmedia":[{"embeddable":true,"href":"https:\/\/tavieta.lt\/ee\/wp-json\/wp\/v2\/media\/11432"}],"wp:attachment":[{"href":"https:\/\/tavieta.lt\/ee\/wp-json\/wp\/v2\/media?parent=12487"}],"wp:term":[{"taxonomy":"product_brand","embeddable":true,"href":"https:\/\/tavieta.lt\/ee\/wp-json\/wp\/v2\/product_brand?post=12487"},{"taxonomy":"product_cat","embeddable":true,"href":"https:\/\/tavieta.lt\/ee\/wp-json\/wp\/v2\/product_cat?post=12487"},{"taxonomy":"product_tag","embeddable":true,"href":"https:\/\/tavieta.lt\/ee\/wp-json\/wp\/v2\/product_tag?post=12487"}],"curies":[{"name":"t\u00f6\u00f6leht","href":"https:\/\/api.w.org\/{rel}","templated":true}]}}