{"id":12489,"date":"2024-02-07T08:32:10","date_gmt":"2024-02-07T08:32:10","guid":{"rendered":"http:\/\/tavieta.lt\/produktas\/plastikinis-lentynu-zymiklis\/"},"modified":"2024-02-07T08:32:12","modified_gmt":"2024-02-07T08:32:12","slug":"plastikinis-lentynu-zymiklis","status":"publish","type":"product","link":"https:\/\/tavieta.lt\/ee\/toode\/plastikinis-lentynu-zymiklis\/","title":{"rendered":"Plastikust riiulimarker"},"content":{"rendered":"<p>Plastikust riiulimarker hermeetilisest valgest PVC-st, l\u00e4bipaistvate silditaskutega m\u00f5lemal k\u00fcljel. Pakume kahte erinevat t\u00fc\u00fcpi:<\/p>\n<table style=\"width: 52.2939%; height: 141px;\" cellspacing=\"0\" cellpadding=\"0\">\n<tbody>\n<tr style=\"height: 56px;\">\n<td style=\"width: 27.0161%; height: 56px; text-align: center;\" valign=\"top\">\n<p><strong>Kood<\/strong><\/p>\n<\/td>\n<td style=\"width: 50.4032%; height: 56px; text-align: center;\" valign=\"top\">\n<p><strong>Kirjeldus<\/strong><\/p>\n<\/td>\n<td style=\"width: 170.75%; height: 56px; text-align: center;\" valign=\"top\">\n<p><strong>Kogus<\/strong><\/p>\n<\/td>\n<\/tr>\n<tr style=\"height: 56px;\">\n<td style=\"width: 27.0161%; height: 56px; text-align: center;\" valign=\"top\">\n<p>TK 562-0<\/p>\n<\/td>\n<td style=\"width: 50.4032%; height: 56px; text-align: center;\" valign=\"top\">\n<p>218 x 92 x 80 mm<\/p>\n<\/td>\n<td style=\"width: 170.75%; height: 56px; text-align: center;\" valign=\"top\">\n<p>1 tk.<\/p>\n<\/td>\n<\/tr>\n<tr style=\"height: 29px;\">\n<td style=\"width: 27.0161%; height: 29px; text-align: center;\" valign=\"top\">\n<p>TC 570-3<\/p>\n<\/td>\n<td style=\"width: 50.4032%; height: 29px; text-align: center;\" valign=\"top\">\n<p>120 x 90 x 50 mm<\/p>\n<\/td>\n<td style=\"width: 170.75%; height: 29px; text-align: center;\" valign=\"top\">\n<p>1 tk.<\/p>\n<\/td>\n<\/tr>\n<\/tbody>\n<\/table>\n<div id=\"gtx-trans\" style=\"position: absolute; left: 79px; top: 37px;\">\n<div class=\"gtx-trans-icon\"><\/div>\n<\/div>","protected":false},"excerpt":{"rendered":"<p>Plastikust riiulimarker<\/p>","protected":false},"featured_media":11436,"template":"","meta":[],"product_brand":[],"product_cat":[47],"product_tag":[],"class_list":{"0":"post-12489","1":"product","2":"type-product","3":"status-publish","4":"has-post-thumbnail","6":"product_cat-lentynu-zenklinimas","8":"first","9":"outofstock","10":"product-type-simple"},"_links":{"self":[{"href":"https:\/\/tavieta.lt\/ee\/wp-json\/wp\/v2\/product\/12489","targetHints":{"allow":["GET"]}}],"collection":[{"href":"https:\/\/tavieta.lt\/ee\/wp-json\/wp\/v2\/product"}],"about":[{"href":"https:\/\/tavieta.lt\/ee\/wp-json\/wp\/v2\/types\/product"}],"wp:featuredmedia":[{"embeddable":true,"href":"https:\/\/tavieta.lt\/ee\/wp-json\/wp\/v2\/media\/11436"}],"wp:attachment":[{"href":"https:\/\/tavieta.lt\/ee\/wp-json\/wp\/v2\/media?parent=12489"}],"wp:term":[{"taxonomy":"product_brand","embeddable":true,"href":"https:\/\/tavieta.lt\/ee\/wp-json\/wp\/v2\/product_brand?post=12489"},{"taxonomy":"product_cat","embeddable":true,"href":"https:\/\/tavieta.lt\/ee\/wp-json\/wp\/v2\/product_cat?post=12489"},{"taxonomy":"product_tag","embeddable":true,"href":"https:\/\/tavieta.lt\/ee\/wp-json\/wp\/v2\/product_tag?post=12489"}],"curies":[{"name":"t\u00f6\u00f6leht","href":"https:\/\/api.w.org\/{rel}","templated":true}]}}