{"id":12493,"date":"2024-02-07T08:32:10","date_gmt":"2024-02-07T08:32:10","guid":{"rendered":"http:\/\/tavieta.lt\/produktas\/archyvines-kokybes-rasikliai\/"},"modified":"2025-01-30T13:21:30","modified_gmt":"2025-01-30T13:21:30","slug":"archyvines-kokybes-rasikliai","status":"publish","type":"product","link":"https:\/\/tavieta.lt\/ee\/toode\/archyvines-kokybes-rasikliai\/","title":{"rendered":"Arhiivikvaliteediga neutraalse pH-ga pliiatsid"},"content":{"rendered":"<p>Arhiivikvaliteediga pastakad, vee- ja kemikaalikindlad, pH neutraalsed. Ideaalne mittehappelistes keskkondades, suurep\u00e4rase arhiivitindi j\u00f5udlusega. P\u00e4rast kuivamist ei m\u00e4\u00e4ri. Pakis kolm musta pliiatsit 1 mm, 2 mm ja 3 mm otstega. Saadaval on ka sama paksusega pastakad.<\/p>\n<table style=\"width: 53.0248%;\" cellspacing=\"0\" cellpadding=\"0\">\n<tbody>\n<tr>\n<td style=\"width: 22.7273%; text-align: center;\" valign=\"top\">\n<p><strong>Kood<\/strong><\/p>\n<\/td>\n<td style=\"width: 60.303%; text-align: center;\" valign=\"top\">\n<p><strong>Kirjeldus<\/strong><\/p>\n<\/td>\n<td style=\"width: 136.401%; text-align: center;\" valign=\"top\">\n<p><strong>Kogus<\/strong><\/p>\n<\/td>\n<\/tr>\n<tr>\n<td style=\"width: 22.7273%; text-align: center;\" valign=\"top\">\n<p>BR<span style=\"font-size: 16px;\">212101<\/span><\/p>\n<\/td>\n<td style=\"width: 60.303%; text-align: center;\" valign=\"top\">\n<p>Arhiivikvaliteediga pastakad<\/p>\n<\/td>\n<td style=\"width: 136.401%; text-align: center;\" valign=\"top\">\n<p>3 tk.<\/p>\n<\/td>\n<\/tr>\n<\/tbody>\n<\/table>\n<div id=\"gtx-trans\" style=\"position: absolute; left: 79px; top: 37px;\">\n<div class=\"gtx-trans-icon\"><\/div>\n<\/div>","protected":false},"excerpt":{"rendered":"<p>Arhiivikvaliteediga pastakad<\/p>","protected":false},"featured_media":11443,"template":"","meta":[],"product_brand":[],"product_cat":[227],"product_tag":[],"class_list":{"0":"post-12493","1":"product","2":"type-product","3":"status-publish","4":"has-post-thumbnail","6":"product_cat-restauravimo-priemones","8":"first","9":"outofstock","10":"product-type-simple"},"_links":{"self":[{"href":"https:\/\/tavieta.lt\/ee\/wp-json\/wp\/v2\/product\/12493","targetHints":{"allow":["GET"]}}],"collection":[{"href":"https:\/\/tavieta.lt\/ee\/wp-json\/wp\/v2\/product"}],"about":[{"href":"https:\/\/tavieta.lt\/ee\/wp-json\/wp\/v2\/types\/product"}],"wp:featuredmedia":[{"embeddable":true,"href":"https:\/\/tavieta.lt\/ee\/wp-json\/wp\/v2\/media\/11443"}],"wp:attachment":[{"href":"https:\/\/tavieta.lt\/ee\/wp-json\/wp\/v2\/media?parent=12493"}],"wp:term":[{"taxonomy":"product_brand","embeddable":true,"href":"https:\/\/tavieta.lt\/ee\/wp-json\/wp\/v2\/product_brand?post=12493"},{"taxonomy":"product_cat","embeddable":true,"href":"https:\/\/tavieta.lt\/ee\/wp-json\/wp\/v2\/product_cat?post=12493"},{"taxonomy":"product_tag","embeddable":true,"href":"https:\/\/tavieta.lt\/ee\/wp-json\/wp\/v2\/product_tag?post=12493"}],"curies":[{"name":"t\u00f6\u00f6leht","href":"https:\/\/api.w.org\/{rel}","templated":true}]}}