{"id":12495,"date":"2024-02-07T08:32:10","date_gmt":"2024-02-07T08:32:10","guid":{"rendered":"http:\/\/tavieta.lt\/produktas\/kliju-pasalinimo-rasiklis\/"},"modified":"2025-01-30T13:21:31","modified_gmt":"2025-01-30T13:21:31","slug":"kliju-pasalinimo-rasiklis","status":"publish","type":"product","link":"https:\/\/tavieta.lt\/ee\/toode\/kliju-pasalinimo-rasiklis\/","title":{"rendered":"Liimi eemaldamise pliiats"},"content":{"rendered":"<p>Glue Remover Pen \u2013 Sidrunip\u00f5hine liimieemaldaja, neutraalne pH, eemaldab kergesti liimij\u00e4\u00e4gid v\u00f5i markergrafiti, kasutatakse liimi puhastamiseks tahvlitelt, pinkidelt, klaasidelt v\u00f5i kontorikappidelt.<\/p>\n<table style=\"width: 57.4885%;\" cellspacing=\"0\" cellpadding=\"0\">\n<tbody>\n<tr>\n<td style=\"width: 24.7525%; text-align: center;\" valign=\"top\">\n<p><strong>Kood<\/strong><\/p>\n<\/td>\n<td style=\"width: 56.7657%; text-align: center;\" valign=\"top\">\n<p><strong>Kirjeldus<\/strong><\/p>\n<\/td>\n<td style=\"width: 180.858%; text-align: center;\" valign=\"top\">\n<p><strong>Kogus<\/strong><\/p>\n<\/td>\n<\/tr>\n<tr>\n<td style=\"width: 24.7525%; text-align: center;\" valign=\"top\">\n<p>8D170001<\/p>\n<\/td>\n<td style=\"width: 56.7657%; text-align: center;\" valign=\"top\">\n<p>Liimi eemaldamise pliiats<\/p>\n<\/td>\n<td style=\"width: 180.858%; text-align: center;\" valign=\"top\">\n<p>1 tk.<\/p>\n<\/td>\n<\/tr>\n<\/tbody>\n<\/table>\n<div id=\"gtx-trans\" style=\"position: absolute; left: 79px; top: 37px;\">\n<div class=\"gtx-trans-icon\"><\/div>\n<\/div>","protected":false},"excerpt":{"rendered":"<p>Liimi eemaldamise pliiats<\/p>","protected":false},"featured_media":11447,"template":"","meta":[],"product_brand":[],"product_cat":[227],"product_tag":[],"class_list":{"0":"post-12495","1":"product","2":"type-product","3":"status-publish","4":"has-post-thumbnail","6":"product_cat-restauravimo-priemones","8":"first","9":"outofstock","10":"product-type-simple"},"_links":{"self":[{"href":"https:\/\/tavieta.lt\/ee\/wp-json\/wp\/v2\/product\/12495","targetHints":{"allow":["GET"]}}],"collection":[{"href":"https:\/\/tavieta.lt\/ee\/wp-json\/wp\/v2\/product"}],"about":[{"href":"https:\/\/tavieta.lt\/ee\/wp-json\/wp\/v2\/types\/product"}],"wp:featuredmedia":[{"embeddable":true,"href":"https:\/\/tavieta.lt\/ee\/wp-json\/wp\/v2\/media\/11447"}],"wp:attachment":[{"href":"https:\/\/tavieta.lt\/ee\/wp-json\/wp\/v2\/media?parent=12495"}],"wp:term":[{"taxonomy":"product_brand","embeddable":true,"href":"https:\/\/tavieta.lt\/ee\/wp-json\/wp\/v2\/product_brand?post=12495"},{"taxonomy":"product_cat","embeddable":true,"href":"https:\/\/tavieta.lt\/ee\/wp-json\/wp\/v2\/product_cat?post=12495"},{"taxonomy":"product_tag","embeddable":true,"href":"https:\/\/tavieta.lt\/ee\/wp-json\/wp\/v2\/product_tag?post=12495"}],"curies":[{"name":"t\u00f6\u00f6leht","href":"https:\/\/api.w.org\/{rel}","templated":true}]}}