{"id":12496,"date":"2024-02-07T08:32:10","date_gmt":"2024-02-07T08:32:10","guid":{"rendered":"http:\/\/tavieta.lt\/produktas\/offka-universalus-kliju-salinimo-skystis-2\/"},"modified":"2025-01-30T13:21:32","modified_gmt":"2025-01-30T13:21:32","slug":"offka-universalus-kliju-salinimo-skystis-2","status":"publish","type":"product","link":"https:\/\/tavieta.lt\/ee\/toode\/offka-universalus-kliju-salinimo-skystis-2\/","title":{"rendered":"OFFka on universaalne liimieemaldusvedelik"},"content":{"rendered":"<p>OFFka on m\u00f5eldud liimi kiireks eemaldamiseks pinda kahjustamata v\u00f5i kahjustamata. See toode sobib suurep\u00e4raselt kleebistelt ja vin\u00fc\u00fclgraafikatelt j\u00e4\u00e4nud liimi eemaldamiseks. OFFka on mittetoksiline, vees lahustuv ja lagunev. Eemaldab liimi kuuek\u00fcmne sekundiga! Pihustage pinnale, oodake kolmk\u00fcmmend kuni kuusk\u00fcmmend sekundit ja p\u00fchkige \u00f5rnalt plastikust kaabitsaga maha, kahjustamata v\u00e4rvitud v\u00f5i paljaid metallpindu.<\/p>\n<table style=\"width: 50.2461%;\" cellspacing=\"0\" cellpadding=\"0\">\n<tbody>\n<tr>\n<td style=\"width: 31.2977%; text-align: center;\" valign=\"top\">\n<p><strong>Kood<\/strong><\/p>\n<\/td>\n<td style=\"width: 46.5649%; text-align: center;\" valign=\"top\">\n<p><strong>Kirjeldus<\/strong><\/p>\n<\/td>\n<td style=\"width: 179.771%; text-align: center;\" valign=\"top\">\n<p><strong>Kogus<\/strong><\/p>\n<\/td>\n<\/tr>\n<tr>\n<td style=\"width: 31.2977%; text-align: center;\" valign=\"top\">\n<p>OST00003<\/p>\n<\/td>\n<td style=\"width: 46.5649%; text-align: center;\" valign=\"top\">\n<p align=\"center\">OFFka<\/p>\n<p align=\"center\">\u00a0<\/p>\n<\/td>\n<td style=\"width: 179.771%; text-align: center;\" valign=\"top\">\n<p align=\"center\">0,5 1<\/p>\n<p align=\"center\">5 1<\/p>\n<\/td>\n<\/tr>\n<\/tbody>\n<\/table>\n<div id=\"gtx-trans\" style=\"position: absolute; left: 79px; top: 37px;\">\n<div class=\"gtx-trans-icon\"><\/div>\n<\/div>","protected":false},"excerpt":{"rendered":"<p>OFFka on universaalne liimieemaldusvedelik<\/p>","protected":false},"featured_media":11449,"template":"","meta":[],"product_brand":[],"product_cat":[227],"product_tag":[],"class_list":{"0":"post-12496","1":"product","2":"type-product","3":"status-publish","4":"has-post-thumbnail","6":"product_cat-restauravimo-priemones","8":"first","9":"outofstock","10":"product-type-simple"},"_links":{"self":[{"href":"https:\/\/tavieta.lt\/ee\/wp-json\/wp\/v2\/product\/12496","targetHints":{"allow":["GET"]}}],"collection":[{"href":"https:\/\/tavieta.lt\/ee\/wp-json\/wp\/v2\/product"}],"about":[{"href":"https:\/\/tavieta.lt\/ee\/wp-json\/wp\/v2\/types\/product"}],"wp:featuredmedia":[{"embeddable":true,"href":"https:\/\/tavieta.lt\/ee\/wp-json\/wp\/v2\/media\/11449"}],"wp:attachment":[{"href":"https:\/\/tavieta.lt\/ee\/wp-json\/wp\/v2\/media?parent=12496"}],"wp:term":[{"taxonomy":"product_brand","embeddable":true,"href":"https:\/\/tavieta.lt\/ee\/wp-json\/wp\/v2\/product_brand?post=12496"},{"taxonomy":"product_cat","embeddable":true,"href":"https:\/\/tavieta.lt\/ee\/wp-json\/wp\/v2\/product_cat?post=12496"},{"taxonomy":"product_tag","embeddable":true,"href":"https:\/\/tavieta.lt\/ee\/wp-json\/wp\/v2\/product_tag?post=12496"}],"curies":[{"name":"t\u00f6\u00f6leht","href":"https:\/\/api.w.org\/{rel}","templated":true}]}}