{"id":12497,"date":"2024-02-07T08:32:10","date_gmt":"2024-02-07T08:32:10","guid":{"rendered":"http:\/\/tavieta.lt\/produktas\/klijai-knygoms-risti\/"},"modified":"2025-01-30T13:21:32","modified_gmt":"2025-01-30T13:21:32","slug":"klijai-knygoms-risti","status":"publish","type":"product","link":"https:\/\/tavieta.lt\/ee\/toode\/klijai-knygoms-risti\/","title":{"rendered":"Liim raamatute k\u00f6itmiseks"},"content":{"rendered":"<p><strong>Elasta N<\/strong>\u00a0- raamatuliim vesidispersiooni alusel &quot;Planatol Elasta N&quot;, neutraalne pH, kasutatakse k\u00e4sitsi v\u00f5i mehaaniliseks liimimiseks, v\u00e4ga kleepuv, veega lahjendatav kuni 30%, kasutatakse k\u00e4sitsi valmistatud raamatute liimimiseks.<\/p>\n<p><strong>RP19 S<\/strong> \u2013 liim, kasutatakse tavaliselt mehaaniliseks liimimiseks, kasutatakse vesidispersiooni alusel, 30% kuivmaterjalid, pH 5 \u2013 9, viskoossus min 0,6.<\/p>\n<p><strong>Planaxol<\/strong> \u2013 spetsiaalne s\u00fcnteetilise vaigu liim, l\u00e4bipaistev. 1,05 kg purgid, sisaldab plastifikaatorit pH 7. Standardsete paberiomadustega toodete k\u00e4sitsi liimimiseks, sobib ka enamusteks muudeks liimimist\u00f6\u00f6deks paberi, papi, kangaga jne.<\/p>\n<table style=\"width: 54.8811%; height: 202px;\" cellspacing=\"0\" cellpadding=\"0\">\n<tbody>\n<tr style=\"height: 136px;\">\n<td style=\"width: 43.0168%; text-align: center; height: 136px;\" valign=\"top\">\n<p>10570<\/p>\n<\/td>\n<td style=\"width: 35.7542%; text-align: center; height: 136px;\" valign=\"top\">\n<p>Elasta N<\/p>\n<\/td>\n<td style=\"width: 355.866%; text-align: center; height: 136px;\" valign=\"top\">\n<p>1 kg<\/p>\n<p>5 kg<\/p>\n<p>30 kg<\/p>\n<\/td>\n<\/tr>\n<tr style=\"height: 56px;\">\n<td style=\"width: 43.0168%; text-align: center; height: 56px;\" valign=\"top\">\n<p>40241<\/p>\n<\/td>\n<td style=\"width: 35.7542%; text-align: center; height: 56px;\" valign=\"top\">\n<p>RP19 S<\/p>\n<\/td>\n<td style=\"width: 355.866%; text-align: center; height: 56px;\" valign=\"top\">\n<p>10 kg<\/p>\n<\/td>\n<\/tr>\n<tr style=\"height: 10px;\">\n<td style=\"width: 43.0168%; text-align: center; height: 10px;\" valign=\"top\">\n<p>OST00147<\/p>\n<\/td>\n<td style=\"width: 35.7542%; text-align: center; height: 10px;\" valign=\"top\">\n<p>Planaxol<\/p>\n<\/td>\n<td style=\"width: 355.866%; text-align: center; height: 10px;\" valign=\"top\">\n<p>1 kg<\/p>\n<p>5 kg<\/p>\n<\/td>\n<\/tr>\n<\/tbody>\n<\/table>\n<div id=\"gtx-trans\" style=\"position: absolute; left: 79px; top: 37px;\">\n<div class=\"gtx-trans-icon\"><\/div>\n<\/div>","protected":false},"excerpt":{"rendered":"<p>Liim raamatute k\u00f6itmiseks<\/p>","protected":false},"featured_media":11451,"template":"","meta":[],"product_brand":[],"product_cat":[227],"product_tag":[],"class_list":{"0":"post-12497","1":"product","2":"type-product","3":"status-publish","4":"has-post-thumbnail","6":"product_cat-restauravimo-priemones","8":"first","9":"outofstock","10":"product-type-simple"},"_links":{"self":[{"href":"https:\/\/tavieta.lt\/ee\/wp-json\/wp\/v2\/product\/12497","targetHints":{"allow":["GET"]}}],"collection":[{"href":"https:\/\/tavieta.lt\/ee\/wp-json\/wp\/v2\/product"}],"about":[{"href":"https:\/\/tavieta.lt\/ee\/wp-json\/wp\/v2\/types\/product"}],"wp:featuredmedia":[{"embeddable":true,"href":"https:\/\/tavieta.lt\/ee\/wp-json\/wp\/v2\/media\/11451"}],"wp:attachment":[{"href":"https:\/\/tavieta.lt\/ee\/wp-json\/wp\/v2\/media?parent=12497"}],"wp:term":[{"taxonomy":"product_brand","embeddable":true,"href":"https:\/\/tavieta.lt\/ee\/wp-json\/wp\/v2\/product_brand?post=12497"},{"taxonomy":"product_cat","embeddable":true,"href":"https:\/\/tavieta.lt\/ee\/wp-json\/wp\/v2\/product_cat?post=12497"},{"taxonomy":"product_tag","embeddable":true,"href":"https:\/\/tavieta.lt\/ee\/wp-json\/wp\/v2\/product_tag?post=12497"}],"curies":[{"name":"t\u00f6\u00f6leht","href":"https:\/\/api.w.org\/{rel}","templated":true}]}}