{"id":12499,"date":"2024-02-07T08:32:10","date_gmt":"2024-02-07T08:32:10","guid":{"rendered":"http:\/\/tavieta.lt\/produktas\/lipnios-etiketes-neutralaus-ph-etiketes\/"},"modified":"2025-01-30T13:01:16","modified_gmt":"2025-01-30T13:01:16","slug":"lipnios-etiketes-neutralaus-ph-etiketes","status":"publish","type":"product","link":"https:\/\/tavieta.lt\/ee\/toode\/lipnios-etiketes-neutralaus-ph-etiketes\/","title":{"rendered":"Kleepuvad etiketid \u2013 neutraalse pH-ga etiketid"},"content":{"rendered":"<p>Pakkumisel tippkvaliteediga m\u00e4rgised. Ajatu survetundlik liim talub laserprinterite k\u00f5rgeid t\u00f6\u00f6temperatuure. V\u00e4ga tugev nakkumine enamiku pindadega. Mittehappelised etiketid (pH v\u00e4\u00e4rtus 7,1) on paber- v\u00f5i kilega tagatud; m\u00f5lemad neutraalse pH-ga akr\u00fc\u00fclliimiga. Sildivormingud \u00fchilduvad enamiku tarkvaraprogrammidega. K\u00f5ik stiilid on esitatud A4 lehtedel.<\/p>\n<table style=\"width: 59.1044%;\">\n<tbody>\n<tr>\n<td style=\"width: 6.36364%; text-align: center;\">\n<p>1<\/p>\n<\/td>\n<td style=\"width: 36.3636%; text-align: center;\">\n<p>TK000-2<\/p>\n<\/td>\n<td style=\"width: 416.452%; text-align: center;\">\n<p>48,5 x 25,4 mm<\/p>\n<p>4400 tk.<\/p>\n<\/td>\n<\/tr>\n<tr>\n<td style=\"width: 6.36364%; text-align: center;\">\n<p>2<\/p>\n<\/td>\n<td style=\"width: 36.3636%; text-align: center;\">\n<p>BR395027<\/p>\n<\/td>\n<td style=\"width: 416.452%; text-align: center;\">\n<p>&nbsp;<\/p>\n<p>38 x 21,2 mm<\/p>\n<p>\u00a06500 tk.<\/p>\n<\/td>\n<\/tr>\n<tr>\n<td style=\"width: 6.36364%; text-align: center;\">\n<p>3<\/p>\n<\/td>\n<td style=\"width: 36.3636%; text-align: center;\">\n<p>BR394001<\/p>\n<\/td>\n<td style=\"width: 416.452%; text-align: center;\">\n<p>70 x 25,4 mm<\/p>\n<p>\u00a03300 tk.<\/p>\n<\/td>\n<\/tr>\n<tr>\n<td style=\"width: 6.36364%; text-align: center;\">\n<p>4<\/p>\n<\/td>\n<td style=\"width: 36.3636%; text-align: center;\">\n<p>BR395014<\/p>\n<\/td>\n<td style=\"width: 416.452%; text-align: center;\">\n<p>38 x 25,4 mm<\/p>\n<p>\u00a06500 tk.<\/p>\n<\/td>\n<\/tr>\n<tr>\n<td style=\"width: 6.36364%; text-align: center;\">\n<p>5<\/p>\n<\/td>\n<td style=\"width: 36.3636%; text-align: center;\">\n<p>BR395022<\/p>\n<\/td>\n<td style=\"width: 416.452%; text-align: center;\">\n<p>52,5 x 35 mm<\/p>\n<p>3200 tk.<\/p>\n<\/td>\n<\/tr>\n<\/tbody>\n<\/table>\n<div id=\"gtx-trans\" style=\"position: absolute; left: 79px; top: 37px;\">\n<div class=\"gtx-trans-icon\"><\/div>\n<\/div>","protected":false},"excerpt":{"rendered":"<p>Kleepuvad etiketid \u2013 neutraalse pH-ga etiketid<\/p>","protected":false},"featured_media":11455,"template":"","meta":[],"product_brand":[],"product_cat":[227],"product_tag":[],"class_list":{"0":"post-12499","1":"product","2":"type-product","3":"status-publish","4":"has-post-thumbnail","6":"product_cat-restauravimo-priemones","8":"first","9":"outofstock","10":"product-type-simple"},"_links":{"self":[{"href":"https:\/\/tavieta.lt\/ee\/wp-json\/wp\/v2\/product\/12499","targetHints":{"allow":["GET"]}}],"collection":[{"href":"https:\/\/tavieta.lt\/ee\/wp-json\/wp\/v2\/product"}],"about":[{"href":"https:\/\/tavieta.lt\/ee\/wp-json\/wp\/v2\/types\/product"}],"wp:featuredmedia":[{"embeddable":true,"href":"https:\/\/tavieta.lt\/ee\/wp-json\/wp\/v2\/media\/11455"}],"wp:attachment":[{"href":"https:\/\/tavieta.lt\/ee\/wp-json\/wp\/v2\/media?parent=12499"}],"wp:term":[{"taxonomy":"product_brand","embeddable":true,"href":"https:\/\/tavieta.lt\/ee\/wp-json\/wp\/v2\/product_brand?post=12499"},{"taxonomy":"product_cat","embeddable":true,"href":"https:\/\/tavieta.lt\/ee\/wp-json\/wp\/v2\/product_cat?post=12499"},{"taxonomy":"product_tag","embeddable":true,"href":"https:\/\/tavieta.lt\/ee\/wp-json\/wp\/v2\/product_tag?post=12499"}],"curies":[{"name":"t\u00f6\u00f6leht","href":"https:\/\/api.w.org\/{rel}","templated":true}]}}