{"id":12500,"date":"2024-02-07T08:32:10","date_gmt":"2024-02-07T08:32:10","guid":{"rendered":"http:\/\/tavieta.lt\/produktas\/ivairios-paskirties-purskiami-klijai\/"},"modified":"2025-01-30T13:01:17","modified_gmt":"2025-01-30T13:01:17","slug":"ivairios-paskirties-purskiami-klijai","status":"publish","type":"product","link":"https:\/\/tavieta.lt\/ee\/toode\/ivairios-paskirties-purskiami-klijai\/","title":{"rendered":"Pihustusliimid erinevatel eesm\u00e4rkidel"},"content":{"rendered":"<p><strong>3M SprayMount\u201e\u00a2:<\/strong>\u00a0. \u00fchepinnaline, kauap\u00fcsiv, kiiresti istuv, v\u00e4hese imavusega, mitterasvane ja kortsudeta.<\/p>\n<p><strong>3M DisplayMount\u201e\u00a2:<\/strong>\u00a0 pikaajalised liimid paberile, kangale, puidule, fooliumile ja plastikule. Kiire, mugav ja usaldusv\u00e4\u00e4rne. L\u00e4bipaistev, mitterasvane.<\/p>\n<p><strong>3M PhotoMount\u201e\u00a2: <\/strong>fotode kinnitamiseks ja kleepimiseks, asendi muutmiseks. V\u00e4rvimata, kuuma- ja niiskuskindel.<\/p>\n<p><strong>3M ReMount\u201e\u00a2:\u00a0<\/strong>kasutatakse erinevate materjalide ajutiseks sidumiseks. Liim p\u00fcsib kindlalt, kuid seda on lihtne eemaldada v\u00f5i erinevatele materjalidele uuesti liimida.<\/p>\n<p><strong>CeibaSpray:<\/strong>\u00a0M\u00f5eldud lamedate materjalide (tekstiil, puit, puit, plast, isoleermaterjalid, paber, vahtmaterjalid jne) kontakt\u00fchendamiseks.<\/p>\n<table style=\"width: 64.0714%; height: 336px;\" cellspacing=\"0\" cellpadding=\"0\">\n<tbody>\n<tr style=\"height: 56px;\">\n<td style=\"width: 17.8218%; text-align: center; height: 56px;\" valign=\"top\">\n<p><strong>Kood<\/strong><\/p>\n<\/td>\n<td style=\"width: 63.6964%; text-align: center; height: 56px;\" valign=\"top\">\n<p><strong>\u00a0 \u00a0 \u00a0 \u00a0 \u00a0 \u00a0 Kirjeldus<\/strong><\/p>\n<\/td>\n<td style=\"width: 213.531%; text-align: center; height: 56px;\" valign=\"top\">\n<p><strong>Kogus<\/strong><\/p>\n<\/td>\n<\/tr>\n<tr style=\"height: 56px;\">\n<td style=\"width: 17.8218%; text-align: center; height: 56px;\" valign=\"top\">\n<p>20062<\/p>\n<\/td>\n<td style=\"width: 63.6964%; text-align: center; height: 56px;\" valign=\"top\">\n<p>3M SprayMount<\/p>\n<\/td>\n<td style=\"width: 213.531%; text-align: center; height: 56px;\" valign=\"top\">\n<p>1 tk.<\/p>\n<\/td>\n<\/tr>\n<tr style=\"height: 56px;\">\n<td style=\"width: 17.8218%; text-align: center; height: 56px;\" valign=\"top\">\n<p>20063<\/p>\n<\/td>\n<td style=\"width: 63.6964%; text-align: center; height: 56px;\" valign=\"top\">\n<p>3M ReMount<\/p>\n<\/td>\n<td style=\"width: 213.531%; text-align: center; height: 56px;\" valign=\"top\">\n<p>1 tk.<\/p>\n<\/td>\n<\/tr>\n<tr style=\"height: 56px;\">\n<td style=\"width: 17.8218%; text-align: center; height: 56px;\" valign=\"top\">\n<p>20064<\/p>\n<\/td>\n<td style=\"width: 63.6964%; text-align: center; height: 56px;\" valign=\"top\">\n<p>3M PhotoMount<\/p>\n<\/td>\n<td style=\"width: 213.531%; text-align: center; height: 56px;\" valign=\"top\">\n<p>1 tk.<\/p>\n<\/td>\n<\/tr>\n<tr style=\"height: 56px;\">\n<td style=\"width: 17.8218%; text-align: center; height: 56px;\" valign=\"top\">\n<p>20065<\/p>\n<\/td>\n<td style=\"width: 63.6964%; text-align: center; height: 56px;\" valign=\"top\">\n<p>3M DisplayMount<\/p>\n<\/td>\n<td style=\"width: 213.531%; text-align: center; height: 56px;\" valign=\"top\">\n<p>1 tk.<\/p>\n<\/td>\n<\/tr>\n<tr style=\"height: 56px;\">\n<td style=\"width: 17.8218%; text-align: center; height: 56px;\" valign=\"top\">\n<p>20066<\/p>\n<\/td>\n<td style=\"width: 63.6964%; text-align: center; height: 56px;\" valign=\"top\">\n<p>Pihustusliim CeibaSpray<\/p>\n<\/td>\n<td style=\"width: 213.531%; text-align: center; height: 56px;\" valign=\"top\">\n<p>1 tk.<\/p>\n<\/td>\n<\/tr>\n<\/tbody>\n<\/table>\n<div id=\"gtx-trans\" style=\"position: absolute; left: 79px; top: 37px;\">\n<div class=\"gtx-trans-icon\"><\/div>\n<\/div>","protected":false},"excerpt":{"rendered":"<p>Pihustusliim<\/p>","protected":false},"featured_media":11457,"template":"","meta":[],"product_brand":[],"product_cat":[227],"product_tag":[],"class_list":{"0":"post-12500","1":"product","2":"type-product","3":"status-publish","4":"has-post-thumbnail","6":"product_cat-restauravimo-priemones","8":"first","9":"outofstock","10":"product-type-simple"},"_links":{"self":[{"href":"https:\/\/tavieta.lt\/ee\/wp-json\/wp\/v2\/product\/12500","targetHints":{"allow":["GET"]}}],"collection":[{"href":"https:\/\/tavieta.lt\/ee\/wp-json\/wp\/v2\/product"}],"about":[{"href":"https:\/\/tavieta.lt\/ee\/wp-json\/wp\/v2\/types\/product"}],"wp:featuredmedia":[{"embeddable":true,"href":"https:\/\/tavieta.lt\/ee\/wp-json\/wp\/v2\/media\/11457"}],"wp:attachment":[{"href":"https:\/\/tavieta.lt\/ee\/wp-json\/wp\/v2\/media?parent=12500"}],"wp:term":[{"taxonomy":"product_brand","embeddable":true,"href":"https:\/\/tavieta.lt\/ee\/wp-json\/wp\/v2\/product_brand?post=12500"},{"taxonomy":"product_cat","embeddable":true,"href":"https:\/\/tavieta.lt\/ee\/wp-json\/wp\/v2\/product_cat?post=12500"},{"taxonomy":"product_tag","embeddable":true,"href":"https:\/\/tavieta.lt\/ee\/wp-json\/wp\/v2\/product_tag?post=12500"}],"curies":[{"name":"t\u00f6\u00f6leht","href":"https:\/\/api.w.org\/{rel}","templated":true}]}}