{"id":12503,"date":"2024-02-07T08:32:10","date_gmt":"2024-02-07T08:32:10","guid":{"rendered":"http:\/\/tavieta.lt\/produktas\/dviguba-pakuote-lipniu-velcro-ratukai\/"},"modified":"2025-01-30T13:01:20","modified_gmt":"2025-01-30T13:01:20","slug":"dviguba-pakuote-lipniu-velcro-ratukai","status":"publish","type":"product","link":"https:\/\/tavieta.lt\/ee\/toode\/dviguba-pakuote-lipniu-velcro-ratukai\/","title":{"rendered":"Topeltpakk isekleepuvaid Velcro-rattaid"},"content":{"rendered":"<p>Rattakujuline liim Velcro, l\u00e4bim\u00f5\u00f5t 19 mm, valge v\u00e4rv. 150 tk., 150 tk. konksud.<\/p>\n<table style=\"width: 55.4734%;\" cellspacing=\"0\" cellpadding=\"0\">\n<tbody>\n<tr>\n<td style=\"width: 42.1512%; text-align: center;\" valign=\"top\">\n<p><strong>Materjali kood<\/strong><\/p>\n<\/td>\n<td style=\"width: 36.0465%; text-align: center;\" valign=\"top\">\n<p><strong>Kirjeldus<\/strong><\/p>\n<\/td>\n<td style=\"width: 138.953%; text-align: center;\" valign=\"top\">\n<p><strong>Pakendamine<\/strong><\/p>\n<\/td>\n<\/tr>\n<tr>\n<td style=\"width: 42.1512%; text-align: center;\" valign=\"top\">\n<p>201763<\/p>\n<\/td>\n<td style=\"width: 36.0465%; text-align: center;\" valign=\"top\">\n<p>Topeltpakk<\/p>\n<\/td>\n<td style=\"width: 138.953%; text-align: center;\" valign=\"top\">\n<p>1 komplekt<\/p>\n<\/td>\n<\/tr>\n<\/tbody>\n<\/table>\n<div id=\"gtx-trans\" style=\"position: absolute; left: 79px; top: 37px;\">\n<div class=\"gtx-trans-icon\"><\/div>\n<\/div>","protected":false},"excerpt":{"rendered":"<p>Topeltpakk isekleepuvaid Velcro-rattaid<\/p>","protected":false},"featured_media":11463,"template":"","meta":[],"product_brand":[],"product_cat":[227],"product_tag":[],"class_list":{"0":"post-12503","1":"product","2":"type-product","3":"status-publish","4":"has-post-thumbnail","6":"product_cat-restauravimo-priemones","8":"first","9":"outofstock","10":"product-type-simple"},"_links":{"self":[{"href":"https:\/\/tavieta.lt\/ee\/wp-json\/wp\/v2\/product\/12503","targetHints":{"allow":["GET"]}}],"collection":[{"href":"https:\/\/tavieta.lt\/ee\/wp-json\/wp\/v2\/product"}],"about":[{"href":"https:\/\/tavieta.lt\/ee\/wp-json\/wp\/v2\/types\/product"}],"wp:featuredmedia":[{"embeddable":true,"href":"https:\/\/tavieta.lt\/ee\/wp-json\/wp\/v2\/media\/11463"}],"wp:attachment":[{"href":"https:\/\/tavieta.lt\/ee\/wp-json\/wp\/v2\/media?parent=12503"}],"wp:term":[{"taxonomy":"product_brand","embeddable":true,"href":"https:\/\/tavieta.lt\/ee\/wp-json\/wp\/v2\/product_brand?post=12503"},{"taxonomy":"product_cat","embeddable":true,"href":"https:\/\/tavieta.lt\/ee\/wp-json\/wp\/v2\/product_cat?post=12503"},{"taxonomy":"product_tag","embeddable":true,"href":"https:\/\/tavieta.lt\/ee\/wp-json\/wp\/v2\/product_tag?post=12503"}],"curies":[{"name":"t\u00f6\u00f6leht","href":"https:\/\/api.w.org\/{rel}","templated":true}]}}